{"id":1534,"date":"2024-07-04T08:41:15","date_gmt":"2024-07-04T06:41:15","guid":{"rendered":"https:\/\/whizzopet.hu\/?post_type=product&#038;p=1534"},"modified":"2026-03-22T12:28:32","modified_gmt":"2026-03-22T11:28:32","slug":"mast-na-osetrenie-psich-ran-pro-skin","status":"publish","type":"product","link":"https:\/\/whizzopet.hu\/sk\/termek\/pro-skin-kenocs-gyogyhatasu-keszitmeny\/","title":{"rendered":"Mas\u0165 na o\u0161etrenie ps\u00edch r\u00e1n Pro-Skin"},"content":{"rendered":"<h2><b>Pre\u010do by sme mali v\u00fdrobok pou\u017e\u00edva\u0165?<\/b><\/h2>\n<p><span style=\"font-weight: 400;\">Pokia\u013e chcete svojmu psovi pom\u00f4c\u0165 s ko\u017en\u00fdmi probl\u00e9mami alebo ur\u00fdchli\u0165 proces hojenia, bude t\u00e1to mas\u0165 patri\u0165 k va\u0161im ob\u013e\u00faben\u00fdm. Obsahuje toti\u017e zlo\u017eky, ktor\u00e9 podporuj\u00fa r\u00fdchlej\u0161ie zotavenie. Mas\u0165 zni\u017euje nutkanie na \u0161krabanie, upokojuje ko\u017eu v\u00e1\u0161ho psa a z\u00e1rove\u0148 ur\u00fdch\u013euje proces hojenia.<\/span><\/p>\n<p>&nbsp;<\/p>\n<p><img loading=\"lazy\" decoding=\"async\" class=\"alignnone size-medium wp-image-2509\" src=\"https:\/\/whizzopet.hu\/wp-content\/uploads\/2024\/07\/pro-skin-before-after-300x300.jpg\" alt=\"Pro Skin term\u00e9k haszn\u00e1lat el\u0151tt \u00e9s ut\u00e1n 4 f\u00e1zisban\" width=\"300\" height=\"300\" srcset=\"https:\/\/whizzopet.hu\/wp-content\/uploads\/2024\/07\/pro-skin-before-after-300x300.jpg 300w, https:\/\/whizzopet.hu\/wp-content\/uploads\/2024\/07\/pro-skin-before-after-150x150.jpg 150w, https:\/\/whizzopet.hu\/wp-content\/uploads\/2024\/07\/pro-skin-before-after-100x100.jpg 100w, https:\/\/whizzopet.hu\/wp-content\/uploads\/2024\/07\/pro-skin-before-after.jpg 700w\" sizes=\"auto, (max-width: 300px) 100vw, 300px\" \/><\/p>\n<p><b>Pozor! Pokia\u013e je rana na mieste, kam m\u00f4\u017eete dosiahnu\u0165, m\u00f4\u017ee ju v\u00e1\u0161 pes ol\u00edza\u0165 sk\u00f4r, ne\u017e sa mas\u0165 vstrebe. To nevad\u00ed, preto\u017ee mas\u0165 je vyroben\u00e1 z pr\u00edrodn\u00fdch zlo\u017eiek, tak\u017ee mu neubl\u00ed\u017ei, ale nebude ma\u0165 po\u017eadovan\u00fd \u00fa\u010dinok.<\/b><\/p>\n<p><b>Tip:<\/b><span style=\"font-weight: 400;\"> Po nanesen\u00ed masti na ko\u017eu psa nie\u010d\u00edm zabavte. Napr\u00edklad sa hrajte alebo nie\u010do robte.<\/span><\/p>\n<h2><b>Ak\u00e1 je \u00fa\u010dinn\u00e1 l\u00e1tka v pr\u00edpravku?<\/b><\/h2>\n<p><b>BIO konopn\u00fd olej <\/b><span style=\"font-weight: 400;\">- Zni\u017euje stratu vody a chr\u00e1ni poko\u017eku pred vysu\u0161en\u00edm, zanech\u00e1va ju pevn\u00fa a pru\u017en\u00fa. Blahod\u00e1rne p\u00f4sob\u00ed na za\u010dervenan\u00fa a podr\u00e1\u017eden\u00fa poko\u017eku, stimuluje regener\u00e1ciu ko\u017en\u00fdch buniek a m\u00e1 protiz\u00e1palov\u00e9 \u00fa\u010dinky.<\/span><\/p>\n<p><b>BIO neemov\u00fd olej<\/b><span style=\"font-weight: 400;\"> - Upokojuje n\u00e1sledky ko\u017en\u00fdch ochoren\u00ed, pom\u00e1ha hoji\u0165 r\u00f4zne poranenia a je vynikaj\u00faci na such\u00fa, popraskan\u00fa poko\u017eku. Je zn\u00e1my svojimi protiples\u0148ov\u00fdmi, antibakteri\u00e1lnymi a antiparazit\u00e1rnymi \u00fa\u010dinkami, rovnako ako regenera\u010dn\u00fdmi a protiz\u00e1palov\u00fdmi vlastnos\u0165ami.<\/span><\/p>\n<p><b>BIO propolis<\/b><span style=\"font-weight: 400;\"> - propolis do masti dod\u00e1vame z vlastnej ekologickej farmy. Je vynikaj\u00facim antioxidantom, upokojuje, hoj\u00ed a p\u00f4sob\u00ed proti svrbeniu. M\u00e1 schopnos\u0165 ni\u010di\u0165 bakt\u00e9rie v rane a jej okol\u00ed, \u010d\u00edm zabra\u0148uje jej infikovaniu.<\/span><\/p>\n<p><b>BIO v\u010del\u00ed vosk<\/b><span style=\"font-weight: 400;\"> - T\u00e1to jemn\u00e1 l\u00e1tka, poch\u00e1dzaj\u00faca tie\u017e z na\u0161ej v\u010delnice, dod\u00e1va nosovej masti pr\u00edjemn\u00fa text\u00faru pre poko\u017eku. M\u00e1 vynikaj\u00face zvl\u00e1\u010d\u0148uj\u00face a upokojuj\u00face vlastnosti, je siln\u00fdm protiz\u00e1palov\u00fdm prostriedkom a m\u00f4\u017ee pom\u00f4c\u0165 \u00fa\u010dinne obmedzi\u0165 vznik infekci\u00ed. Napravuje po\u0161kodenie pod popraskanou poko\u017ekou a regeneruje ko\u017en\u00e9 bunky. Odpudzuje vodu, chr\u00e1ni pred podr\u00e1\u017eden\u00edm.<\/span><\/p>\n<p><b>BIO necht\u00edkov\u00fd olej<\/b><span style=\"font-weight: 400;\"> - Odpor\u00fa\u010da sa na starostlivos\u0165 o zap\u00e1len\u00fa poko\u017eku v\u010faka svojim protiz\u00e1palov\u00fdm a exfolia\u010dn\u00fdm vlastnostiam.<\/span><\/p>\n<p><b>BIO bambuck\u00e9 maslo<\/b><span style=\"font-weight: 400;\"> - Vy\u017eivuj\u00face, ochrann\u00e9, hydrata\u010dn\u00e9 a hojiv\u00e9, pou\u017e\u00edva sa u\u017e po gener\u00e1cie na udr\u017eanie, zlep\u0161enie a ochranu \u0161trukt\u00fary poko\u017eky pred \u0161kodliv\u00fdmi \u00fa\u010dinkami slnka, vetra a \u010fal\u0161\u00edch vonkaj\u0161\u00edch faktorov. V\u00fdborne hoj\u00ed rany, stimuluje exfoli\u00e1ciu, vy\u017eivuje ko\u017en\u00e9 tkaniv\u00e1, upokojuje podr\u00e1\u017edenie a chr\u00e1ni chemicky nam\u00e1han\u00fa poko\u017eku.<\/span><\/p>\n<p><b>Esenci\u00e1lny olej z guajakov\u00e9ho stromu<\/b><span style=\"font-weight: 400;\"> - Odpor\u00fa\u010da sa pri hojen\u00ed poko\u017eky, ekz\u00e9moch, dermatit\u00eddach a r\u00f4znych z\u00e1palov\u00fdch stavoch ko\u017ee. Je \u0161etrn\u00fd, tak\u017ee ho zn\u00e1\u0161a aj citliv\u00e1 a krehk\u00e1 poko\u017eka.<\/span><\/p>\n<p><b>Oxid zino\u010dnat\u00fd<\/b><span style=\"font-weight: 400;\"> - Vynikaj\u00faci a uzn\u00e1van\u00fd dezinfek\u010dn\u00fd, \u010distiaci a hojiv\u00fd prostriedok, ktor\u00fd stimuluje proces hojenia poko\u017eky. Je vhodn\u00fd na starostlivos\u0165 o podr\u00e1\u017eden\u00fa poko\u017eku a m\u00e1 antibakteri\u00e1lne, antimykotick\u00e9 a antiseptick\u00e9 vlastnosti.<\/span><\/p>\n<p><b>Bisabolol<\/b><span style=\"font-weight: 400;\"> - Akt\u00edvna zlo\u017eka zn\u00e1ma pre svoje v\u0161estrann\u00e9 regenera\u010dn\u00e9 a upokojuj\u00face \u00fa\u010dinky na poko\u017eku. \u00daspe\u0161ne sa pou\u017e\u00edva ako zlo\u017eka pre starostlivos\u0165 o citliv\u00fa, krehk\u00fa, podr\u00e1\u017eden\u00fa alebo poranen\u00fa poko\u017eku. a regenera\u010dn\u00e9 \u00fa\u010dinky na poko\u017eku.<\/span><\/p>\n<p><b>Obsah vitam\u00ednu E<\/b><span style=\"font-weight: 400;\"> - Siln\u00fd antioxidant, p\u00f4sob\u00ed proti starnutiu a elasticite. M\u00e1 protidr\u00e1\u017ediv\u00e9 a protiz\u00e1palov\u00e9 \u00fa\u010dinky. Prispieva k udr\u017eaniu ochrannej vrstvy poko\u017eky a m\u00e1 regenera\u010dn\u00e9 vlastnosti.<\/span><\/p>\n<p><strong>Ako vonn\u00e9 l\u00e1tky s\u00fa pou\u017eit\u00e9 med a mlieko.<\/strong><\/p>\n<p>&nbsp;<\/p>\n<p><img loading=\"lazy\" decoding=\"async\" class=\"alignnone size-medium wp-image-2507\" src=\"https:\/\/whizzopet.hu\/wp-content\/uploads\/2024\/07\/chemicals-123x300.jpg\" alt=\"Vegy\u00e9sz k\u00e9pmcs\u00f6vekkel dolgozik\" width=\"123\" height=\"300\" srcset=\"https:\/\/whizzopet.hu\/wp-content\/uploads\/2024\/07\/chemicals-123x300.jpg 123w, https:\/\/whizzopet.hu\/wp-content\/uploads\/2024\/07\/chemicals-420x1024.jpg 420w, https:\/\/whizzopet.hu\/wp-content\/uploads\/2024\/07\/chemicals-630x1536.jpg 630w, https:\/\/whizzopet.hu\/wp-content\/uploads\/2024\/07\/chemicals.jpg 700w\" sizes=\"auto, (max-width: 123px) 100vw, 123px\" \/><\/p>\n<h2><b>\u010co je na \u0148om lie\u010div\u00e9ho?<\/b><\/h2>\n<p><span style=\"font-weight: 400;\">Vzh\u013eadom k po\u010dtu, povahe a typom \u00fa\u010dinn\u00fdch l\u00e1tok:<\/span><\/p>\n<ul>\n<li><span style=\"font-weight: 400;\">Obsah propolisu pom\u00e1ha mikrobiologicky podporova\u0165 procesy hojenia r\u00e1n, zlep\u0161uje bunkov\u00e9 d\u00fdchanie a bunkov\u00fd metabolizmus, \u010d\u00edm ur\u00fdch\u013euje tvorbu nov\u00fdch epitelov\u00fdch buniek.<\/span><\/li>\n<li><span style=\"font-weight: 400;\">Jeho hydrata\u010dn\u00e9 a upokojuj\u00face zlo\u017eky takmer okam\u017eite zmier\u0148uj\u00fa podr\u00e1\u017edenie a napom\u00e1haj\u00fa r\u00fdchlemu hojeniu r\u00e1n.<\/span><\/li>\n<li><span style=\"font-weight: 400;\">Obsah vitam\u00ednov a stopov\u00fdch miner\u00e1lov \u00fa\u010dinne zlep\u0161uje schopnos\u0165 poko\u017eky zadr\u017eiava\u0165 vodu, hydratuje ju a pom\u00e1ha obnovova\u0165 jej povrch.<\/span><\/li>\n<li><span style=\"font-weight: 400;\">Jeho obsah v\u010delieho vosku vytv\u00e1ra na poko\u017eke \u013eahk\u00fd film, ktor\u00fd zabra\u0148uje jej vysu\u0161ovaniu, ale neblokuje poko\u017eku pred vzduchom.<\/span><\/li>\n<li><span style=\"font-weight: 400;\">Ide o certifikovan\u00fd hypoalerg\u00e9nny v\u00fdrobok, tak\u017ee nesp\u00f4sobuje \u017eiadne podr\u00e1\u017edenie poko\u017eky v\u00e1\u0161ho zviera\u0165a.<\/span><\/li>\n<li><span style=\"font-weight: 400;\">Je tie\u017e vynikaj\u00faca pre cielen\u00fa starostlivos\u0165 o uhryznutie, drobn\u00e9 poranenia ko\u017ee a odreniny.<\/span><\/li>\n<li><span style=\"font-weight: 400;\">V\u010faka \u0161peci\u00e1lnym pr\u00edrodn\u00fdm zlo\u017ek\u00e1m poskytuje \u00fa\u010dinn\u00fa pomoc pri lie\u010dbe ko\u017en\u00fdch infekci\u00ed sp\u00f4soben\u00fdch poranen\u00edm ko\u017ee.<\/span><\/li>\n<\/ul>\n<h3><\/h3>\n<p><img loading=\"lazy\" decoding=\"async\" class=\"alignnone size-medium wp-image-2508\" src=\"https:\/\/whizzopet.hu\/wp-content\/uploads\/2024\/07\/dog-drawing-269x300.jpg\" alt=\"Kutya rajz\" width=\"269\" height=\"300\" srcset=\"https:\/\/whizzopet.hu\/wp-content\/uploads\/2024\/07\/dog-drawing-269x300.jpg 269w, https:\/\/whizzopet.hu\/wp-content\/uploads\/2024\/07\/dog-drawing.jpg 700w\" sizes=\"auto, (max-width: 269px) 100vw, 269px\" \/><\/p>\n<h2>Ako kr\u00e9m pou\u017e\u00edva\u0165?<\/h2>\n<p><span style=\"font-weight: 400;\">Najprv po\u0161koden\u00fa ko\u017eu d\u00f4kladne o\u010distite a vydezinfikujte, potom na pripraven\u00fa ko\u017eu opatrne naneste tenk\u00fa vrstvu masti.<\/span><\/p>\n<p><span style=\"font-weight: 400;\">Pokia\u013e je poko\u017eka st\u00e1le pokryt\u00e1 ch\u013apkami, jemne vmas\u00edrujte \u00fa\u010dinn\u00e9 l\u00e1tky do poko\u017eky.<\/span><\/p>\n<p><span style=\"font-weight: 400;\">Pou\u017e\u00edvajte dvakr\u00e1t denne a\u017e do ukon\u010denia procesu hojenia.<\/span><\/p>\n<p>&nbsp;<\/p>\n<p><img loading=\"lazy\" decoding=\"async\" class=\"alignnone size-medium wp-image-2510\" src=\"https:\/\/whizzopet.hu\/wp-content\/uploads\/2024\/07\/sitting-dog-204x300.jpg\" alt=\"\u00dcl\u0151 kutya\" width=\"204\" height=\"300\" srcset=\"https:\/\/whizzopet.hu\/wp-content\/uploads\/2024\/07\/sitting-dog-204x300.jpg 204w, https:\/\/whizzopet.hu\/wp-content\/uploads\/2024\/07\/sitting-dog.jpg 696w\" sizes=\"auto, (max-width: 204px) 100vw, 204px\" \/><\/p>\n<h2>M\u00e1te ot\u00e1zku k niektor\u00e9mu z na\u0161ich produktov?<\/h2>\n<p><b>Najprv sa pozrite na\u00a0<a href=\"https:\/\/whizzopet.hu\/sk\/gyakran-ismetelt-kerdesek\/?wmc-currency=EUR\">\u010dasto kladen\u00e9 ot\u00e1zky<\/a>, ktor\u00e9 u\u017e polo\u017eili in\u00ed\u2026<\/b><\/p>\n<p>Ak nen\u00e1jdete odpove\u010f na svoju ot\u00e1zku, nap\u00ed\u0161te n\u00e1m na\u00a0<a href=\"https:\/\/whizzopet.hu\/sk\/contact\/?wmc-currency=EUR\">kontaktn\u00fa str\u00e1nku<\/a>. Radi v\u00e1m odpovieme!<\/p>\n<p>Pokia\u013e pozn\u00e1te odpove\u010f, vyberte si z na\u0161ej ponuky produktov, aby si v\u00e1\u0161 pes mohol \u010do najsk\u00f4r u\u017e\u00edva\u0165 v\u00fdhody <a href=\"https:\/\/whizzopet.hu\/sk\/produkty\/?wmc-currency=EUR\">radu Whizzopet &gt; Kliknite tu pre prezeranie!<\/a><\/p>","protected":false},"excerpt":{"rendered":"[trp_language language=\"hu_HU\"]<\/p>\n<p><strong>Kezeld kutyusod s\u00e9r\u00fcl\u00e9seit a legterm\u00e9szetesebb \u00e9s leghat\u00e9konyabb m\u00f3don!<\/strong><\/p>\n<p>A Pro-Skin ken\u0151cs a propolisz, m\u00e9hviasz \u00e9s a cink-oxid erej\u00e9vel t\u00e1mogatja a sebek, s\u00e9r\u00fcl\u00e9sek gy\u00f3gyul\u00e1s\u00e1t \u00e9s a b\u0151r gyors regener\u00e1l\u00f3d\u00e1s\u00e1t. Ez a hipoallerg\u00e9n \u00e1pol\u00f3kr\u00e9m enyh\u00edtheti a f\u00e1jdalmat, fert\u0151tlen\u00edti a b\u0151rfel\u00fcletet, \u00e9s seg\u00edthet megel\u0151zni a fert\u0151z\u00e9seket \u2013 mindezt a term\u00e9szet legjobb \u00f6sszetev\u0151ivel.<\/p>\n<p><strong>Mi\u00e9rt v\u00e1lasztj\u00e1k gondoskod\u00f3 gazdik?<\/strong><\/p>\n<ul>\n<li>Felgyors\u00edtja a gy\u00f3gyul\u00e1st \u00e9s cs\u00f6kkenti az irrit\u00e1ci\u00f3t<\/li>\n<li>Biztons\u00e1gos, term\u00e9szetes \u00f6sszetev\u0151k \u2013 mesters\u00e9ges adal\u00e9kok n\u00e9lk\u00fcl<\/li>\n<li>K\u00f6nnyen eldolgozhat\u00f3, finom text\u00fara, amely felveszi kuty\u00e1d testmeleg\u00e9t<\/li>\n<\/ul>\n<p>V\u00e1laszd a Whizzopet Pro-Skin \u00e1pol\u00e1st, hogy kedvenced biztons\u00e1gban \u00e9s k\u00e9nyelmesen \u00e9rezze mag\u00e1t minden nap, mert \u0151 is a csal\u00e1d r\u00e9sze!<\/p>\n<p style=\"text-align: center;\"><em>A term\u00e9kek sz\u00edn\u00e1rnyalata, illatintenzit\u00e1sa sarzsonk\u00e9nt elt\u00e9rhet. Ez a bio \u00f6sszetev\u0151k tulajdons\u00e1gainak varianci\u00e1ja miatt elker\u00fclhetlen, ugyanakkor ez nem befoly\u00e1solja a term\u00e9k min\u0151s\u00e9g\u00e9t. A hat\u00f3anyag koncentr\u00e1l\u00f3d\u00e1sa a term\u00e9kben enyhe csom\u00f3sod\u00e1s\u00e1t okozhatja, amelyek felkenve k\u00f6nnyen eldolgozhat\u00f3k, a b\u0151r h\u0151m\u00e9rseklet\u00e9n k\u00f6nnyen olvadnak.\u00a0<\/em><\/p>\n<p>[\/trp_language]\n[trp_language language=\"sk_SK\"]<br \/>\nJe d\u00f4le\u017eit\u00e9 o\u0161etri\u0165 poranenie ko\u017ee, aby sa predi\u0161lo \u010fal\u0161iemu podr\u00e1\u017edeniu a infekcii a nedo\u0161lo k jeho zhor\u0161eniu. V\u00fdbornou pom\u00f4ckou je pr\u00edpravok Whizzopet Pro-Skin, ktor\u00fd vyu\u017e\u00edva na starostlivos\u0165 o okolie \u0165a\u017eko sa hojacich r\u00e1n okrem in\u00e9ho propolis, v\u010del\u00ed vosk a oxid zino\u010dnat\u00fd a bol vyvinut\u00fd \u0161peci\u00e1lne na o\u0161etrenie po\u0161kodenej a podr\u00e1\u017edenej ko\u017ee.<br \/>\n\u2022 Ur\u00fdch\u013euje proces hojenia.<br \/>\n\u2022 Dezinfikuje povrch.<br \/>\n\u2022 Zni\u017euje podr\u00e1\u017edenie.<br \/>\n\u2022 Podporuje tvorbu nov\u00e9ho epitelov\u00e9ho tkaniva.<br \/>\n\u2022 Pr\u00edrodn\u00e9 a hypoalerg\u00e9nne.<br \/>\nFarebn\u00fd odtie\u0148 a intenzita v\u00f4ne v\u00fdrobkov sa m\u00f4\u017eu u jednotliv\u00fdch \u010drepov l\u00ed\u0161i\u0165. Tomu sa ned\u00e1 vyhn\u00fa\u0165 kv\u00f4li rozdielnym vlastnostiam organick\u00fdch zlo\u017eiek, ale nem\u00e1 to vplyv na kvalitu v\u00fdrobku. Koncentr\u00e1cia \u00fa\u010dinnej l\u00e1tky vo v\u00fdrobku m\u00f4\u017ee sp\u00f4sobi\u0165 mierne zhlukovanie, s ktor\u00fdm sa po nanesen\u00ed \u013eahko pracuje a \u013eahko sa rozp\u00fa\u0161\u0165a na teplomere poko\u017eky.<br \/>\n[\/trp_language]\n[trp_language language=\"cs_CZ\"]<br \/>\nJe d\u016fle\u017eit\u00e9 o\u0161et\u0159it poran\u011bn\u00ed k\u016f\u017ee, aby se p\u0159ede\u0161lo dal\u0161\u00edmu podr\u00e1\u017ed\u011bn\u00ed a infekci a nedo\u0161lo k jeho zhor\u0161en\u00ed. V\u00fdbornou pom\u016fckou je p\u0159\u00edpravek Whizzopet Pro-Skin, kter\u00fd vyu\u017e\u00edv\u00e1 k p\u00e9\u010di o okol\u00ed t\u011b\u017eko se hoj\u00edc\u00edch ran mimo jin\u00e9 propolis, v\u010del\u00ed vosk a oxid zine\u010dnat\u00fd a byl vyvinut speci\u00e1ln\u011b k o\u0161et\u0159en\u00ed po\u0161kozen\u00e9 a podr\u00e1\u017ed\u011bn\u00e9 k\u016f\u017ee.<br \/>\n\u2022 Urychluje proces hojen\u00ed.<br \/>\n\u2022 Dezinfikuje povrch.<br \/>\n\u2022 Sni\u017euje podr\u00e1\u017ed\u011bn\u00ed.<br \/>\n\u2022 Podporuje tvorbu nov\u00e9 epitelov\u00e9 tk\u00e1n\u011b.<br \/>\n\u2022 P\u0159\u00edrodn\u00ed a hypoalergenn\u00ed.<br \/>\nBarevn\u00fd odst\u00edn a intenzita v\u016fn\u011b v\u00fdrobk\u016f se mohou u jednotliv\u00fdch st\u0159ep\u016f li\u0161it. Tomu se nelze vyhnout kv\u016fli rozd\u00edln\u00fdm vlastnostem organick\u00fdch slo\u017eek, ale nem\u00e1 to vliv na kvalitu v\u00fdrobku. Koncentrace \u00fa\u010dinn\u00e9 l\u00e1tky ve v\u00fdrobku m\u016f\u017ee zp\u016fsobit m\u00edrn\u00e9 shlukov\u00e1n\u00ed, se kter\u00fdm se po nanesen\u00ed snadno pracuje a snadno se rozpou\u0161t\u00ed na teplom\u011bru poko\u017eky.<br \/>\n[\/trp_language]\n","protected":false},"featured_media":2383,"comment_status":"open","ping_status":"closed","template":"","meta":{"inline_featured_image":false},"product_brand":[],"product_cat":[31,30],"product_tag":[],"class_list":{"0":"post-1534","1":"product","2":"type-product","3":"status-publish","4":"has-post-thumbnail","6":"product_cat-kenocsok","7":"product_cat-apolasi-termekek","8":"infinite-scroll-item","9":"sales-flash-overlay","10":"woocommerce-text-align-center","11":"woocommerce-image-align-center","12":"do-quantity-buttons","14":"first","15":"instock","16":"taxable","17":"shipping-taxable","18":"purchasable","19":"product-type-variable"},"_links":{"self":[{"href":"https:\/\/whizzopet.hu\/sk\/wp-json\/wp\/v2\/product\/1534","targetHints":{"allow":["GET"]}}],"collection":[{"href":"https:\/\/whizzopet.hu\/sk\/wp-json\/wp\/v2\/product"}],"about":[{"href":"https:\/\/whizzopet.hu\/sk\/wp-json\/wp\/v2\/types\/product"}],"replies":[{"embeddable":true,"href":"https:\/\/whizzopet.hu\/sk\/wp-json\/wp\/v2\/comments?post=1534"}],"wp:featuredmedia":[{"embeddable":true,"href":"https:\/\/whizzopet.hu\/sk\/wp-json\/wp\/v2\/media\/2383"}],"wp:attachment":[{"href":"https:\/\/whizzopet.hu\/sk\/wp-json\/wp\/v2\/media?parent=1534"}],"wp:term":[{"taxonomy":"product_brand","embeddable":true,"href":"https:\/\/whizzopet.hu\/sk\/wp-json\/wp\/v2\/product_brand?post=1534"},{"taxonomy":"product_cat","embeddable":true,"href":"https:\/\/whizzopet.hu\/sk\/wp-json\/wp\/v2\/product_cat?post=1534"},{"taxonomy":"product_tag","embeddable":true,"href":"https:\/\/whizzopet.hu\/sk\/wp-json\/wp\/v2\/product_tag?post=1534"}],"curies":[{"name":"wp","href":"https:\/\/api.w.org\/{rel}","templated":true}]}}