{"id":1531,"date":"2024-07-04T08:41:15","date_gmt":"2024-07-04T06:41:15","guid":{"rendered":"https:\/\/whizzopet.hu\/?post_type=product&#038;p=1531"},"modified":"2026-04-03T17:22:25","modified_gmt":"2026-04-03T15:22:25","slug":"wet-cream-kutya-borgomba-kenocs","status":"publish","type":"product","link":"https:\/\/whizzopet.hu\/sk\/termek\/wet-cream-kutya-borgomba-kenocs\/","title":{"rendered":"Mas\u0165 na ko\u017en\u00e9 plesne pre psov W.E.T. Cream"},"content":{"rendered":"<h2>Mire j\u00f3 a WET Cream kutya b\u0151rgomba ken\u0151cs?<\/h2>\n<p>A W.E.T. Cream egy term\u00e9szetes, hipoallerg\u00e9n \u00e9s gy\u00f3gyhat\u00e1s\u00fa k\u00e9sz\u00edtm\u00e9ny, amelyet kifejezetten a kuty\u00e1k gyakori b\u0151rprobl\u00e9m\u00e1inak t\u00fcneti t\u00e1mogat\u00e1s\u00e1ra fejlesztett\u00fcnk. Olyan helyzetekben ny\u00fajt hat\u00e9kony seg\u00edts\u00e9get, amikor a kutya b\u0151rgomb\u00e1ra utal\u00f3 t\u00fcneteket mutat, intenz\u00edven viszket, nyalogatja a mancs\u00e1t, a b\u0151r piros, gyulladt vagy irrit\u00e1lt, illetve amikor az allergi\u00e1s b\u0151rt\u00fcnetek miatt a b\u0151r v\u00e9dekez\u0151k\u00e9pess\u00e9ge gyeng\u00fcl.<\/p>\n<p>Az allergi\u00e1s b\u0151rprobl\u00e9m\u00e1k t\u00e9m\u00e1j\u00e1r\u00f3l r\u00e9szletesebben is olvashatsz a<a href=\"https:\/\/whizzopet.hu\/sk\/kutya-allergia-tunetei\/?wmc-currency=EUR\"> Kutya allergia t\u00fcnetei<\/a> c\u00edm\u0171 blogban.<\/p>\n<p>K\u00edm\u00e9letes, m\u00e9gis er\u0151s \u00f6sszet\u00e9tele nyugtatja a probl\u00e9m\u00e1s b\u0151rter\u00fcleteket, seg\u00edt cs\u00f6kkenteni a kellemetlen t\u00fcneteket, \u00e9s t\u00e1mogatja a b\u0151r regener\u00e1ci\u00f3j\u00e1t. A W.E.T. Cream k\u00fcl\u00f6nlegess\u00e9ge, hogy egyszerre c\u00e9lozza a viszket\u00e9st, a pirosod\u00e1st \u00e9s az irrit\u00e1ci\u00f3t, mindezt teljesen term\u00e9szetes \u00f6sszetev\u0151kkel.<\/p>\n<h2>A kutya b\u0151rgomba t\u00fcnetei \u2013 \u00edgy ismerheted fel id\u0151ben<\/h2>\n<p>A kuty\u00e1kn\u00e1l megjelen\u0151 b\u0151rgomba \u2013 p\u00e9ld\u00e1ul a Malassezia, gyakran nem \u00f6n\u00e1ll\u00f3 probl\u00e9ma, hanem m\u00e1sodlagos fert\u0151z\u00e9sk\u00e9nt alakul ki. Ennek leggyakoribb oka az allergia vagy a k\u00f6rnyezeti irrit\u00e1ci\u00f3, amely miatt a kutya er\u0151sen vakar\u00f3dzik vagy nyalogatja a b\u0151r\u00e9t.<\/p>\n<p>A b\u0151rgomba t\u00fcnetei k\u00f6z\u00f6tt szerepelhet a folyamatos viszket\u00e9s, a mancsnyalogat\u00e1s vagy l\u00e1br\u00e1g\u00e1s, a l\u00e1bujjak k\u00f6z\u00f6tti barna vagy v\u00f6r\u00f6ses elsz\u00ednez\u0151d\u00e9s, a zs\u00edros tapint\u00e1s\u00fa, kellemetlen szag\u00fa b\u0151r, a korp\u00e1z\u00f3, h\u00e1ml\u00f3 fel\u00fcletek, a sz\u0151rhull\u00e1s \u00e9s a s\u00f6t\u00e9ted\u0151, megvastagod\u00f3 b\u0151rter\u00fcletek. A t\u00fcnetei gyakran egy\u00fctt j\u00e1rnak mancsnyalogat\u00e1ssal, viszket\u00e9ssel \u00e9s pirosod\u00e1ssal, ez\u00e9rt kiemelten fontos az id\u0151ben megkezdett t\u00fcneti \u00e1pol\u00e1s.<\/p>\n<p>A mancsok t\u00falzott nyalogat\u00e1s\u00e1ra \u00e9s \u00e1ztat\u00e1s\u00e1ra kifejezetten aj\u00e1nlunk k\u00edm\u00e9letes tiszt\u00edt\u00e1st is, p\u00e9ld\u00e1ul a\u00a0<a href=\"https:\/\/whizzopet.hu\/sk\/produkt\/medi-sal-sol-na-cistenie-psich-labiek\/?wmc-currency=EUR\">Medi Sal f\u00fcrd\u0151s\u00f3val<\/a>.<\/p>\n<h2>Mi\u00e9rt alakul ki b\u0151rgomba kuty\u00e1kn\u00e1l?<\/h2>\n<p>A b\u0151rgomba szinte mindig olyan folyamat k\u00f6vetkezm\u00e9nye, amelyben a b\u0151r term\u00e9szetes v\u00e9d\u0151r\u00e9tege s\u00e9r\u00fcl. A leggyakoribb kiv\u00e1lt\u00f3 ok a k\u00f6rnyezeti allergia, amely pollent\u0151l, port\u00f3l, poratk\u00e1kt\u00f3l, pen\u00e9szsp\u00f3r\u00e1t\u00f3l vagy ak\u00e1r a nedves, p\u00e1r\u00e1s k\u00f6rnyezett\u0151l is fell\u00e1ngolhat. Az allergi\u00e1s reakci\u00f3k gyullad\u00e1st, viszket\u00e9st \u00e9s b\u0151rirrit\u00e1ci\u00f3t okoznak, a kutya vakarni, nyalni kezdi a b\u0151r\u00e9t, \u00edgy apr\u00f3 s\u00e9r\u00fcl\u00e9sek \u00e9s nedves k\u00f6zeg j\u00f6n l\u00e9tre, amely ide\u00e1lis t\u00e1ptalajt k\u00edn\u00e1l a gomb\u00e1k megteleped\u00e9s\u00e9hez.<\/p>\n<p>Hasonl\u00f3 folyamat indulhat el \u00e9telallergia vagy \u00e9telintolerancia eset\u00e9n is. Ezek gyakran okoznak arc- \u00e9s f\u00fclvakar\u00f3dz\u00e1st, mancsnyalogat\u00e1st, piros foltokat vagy sz\u0151rhull\u00e1st. Ilyenkor a b\u0151r gyullad\u00e1sa tart\u00f3s, a mikrobiom megbillen, a gomb\u00e1k pedig k\u00f6nnyebben t\u00falszaporodnak.<\/p>\n<p>A keresztallergia tov\u00e1bb ronthatja a helyzetet: amikor a k\u00f6rnyezeti allerg\u00e9n \u00e9s egy \u00e9telallerg\u00e9n egyszerre van jelen, a b\u0151r tart\u00f3s irrit\u00e1ci\u00f3 alatt \u00e1ll, \u00edgy a b\u0151rgomba \u00e9s m\u00e1sodlagos fert\u0151z\u00e9sek m\u00e9g gyorsabban alakulnak ki.<\/p>\n<p>Ha allergi\u00e1s kuty\u00e1d van, \u00e9rdemes \u00e1tn\u00e9zni a\u00a0<a href=\"https:\/\/whizzopet.hu\/sk\/kategoria-produktu\/vyrobky-na-starostlivost-o-psov\/proti-alergii-na-psov\/?wmc-currency=EUR\">kutya allergia ellen term\u00e9kek<\/a>\u00a0k\u00edn\u00e1lat\u00e1t is.<\/p>\n<h2>Mi\u00e9rt hat\u00e9kony a W.E.T. Cream b\u0151rgomb\u00e1ra \u00e9s allergi\u00e1s b\u0151rt\u00fcnetekre?<\/h2>\n<p>A W.E.T. Cream t\u00f6bb szinten seg\u00edti a kutya b\u0151r\u00e9nek t\u00fcneti kezel\u00e9s\u00e9t, mik\u00f6zben k\u00edm\u00e9letes marad az \u00e9rz\u00e9keny vagy gyulladt ter\u00fcletekhez.<\/p>\n<p>A gyullad\u00e1scs\u00f6kkent\u0151 \u00e9s irrit\u00e1ci\u00f3t enyh\u00edt\u0151 \u00f6sszetev\u0151k, mint a bio neem olaj, a bio kenderolaj \u00e9s a bisabolol, seg\u00edthetnek cs\u00f6kkenteni a pirosod\u00e1st \u00e9s a kellemetlen viszket\u00e9st. A gomba- \u00e9s bakt\u00e9riumellenes komponensek, k\u00f6zt\u00fck a bio propolisz, a Dermosoft Decalact Liquid \u00e9s a guajakfa ill\u00f3olaj, hozz\u00e1j\u00e1rulnak a b\u0151r mikrobiomj\u00e1nak egyens\u00faly\u00e1hoz.<\/p>\n<p>A b\u0151rv\u00e9d\u0151, hidrat\u00e1l\u00f3 \u00f6sszetev\u0151k, p\u00e9ld\u00e1ul a bio m\u00e9hviasz, a bio shea vaj \u00e9s a bio k\u00f3kuszolaj, er\u0151s\u00edtik a b\u0151r term\u00e9szetes v\u00e9d\u0151r\u00e9teg\u00e9t \u00e9s seg\u00edtik a regener\u00e1ci\u00f3t. Ezek egy\u00fctt hatva olyan \u00e1tfog\u00f3 t\u00e1mogat\u00e1st adnak, amely ritka a term\u00e9szetes kutyaken\u0151cs\u00f6k k\u00f6z\u00f6tt.<\/p>\n<h2>Milyen b\u0151rprobl\u00e9m\u00e1kra ide\u00e1lis v\u00e1laszt\u00e1s?<\/h2>\n<p>A W.E.T. Cream kiv\u00e1l\u00f3 t\u00fcneti seg\u00edts\u00e9g olyan helyzetekben, amikor a kutya t\u00falzottan nyalogatja vagy r\u00e1gja a mancs\u00e1t, k\u00fcl\u00f6n\u00f6sen k\u00f6rnyezeti allergia, por- vagy pollen\u00e9rz\u00e9kenys\u00e9g eset\u00e9n. Hat\u00e9kony piros, gyulladt, irrit\u00e1lt, elsz\u00ednez\u0151d\u00f6tt b\u0151rter\u00fcleteken, a kuty\u00e1kn\u00e1l gyakran el\u0151fordul\u00f3, allergi\u00e1s eredet\u0171 b\u0151rt\u00fcnetek enyh\u00edt\u00e9s\u00e9re, \u00e9s\u00a0 b\u0151rgomba kieg\u00e9sz\u00cdt\u0151 kezel\u00e9s\u00e9re.<\/p>\n<p>Seg\u00edthet olyan tipikus jelek eset\u00e9n is, mint a f\u00fclk\u00f6rny\u00e9ki vakar\u00f3dz\u00e1s vagy pofad\u00f6rzs\u00f6l\u00e9s, amelyek sokszor allergi\u00e1ra vagy m\u00e1sodlagos b\u0151rirrit\u00e1ci\u00f3ra utalnak.<\/p>\n<h2>Hogyan haszn\u00e1ld a W.E.T. Cream ken\u0151cs\u00f6t?<\/h2>\n<p>A haszn\u00e1lata egyszer\u0171 \u00e9s k\u00edm\u00e9letes. V\u00e9kony r\u00e9tegben vidd fel a ken\u0151cs\u00f6t kuty\u00e1d b\u0151r\u00e9re, \u00e9s finoman massz\u00edrozd be. A legjobb eredm\u00e9ny \u00e9rdek\u00e9ben naponta k\u00e9tszer alkalmazd, am\u00edg a b\u0151r vissza nem nyeri egyens\u00faly\u00e1t.<\/p>\n<p>A k\u00e9sz\u00edtm\u00e9ny term\u00e9szetes \u00f6sszetev\u0151kb\u0151l \u00e1ll, \u00edgy akkor sem okoz gondot, ha a kutya lenyal bel\u0151le valamennyit, de \u00e9rdemes elterelni a figyelm\u00e9t jutalomfalattal, j\u00e1t\u00e9kkal vagy feladattal. A W.E.T. Cream macsk\u00e1kon is biztons\u00e1gosan haszn\u00e1lhat\u00f3.<\/p>\n<h2>Mit tartalmaz a W.E.T. Cream?<\/h2>\n<p><b>Bio neem olaj<\/b><span style=\"font-weight: 400;\"> - Upokojuje n\u00e1sledky ko\u017en\u00fdch ochoren\u00ed, pom\u00e1ha hoji\u0165 r\u00f4zne poranenia a je vynikaj\u00faci na such\u00fa, popraskan\u00fa poko\u017eku. Je zn\u00e1my svojimi protiples\u0148ov\u00fdmi, antibakteri\u00e1lnymi a antiparazit\u00e1rnymi \u00fa\u010dinkami, rovnako ako regenera\u010dn\u00fdmi a protiz\u00e1palov\u00fdmi vlastnos\u0165ami.<\/span><\/p>\n<p><b>Bio kendermag olaj <\/b><span style=\"font-weight: 400;\">- Zni\u017euje stratu vody a chr\u00e1ni poko\u017eku pred vysu\u0161en\u00edm, zanech\u00e1va ju pevn\u00fa a pru\u017en\u00fa. Blahod\u00e1rne p\u00f4sob\u00ed na za\u010dervenan\u00fa a podr\u00e1\u017eden\u00fa poko\u017eku, stimuluje regener\u00e1ciu ko\u017en\u00fdch buniek a m\u00e1 protiz\u00e1palov\u00e9 \u00fa\u010dinky.<\/span><\/p>\n<p><b>Bio v\u010del\u00ed vosk<\/b><span style=\"font-weight: 400;\"> - T\u00e1to jemn\u00e1 l\u00e1tka, poch\u00e1dzaj\u00faca tie\u017e z na\u0161ej v\u010delnice, dod\u00e1va nosovej masti pr\u00edjemn\u00fa text\u00faru pre poko\u017eku. M\u00e1 vynikaj\u00face zvl\u00e1\u010d\u0148uj\u00face a upokojuj\u00face vlastnosti, je siln\u00fdm protiz\u00e1palov\u00fdm prostriedkom a m\u00f4\u017ee pom\u00f4c\u0165 \u00fa\u010dinne obmedzi\u0165 vznik infekci\u00ed. Napravuje po\u0161kodenie pod popraskanou poko\u017ekou a regeneruje ko\u017en\u00e9 bunky. Odpudzuje vodu, chr\u00e1ni pred podr\u00e1\u017eden\u00edm.<\/span><\/p>\n<p><b>Bio propolis<\/b><span style=\"font-weight: 400;\"> - propolis do masti dod\u00e1vame z vlastnej ekologickej farmy. Je vynikaj\u00facim antioxidantom, upokojuje, hoj\u00ed a p\u00f4sob\u00ed proti svrbeniu. M\u00e1 schopnos\u0165 ni\u010di\u0165 bakt\u00e9rie v rane a jej okol\u00ed, \u010d\u00edm zabra\u0148uje jej infikovaniu.<\/span><\/p>\n<p><b>Bio k\u00f6r\u00f6mvir\u00e1golaj<\/b><span style=\"font-weight: 400;\"> - Odpor\u00fa\u010da sa na starostlivos\u0165 o zap\u00e1len\u00fa poko\u017eku v\u010faka svojim protiz\u00e1palov\u00fdm a exfolia\u010dn\u00fdm vlastnostiam.<\/span><\/p>\n<p><b>Bio shea vaj<\/b><span style=\"font-weight: 400;\"> - Vy\u017eivuj\u00face, ochrann\u00e9, hydrata\u010dn\u00e9 a hojiv\u00e9, pou\u017e\u00edva sa u\u017e po gener\u00e1cie na udr\u017eanie, zlep\u0161enie a ochranu \u0161trukt\u00fary poko\u017eky pred \u0161kodliv\u00fdmi \u00fa\u010dinkami slnka, vetra a \u010fal\u0161\u00edch vonkaj\u0161\u00edch faktorov. V\u00fdborne hoj\u00ed rany, stimuluje exfoli\u00e1ciu, vy\u017eivuje ko\u017en\u00e9 tkaniv\u00e1, upokojuje podr\u00e1\u017edenie a chr\u00e1ni chemicky nam\u00e1han\u00fa poko\u017eku.<\/span><\/p>\n<p><b>Bio k\u00f3kuszolaj<\/b><span style=\"font-weight: 400;\"> - Upokojuje poko\u017eku trpiacu za\u010dervenan\u00edm a podr\u00e1\u017eden\u00edm. Pou\u017e\u00edva sa v kombin\u00e1cii s bambuck\u00fdm maslom a je mimoriadne \u00fa\u010dinn\u00fd pri o\u0161etrovan\u00ed popraskanej poko\u017eky.<\/span><\/p>\n<p><b>Esenci\u00e1lny olej z guajakov\u00e9ho stromu<\/b><span style=\"font-weight: 400;\"> - Odpor\u00fa\u010da sa pri hojen\u00ed poko\u017eky, ekz\u00e9moch, dermatit\u00eddach a r\u00f4znych z\u00e1palov\u00fdch stavoch ko\u017ee. Je \u0161etrn\u00fd, tak\u017ee ho zn\u00e1\u0161a aj citliv\u00e1 a krehk\u00e1 poko\u017eka.<\/span><\/p>\n<p><b>Oxid zino\u010dnat\u00fd<\/b><span style=\"font-weight: 400;\"> - Vynikaj\u00faci a uzn\u00e1van\u00fd dezinfek\u010dn\u00fd, \u010distiaci a hojiv\u00fd prostriedok, ktor\u00fd stimuluje proces hojenia poko\u017eky. Je vhodn\u00fd na starostlivos\u0165 o podr\u00e1\u017eden\u00fa poko\u017eku a m\u00e1 antibakteri\u00e1lne, antimykotick\u00e9 a antiseptick\u00e9 vlastnosti.<\/span><\/p>\n<p><b>Bisabolol<\/b><span style=\"font-weight: 400;\"> - Akt\u00edvna zlo\u017eka zn\u00e1ma pre svoje v\u0161estrann\u00e9 regenera\u010dn\u00e9 a upokojuj\u00face \u00fa\u010dinky na poko\u017eku. \u00daspe\u0161ne sa pou\u017e\u00edva ako zlo\u017eka pre starostlivos\u0165 o citliv\u00fa, krehk\u00fa, podr\u00e1\u017eden\u00fa alebo poranen\u00fa poko\u017eku. a regenera\u010dn\u00e9 \u00fa\u010dinky na poko\u017eku.<\/span><\/p>\n<p><b>Dermosoft Decalact Liquid<\/b><span style=\"font-weight: 400;\"> - Zmes pr\u00edrodn\u00fdch antimikrobi\u00e1lnych zlo\u017eiek, ktor\u00e1 \u00fa\u010dinne p\u00f4sob\u00ed proti niektor\u00fdm ko\u017en\u00fdm ochoreniam, ako s\u00fa lupiny, akn\u00e9 a nepr\u00edjemn\u00fd z\u00e1pach. Je ve\u013emi \u0161etrn\u00fd k poko\u017eke a \u00fa\u010dinne p\u00f4sob\u00ed proti patog\u00e9nom bez toho, aby po\u0161kodzoval poko\u017eku alebo sliznice. Je \u00fa\u010dinn\u00fd napr\u00edklad proti Malassezia furfur, Trichophyton, Epidermophyton floccosum, Candida albicans, Propionibacterium acnes. Nesp\u00f4sobuje senzibiliz\u00e1ciu poko\u017eky a neobsahuje geneticky modifikovan\u00e9 zlo\u017eky.<\/span><\/p>\n<p><b>Obsah vitam\u00ednu E<\/b><span style=\"font-weight: 400;\"> - Siln\u00fd antioxidant, p\u00f4sob\u00ed proti starnutiu a elasticite. M\u00e1 protidr\u00e1\u017ediv\u00e9 a protiz\u00e1palov\u00e9 \u00fa\u010dinky. Prispieva k udr\u017eaniu ochrannej vrstvy poko\u017eky a m\u00e1 regenera\u010dn\u00e9 vlastnosti.<\/span><\/p>\n<p>Ako vonn\u00e9 l\u00e1tky s\u00fa pou\u017eit\u00e9 med a mlieko.<\/p>\n<p>INCI (\u00f6sszetev\u0151k hivatalos list\u00e1ja): Helianthus Annuus Seed Oil, Butyrospermum Parkii Butter, Olea Europaea Oil, Cocos Nucifera Oil, Cera Alba, Cannabis Sativa Seed Oil, Zinc Oxide, Calendula Officinalis Flower Extract, Parfum, Melia Azadirachta Fruit\/Seed Oil, Bulnesia Sarmientoi Wood Oil, Tocopherol, Propolis Cera Extract, Sodium Caproyl\/Lauroyl Lactylate, Triethyl Citrate, Bisabolol.<\/p>\n<p><em>Farebn\u00fd odtie\u0148 a intenzita v\u00f4ne v\u00fdrobkov sa m\u00f4\u017eu u jednotliv\u00fdch \u010drepov l\u00ed\u0161i\u0165. Tomu sa ned\u00e1 vyhn\u00fa\u0165 kv\u00f4li rozdielnym vlastnostiam organick\u00fdch zlo\u017eiek, ale nem\u00e1 to vplyv na kvalitu v\u00fdrobku. Koncentr\u00e1cia \u00fa\u010dinnej l\u00e1tky vo v\u00fdrobku m\u00f4\u017ee sp\u00f4sobi\u0165 mierne zhlukovanie, s ktor\u00fdm sa po nanesen\u00ed \u013eahko pracuje a \u013eahko sa rozp\u00fa\u0161\u0165a na teplomere poko\u017eky.\u00a0<\/em><\/p>\n<p>&nbsp;<\/p>\n<p>&nbsp;<\/p>\n<p>&nbsp;<\/p>\n<p>&nbsp;<\/p>\n<p>&nbsp;<\/p>","protected":false},"excerpt":{"rendered":"<p>Gy\u00f3gyhat\u00e1s\u00fa ken\u0151cs kutya b\u0151rgomb\u00e1ra, viszket\u00e9sre, mancsnyalogat\u00e1sra \u00e9s allergi\u00e1s eredet\u0171 b\u0151rt\u00fcnetekre. Nyugtatja a piros, irrit\u00e1lt, gyulladt b\u0151rfel\u00fcletet.<\/p>","protected":false},"featured_media":2387,"comment_status":"open","ping_status":"closed","template":"","meta":{"inline_featured_image":false},"product_brand":[],"product_cat":[31,30],"product_tag":[51],"class_list":{"0":"post-1531","1":"product","2":"type-product","3":"status-publish","4":"has-post-thumbnail","6":"product_cat-kenocsok","7":"product_cat-apolasi-termekek","8":"product_tag-kiemelt","9":"infinite-scroll-item","10":"sales-flash-overlay","11":"woocommerce-text-align-center","12":"woocommerce-image-align-center","13":"do-quantity-buttons","15":"first","16":"instock","17":"taxable","18":"shipping-taxable","19":"purchasable","20":"product-type-variable"},"_links":{"self":[{"href":"https:\/\/whizzopet.hu\/sk\/wp-json\/wp\/v2\/product\/1531","targetHints":{"allow":["GET"]}}],"collection":[{"href":"https:\/\/whizzopet.hu\/sk\/wp-json\/wp\/v2\/product"}],"about":[{"href":"https:\/\/whizzopet.hu\/sk\/wp-json\/wp\/v2\/types\/product"}],"replies":[{"embeddable":true,"href":"https:\/\/whizzopet.hu\/sk\/wp-json\/wp\/v2\/comments?post=1531"}],"wp:featuredmedia":[{"embeddable":true,"href":"https:\/\/whizzopet.hu\/sk\/wp-json\/wp\/v2\/media\/2387"}],"wp:attachment":[{"href":"https:\/\/whizzopet.hu\/sk\/wp-json\/wp\/v2\/media?parent=1531"}],"wp:term":[{"taxonomy":"product_brand","embeddable":true,"href":"https:\/\/whizzopet.hu\/sk\/wp-json\/wp\/v2\/product_brand?post=1531"},{"taxonomy":"product_cat","embeddable":true,"href":"https:\/\/whizzopet.hu\/sk\/wp-json\/wp\/v2\/product_cat?post=1531"},{"taxonomy":"product_tag","embeddable":true,"href":"https:\/\/whizzopet.hu\/sk\/wp-json\/wp\/v2\/product_tag?post=1531"}],"curies":[{"name":"wp","href":"https:\/\/api.w.org\/{rel}","templated":true}]}}