{"id":1530,"date":"2024-07-04T08:41:15","date_gmt":"2024-07-04T06:41:15","guid":{"rendered":"https:\/\/whizzopet.hu\/?post_type=product&#038;p=1530"},"modified":"2026-04-20T09:47:05","modified_gmt":"2026-04-20T07:47:05","slug":"nose-glo-krem-na-psi-nos","status":"publish","type":"product","link":"https:\/\/whizzopet.hu\/sk\/termek\/nose-glo-orrapolo-balzsam\/","title":{"rendered":"Nose Glo kr\u00e9m na ps\u00ed nos"},"content":{"rendered":"<h3>Pokia\u013e je such\u00fd, je to naozaj probl\u00e9m?<\/h3>\n<p><span style=\"font-weight: 400;\">Pokia\u013e si v\u0161imnete, \u017ee m\u00e1 v\u00e1\u0161 pes dlh\u0161iu dobu such\u00fd nos, vedzte, \u017ee treba kona\u0165. V ide\u00e1lnom pr\u00edpade by mal by\u0165 nos v\u00e1\u0161ho psa pokryt\u00fd vlhkou, studenou vrstvou. Tento povrch u\u013eah\u010duje zachyt\u00e1vanie molek\u00fal z\u00e1pachu. T\u00e1to vlhk\u00e1 vrstva v\u0161ak tie\u017e pom\u00e1ha udr\u017eiava\u0165 jeho \u010duchov\u00e9 cesty \u010dist\u00e9. V\u00e1\u0161 ps\u00edk si teda bude nos pravidelne olizova\u0165, aby ho udr\u017eoval vlhk\u00fd.<\/span><\/p>\n<p>&nbsp;<\/p>\n<p><img loading=\"lazy\" decoding=\"async\" class=\"alignnone size-medium wp-image-2516\" src=\"https:\/\/whizzopet.hu\/wp-content\/uploads\/2024\/07\/nose-glo-1-289x300.jpeg\" alt=\"Whizzopet Nose Glo hazsn\u00e1lata el\u0151tt \u00e9s ut\u00e1n\" width=\"289\" height=\"300\" srcset=\"https:\/\/whizzopet.hu\/wp-content\/uploads\/2024\/07\/nose-glo-1-289x300.jpeg 289w, https:\/\/whizzopet.hu\/wp-content\/uploads\/2024\/07\/nose-glo-1-768x798.jpeg 768w, https:\/\/whizzopet.hu\/wp-content\/uploads\/2024\/07\/nose-glo-1.jpeg 770w\" sizes=\"auto, (max-width: 289px) 100vw, 289px\" \/><\/p>\n<h3>Kedy je such\u00fd nos prirodzen\u00fd?<\/h3>\n<ul>\n<li style=\"font-weight: 400;\" aria-level=\"1\"><span style=\"font-weight: 400;\">Po sp\u00e1nku.<\/span><\/li>\n<li style=\"font-weight: 400;\" aria-level=\"1\"><span style=\"font-weight: 400;\">V letnej hor\u00fa\u010dave alebo zimnom chlade - such\u00fd nos potrebuje starostlivos\u0165.<\/span><\/li>\n<li style=\"font-weight: 400;\" aria-level=\"1\"><span style=\"font-weight: 400;\">Vo vy\u0161\u0161om veku - m\u00f4\u017eete ho pom\u00f4c\u0165 zlep\u0161i\u0165 pomocou kr\u00e9mov.<\/span><\/li>\n<li style=\"font-weight: 400;\" aria-level=\"1\"><span style=\"font-weight: 400;\">M\u00f4\u017ee to by\u0165 aj z\u00e1le\u017eitos\u0165 plemena, napr\u00edklad psy s kr\u00e1tkymi nosmi maj\u00fa pravidelne such\u00e9 nosy.<\/span><\/li>\n<\/ul>\n<p><i><b>(<\/b><span style=\"font-weight: 400;\">Ak m\u00e1 v\u00e1\u0161 pes trvalo such\u00fd nos, a to aj po o\u0161etren\u00ed, mo\u017eno by ste ho mali uk\u00e1za\u0165 veterin\u00e1rovi. Such\u00fd nos toti\u017e m\u00f4\u017ee by\u0165 tie\u017e pr\u00edznakom alergie alebo choroby.)<\/span><\/i><\/p>\n<p><b>Pozor! Pes m\u00f4\u017ee kr\u00e9m ol\u00edza\u0165, preto\u017ee si m\u00f4\u017ee jazykom siahnu\u0165 na nos, ale to nevad\u00ed, preto\u017ee kr\u00e9m je vyroben\u00fd z pr\u00edrodn\u00fdch zlo\u017eiek a neubl\u00ed\u017ei mu, ale s\u0165a\u017e\u00ed mu to dosiahnutie po\u017eadovan\u00e9ho \u00fa\u010dinku.<\/b><\/p>\n<p><b>Tip: <\/b><span style=\"font-weight: 400;\">Po nanesen\u00ed balzamu na nos psa nie\u010d\u00edm zabavte. Napr\u00edklad hrou, cvi\u010den\u00edm.<\/span><\/p>\n<p>&nbsp;<\/p>\n<p><img loading=\"lazy\" decoding=\"async\" class=\"alignnone size-medium wp-image-2518\" src=\"https:\/\/whizzopet.hu\/wp-content\/uploads\/2024\/07\/nose-glo-2-250x300.jpg\" alt=\"Orr\u00e1t fog\u00f3 kutya illusztr\u00e1ci\u00f3\" width=\"250\" height=\"300\" srcset=\"https:\/\/whizzopet.hu\/wp-content\/uploads\/2024\/07\/nose-glo-2-250x300.jpg 250w, https:\/\/whizzopet.hu\/wp-content\/uploads\/2024\/07\/nose-glo-2.jpg 750w\" sizes=\"auto, (max-width: 250px) 100vw, 250px\" \/><\/p>\n<h3>Pre\u010do si v\u00e1\u0161 ps\u00edk zamiluje balzam na v\u00fdplach nosa Nose Glo?<\/h3>\n<p><b>Pr\u00edrodn\u00e9 zlo\u017eky certifikovan\u00e9 Ecocert Greenlife:<\/b><\/p>\n<p><b>Konopn\u00fd olej <\/b><span style=\"font-weight: 400;\">- Zni\u017euje stratu vody a chr\u00e1ni poko\u017eku pred vysu\u0161en\u00edm, zanech\u00e1va ju pevn\u00fa a pru\u017en\u00fa. Blahod\u00e1rne p\u00f4sob\u00ed na za\u010dervenan\u00fa a podr\u00e1\u017eden\u00fa poko\u017eku, stimuluje regener\u00e1ciu ko\u017en\u00fdch buniek a m\u00e1 protiz\u00e1palov\u00e9 \u00fa\u010dinky.<\/span><\/p>\n<p><b>BIO olej z marhu\u013eov\u00fdch jadier<\/b><span style=\"font-weight: 400;\"> - Regeneruje, povzbudzuje, hydratuje a vy\u017eivuje. Spoma\u013euje starnutie pleti a zni\u017euje pocit suchej poko\u017eky. Chr\u00e1ni pred vysu\u0161en\u00edm, zmier\u0148uje z\u00e1paly, svrbenie a za\u010dervenanie.<\/span><\/p>\n<p>&nbsp;<\/p>\n<p><img loading=\"lazy\" decoding=\"async\" class=\"alignnone size-full wp-image-2519\" src=\"https:\/\/whizzopet.hu\/wp-content\/uploads\/2024\/07\/barackmag-olaj.jpg\" alt=\"S\u00e1rgabarack mag olaj\" width=\"200\" height=\"300\" \/><\/p>\n<h3>\u010ealej:<\/h3>\n<p><b>BIO v\u010del\u00ed vosk<\/b><span style=\"font-weight: 400;\"> - Tento m\u00e4kk\u00fd materi\u00e1l z na\u0161ej vlastnej v\u010delnice dod\u00e1va text\u00faru \u0161etrn\u00fa k poko\u017eke. M\u00e1 vynikaj\u00face zvl\u00e1\u010d\u0148uj\u00face a upokojuj\u00face vlastnosti, je siln\u00fdm protiz\u00e1palov\u00fdm prostriedkom a m\u00f4\u017ee pom\u00f4c\u0165 \u00fa\u010dinne obmedzi\u0165 vznik infekci\u00ed. Napravuje po\u0161kodenie pod popraskanou ko\u017eou a regeneruje ko\u017en\u00e9 bunky. Odpudzuje vodu, chr\u00e1ni pred podr\u00e1\u017eden\u00edm.<\/span><\/p>\n<p><b>BIO necht\u00edkov\u00fd olej<\/b><span style=\"font-weight: 400;\"> - Odpor\u00fa\u010da sa na starostlivos\u0165 o zap\u00e1len\u00fa poko\u017eku v\u010faka svojim protiz\u00e1palov\u00fdm a exfolia\u010dn\u00fdm vlastnostiam.<\/span><\/p>\n<p><b>BIO bambuck\u00e9 maslo<\/b><span style=\"font-weight: 400;\"> - Vy\u017eivuj\u00face, ochrann\u00e9, hydrata\u010dn\u00e9 a hojiv\u00e9, pou\u017e\u00edva sa u\u017e po gener\u00e1cie na udr\u017eanie, zlep\u0161enie a ochranu \u0161trukt\u00fary poko\u017eky pred \u0161kodliv\u00fdmi \u00fa\u010dinkami slnka, vetra a \u010fal\u0161\u00edch vonkaj\u0161\u00edch faktorov. V\u00fdborne hoj\u00ed rany, stimuluje exfoli\u00e1ciu, vy\u017eivuje ko\u017en\u00e9 tkaniv\u00e1, upokojuje podr\u00e1\u017edenie a chr\u00e1ni chemicky nam\u00e1han\u00fa poko\u017eku.<\/span><\/p>\n<p><b>BIO avok\u00e1dov\u00fd olej<\/b><span style=\"font-weight: 400;\"> - Pom\u00e1ha regenerova\u0165 a odstra\u0148ova\u0165 ko\u017en\u00e9 vady a jazvy. Zjem\u0148uje a zvl\u00e1\u010d\u0148uje poko\u017eku. Chr\u00e1ni nos psa pred vonkaj\u0161\u00edmi vplyvmi, zvy\u0161uje komfort a pru\u017enos\u0165 poko\u017eky. Upokojuje poko\u017eku nosa a zni\u017euje z\u00e1palov\u00e9 reakcie.<\/span><\/p>\n<p><b>BIO kokosov\u00fd olej<\/b><span style=\"font-weight: 400;\"> - Hydratuje, vy\u017eivuje a dod\u00e1va poko\u017eke hodv\u00e1bnu jemnos\u0165. Skuto\u010dn\u00fd poklad, ktor\u00fd vy\u017eivuje poko\u017eku a spoma\u013euje proces vys\u00fa\u0161ania. Upokojuje podr\u00e1\u017eden\u00fa poko\u017eku alebo poko\u017eku vystaven\u00fa stresu z okolit\u00e9ho prostredia.<\/span><\/p>\n<p><b>Mangov\u00e9 maslo<\/b><span style=\"font-weight: 400;\"> - Regeneruje poko\u017eku, zvl\u00e1\u010d\u0148uje ju, je zamatov\u00e9, antioxida\u010dn\u00e9 a hydrata\u010dn\u00e9. Vy\u017eivuje mdl\u00fa ple\u0165 bez \u017eivota, such\u00fa a vr\u00e1skav\u00fa. Pom\u00e1ha drsnej, popraskanej poko\u017eke po\u0161kodenej vonkaj\u0161\u00edmi vplyvmi a udr\u017euje jej pru\u017enos\u0165.<\/span><\/p>\n<p><b>Ry\u017eov\u00fd olej <\/b><span style=\"font-weight: 400;\">- Zauj\u00edmav\u00e9 zlo\u017eenie oleja, obsahuj\u00face fytosteroly, oryzanol a kyselinu ferulov\u00fa. Antioxida\u010dn\u00fd, regenera\u010dn\u00fd a blahodarn\u00fd najm\u00e4 pre zrel\u00fa, starn\u00facu ple\u0165 bez \u017eivota. Dobr\u00fd priate\u013e podr\u00e1\u017edenej pleti.<\/span><\/p>\n<p><b>Obsah vitam\u00ednu E<\/b><span style=\"font-weight: 400;\"> - Siln\u00fd antioxidant, p\u00f4sob\u00ed proti starnutiu a elasticite. M\u00e1 protidr\u00e1\u017ediv\u00e9 a protiz\u00e1palov\u00e9 \u00fa\u010dinky. Prispieva k udr\u017eaniu ochrannej vrstvy poko\u017eky a m\u00e1 regenera\u010dn\u00e9 vlastnosti.<\/span><\/p>\n<p><strong>Ako vonn\u00e9 l\u00e1tky s\u00fa pou\u017eit\u00e9 med a mlieko.<\/strong><\/p>\n<p>&nbsp;<\/p>\n<p><img loading=\"lazy\" decoding=\"async\" class=\"alignnone size-medium wp-image-2517\" src=\"https:\/\/whizzopet.hu\/wp-content\/uploads\/2024\/07\/francia-bulldog-mehesz-termekekkel-256x300.png\" alt=\"Francia bulldog m\u00e9hviasz t\u00f6mb\u00f6kkel el\u0151t\u00e9rben\" width=\"256\" height=\"300\" srcset=\"https:\/\/whizzopet.hu\/wp-content\/uploads\/2024\/07\/francia-bulldog-mehesz-termekekkel-256x300.png 256w, https:\/\/whizzopet.hu\/wp-content\/uploads\/2024\/07\/francia-bulldog-mehesz-termekekkel.png 700w\" sizes=\"auto, (max-width: 256px) 100vw, 256px\" \/><\/p>\n<h3><b>Kedy a ako pou\u017e\u00edva\u0165 nosn\u00fd peelingov\u00fd balzam Nose Glo?<\/b><\/h3>\n<ul>\n<li style=\"font-weight: 400;\" aria-level=\"1\"><span style=\"font-weight: 400;\">Ke\u010f je ko\u017ea na nose v\u00e1\u0161ho psa such\u00e1, popraskan\u00e1 a popraskan\u00e1.<\/span><\/li>\n<li style=\"font-weight: 400;\" aria-level=\"1\"><span style=\"font-weight: 400;\">Pri extr\u00e9mnych poveternostn\u00fdch podmienkach (extr\u00e9mny chlad alebo hor\u00faco).<\/span><\/li>\n<li style=\"font-weight: 400;\" aria-level=\"1\"><span style=\"font-weight: 400;\">Po\u010das letn\u00e9ho UV \u017eiarenia.<\/span><\/li>\n<li style=\"font-weight: 400;\" aria-level=\"1\"><span style=\"font-weight: 400;\">D\u00f4razne odpor\u00fa\u010dan\u00e9 pre kr\u00e1tkonos\u00e9 (brachicefalick\u00e9) plemen\u00e1.<\/span><\/li>\n<\/ul>\n<p class=\"translation-block\">Naneste tenk\u00fa vrstvu balzamu na vy\u010disten\u00fd nos svojho psa a potom ho jemne vmas\u00edrujte, pri\u010dom d\u00e1vajte pozor, aby sa nedostal do nosn\u00fdch dierok. Odumret\u00fa vrstvu odstr\u00e1nite umyt\u00edm teplou vodou 2-3 dni po prvom pou\u017eit\u00ed. Pou\u017e\u00edvajte dvakr\u00e1t a\u017e trikr\u00e1t denne, k\u00fdm sa neobnov\u00ed norm\u00e1lna rovnov\u00e1ha ko\u017ee. Na prevent\u00edvne \u00fa\u010dely pou\u017e\u00edvajte raz denne.<\/p>\n<p><img loading=\"lazy\" decoding=\"async\" class=\"alignnone size-full wp-image-2515\" src=\"https:\/\/whizzopet.hu\/wp-content\/uploads\/2024\/07\/francia-bulldog-kiskutyak.jpg\" alt=\"Francia bulldog kiskuty\u00e1k\" width=\"300\" height=\"200\" \/><\/p>\n<p>&nbsp;<\/p>\n<h3>M\u00e1te ot\u00e1zku k niektor\u00e9mu z na\u0161ich produktov?<\/h3>\n<p>Najprv sa pozrite na\u00a0<a href=\"https:\/\/whizzopet.hu\/sk\/casto-kladene-otazky\/?wmc-currency=EUR\">\u010dasto kladen\u00e9 ot\u00e1zky<\/a>, ktor\u00e9 u\u017e polo\u017eili in\u00ed\u2026<\/p>\n<p>Ak nen\u00e1jdete odpove\u010f na svoju ot\u00e1zku, nap\u00ed\u0161te n\u00e1m na\u00a0<a href=\"https:\/\/whizzopet.hu\/sk\/kontakt\/?wmc-currency=EUR\">kontaktn\u00fa str\u00e1nku<\/a>. Radi v\u00e1m odpovieme!<\/p>\n<p>Pokia\u013e pozn\u00e1te odpove\u010f, vyberte si z na\u0161ej ponuky produktov, aby si v\u00e1\u0161 pes mohol \u010do najsk\u00f4r u\u017e\u00edva\u0165 v\u00fdhody <a href=\"https:\/\/whizzopet.hu\/sk\/produkty\/?wmc-currency=EUR\">radu Whizzopet &gt; Kliknite tu pre prezeranie!<\/a><\/p>","protected":false},"excerpt":{"rendered":"[trp_language language=\"hu_HU\"]<br \/>\n<strong>Puhas\u00e1g \u00e9s v\u00e9delem kuty\u00e1d orr\u00e1nak eg\u00e9szs\u00e9g\u00e9\u00e9rt<\/strong><\/p>\n<p>A\u00a0legjobb v\u00e1laszt\u00e1s, ha szeretn\u00e9d kutyusod \u00e9rz\u00e9keny orr\u00e1t \u00e1polni \u00e9s megv\u00e9deni a sz\u00e9ls\u0151s\u00e9ges id\u0151j\u00e1r\u00e1si viszonyokkal szemben. Ak\u00e1r hideg, szeles id\u0151, ak\u00e1r az er\u0151s naps\u00fct\u00e9s okozza a sz\u00e1razs\u00e1got \u00e9s a kirepedez\u00e9st, ez a hipoallerg\u00e9n balzsam seg\u00edt vissza\u00e1ll\u00edtani az orr term\u00e9szetes puhas\u00e1g\u00e1t \u00e9s rugalmass\u00e1g\u00e1t. M\u00e9lyen hidrat\u00e1l, t\u00e1pl\u00e1l \u00e9s nyugtat, \u00edgy kutyusod azonnal komfortosabban \u00e9rezheti mag\u00e1t.<\/p>\n<p><strong>Mi\u00e9rt k\u00fcl\u00f6nleges?<\/strong><\/p>\n<ul>\n<li><strong>Azonnali hidrat\u00e1l\u00e1s:<\/strong>\u00a0M\u00e9lyen t\u00e1pl\u00e1lja \u00e9s hidrat\u00e1lja a sz\u00e1raz, kirepedezett b\u0151rt, visszaadva az orr puhas\u00e1g\u00e1t \u00e9s komfort\u00e9rzet\u00e9t.<\/li>\n<li><strong>V\u00e9delem a k\u00f6rnyezeti hat\u00e1sokkal szemben:<\/strong>\u00a0Meg\u00f3vja kutyusod \u00e9rz\u00e9keny orr\u00e1t a sz\u00e9ls\u0151s\u00e9ges id\u0151j\u00e1r\u00e1si t\u00e9nyez\u0151kt\u0151l, mint a fagyos hideg, a szeles id\u0151 \u00e9s az er\u0151s naps\u00fct\u00e9s.<\/li>\n<li><strong>Hipoallerg\u00e9n formula:<\/strong>\u00a0Biztos lehetsz benne, hogy kutyusod b\u0151re a legfinomabb, b\u0151rbar\u00e1t \u00f6sszetev\u0151kkel ker\u00fcl \u00e9rintkez\u00e9sbe.<\/li>\n<\/ul>\n<p><strong>Alkalmaz\u00e1s:<\/strong><\/p>\n<ul>\n<li>Sz\u00e1raz, kirepedezett orr hidrat\u00e1l\u00e1sa \u00e9s regener\u00e1l\u00e1sa<\/li>\n<li>Irrit\u00e1lt, f\u00e1jdalmas orr megnyugtat\u00e1sa<\/li>\n<li>V\u00e9delem fagy, sz\u00e9l \u00e9s naps\u00fct\u00e9s ellen<\/li>\n<li>Az orr eg\u00e9szs\u00e9g\u00e9nek meg\u0151rz\u00e9se minden \u00e9vszakban<\/li>\n<\/ul>\n<p>Azonnal puh\u00e1v\u00e1 var\u00e1zsolja kutyusod orr\u00e1t, \u00e9s biztos\u00edtja a hosszantart\u00f3 hidrat\u00e1l\u00e1st \u00e9s v\u00e9delmet, amire sz\u00fcks\u00e9ge van!&#8221;<\/p>\n<p style=\"text-align: center;\"><em>A term\u00e9kek sz\u00edn\u00e1rnyalata, illatintenzit\u00e1sa sarzsonk\u00e9nt elt\u00e9rhet. Ez a bio \u00f6sszetev\u0151k tulajdons\u00e1gainak varianci\u00e1ja miatt elker\u00fclhetlen, ugyanakkor ez nem befoly\u00e1solja a term\u00e9k min\u0151s\u00e9g\u00e9t.<\/em><\/p>\n<p>[\/trp_language]\n[trp_language language=\"sk_SK\"]<br \/>\nh\u013abkovo hydrata\u010dn\u00fd pr\u00edpravok \u0161peci\u00e1lne vyvinut\u00fd pre psie nosy.<br \/>\n\u2022 Pr\u00edrodn\u00e1 a hypoalerg\u00e9nna hydrat\u00e1cia.<br \/>\n\u2022 Pom\u00e1ha udr\u017eiava\u0165 \u010duchov\u00fd syst\u00e9m hydratovan\u00fd.<br \/>\n\u2022 Chr\u00e1ni pred poveternostn\u00fdmi vplyvmi.<br \/>\n\u2022 Pom\u00e1ha hoji\u0165, ak m\u00e1te popraskan\u00fd a bo\u013eav\u00fd nos.<br \/>\n\u2022 Udr\u017euje nos v\u00e1\u0161ho psa zdrav\u00fd aj vo vy\u0161\u0161om veku.<\/p>\n<p>Farebn\u00fd odtie\u0148 a intenzita v\u00f4ne v\u00fdrobkov sa m\u00f4\u017eu u jednotliv\u00fdch \u010drepov l\u00ed\u0161i\u0165. Tomu sa ned\u00e1 vyhn\u00fa\u0165 kv\u00f4li rozdielnym vlastnostiam organick\u00fdch zlo\u017eiek, ale nem\u00e1 to vplyv na kvalitu v\u00fdrobku.<br \/>\n[\/trp_language]\n[trp_language language=\"cs_CZ\"]<br \/>\nhloubkov\u011b hydrata\u010dn\u00ed p\u0159\u00edpravek speci\u00e1ln\u011b vyvinut\u00fd pro ps\u00ed nosy.<br \/>\n\u2022 P\u0159\u00edrodn\u00ed a hypoalergenn\u00ed hydratace.<br \/>\n\u2022 Pom\u00e1h\u00e1 udr\u017eovat \u010dichov\u00fd syst\u00e9m hydratovan\u00fd.<br \/>\n\u2022 Chr\u00e1n\u00ed p\u0159ed pov\u011btrnostn\u00edmi vlivy.<br \/>\n\u2022 Pom\u00e1h\u00e1 hojit, pokud m\u00e1te popraskan\u00fd a bolav\u00fd nos.<br \/>\n\u2022 Udr\u017euje nos va\u0161eho psa zdrav\u00fd i ve vy\u0161\u0161\u00edm v\u011bku.<\/p>\n<p>Barevn\u00fd odst\u00edn a intenzita v\u016fn\u011b v\u00fdrobk\u016f se mohou u jednotliv\u00fdch st\u0159ep\u016f li\u0161it. Tomu se nelze vyhnout kv\u016fli rozd\u00edln\u00fdm vlastnostem organick\u00fdch slo\u017eek, ale nem\u00e1 to vliv na kvalitu v\u00fdrobku.<br \/>\n[\/trp_language]\n","protected":false},"featured_media":2381,"comment_status":"open","ping_status":"closed","template":"","meta":{"inline_featured_image":false},"product_brand":[],"product_cat":[30],"product_tag":[],"class_list":{"0":"post-1530","1":"product","2":"type-product","3":"status-publish","4":"has-post-thumbnail","6":"product_cat-apolasi-termekek","7":"infinite-scroll-item","8":"sales-flash-overlay","9":"woocommerce-text-align-center","10":"woocommerce-image-align-center","11":"do-quantity-buttons","13":"first","14":"instock","15":"taxable","16":"shipping-taxable","17":"purchasable","18":"product-type-variable"},"_links":{"self":[{"href":"https:\/\/whizzopet.hu\/sk\/wp-json\/wp\/v2\/product\/1530","targetHints":{"allow":["GET"]}}],"collection":[{"href":"https:\/\/whizzopet.hu\/sk\/wp-json\/wp\/v2\/product"}],"about":[{"href":"https:\/\/whizzopet.hu\/sk\/wp-json\/wp\/v2\/types\/product"}],"replies":[{"embeddable":true,"href":"https:\/\/whizzopet.hu\/sk\/wp-json\/wp\/v2\/comments?post=1530"}],"wp:featuredmedia":[{"embeddable":true,"href":"https:\/\/whizzopet.hu\/sk\/wp-json\/wp\/v2\/media\/2381"}],"wp:attachment":[{"href":"https:\/\/whizzopet.hu\/sk\/wp-json\/wp\/v2\/media?parent=1530"}],"wp:term":[{"taxonomy":"product_brand","embeddable":true,"href":"https:\/\/whizzopet.hu\/sk\/wp-json\/wp\/v2\/product_brand?post=1530"},{"taxonomy":"product_cat","embeddable":true,"href":"https:\/\/whizzopet.hu\/sk\/wp-json\/wp\/v2\/product_cat?post=1530"},{"taxonomy":"product_tag","embeddable":true,"href":"https:\/\/whizzopet.hu\/sk\/wp-json\/wp\/v2\/product_tag?post=1530"}],"curies":[{"name":"wp","href":"https:\/\/api.w.org\/{rel}","templated":true}]}}