{"id":1526,"date":"2024-07-04T08:41:14","date_gmt":"2024-07-04T06:41:14","guid":{"rendered":"https:\/\/whizzopet.hu\/?post_type=product&#038;p=1526"},"modified":"2026-03-27T22:45:01","modified_gmt":"2026-03-27T21:45:01","slug":"starostlivost-o-psie-labky-paw-cure","status":"publish","type":"product","link":"https:\/\/whizzopet.hu\/sk\/termek\/paw-cure-mancsapolo\/","title":{"rendered":"Starostlivos\u0165 o psie labky Paw Cure"},"content":{"rendered":"<p><strong>V\u00e9delem \u00e9s \u00e1pol\u00e1s a kutyusod mancsainak minden \u00e9vszakban<\/strong><\/p>\n<p>Pr\u00edpravok na starostlivos\u0165 a ochranu such\u00fdch, popraskan\u00fdch a podr\u00e1\u017eden\u00fdch labiek, ktor\u00fd ich \u00fa\u010dinne chr\u00e1ni pred extr\u00e9mnymi poveternostn\u00fdmi podmienkami.<\/p>\n<p><strong>Mi\u00e9rt v\u00e1laszd?<\/strong><\/p>\n<ul>\n<li><strong>M\u00e9lyhidrat\u00e1l\u00e1s \u00e9s t\u00e1pl\u00e1l\u00e1s:<\/strong>\u00a0Azonnal puh\u00e1v\u00e1 teszi a sz\u00e1raz, repedezett mancsokat, visszaadva azok term\u00e9szetes rugalmass\u00e1g\u00e1t.<\/li>\n<li><strong>V\u00e9delem a mindennapi kih\u00edv\u00e1sokkal szemben:<\/strong>\u00a0T\u00f6k\u00e9letes v\u00e9delmet ny\u00fajt a durva terep, a fagyos hideg vagy a forr\u00f3 aszfalt ellen, \u00edgy kutyusod b\u00e1rmilyen id\u0151ben komfortosan mozoghat.<\/li>\n<li><strong>Gyors felsz\u00edv\u00f3d\u00e1s:<\/strong>\u00a0Nem hagy zs\u00edros nyomot, de hosszantart\u00f3 v\u00e9delmet biztos\u00edt.<\/li>\n<\/ul>\n<p><strong>Alkalmaz\u00e1s:<\/strong><\/p>\n<ul>\n<li>Sz\u00e1raz, kirepedezett talpp\u00e1rn\u00e1k regener\u00e1l\u00e1sa<\/li>\n<li>Irrit\u00e1lt, f\u00e1jdalmas mancsok megnyugtat\u00e1sa<\/li>\n<li>V\u00e9delem fagy, h\u0151s\u00e9g \u00e9s durva terep ellen<\/li>\n<li>Mancsok puhas\u00e1g\u00e1nak \u00e9s eg\u00e9szs\u00e9g\u00e9nek meg\u0151rz\u00e9se minden \u00e9vszakban<\/li>\n<\/ul>\n<p>Seg\u00edts\u00e9g\u00e9vel kutyusod mancsai k\u00e9szen \u00e1llnak minden kalandra, legyen az t\u00e9li t\u00fara a h\u00f3ban vagy ny\u00e1ri s\u00e9ta a forr\u00f3 aszfalton.&#8221;<\/p>\n<p style=\"text-align: center;\"><em>Farebn\u00fd odtie\u0148 a intenzita v\u00f4ne v\u00fdrobkov sa m\u00f4\u017eu u jednotliv\u00fdch \u010drepov l\u00ed\u0161i\u0165. Tomu sa ned\u00e1 vyhn\u00fa\u0165 kv\u00f4li rozdielnym vlastnostiam organick\u00fdch zlo\u017eiek, ale nem\u00e1 to vplyv na kvalitu v\u00fdrobku.<\/em><\/p>\n<h3><b>Mi\u00e9rt \u00e9rdemes haszn\u00e1lnunk kutya mancs \u00e1pol\u00f3t?<\/b><\/h3>\n<p><span style=\"font-weight: 400;\">Najv\u00e4\u010d\u0161ia \u010das\u0165 ko\u017ee v\u00e1\u0161ho psa, ktor\u00e1 nie je pokryt\u00e1 srs\u0165ou, sa nach\u00e1dza na labk\u00e1ch. T\u00e1to ko\u017ea je najviac vystaven\u00e1 poveternostn\u00fdm vplyvom, a to ako zimn\u00e9mu chladu, tak letnej hor\u00fa\u010dave. Okrem toho s\u00fa labky hlavn\u00fdm miestom, kde sa vyskytuje najviac ne\u010dist\u00f4t, ktor\u00e9 m\u00f4\u017eu by\u0165 ve\u013emi \u0161kodliv\u00e9.<\/span><\/p>\n<ul>\n<li style=\"font-weight: 400;\" aria-level=\"1\"><span style=\"font-weight: 400;\">Pom\u00e1ha obnovi\u0165 prirodzen\u00fd stav poko\u017eky.<\/span><\/li>\n<li style=\"font-weight: 400;\" aria-level=\"1\"><span style=\"font-weight: 400;\">Jeho h\u013abkovo hydrata\u010dn\u00e9 zlo\u017eky pom\u00e1haj\u00fa udr\u017eiava\u0165 m\u00e4kk\u00e9 a hladk\u00e9 labky.<\/span><\/li>\n<li style=\"font-weight: 400;\" aria-level=\"1\"><span style=\"font-weight: 400;\">Vytv\u00e1ra na ko\u017ei tenk\u00fa vodeodoln\u00fa vrstvu, ktor\u00e1 ju chr\u00e1ni pred vonkaj\u0161\u00edmi vplyvmi prostredia.<\/span><\/li>\n<li style=\"font-weight: 400;\" aria-level=\"1\"><span style=\"font-weight: 400;\">Ide o certifikovan\u00fd hypoalerg\u00e9nny v\u00fdrobok, tak\u017ee si m\u00f4\u017eete by\u0165 ist\u00ed, \u017ee nesp\u00f4sob\u00ed \u017eiadne podr\u00e1\u017edenie poko\u017eky v\u00e1\u0161ho zviera\u0165a.<\/span><\/li>\n<li style=\"font-weight: 400;\" aria-level=\"1\"><span style=\"font-weight: 400;\">Obsahuje starostlivo vybran\u00e9 pr\u00edrodn\u00e9 zlo\u017eky, ktor\u00e9 spolo\u010dne p\u00f4sobia tak, aby sa dosiahol spr\u00e1vny \u00fa\u010dinok.<\/span><\/li>\n<\/ul>\n<h2><\/h2>\n<p><img loading=\"lazy\" decoding=\"async\" class=\"alignnone size-medium wp-image-2520\" src=\"https:\/\/whizzopet.hu\/wp-content\/uploads\/2024\/07\/paw-cure-before-after-300x258.jpg\" alt=\"Whizzopet - Paw Cure haszn\u00e1lat el\u0151tt \u00e9s ut\u00e1n\" width=\"300\" height=\"258\" srcset=\"https:\/\/whizzopet.hu\/wp-content\/uploads\/2024\/07\/paw-cure-before-after-300x258.jpg 300w, https:\/\/whizzopet.hu\/wp-content\/uploads\/2024\/07\/paw-cure-before-after-768x662.jpg 768w, https:\/\/whizzopet.hu\/wp-content\/uploads\/2024\/07\/paw-cure-before-after-1000x861.jpg 1000w, https:\/\/whizzopet.hu\/wp-content\/uploads\/2024\/07\/paw-cure-before-after.jpg 1024w\" sizes=\"auto, (max-width: 300px) 100vw, 300px\" \/><\/p>\n<p><b>Pozor! Pes si m\u00f4\u017ee kr\u00e9m ol\u00edza\u0165, preto\u017ee sa mu dostane jazykom na labky, ale to nevad\u00ed, preto\u017ee kr\u00e9m je vyroben\u00fd z pr\u00edrodn\u00fdch zlo\u017eiek a neubl\u00ed\u017ei mu, ale s\u0165a\u017e\u00ed to dosiahnutie po\u017eadovan\u00e9ho \u00fa\u010dinku.<\/b><\/p>\n<p><b>Tip: <\/b><span style=\"font-weight: 400;\">Po nanesen\u00ed balzamu na labky psa nie\u010d\u00edm zabavte. Napr\u00edklad pohladen\u00edm, podrban\u00edm na bruchu.<\/span><\/p>\n<h3><b>Ak\u00e1 je \u00fa\u010dinn\u00e1 l\u00e1tka v pr\u00edpravku?<\/b><\/h3>\n<p><b>BIO mand\u013eov\u00fd olej<\/b><span style=\"font-weight: 400;\"> - Zvl\u00e1\u010d\u0148uj\u00faci, hydrata\u010dn\u00fd, vy\u017eivuj\u00faci, regenera\u010dn\u00fd, mierne protiz\u00e1palov\u00fd. Prispieva k udr\u017eaniu ochrannej vrstvy poko\u017eky. Zjem\u0148uje poko\u017eku a m\u00e1 upokojuj\u00faci \u00fa\u010dinok, ktor\u00fd okrem in\u00e9ho zmier\u0148uje svrbenie.<\/span><\/p>\n<p><b>BIO neemov\u00fd olej<\/b><span style=\"font-weight: 400;\"> - Upokojuje n\u00e1sledky ko\u017en\u00fdch ochoren\u00ed, pom\u00e1ha hoji\u0165 r\u00f4zne poranenia a je vynikaj\u00faci na such\u00fa, popraskan\u00fa poko\u017eku. Je zn\u00e1my svojimi protiples\u0148ov\u00fdmi, antibakteri\u00e1lnymi a antiparazit\u00e1rnymi \u00fa\u010dinkami, rovnako ako regenera\u010dn\u00fdmi a protiz\u00e1palov\u00fdmi vlastnos\u0165ami.<\/span><\/p>\n<p><b>BIO v\u010del\u00ed vosk<\/b><span style=\"font-weight: 400;\"> - Tento m\u00e4kk\u00fd materi\u00e1l z na\u0161ej vlastnej v\u010delnice dod\u00e1va text\u00faru \u0161etrn\u00fa k poko\u017eke. M\u00e1 vynikaj\u00face zvl\u00e1\u010d\u0148uj\u00face a upokojuj\u00face vlastnosti, je siln\u00fdm protiz\u00e1palov\u00fdm prostriedkom a m\u00f4\u017ee pom\u00f4c\u0165 \u00fa\u010dinne obmedzi\u0165 vznik infekci\u00ed. Napravuje po\u0161kodenie pod popraskanou ko\u017eou a regeneruje ko\u017en\u00e9 bunky. Odpudzuje vodu, chr\u00e1ni pred podr\u00e1\u017eden\u00edm.<\/span><\/p>\n<h2><\/h2>\n<p><img loading=\"lazy\" decoding=\"async\" class=\"alignnone size-medium wp-image-2522\" src=\"https:\/\/whizzopet.hu\/wp-content\/uploads\/2024\/07\/dog-whizzopet-229x300.png\" alt=\"Kutya egy m\u00e9zes keret m\u00f6g\u00f6tt\" width=\"229\" height=\"300\" srcset=\"https:\/\/whizzopet.hu\/wp-content\/uploads\/2024\/07\/dog-whizzopet-229x300.png 229w, https:\/\/whizzopet.hu\/wp-content\/uploads\/2024\/07\/dog-whizzopet-782x1024.png 782w, https:\/\/whizzopet.hu\/wp-content\/uploads\/2024\/07\/dog-whizzopet-768x1005.png 768w, https:\/\/whizzopet.hu\/wp-content\/uploads\/2024\/07\/dog-whizzopet-1173x1536.png 1173w, https:\/\/whizzopet.hu\/wp-content\/uploads\/2024\/07\/dog-whizzopet-1565x2048.png 1565w, https:\/\/whizzopet.hu\/wp-content\/uploads\/2024\/07\/dog-whizzopet-1000x1309.png 1000w\" sizes=\"auto, (max-width: 229px) 100vw, 229px\" \/><\/p>\n<h3><b>\u010ealej:<\/b><\/h3>\n<p><b>BIO olivov\u00fd olej <\/b><span style=\"font-weight: 400;\">- Zjem\u0148uje poko\u017eku, zabra\u0148uje jej starnutiu, hydratuje, m\u00e1 mierne protiz\u00e1palov\u00e9 \u00fa\u010dinky a je tak jemn\u00fd, \u017ee ho dokonale zn\u00e1\u0161a aj t\u00e1 najcitlivej\u0161ia poko\u017eka.<\/span><\/p>\n<p><b>BIO sezamov\u00fd olej<\/b><span style=\"font-weight: 400;\"> - V\u00fdborne zvl\u00e1\u010d\u0148uje, p\u00f4sob\u00ed antioxida\u010dne, p\u00f4sob\u00ed proti starnutiu, chr\u00e1ni celistvos\u0165 ko\u017en\u00fdch tkan\u00edv, vy\u017eivuje a re\u0161trukturalizuje, pom\u00e1ha udr\u017eiava\u0165 poko\u017eku hydratovan\u00fa.<\/span><\/p>\n<p><b>Mangov\u00e9 maslo<\/b><span style=\"font-weight: 400;\"> - Mangov\u00e9 maslo je pre poko\u017eku skuto\u010dnou lah\u00f4dkou, m\u00e1 jemn\u00fa text\u00faru a z\u00e1kladn\u00e9 prvky na spevnenie, vypnutie a zjemnenie.<\/span><\/p>\n<p><b>BIO kokosov\u00fd olej<\/b><span style=\"font-weight: 400;\"> - Upokojuje poko\u017eku trpiacu za\u010dervenan\u00edm a podr\u00e1\u017eden\u00edm. Pou\u017e\u00edva sa v kombin\u00e1cii s bambuck\u00fdm maslom a je mimoriadne \u00fa\u010dinn\u00fd pri o\u0161etrovan\u00ed popraskanej poko\u017eky.<\/span><\/p>\n<p><b>BIO bambuck\u00e9 maslo<\/b><span style=\"font-weight: 400;\"> - Vy\u017eivuj\u00face, ochrann\u00e9, hydrata\u010dn\u00e9 a hojiv\u00e9, pou\u017e\u00edva sa u\u017e po gener\u00e1cie na udr\u017eanie, zlep\u0161enie a ochranu \u0161trukt\u00fary poko\u017eky pred \u0161kodliv\u00fdmi \u00fa\u010dinkami slnka, vetra a \u010fal\u0161\u00edch vonkaj\u0161\u00edch faktorov. V\u00fdborne hoj\u00ed rany, stimuluje exfoli\u00e1ciu, vy\u017eivuje ko\u017en\u00e9 tkaniv\u00e1, upokojuje podr\u00e1\u017edenie a chr\u00e1ni chemicky nam\u00e1han\u00fa poko\u017eku.<\/span><\/p>\n<p><b>BIO kakaov\u00e9 maslo<\/b><span style=\"font-weight: 400;\"> - Jedna z najstabilnej\u0161\u00edch, najkoncentrovanej\u0161\u00edch pr\u00edrodn\u00fdch rastlinn\u00fdch mastn\u00fdch kysel\u00edn, poskytuje pr\u00edpravku Paw Cure Paw Cure vynikaj\u00face v\u00fd\u017eivn\u00e9 a zvl\u00e1\u010d\u0148uj\u00face vlastnosti. Pom\u00e1ha zvonka po\u0161kodenej ko\u017ei k r\u00fdchlej\u0161ej regener\u00e1cii a obnove drsnej, popraskanej ko\u017ee.<\/span><\/p>\n<p><b>Obsah vitam\u00ednu E<\/b><span style=\"font-weight: 400;\"> - T\u00fato z\u00e1kladn\u00fa zlo\u017eku nie je potrebn\u00e9 predstavova\u0165. Je zn\u00e1me, \u017ee vitam\u00edn E je pre zdravie poko\u017eky nevyhnutn\u00fd. Je siln\u00fdm antioxidantom, p\u00f4sob\u00ed proti starnutiu a je elastick\u00fd. M\u00e1 protistarn\u00face a protiz\u00e1palov\u00e9 vlastnosti. Pom\u00e1ha udr\u017eiava\u0165 ochrann\u00fa bari\u00e9ru poko\u017eky a m\u00e1 regenera\u010dn\u00e9 vlastnosti.<\/span><\/p>\n<p><b>Ako ar\u00f3mu pou\u017e\u00edvame med a mlieko.<\/b><span style=\"font-weight: 400;\">.<\/span><\/p>\n<p>&nbsp;<\/p>\n<p><img loading=\"lazy\" decoding=\"async\" class=\"alignnone size-medium wp-image-2523\" src=\"https:\/\/whizzopet.hu\/wp-content\/uploads\/2024\/07\/dog-with-herbs-300x300.jpg\" alt=\"Kisebb kutya el\u0151ter\u00e9ben term\u00e9szetes \u00f6sszetev\u0151kkel.\" width=\"300\" height=\"300\" srcset=\"https:\/\/whizzopet.hu\/wp-content\/uploads\/2024\/07\/dog-with-herbs-300x300.jpg 300w, https:\/\/whizzopet.hu\/wp-content\/uploads\/2024\/07\/dog-with-herbs-150x150.jpg 150w, https:\/\/whizzopet.hu\/wp-content\/uploads\/2024\/07\/dog-with-herbs-100x100.jpg 100w, https:\/\/whizzopet.hu\/wp-content\/uploads\/2024\/07\/dog-with-herbs.jpg 600w\" sizes=\"auto, (max-width: 300px) 100vw, 300px\" \/><\/p>\n<h3><b>Ako kr\u00e9m pou\u017e\u00edva\u0165?<\/b><\/h3>\n<p><span style=\"font-weight: 400;\">Najprv labky d\u00f4kladne o\u010distite vla\u017enou vodou, potom na o\u010disten\u00fa labku rovnomerne naneste balzam a vmas\u00edrujte ho do ko\u017ee labky.<\/span><\/p>\n<p><span style=\"font-weight: 400;\">Na prevent\u00edvne \u00fa\u010dely sa odpor\u00fa\u010da ka\u017edodenn\u00e9 pou\u017e\u00edvanie.<\/span><\/p>\n<p><span style=\"font-weight: 400;\">Je tie\u017e vynikaj\u00faca pre zvlh\u010denie u\u017e such\u00fdch a popraskan\u00fdch alebo bo\u013eav\u00fdch chodidiel a pre \u00fa\u010dinn\u00fa podporu procesu hojenia. V tomto pr\u00edpade odpor\u00fa\u010dame nieko\u013eko aplik\u00e1ci\u00ed (3-4kr\u00e1t denne).<\/span><\/p>\n<h2><\/h2>\n<p><img loading=\"lazy\" decoding=\"async\" class=\"alignnone wp-image-2521 size-medium\" src=\"https:\/\/whizzopet.hu\/wp-content\/uploads\/2024\/07\/dog-massage-300x300.jpg\" alt=\"Stiliz\u00e1lt k\u00e9pen kutya massz\u00edroz egy m\u00e1sik kuty\u00e1t\" width=\"300\" height=\"300\" srcset=\"https:\/\/whizzopet.hu\/wp-content\/uploads\/2024\/07\/dog-massage-300x300.jpg 300w, https:\/\/whizzopet.hu\/wp-content\/uploads\/2024\/07\/dog-massage-150x150.jpg 150w, https:\/\/whizzopet.hu\/wp-content\/uploads\/2024\/07\/dog-massage-100x100.jpg 100w, https:\/\/whizzopet.hu\/wp-content\/uploads\/2024\/07\/dog-massage.jpg 600w\" sizes=\"auto, (max-width: 300px) 100vw, 300px\" \/><\/p>\n<h3>M\u00e1te ot\u00e1zku k niektor\u00e9mu z na\u0161ich produktov?<\/h3>\n<p><b>Najprv sa pozrite na\u00a0<a href=\"https:\/\/whizzopet.hu\/sk\/casto-kladene-otazky\/?wmc-currency=EUR\">\u010dasto kladen\u00e9 ot\u00e1zky<\/a>, ktor\u00e9 u\u017e polo\u017eili in\u00ed\u2026<\/b><\/p>\n<p>Ak nen\u00e1jdete odpove\u010f na svoju ot\u00e1zku, nap\u00ed\u0161te n\u00e1m na <a href=\"https:\/\/whizzopet.hu\/sk\/kontakt\/?wmc-currency=EUR\">kontaktn\u00fa str\u00e1nku<\/a>. Radi v\u00e1m odpovieme!<\/p>\n<p>Pokia\u013e pozn\u00e1te odpove\u010f, vyberte si z na\u0161ej ponuky produktov, aby si v\u00e1\u0161 pes mohol \u010do najsk\u00f4r u\u017e\u00edva\u0165 v\u00fdhody <a href=\"https:\/\/whizzopet.hu\/sk\/produkty\/?wmc-currency=EUR\">radu Whizzopet &gt; Kliknite tu pre prezeranie!<\/a><\/p>","protected":false},"excerpt":{"rendered":"<p style=\"text-align: left;\">Term\u00e9szetes kutya mancs \u00e1pol\u00f3 sz\u00e1raz, repedezett tappancsokra. A Paw Cure k\u00edm\u00e9letesen v\u00e9di, nyugtatja \u00e9s \u00e1polja a kuty\u00e1d mancs\u00e1t eg\u00e9sz \u00e9vben.<\/p>\n<p>&nbsp;<\/p>","protected":false},"featured_media":2382,"comment_status":"open","ping_status":"closed","template":"","meta":{"inline_featured_image":false},"product_brand":[],"product_cat":[49,30],"product_tag":[51],"class_list":{"0":"post-1526","1":"product","2":"type-product","3":"status-publish","4":"has-post-thumbnail","6":"product_cat-kutya-mancs-apolo","7":"product_cat-apolasi-termekek","8":"product_tag-kiemelt","9":"infinite-scroll-item","10":"sales-flash-overlay","11":"woocommerce-text-align-center","12":"woocommerce-image-align-center","13":"do-quantity-buttons","15":"first","16":"instock","17":"taxable","18":"shipping-taxable","19":"purchasable","20":"product-type-variable"},"_links":{"self":[{"href":"https:\/\/whizzopet.hu\/sk\/wp-json\/wp\/v2\/product\/1526","targetHints":{"allow":["GET"]}}],"collection":[{"href":"https:\/\/whizzopet.hu\/sk\/wp-json\/wp\/v2\/product"}],"about":[{"href":"https:\/\/whizzopet.hu\/sk\/wp-json\/wp\/v2\/types\/product"}],"replies":[{"embeddable":true,"href":"https:\/\/whizzopet.hu\/sk\/wp-json\/wp\/v2\/comments?post=1526"}],"wp:featuredmedia":[{"embeddable":true,"href":"https:\/\/whizzopet.hu\/sk\/wp-json\/wp\/v2\/media\/2382"}],"wp:attachment":[{"href":"https:\/\/whizzopet.hu\/sk\/wp-json\/wp\/v2\/media?parent=1526"}],"wp:term":[{"taxonomy":"product_brand","embeddable":true,"href":"https:\/\/whizzopet.hu\/sk\/wp-json\/wp\/v2\/product_brand?post=1526"},{"taxonomy":"product_cat","embeddable":true,"href":"https:\/\/whizzopet.hu\/sk\/wp-json\/wp\/v2\/product_cat?post=1526"},{"taxonomy":"product_tag","embeddable":true,"href":"https:\/\/whizzopet.hu\/sk\/wp-json\/wp\/v2\/product_tag?post=1526"}],"curies":[{"name":"wp","href":"https:\/\/api.w.org\/{rel}","templated":true}]}}