{"id":14323,"date":"2025-11-05T20:39:10","date_gmt":"2025-11-05T19:39:10","guid":{"rendered":"https:\/\/whizzopet.hu\/?post_type=product&#038;p=14323"},"modified":"2026-02-04T22:03:30","modified_gmt":"2026-02-04T21:03:30","slug":"liofilizalt-strucc-maj","status":"publish","type":"product","link":"https:\/\/whizzopet.hu\/sk\/termek\/liofilizalt-strucc-maj\/","title":{"rendered":"Liofiliz\u00e1lt strucc m\u00e1j jutalomfalat kuty\u00e1nak"},"content":{"rendered":"<h2>Mi\u00e9rt j\u00f3 a liofiliz\u00e1lt strucc m\u00e1j kuty\u00e1dnak?<\/h2>\n<p>Ez a hipoallerg\u00e9n jutalomfalat kuty\u00e1nak egyetlen \u00f6sszetev\u0151t tartalmaz, semmi m\u00e1st. Nem adunk hozz\u00e1 tart\u00f3s\u00edt\u00f3szert, mesters\u00e9ges \u00edzes\u00edt\u0151t vagy sz\u00ednez\u00e9ket. Csak val\u00f3di, t\u00e1panyagban gazdag strucc m\u00e1j, amelyet a legk\u00edm\u00e9letesebb elj\u00e1r\u00e1ssal sz\u00e1r\u00edtunk: liofiliz\u00e1l\u00e1ssal. Ez a folyamat meg\u0151rzi a strucc m\u00e1j eredeti \u00edz\u00e9t, illat\u00e1t, szerkezet\u00e9t \u00e9s t\u00e1p\u00e9rt\u00e9k\u00e9t, \u00edgy kuty\u00e1d minden falattal val\u00f3di, term\u00e9szetes feh\u00e9rj\u00e9hez jut.<\/p>\n<p>A strucc m\u00e1j k\u00fcl\u00f6nleges \u00e1llati eredet\u0171 feh\u00e9rjeforr\u00e1s, amely kiemelked\u0151en magas vas- \u00e9s B-vitamin-tartalommal b\u00edr. A vas t\u00e1mogatja a v\u00e9rk\u00e9pz\u00e9st \u00e9s az oxig\u00e9nsz\u00e1ll\u00edt\u00e1st, m\u00edg a B-vitaminok seg\u00edtik az anyagcser\u00e9t, idegrendszeri m\u0171k\u00f6d\u00e9st \u00e9s sejtszint\u0171 regener\u00e1ci\u00f3t. A m\u00e1j ezen k\u00edv\u00fcl term\u00e9szetes A-vitamin-forr\u00e1s, ami fontos szerepet j\u00e1tszik a l\u00e1t\u00e1s, az immunrendszer \u00e9s a b\u0151r eg\u00e9szs\u00e9g\u00e9nek meg\u0151rz\u00e9s\u00e9ben.<\/p>\n<p>A liofiliz\u00e1l\u00e1s sor\u00e1n a vizet fagyaszt\u00e1ssal, majd v\u00e1kuumban t\u00f6rt\u00e9n\u0151 elp\u00e1rologtat\u00e1ssal t\u00e1vol\u00edtjuk el, \u00edgy a feh\u00e9rje, az enzim \u00e9s a mikrot\u00e1panyag \u00e9rintetlen marad. Ez\u00e9rt a liofiliz\u00e1lt strucc m\u00e1j jutalomfalat t\u00e1p\u00e9rt\u00e9kben k\u00f6zel azonos a friss h\u00fassal, m\u00e9gis biztons\u00e1gosan t\u00e1rolhat\u00f3.<\/p>\n<h2>Hipoallerg\u00e9n jutalomfalat \u00e9rz\u00e9keny kuty\u00e1knak<\/h2>\n<p>A strucc egzotikus \u00e9s ritk\u00e1n allergiz\u00e1l\u00f3 feh\u00e9rje, ez\u00e9rt ez a jutalomfalat allergi\u00e1s, \u00e9telintoleranci\u00e1s vagy \u00e9rz\u00e9keny gyomr\u00fa kuty\u00e1knak is adhat\u00f3. Mivel kiz\u00e1r\u00f3lag egyetlen \u00e1llati feh\u00e9rj\u00e9t tartalmaz, ide\u00e1lis v\u00e1laszt\u00e1s elimin\u00e1ci\u00f3s di\u00e9t\u00e1hoz vagy feh\u00e9rjev\u00e1lt\u00e1shoz is.<\/p>\n<p>A liofiliz\u00e1lt technol\u00f3gia r\u00e9v\u00e9n a term\u00e9k nem ig\u00e9nyel semmilyen adal\u00e9kanyagot vagy stabiliz\u00e1tort, \u00edgy val\u00f3ban hipoallerg\u00e9n jutalomfalat.<\/p>\n<p>A Whizzopet filoz\u00f3fi\u00e1ja egyszer\u0171: csak tiszta alapanyag, szakmai h\u00e1tt\u00e9rrel. Ez a strucc m\u00e1j jutalomfalat pontosan ezt k\u00e9pviseli \u2013 tisztas\u00e1g, biztons\u00e1g \u00e9s magas t\u00e1p\u00e9rt\u00e9k egyben.<\/p>\n<h2>Magas feh\u00e9rjetartalm\u00fa, energiad\u00fas snack minden kuty\u00e1nak<\/h2>\n<p>A liofiliz\u00e1lt strucc m\u00e1j k\u00f6r\u00fclbel\u00fcl 70\u201375% nyersfeh\u00e9rj\u00e9t tartalmaz, mik\u00f6zben zs\u00edrtartalma alacsony. Ez ide\u00e1liss\u00e1 teszi a legt\u00f6bb kutya sz\u00e1m\u00e1ra, akiknek fontos a min\u0151s\u00e9gi, j\u00f3l em\u00e9szthet\u0151 feh\u00e9rje. A feh\u00e9rje t\u00e1mogatja az izomfejl\u0151d\u00e9st, regener\u00e1ci\u00f3t \u00e9s a sejtek meg\u00fajul\u00e1s\u00e1t, m\u00edg az alacsony zs\u00edrterhel\u00e9s miatt nem hizlal. K\u00fcl\u00f6n\u00f6sen hasznos akt\u00edv, sportol\u00f3 vagy n\u00f6v\u00e9sben l\u00e9v\u0151 kuty\u00e1kn\u00e1l, de id\u0151sebb kuty\u00e1k \u00e9trendj\u00e9be is biztons\u00e1gosan beilleszthet\u0151. Nemcsak t\u00e1pl\u00e1l\u00f3, hanem kifejezetten motiv\u00e1l\u00f3 is. A m\u00e1j intenz\u00edv illata \u00e9s \u00edze \u00f6szt\u00f6nz\u0151en hat, ez\u00e9rt a Whizzopet strucc m\u00e1j t\u00f6k\u00e9letes tr\u00e9ning jutalomfalat is \u2013 kis darabokra t\u00f6rve ide\u00e1lis jutalmaz\u00e1shoz.<\/p>\n<h2>M\u00e9rt\u00e9kkel adhat\u00f3, mert A-vitaminban gazdag<\/h2>\n<p>A strucc m\u00e1j t\u00e1panyagban rendk\u00edv\u00fcl gazdag, de \u00e9ppen ez\u00e9rt m\u00e9rt\u00e9kkel kell adni. Mint minden m\u00e1j, ez is nagy mennyis\u00e9g\u0171 A-vitamint tartalmaz, ami kis adagban j\u00f3t\u00e9kony, er\u0151s\u00edti az immunrendszert, t\u00e1mogatja a l\u00e1t\u00e1st \u00e9s a b\u0151r regener\u00e1ci\u00f3j\u00e1t, de t\u00fal sok bel\u0151le megterhelheti a szervezetet. Ez\u00e9rt a liofiliz\u00e1lt strucc m\u00e1j jutalomfalat nem napi csemege, hanem alkalmi, t\u00e1pl\u00e1l\u00f3 jutalom. Heti n\u00e9h\u00e1nyszor, p\u00e1r darab el\u00e9g ahhoz, hogy a kutya hasznos\u00edtsa a benne l\u00e9v\u0151 \u00e9rt\u00e9kes vitaminokat \u00e9s vasat.<\/p>\n<p>Etet\u00e9si aj\u00e1nl\u00e1s:<\/p>\n<p>\u2013 kis test\u0171 kuty\u00e1nak 1\u20132 darab<\/p>\n<p>\u2013 k\u00f6zepes test\u0171nek 2\u20133<\/p>\n<p>\u2013 nagytest\u0171nek 3\u20134 darab alkalmank\u00e9nt b\u0151ven elegend\u0151.<\/p>\n<p>\u00c9rdekess\u00e9g: A strucc m\u00e1j k\u00fcl\u00f6nlegess\u00e9ge, hogy kevesebb zs\u00edrt tartalmaz, mint a csirke- vagy marham\u00e1j, m\u00e9gis sokkal t\u00f6bb vas \u00e9s B-vitamin van benne. Ez\u00e9rt ide\u00e1lis sportol\u00f3 vagy akt\u00edv kuty\u00e1knak, akikn\u00e9l fontos az oxig\u00e9nsz\u00e1ll\u00edt\u00e1s \u00e9s az izomregener\u00e1ci\u00f3. Ezt az el\u0151nyt a liofiliz\u00e1l\u00e1s technol\u00f3gia \u0151rzi meg, \u00edgy a falatokban az A-, B- \u00e9s vas-tartalom szinte teljes m\u00e9rt\u00e9kben megmarad.<\/p>\n<h2>Sokoldal\u00fa felhaszn\u00e1l\u00e1s \u2013 t\u00f6k\u00e9letes v\u00e1logat\u00f3s kuty\u00e1nak is<\/h2>\n<p>A liofiliz\u00e1lt strucc m\u00e1j por\u00f3zus szerkezete miatt rendk\u00edv\u00fcl sokoldal\u00faan haszn\u00e1lhat\u00f3. Nemcsak jutalomfalatk\u00e9nt, hanem \u00e9tv\u00e1gyfokoz\u00f3k\u00e9nt is bevetheted. Ha kuty\u00e1d v\u00e1logat\u00f3s vagy n\u00e9ha nem akarja megenni az eledel\u00e9t, el\u00e9g, ha egy kev\u00e9s m\u00e1jport r\u00e1por\u00edtasz a t\u00e1pra vagy a nyers eledelre. Az intenz\u00edv illat azonnal felkelti az \u00e9rdekl\u0151d\u00e9s\u00e9t, \u00edgy a kor\u00e1bban visszautas\u00edtott \u00e9tel is vonz\u00f3v\u00e1 v\u00e1lik.<\/p>\n<p>Ez a megold\u00e1s k\u00fcl\u00f6n\u00f6sen hasznos:<\/p>\n<ul>\n<li>\u00e9tv\u00e1gytalan vagy beteg kuty\u00e1kn\u00e1l,<\/li>\n<li>\u00faj t\u00e1p bevezet\u00e9sekor,<\/li>\n<li>\u00e9s id\u0151s, \u00e9rz\u00e9keny szagl\u00e1s\u00fa kedvencekn\u00e9l.<\/li>\n<\/ul>\n<p>Fontos: a m\u00e1j- b\u00e1rmilyen \u00e1llatb\u00f3l sz\u00e1rmazik- A-vitaminban rendk\u00edv\u00fcl gazdag, ez\u00e9rt nem aj\u00e1nlott napi rendszeress\u00e9ggel adni. Nem javasolt m\u00e1jbeteg, vesebeteg vagy em\u00e9szt\u00e9si zavarokra hajlamos kuty\u00e1knak, mert megterhelheti a szervezet\u00fcket. K\u00f6ly\u00f6kkuty\u00e1knak 6 h\u00f3napos kort\u00f3l adhat\u00f3. Id\u0151s, gyenge anyagcser\u00e9j\u0171 kedvencekn\u00e9l csak kis mennyis\u00e9gben, ritk\u00e1n adhat\u00f3. Eg\u00e9szs\u00e9ges, feln\u0151tt kuty\u00e1knak azonban biztons\u00e1gosan adhat\u00f3 jutalomk\u00e9nt vagy \u00e9tv\u00e1gyfokoz\u00f3k\u00e9nt, m\u00e9rt\u00e9kkel adagolva.<\/p>\n<h2>Eg\u00e9szs\u00e9ges jutalomfalat kuty\u00e1nak \u2013 b\u00e1rmilyen \u00e9trendhez<\/h2>\n<p>Ak\u00e1r t\u00e1pos, ak\u00e1r nyersetetett a kuty\u00e1d, ez a jutalomfalat mindkett\u0151h\u00f6z j\u00f3l illeszkedik. T\u00e1pos \u00e9trendn\u00e9l \u00e9l\u0151 feh\u00e9rj\u00e9ket \u00e9s mikrot\u00e1panyagokat p\u00f3tol, nyersetet\u00e9sn\u00e9l pedig kieg\u00e9sz\u00edti a feh\u00e9rje-rot\u00e1ci\u00f3t egzotikus, alacsony allergiakock\u00e1zat\u00fa alapanyaggal.<\/p>\n<p>A Whizzopet liofiliz\u00e1lt strucc m\u00e1j minden kuty\u00e1nak adhat\u00f3, \u00e9s biztons\u00e1gos m\u00e9g \u00e9rz\u00e9keny, allergi\u00e1s vagy b\u00e9lrendszeri probl\u00e9m\u00e1ra hajlamos kedvencek sz\u00e1m\u00e1ra is. A liofiliz\u00e1lt m\u00e1j j\u00f3l em\u00e9szthet\u0151, nem puffaszt, \u00e9s nem terheli meg a gyomrot. A term\u00e9szetes illata \u00e9s \u00edze miatt a v\u00e1logat\u00f3s kuty\u00e1k is sz\u00edvesen elfogadj\u00e1k.<\/p>\n<p>Ha kuty\u00e1d szereti a k\u00fcl\u00f6nleges, eg\u00e9szs\u00e9ges jutalomfalatokat, pr\u00f3b\u00e1ld ki a <a href=\"https:\/\/whizzopet.hu\/sk\/produkt\/hipoallergen-jutalomfalat-kutyaknak\/?wmc-currency=EUR\">liofiliz\u00e1lt strucc z\u00faz\u00e1t<\/a> is.<\/p>","protected":false},"excerpt":{"rendered":"<p>100% strucc m\u00e1jb\u00f3l k\u00e9sz\u00fclt hipoallerg\u00e9n jutalomfalat kuty\u00e1knak. Egzotikus, t\u00e1panyagd\u00fas, vasban \u00e9s B- vitaminokban gazdag feh\u00e9rjeforr\u00e1s.<\/p>\n<p>Kiszerel\u00e9s: 30g | 60g<\/p>","protected":false},"featured_media":14326,"comment_status":"open","ping_status":"closed","template":"","meta":{"inline_featured_image":false},"product_brand":[],"product_cat":[42,37,79],"product_tag":[],"class_list":{"0":"post-14323","1":"product","2":"type-product","3":"status-publish","4":"has-post-thumbnail","6":"product_cat-hipoallergen-jutalomfalat","7":"product_cat-jutalomfalatok","8":"product_cat-strucc-jutalomfalat-kutyanak","9":"infinite-scroll-item","10":"sales-flash-overlay","11":"woocommerce-text-align-center","12":"woocommerce-image-align-center","13":"do-quantity-buttons","15":"first","16":"instock","17":"taxable","18":"shipping-taxable","19":"purchasable","20":"product-type-variable"},"_links":{"self":[{"href":"https:\/\/whizzopet.hu\/sk\/wp-json\/wp\/v2\/product\/14323","targetHints":{"allow":["GET"]}}],"collection":[{"href":"https:\/\/whizzopet.hu\/sk\/wp-json\/wp\/v2\/product"}],"about":[{"href":"https:\/\/whizzopet.hu\/sk\/wp-json\/wp\/v2\/types\/product"}],"replies":[{"embeddable":true,"href":"https:\/\/whizzopet.hu\/sk\/wp-json\/wp\/v2\/comments?post=14323"}],"wp:featuredmedia":[{"embeddable":true,"href":"https:\/\/whizzopet.hu\/sk\/wp-json\/wp\/v2\/media\/14326"}],"wp:attachment":[{"href":"https:\/\/whizzopet.hu\/sk\/wp-json\/wp\/v2\/media?parent=14323"}],"wp:term":[{"taxonomy":"product_brand","embeddable":true,"href":"https:\/\/whizzopet.hu\/sk\/wp-json\/wp\/v2\/product_brand?post=14323"},{"taxonomy":"product_cat","embeddable":true,"href":"https:\/\/whizzopet.hu\/sk\/wp-json\/wp\/v2\/product_cat?post=14323"},{"taxonomy":"product_tag","embeddable":true,"href":"https:\/\/whizzopet.hu\/sk\/wp-json\/wp\/v2\/product_tag?post=14323"}],"curies":[{"name":"wp","href":"https:\/\/api.w.org\/{rel}","templated":true}]}}