{"id":14316,"date":"2025-11-05T17:43:28","date_gmt":"2025-11-05T16:43:28","guid":{"rendered":"https:\/\/whizzopet.hu\/?post_type=product&#038;p=14316"},"modified":"2026-05-02T12:25:09","modified_gmt":"2026-05-02T10:25:09","slug":"szaritott-strucc-mix-jutalomfalat-kutyanak","status":"publish","type":"product","link":"https:\/\/whizzopet.hu\/sk\/termek\/szaritott-strucc-mix-jutalomfalat-kutyanak\/","title":{"rendered":"Sz\u00e1r\u00edtott strucc mix jutalomfalat kuty\u00e1nak"},"content":{"rendered":"<p>A Whizzopet sz\u00e1r\u00edtott strucc mix jutalomfalat kuty\u00e1nak 100% term\u00e9szetes, pr\u00e9mium min\u0151s\u00e9g\u0171 v\u00e1logat\u00e1s, amely hatf\u00e9le sz\u00e1r\u00edtott struccr\u00e9szb\u0151l \u00e1ll: strucc \u00edn, strucc nyak, strucc sz\u00edv, strucc t\u00fcd\u0151, strucc gyomor \u00e9s strucc nyel\u0151cs\u0151.<\/p>\n<p>Mindegyik elem gondosan, k\u00edm\u00e9letesen sz\u00e1r\u00edtva k\u00e9sz\u00fcl, hogy meg\u0151rizze a h\u00fas eredeti t\u00e1panyagait, \u00edz\u00e9t \u00e9s illat\u00e1t. A strucc feh\u00e9rje egzotikus \u00e9s hipoallerg\u00e9n, \u00edgy ide\u00e1lis v\u00e1laszt\u00e1s az \u00e9telallergi\u00e1ra, \u00e9rz\u00e9keny em\u00e9szt\u00e9sre vagy intoleranci\u00e1ra hajlamos kuty\u00e1k sz\u00e1m\u00e1ra. Kiv\u00e1l\u00f3an illeszkedik a term\u00e9szetes, hipoallerg\u00e9n \u00e9trendbe \u2013 ak\u00e1r t\u00e1pos, ak\u00e1r nyersetetett kuty\u00e1r\u00f3l van sz\u00f3.<\/p>\n<h2>Egzotikus, m\u00e9gis k\u00edm\u00e9l\u0151 feh\u00e9rjeforr\u00e1s kuty\u00e1knak<\/h2>\n<p>A strucc mix rendk\u00edv\u00fcl magas feh\u00e9rjetartalm\u00fa (73,3%), mik\u00f6zben alacsony zs\u00edrtartalm\u00fa \u00e9s k\u00f6nnyen em\u00e9szthet\u0151. A benne tal\u00e1lhat\u00f3 aminosavak hozz\u00e1j\u00e1rulnak az izom\u00e9p\u00edt\u00e9shez, regener\u00e1ci\u00f3hoz \u00e9s a sejtek eg\u00e9szs\u00e9ges m\u0171k\u00f6d\u00e9s\u00e9hez. A strucc h\u00fasa gazdag vasban, cinkben \u00e9s B-vitaminokban, amelyek t\u00e1mogatj\u00e1k a kutya v\u00e9rk\u00e9pz\u00e9s\u00e9t \u00e9s immunrendszer\u00e9t. A sz\u00e1r\u00edt\u00e1si elj\u00e1r\u00e1s sor\u00e1n a v\u00edz t\u00e1vozik, a t\u00e1panyag viszont megmarad, \u00edgy a sz\u00e1r\u00edtott strucc mix jutalomfalat kuty\u00e1nak koncentr\u00e1lt t\u00e1p\u00e9rt\u00e9k\u0171, term\u00e9szetes feh\u00e9rjeforr\u00e1s.<\/p>\n<h2>Strucc \u00edn \u2013 term\u00e9szetes \u00edz\u00fclett\u00e1mogat\u00e1s kuty\u00e1nak<\/h2>\n<p>A sz\u00e1r\u00edtott strucc \u00edn kem\u00e9ny r\u00e1g\u00f3ka, amely term\u00e9szetes kollag\u00e9nt tartalmaz. A kollag\u00e9n hozz\u00e1j\u00e1rul az \u00edz\u00fcletek, porcok \u00e9s inak rugalmass\u00e1g\u00e1hoz, \u00e9s seg\u00edt fenntartani a mozg\u00e1s szabads\u00e1g\u00e1t.<\/p>\n<p>R\u00e1g\u00e1s k\u00f6zben az \u00edn mechanikusan tiszt\u00edtja a fogakat, seg\u00edt a fogk\u0151 megel\u0151z\u00e9s\u00e9ben, \u00e9s hosszan lek\u00f6ti a kuty\u00e1t. Ez a jutalomfalat t\u00f6k\u00e9letes r\u00e1g\u00e1sra \u00f6szt\u00f6nz\u0151, k\u00fcl\u00f6n\u00f6sen k\u00f6zepes \u00e9s nagytest\u0171 fajt\u00e1k sz\u00e1m\u00e1ra.<\/p>\n<h2>Strucc nyak \u2013 csontos, fogtiszt\u00edt\u00f3 jutalomfalat kuty\u00e1nak<\/h2>\n<p>A strucc nyak term\u00e9szetes csontos snack, amely mechanikusan tiszt\u00edtja a fogakat \u00e9s er\u0151s\u00edti az \u00e1llkapcsot. A r\u00e1g\u00e1s sor\u00e1n a kem\u00e9ny text\u00fara led\u00f6rzs\u00f6li a leped\u00e9ket, serkenti a ny\u00e1ltermel\u00e9st \u00e9s hozz\u00e1j\u00e1rul a sz\u00e1j\u00fcreg eg\u00e9szs\u00e9g\u00e9hez.<\/p>\n<p>Kiv\u00e1l\u00f3 v\u00e1laszt\u00e1s fog\u00e1pol\u00f3 jutalomfalatk\u00e9nt, term\u00e9szetes alternat\u00edv\u00e1t ny\u00fajtva a mesters\u00e9ges r\u00e1g\u00f3csontokkal szemben.<\/p>\n<h2>Strucc sz\u00edv \u2013 energiad\u00fas, izomeredet\u0171 feh\u00e9rje<\/h2>\n<p>A strucc sz\u00edv tiszta izomh\u00fas, amely magas biol\u00f3giai \u00e9rt\u00e9k\u0171 feh\u00e9rj\u00e9t \u00e9s term\u00e9szetes taurint tartalmaz. A taurin t\u00e1mogatja a sz\u00edv \u00e9s az idegrendszer m\u0171k\u00f6d\u00e9s\u00e9t, a feh\u00e9rje pedig hozz\u00e1j\u00e1rul a regener\u00e1ci\u00f3hoz \u00e9s izomer\u0151s\u00edt\u00e9shez. A sz\u00edv j\u00f3l em\u00e9szthet\u0151, ez\u00e9rt ide\u00e1lis jutalomfalat \u00e9rz\u00e9keny kuty\u00e1knak \u00e9s id\u0151sebb kuty\u00e1knak is.<\/p>\n<h2>Strucc t\u00fcd\u0151 \u2013 k\u00f6nny\u0171, roppan\u00f3s snack \u00e9rz\u00e9keny kuty\u00e1knak<\/h2>\n<p>A strucc t\u00fcd\u0151 l\u00e9gies, ropog\u00f3s text\u00far\u00e1j\u00fa, alacsony zs\u00edrtartalm\u00fa jutalomfalat. T\u00f6k\u00e9letes tr\u00e9ninghez vagy napk\u00f6zbeni jutalmaz\u00e1shoz. K\u00f6nnyen em\u00e9szthet\u0151, nem terheli a gyomrot, m\u00e9gis feh\u00e9rj\u00e9ben \u00e9s vasban gazdag.<\/p>\n<h2>Strucc gyomor \u2013 em\u00e9szt\u00e9st t\u00e1mogat\u00f3 jutalomfalat<\/h2>\n<p>A strucc gyomor term\u00e9szetes m\u00f3don tartalmaz enzimeket \u00e9s em\u00e9szt\u00e9st seg\u00edt\u0151 mikroelemeket, amelyek t\u00e1mogatj\u00e1k a b\u00e9lfl\u00f3ra egyens\u00faly\u00e1t. Kutyadietetikai szempontb\u00f3l ez egy funkcion\u00e1lis jutalomfalat kuty\u00e1nak, mert el\u0151seg\u00edti a t\u00e1panyagok jobb hasznosul\u00e1s\u00e1t.<\/p>\n<h2>Strucc nyel\u0151cs\u0151 \u2013 r\u00e1g\u00e1sra \u00f6szt\u00f6nz\u0151, magas kollag\u00e9ntartalm\u00fa snack<\/h2>\n<p>A strucc nyel\u0151cs\u0151 rostos, r\u00e1g\u00f3s szerkezet\u0171, kollag\u00e9nben gazdag jutalomfalat. Seg\u00edti a b\u0151r, a sz\u0151rzet \u00e9s az \u00edz\u00fcletek eg\u00e9szs\u00e9g\u00e9t, mik\u00f6zben term\u00e9szetes m\u00f3don tiszt\u00edtja a fogakat. Hosszabb r\u00e1g\u00e1si id\u0151t biztos\u00edt, ez\u00e9rt t\u00f6k\u00e9letes lef\u00e1raszt\u00e1sra \u00e9s ment\u00e1lis stimul\u00e1ci\u00f3ra is.<\/p>\n<h2>Mi\u00e9rt v\u00e1laszd a Whizzopet sz\u00e1r\u00edtott strucc mixet kuty\u00e1dnak?<\/h2>\n<ul>\n<li>100% term\u00e9szetes, adal\u00e9kmentes jutalomfalat kuty\u00e1nak<\/li>\n<li>Egzotikus, hipoallerg\u00e9n feh\u00e9rjeforr\u00e1s \u2013 allergi\u00e1s kuty\u00e1knak is biztons\u00e1gos<\/li>\n<li>Magas feh\u00e9rje- \u00e9s alacsony zs\u00edrtartalom<\/li>\n<li>K\u00fcl\u00f6nb\u00f6z\u0151 text\u00far\u00e1k: roppan\u00f3s, r\u00e1g\u00f3s \u00e9s csontos elemek<\/li>\n<li>Term\u00e9szetes fogtiszt\u00edt\u00f3 \u00e9s em\u00e9szt\u00e9st t\u00e1mogat\u00f3 hat\u00e1s<\/li>\n<li>Saj\u00e1t gy\u00e1rt\u00e1s, magyar k\u00e9zm\u0171ves min\u0151s\u00e9g<\/li>\n<\/ul>\n<h2>Whizzopet \u2013 term\u00e9szetes jutalomfalatok tudatos gazdiknak<\/h2>\n<p>A Whizzopet sz\u00e1r\u00edtott jutalomfalatai saj\u00e1t \u00fczemben, szigor\u00faan ellen\u0151rz\u00f6tt k\u00f6r\u00fclm\u00e9nyek k\u00f6z\u00f6tt k\u00e9sz\u00fclnek. Minden jutalomfalat adal\u00e9kmentes \u00e9s term\u00e9szetes.<\/p>\n<p>A sz\u00e1r\u00edtott strucc mix v\u00e1ltozatoss\u00e1ga miatt ide\u00e1lis v\u00e1laszt\u00e1s, ha szeretn\u00e9d kuty\u00e1dat egzotikus, m\u00e9gis k\u00edm\u00e9letes feh\u00e9rj\u00e9kkel jutalmazni. Ha a kuty\u00e1d szereti az intenz\u00edv \u00edzeket, pr\u00f3b\u00e1ld ki a <a href=\"https:\/\/whizzopet.hu\/sk\/produkt\/szaritott-nyul-mix-jutalomfalat-kutyanak\/?wmc-currency=EUR\">Sz\u00e1r\u00edtott ny\u00fal mixet<\/a> is \u2013 term\u00e9szetes, hipoallerg\u00e9n \u00e9s t\u00f6k\u00e9letesen kieg\u00e9sz\u00edti a strucc mixet.<\/p>\n<p>&nbsp;<\/p>","protected":false},"excerpt":{"rendered":"<p>Egzotikus, hipoallerg\u00e9n sz\u00e1r\u00edtott strucc mix jutalomfalat kuty\u00e1nak. Magas feh\u00e9rjetartalm\u00fa, term\u00e9szetes jutalomfalat \u00e9rz\u00e9keny, allergi\u00e1s kuty\u00e1nak is.<\/p>\n<p>Kiszerel\u00e9s: 200g<\/p>","protected":false},"featured_media":14317,"comment_status":"open","ping_status":"closed","template":"","meta":{"inline_featured_image":false},"product_brand":[],"product_cat":[42,37,79],"product_tag":[],"class_list":{"0":"post-14316","1":"product","2":"type-product","3":"status-publish","4":"has-post-thumbnail","6":"product_cat-hipoallergen-jutalomfalat","7":"product_cat-jutalomfalatok","8":"product_cat-strucc-jutalomfalat-kutyanak","9":"infinite-scroll-item","10":"sales-flash-overlay","11":"woocommerce-text-align-center","12":"woocommerce-image-align-center","13":"do-quantity-buttons","15":"first","16":"instock","17":"taxable","18":"shipping-taxable","19":"purchasable","20":"product-type-simple"},"_links":{"self":[{"href":"https:\/\/whizzopet.hu\/sk\/wp-json\/wp\/v2\/product\/14316","targetHints":{"allow":["GET"]}}],"collection":[{"href":"https:\/\/whizzopet.hu\/sk\/wp-json\/wp\/v2\/product"}],"about":[{"href":"https:\/\/whizzopet.hu\/sk\/wp-json\/wp\/v2\/types\/product"}],"replies":[{"embeddable":true,"href":"https:\/\/whizzopet.hu\/sk\/wp-json\/wp\/v2\/comments?post=14316"}],"wp:featuredmedia":[{"embeddable":true,"href":"https:\/\/whizzopet.hu\/sk\/wp-json\/wp\/v2\/media\/14317"}],"wp:attachment":[{"href":"https:\/\/whizzopet.hu\/sk\/wp-json\/wp\/v2\/media?parent=14316"}],"wp:term":[{"taxonomy":"product_brand","embeddable":true,"href":"https:\/\/whizzopet.hu\/sk\/wp-json\/wp\/v2\/product_brand?post=14316"},{"taxonomy":"product_cat","embeddable":true,"href":"https:\/\/whizzopet.hu\/sk\/wp-json\/wp\/v2\/product_cat?post=14316"},{"taxonomy":"product_tag","embeddable":true,"href":"https:\/\/whizzopet.hu\/sk\/wp-json\/wp\/v2\/product_tag?post=14316"}],"curies":[{"name":"wp","href":"https:\/\/api.w.org\/{rel}","templated":true}]}}