{"id":14147,"date":"2025-10-28T16:41:01","date_gmt":"2025-10-28T15:41:01","guid":{"rendered":"https:\/\/whizzopet.hu\/?post_type=product&#038;p=14147"},"modified":"2026-04-15T19:20:50","modified_gmt":"2026-04-15T17:20:50","slug":"izulet-tamogato-mez-kutyanak","status":"publish","type":"product","link":"https:\/\/whizzopet.hu\/sk\/termek\/izulet-tamogato-mez-kutyanak\/","title":{"rendered":"\u00cdz\u00fclett\u00e1mogat\u00f3 m\u00e9z kuty\u00e1nak"},"content":{"rendered":"<h3><span style=\"color: #339966;\"><strong>Mi\u00e9rt j\u00f3 a kuty\u00e1dnak a m\u00e9z \u00e9s a propolisz?<\/strong><\/span><\/h3>\n<p>A m\u00e9z nem csak nek\u00fcnk, embereknek szuper\u00e9lelmiszer \u2013 a kuty\u00e1knak is term\u00e9szetes immuner\u0151s\u00edt\u0151, tele hasznos t\u00e1panyagokkal. Az \u00e1morak\u00e1cm\u00e9z k\u00fcl\u00f6n\u00f6sen gyeng\u00e9d a gyomorhoz, alacsony savtartalm\u00fa, m\u00e9gis tele van antioxid\u00e1nsokkal, enzimekkel, vitaminokkal (pl. B-vitaminokkal), \u00e9s \u00e1sv\u00e1nyi anyagokkal, amik hozz\u00e1j\u00e1rulhatnak a szervezet term\u00e9szetes v\u00e9dekez\u0151k\u00e9pess\u00e9g\u00e9hez.<\/p>\n<p>A propolisz a m\u00e9hek saj\u00e1t \u201cgy\u00f3gy\u00edt\u00f3 csodaszere\u201d: antibakteri\u00e1lis, gombaellenes, gyullad\u00e1scs\u00f6kkent\u0151 hat\u00e1s\u00fa term\u00e9szetes anyag. \u00c9vezredek \u00f3ta haszn\u00e1lj\u00e1k a n\u00e9pi gy\u00f3gy\u00e1szatban sebek, gyullad\u00e1sok, fert\u0151z\u00e9sek kezel\u00e9s\u00e9re \u2013 \u00e9s ugyanez\u00e9rt lehet hasznos a kuty\u00e1d sz\u00e1m\u00e1ra is. K\u00fcl\u00f6n\u00f6sen aj\u00e1nlott a sz\u00e1jhigi\u00e9ni\u00e1ra, enyh\u00e9bb b\u0151r- vagy em\u00e9szt\u0151rendszeri panaszokra, valamint \u00e1ltal\u00e1nos immuner\u0151s\u00edt\u00e9sre.<\/p>\n<p>A m\u00e9z \u00e9s a propolisz kombin\u00e1ci\u00f3ja olyan term\u00e9szetes t\u00e1mogat\u00e1s, ami k\u00edm\u00e9letesen, m\u00e9gis hat\u00e9konyan seg\u00edtheti kuty\u00e1d szervezet\u00e9t az egyens\u00faly vissza\u00e1ll\u00edt\u00e1s\u00e1ban \u00e9s fenntart\u00e1s\u00e1ban. Nincs benne semmi \u201evar\u00e1zslat\u201d \u2013 csak az, amit a term\u00e9szet eleve j\u00f3l kital\u00e1lt.<\/p>\n<p>A propolisz a m\u00e9hek saj\u00e1t v\u00e9delmi rendszere: ezzel burkolj\u00e1k be a kapt\u00e1rt, hogy meg\u00f3vj\u00e1k a k\u00f3rokoz\u00f3kt\u00f3l. Ugyanez\u00e9rt hasznos a kuty\u00e1dnak is \u2013 k\u00edv\u00fcl-bel\u00fcl v\u00e9d. T\u00f6bb mint 300 bioakt\u00edv vegy\u00fcletet tartalmaz, p\u00e9ld\u00e1ul flavonoidokat, fenolsavakat, ill\u00f3olajokat, amik k\u00f6zismerten gyullad\u00e1scs\u00f6kkent\u0151 \u00e9s antioxid\u00e1ns hat\u00e1s\u00faak.<\/p>\n<p>A m\u00e9z pedig nem csup\u00e1n \u201e\u00e9des finoms\u00e1g\u201d: term\u00e9szetes energial\u00f6ket, ami nem terheli meg a kutya szervezet\u00e9t. Finoman t\u00e1mogatja az anyagcser\u00e9t, seg\u00edthet kiegyens\u00falyozni az em\u00e9szt\u0151rendszert, \u00e9s hat\u00f3anyagai r\u00e9v\u00e9n hozz\u00e1j\u00e1rulhat a sz\u00e1j- \u00e9s b\u00e9lfl\u00f3ra eg\u00e9szs\u00e9g\u00e9hez is.<\/p>\n<h3><strong><span style=\"color: #339966;\">K\u00fcl\u00f6n\u00f6sen hasznos lehet:<\/span><\/strong><\/h3>\n<p>\u2013 l\u00e1badoz\u00e1s idej\u00e9n, amikor a szervezet t\u00f6bb t\u00e1mogat\u00e1st ig\u00e9nyel<br \/>\n\u2013 allergi\u00e1s id\u0151szakban, amikor az immunrendszer extra figyelmet k\u00edv\u00e1n<br \/>\n\u2013 id\u0151sebb kuty\u00e1knak, akikn\u00e9l m\u00e1r fontosabb a gyullad\u00e1sok megel\u0151z\u00e9se<br \/>\n\u2013 vagy b\u00e1rmikor, amikor szeretn\u00e9l valami\u00a0val\u00f3ban term\u00e9szeteset\u00a0adni neki<\/p>\n<h3><strong><span style=\"color: #339966;\">Kollag\u00e9n, MSM, kurkuma \u00e9s C-vitamin kuty\u00e1knak \u2013 term\u00e9szetes \u00edz\u00fclett\u00e1mogat\u00e1s<\/span><\/strong><\/h3>\n<p>A kollag\u00e9n a porcok, szalagok \u00e9s inak alapvet\u0151 \u00e9p\u00edt\u0151eleme, amely seg\u00edti az \u00edz\u00fcletek rugalmass\u00e1g\u00e1t \u00e9s a mozg\u00e1s k\u00f6nnyeds\u00e9g\u00e9t. Az MSM (metil-szulfonil-met\u00e1n) k\u00e9ntartalm\u00fa vegy\u00fclet, amely t\u00e1mogatja a k\u00f6t\u0151sz\u00f6vetek regener\u00e1ci\u00f3j\u00e1t \u00e9s hozz\u00e1j\u00e1rul az \u00edz\u00fcletek norm\u00e1l szerkezet\u00e9nek fenntart\u00e1s\u00e1hoz. A kurkuma term\u00e9szetes gyullad\u00e1scs\u00f6kkent\u0151 \u00e9s antioxid\u00e1ns hat\u00f3anyagaival seg\u00edti az \u00edz\u00fcleti komfort\u00e9rzetet \u00e9s a sejtek v\u00e9delm\u00e9t az oxidat\u00edv stresszel szemben. A C-vitamin n\u00e9lk\u00fcl\u00f6zhetetlen a kollag\u00e9n k\u00e9pz\u0151d\u00e9s\u00e9hez, \u00edgy t\u00e1mogatja a porcok, inak \u00e9s \u00edz\u00fcletek norm\u00e1l m\u0171k\u00f6d\u00e9s\u00e9t.<\/p>\n<p>Ez a n\u00e9gy hat\u00f3anyag egym\u00e1s hat\u00e1s\u00e1t er\u0151s\u00edtve seg\u00edti a kuty\u00e1k \u00edz\u00fcleteinek v\u00e9delm\u00e9t, regener\u00e1ci\u00f3j\u00e1t \u00e9s hossz\u00fa t\u00e1v\u00fa mozg\u00e9konys\u00e1g\u00e1t \u2013 term\u00e9szetes, biztons\u00e1gos form\u00e1ban.<\/p>\n<h3><strong><span style=\"color: #339966;\">Liofiliz\u00e1lt bio vir\u00e1gpor kuty\u00e1knak \u2013 term\u00e9szetes sejtv\u00e9delem \u00e9s regener\u00e1ci\u00f3<\/span><\/strong><\/h3>\n<p>A liofiliz\u00e1lt bio vir\u00e1gpor \u00e9rt\u00e9kes feh\u00e9rj\u00e9ket, esszenci\u00e1lis aminosavakat, vitaminokat \u00e9s antioxid\u00e1nsokat tartalmaz, amelyek t\u00e1mogatj\u00e1k a kutya szervezet\u00e9nek regener\u00e1ci\u00f3j\u00e1t \u00e9s v\u00e9dekez\u0151k\u00e9pess\u00e9g\u00e9t. Az aminosavak seg\u00edtik az \u00edz\u00fcleti \u00e9s izomsz\u00f6vetek fel\u00e9p\u00fcl\u00e9s\u00e9t, m\u00edg a B-vitaminok, a cink \u00e9s a magn\u00e9zium hozz\u00e1j\u00e1rulnak a norm\u00e1l anyagcser\u00e9hez \u00e9s energiatermel\u00e9shez.<\/p>\n<p>A vir\u00e1gporban tal\u00e1lhat\u00f3 term\u00e9szetes flavonoidok antioxid\u00e1ns hat\u00e1s\u00faak, seg\u00edtik a sejtek v\u00e9delm\u00e9t az oxidat\u00edv stressz ellen, a benne l\u00e9v\u0151 prebiotikus rostok \u00e9s enzimek pedig t\u00e1mogatj\u00e1k a t\u00e1panyagok jobb felsz\u00edv\u00f3d\u00e1s\u00e1t. Ez\u00e1ltal a bio vir\u00e1gpor bel\u00fclr\u0151l er\u0151s\u00edti a szervezetet, \u00e9s kieg\u00e9sz\u00edti a m\u00e9z \u00edz\u00fclett\u00e1mogat\u00f3 hat\u00f3anyagait.<\/p>\n<h3><strong><span style=\"color: #339966;\">Hogyan \u00e9s mikor add a kuty\u00e1dnak?<\/span><\/strong><\/h3>\n<p>Aj\u00e1nlott napi adag:<\/p>\n<p><img loading=\"lazy\" decoding=\"async\" class=\"an1\" draggable=\"false\" src=\"https:\/\/fonts.gstatic.com\/s\/e\/notoemoji\/16.0\/1f449\/72.png\" alt=\"\ud83d\udc49\" width=\"19\" height=\"19\" data-emoji=\"\ud83d\udc49\" aria-label=\"\ud83d\udc49\" \/>\u00a01 te\u00e1skan\u00e1l \/ 10 kg tests\u00faly<br \/>\n(nagyj\u00e1b\u00f3l 0,5\u20131 g \/ testt\u00f6megkilogramm)<\/p>\n<p><strong>Adhat\u00f3: 1 \u00e9ves kort\u00f3l.<\/strong><\/p>\n<p><strong>Haszn\u00e1lat el\u0151tt mindig keverd \u00f6ssze!<\/strong><br \/>\nA propolisz le\u00fclepedhet az \u00fcveg alj\u00e1n \u2013 hogy minden kan\u00e1lnyi adag egyenletesen tartalmazza az \u00e9rt\u00e9kes \u00f6sszetev\u0151ket, \u00e9rdemes j\u00f3l \u00e1tkeverni haszn\u00e1lat el\u0151tt.<\/p>\n<h3><strong><span style=\"color: #339966;\">Mikor \u00e9rdemes adni?<\/span><\/strong><\/h3>\n<p><img loading=\"lazy\" decoding=\"async\" class=\"an1\" draggable=\"false\" src=\"https:\/\/fonts.gstatic.com\/s\/e\/notoemoji\/16.0\/2714_fe0f\/72.png\" alt=\"\u2714\ufe0f\" width=\"22\" height=\"22\" data-emoji=\"\u2714\ufe0f\" aria-label=\"\u2714\ufe0f\" \/>\u00a0reggeli vagy esti etet\u00e9skor az eledelre csorgatva<\/p>\n<p><img loading=\"lazy\" decoding=\"async\" class=\"an1\" draggable=\"false\" src=\"https:\/\/fonts.gstatic.com\/s\/e\/notoemoji\/16.0\/2714_fe0f\/72.png\" alt=\"\u2714\ufe0f\" width=\"20\" height=\"20\" data-emoji=\"\u2714\ufe0f\" aria-label=\"\u2714\ufe0f\" \/>\u00a0kan\u00e1lr\u00f3l, vagy LickiMat-re kenve nyalogat\u00f3s \u00e9lm\u00e9nyk\u00e9nt<\/p>\n<p><img loading=\"lazy\" decoding=\"async\" class=\"an1\" draggable=\"false\" src=\"https:\/\/fonts.gstatic.com\/s\/e\/notoemoji\/16.0\/2714_fe0f\/72.png\" alt=\"\u2714\ufe0f\" width=\"20\" height=\"20\" data-emoji=\"\u2714\ufe0f\" aria-label=\"\u2714\ufe0f\" \/>\u00a0k\u00faraszer\u0171en (2-4 h\u00e9t), vagy napi szinten hosszabb t\u00e1von is adhat\u00f3<\/p>\n<h3><strong><span style=\"color: #339966;\">J\u00f3 tudni:<\/span><\/strong><\/h3>\n<p>\u2013 adhat\u00f3 \u00e9hgyomorra vagy \u00e9tkez\u00e9shez is,<br \/>\n\u2013 nem terheli meg a gyomrot,<br \/>\n\u2013 ha el\u0151sz\u00f6r adod, kis mennyis\u00e9ggel ind\u00edtsd, \u00e9s figyeld a kutya reakci\u00f3j\u00e1t!<\/p>\n<p><strong>Nem aj\u00e1nlott:<\/strong><\/p>\n<p>\u2013 1 \u00e9ves kor alatti kuty\u00e1knak<br \/>\n\u2013 Cukorbeteg kuty\u00e1knak<br \/>\n\u2013 Olyan kuty\u00e1knak, akikn\u00e9l ismert allergia \u00e1ll fenn m\u00e9h\u00e9szeti term\u00e9kekre (pl. m\u00e9z, propolisz)<\/p>","protected":false},"excerpt":{"rendered":"<p>Term\u00e9szetes \u00edz\u00fclett\u00e1mogat\u00f3 m\u00e9z kuty\u00e1nak, halkollag\u00e9nnel, kurkum\u00e1val, MSM-mel, bio propolisszal, bio liofiliz\u00e1lt vir\u00e1gporral \u00e9s C-vitaminnal.<\/p>\n<p>Kiszerel\u00e9s: 250g<\/p>","protected":false},"featured_media":14148,"comment_status":"open","ping_status":"closed","template":"","meta":{"inline_featured_image":false},"product_brand":[],"product_cat":[41,50],"product_tag":[],"class_list":{"0":"post-14147","1":"product","2":"type-product","3":"status-publish","4":"has-post-thumbnail","6":"product_cat-kollagen-kutyaknak","7":"product_cat-kutya-taplalekkiegeszito","8":"infinite-scroll-item","9":"sales-flash-overlay","10":"woocommerce-text-align-center","11":"woocommerce-image-align-center","12":"do-quantity-buttons","14":"first","15":"instock","16":"taxable","17":"shipping-taxable","18":"purchasable","19":"product-type-simple"},"_links":{"self":[{"href":"https:\/\/whizzopet.hu\/sk\/wp-json\/wp\/v2\/product\/14147","targetHints":{"allow":["GET"]}}],"collection":[{"href":"https:\/\/whizzopet.hu\/sk\/wp-json\/wp\/v2\/product"}],"about":[{"href":"https:\/\/whizzopet.hu\/sk\/wp-json\/wp\/v2\/types\/product"}],"replies":[{"embeddable":true,"href":"https:\/\/whizzopet.hu\/sk\/wp-json\/wp\/v2\/comments?post=14147"}],"wp:featuredmedia":[{"embeddable":true,"href":"https:\/\/whizzopet.hu\/sk\/wp-json\/wp\/v2\/media\/14148"}],"wp:attachment":[{"href":"https:\/\/whizzopet.hu\/sk\/wp-json\/wp\/v2\/media?parent=14147"}],"wp:term":[{"taxonomy":"product_brand","embeddable":true,"href":"https:\/\/whizzopet.hu\/sk\/wp-json\/wp\/v2\/product_brand?post=14147"},{"taxonomy":"product_cat","embeddable":true,"href":"https:\/\/whizzopet.hu\/sk\/wp-json\/wp\/v2\/product_cat?post=14147"},{"taxonomy":"product_tag","embeddable":true,"href":"https:\/\/whizzopet.hu\/sk\/wp-json\/wp\/v2\/product_tag?post=14147"}],"curies":[{"name":"wp","href":"https:\/\/api.w.org\/{rel}","templated":true}]}}