{"id":14064,"date":"2025-10-23T22:14:06","date_gmt":"2025-10-23T20:14:06","guid":{"rendered":"https:\/\/whizzopet.hu\/?post_type=product&#038;p=14064"},"modified":"2026-04-19T11:58:40","modified_gmt":"2026-04-19T09:58:40","slug":"szaritott-marhapacal-jutalomfalat-kutyanak","status":"publish","type":"product","link":"https:\/\/whizzopet.hu\/sk\/termek\/szaritott-marhapacal-jutalomfalat-kutyanak\/","title":{"rendered":"Sz\u00e1r\u00edtott marhapacal jutalomfalat kuty\u00e1nak"},"content":{"rendered":"<p>&nbsp;<\/p>\n<p>&nbsp;<\/p>","protected":false},"excerpt":{"rendered":"<p>\u00cdzletes, j\u00f3l em\u00e9szthet\u0151 feh\u00e9rjeforr\u00e1s, ami t\u00e1mogatja az em\u00e9szt\u00e9st \u00e9s remek jutalomfalat minden kuty\u00e1nak.<\/p>\n<p>Kiszerel\u00e9s: 100g<\/p>","protected":false},"featured_media":14066,"comment_status":"open","ping_status":"closed","template":"","meta":{"inline_featured_image":false},"product_brand":[],"product_cat":[42,37],"product_tag":[],"class_list":{"0":"post-14064","1":"product","2":"type-product","3":"status-publish","4":"has-post-thumbnail","6":"product_cat-hipoallergen-jutalomfalat","7":"product_cat-jutalomfalatok","8":"infinite-scroll-item","9":"sales-flash-overlay","10":"woocommerce-text-align-center","11":"woocommerce-image-align-center","12":"do-quantity-buttons","14":"first","15":"instock","16":"taxable","17":"shipping-taxable","18":"purchasable","19":"product-type-simple"},"_links":{"self":[{"href":"https:\/\/whizzopet.hu\/sk\/wp-json\/wp\/v2\/product\/14064","targetHints":{"allow":["GET"]}}],"collection":[{"href":"https:\/\/whizzopet.hu\/sk\/wp-json\/wp\/v2\/product"}],"about":[{"href":"https:\/\/whizzopet.hu\/sk\/wp-json\/wp\/v2\/types\/product"}],"replies":[{"embeddable":true,"href":"https:\/\/whizzopet.hu\/sk\/wp-json\/wp\/v2\/comments?post=14064"}],"wp:featuredmedia":[{"embeddable":true,"href":"https:\/\/whizzopet.hu\/sk\/wp-json\/wp\/v2\/media\/14066"}],"wp:attachment":[{"href":"https:\/\/whizzopet.hu\/sk\/wp-json\/wp\/v2\/media?parent=14064"}],"wp:term":[{"taxonomy":"product_brand","embeddable":true,"href":"https:\/\/whizzopet.hu\/sk\/wp-json\/wp\/v2\/product_brand?post=14064"},{"taxonomy":"product_cat","embeddable":true,"href":"https:\/\/whizzopet.hu\/sk\/wp-json\/wp\/v2\/product_cat?post=14064"},{"taxonomy":"product_tag","embeddable":true,"href":"https:\/\/whizzopet.hu\/sk\/wp-json\/wp\/v2\/product_tag?post=14064"}],"curies":[{"name":"wp","href":"https:\/\/api.w.org\/{rel}","templated":true}]}}