{"id":13571,"date":"2025-09-27T17:08:04","date_gmt":"2025-09-27T15:08:04","guid":{"rendered":"https:\/\/whizzopet.hu\/?post_type=product&#038;p=13571"},"modified":"2026-02-06T12:34:58","modified_gmt":"2026-02-06T11:34:58","slug":"liofilizalt-laktozmentes-kefir-kutyaknak","status":"publish","type":"product","link":"https:\/\/whizzopet.hu\/sk\/termek\/liofilizalt-laktozmentes-kefir-kutyaknak\/","title":{"rendered":"Liofiliz\u00e1lt lakt\u00f3zmentes kefir kuty\u00e1knak"},"content":{"rendered":"","protected":false},"excerpt":{"rendered":"<p>Fagyasztva sz\u00e1r\u00edtott lakt\u00f3zmentes kefir kuty\u00e1knak. Term\u00e9szetes szuperfood az em\u00e9szt\u00e9s t\u00e1mogat\u00e1s\u00e1ra \u00e9s a b\u00e9lfl\u00f3ra eg\u00e9szs\u00e9g\u00e9\u00e9rt.<\/p>\n<p>Kiszerel\u00e9s: 50g<\/p>","protected":false},"featured_media":13572,"comment_status":"open","ping_status":"closed","template":"","meta":{"inline_featured_image":false},"product_brand":[],"product_cat":[50],"product_tag":[],"class_list":{"0":"post-13571","1":"product","2":"type-product","3":"status-publish","4":"has-post-thumbnail","6":"product_cat-kutya-taplalekkiegeszito","7":"infinite-scroll-item","8":"sales-flash-overlay","9":"woocommerce-text-align-center","10":"woocommerce-image-align-center","11":"do-quantity-buttons","13":"first","14":"instock","15":"taxable","16":"shipping-taxable","17":"purchasable","18":"product-type-simple"},"_links":{"self":[{"href":"https:\/\/whizzopet.hu\/sk\/wp-json\/wp\/v2\/product\/13571","targetHints":{"allow":["GET"]}}],"collection":[{"href":"https:\/\/whizzopet.hu\/sk\/wp-json\/wp\/v2\/product"}],"about":[{"href":"https:\/\/whizzopet.hu\/sk\/wp-json\/wp\/v2\/types\/product"}],"replies":[{"embeddable":true,"href":"https:\/\/whizzopet.hu\/sk\/wp-json\/wp\/v2\/comments?post=13571"}],"wp:featuredmedia":[{"embeddable":true,"href":"https:\/\/whizzopet.hu\/sk\/wp-json\/wp\/v2\/media\/13572"}],"wp:attachment":[{"href":"https:\/\/whizzopet.hu\/sk\/wp-json\/wp\/v2\/media?parent=13571"}],"wp:term":[{"taxonomy":"product_brand","embeddable":true,"href":"https:\/\/whizzopet.hu\/sk\/wp-json\/wp\/v2\/product_brand?post=13571"},{"taxonomy":"product_cat","embeddable":true,"href":"https:\/\/whizzopet.hu\/sk\/wp-json\/wp\/v2\/product_cat?post=13571"},{"taxonomy":"product_tag","embeddable":true,"href":"https:\/\/whizzopet.hu\/sk\/wp-json\/wp\/v2\/product_tag?post=13571"}],"curies":[{"name":"wp","href":"https:\/\/api.w.org\/{rel}","templated":true}]}}