{"id":13568,"date":"2025-09-27T16:55:06","date_gmt":"2025-09-27T14:55:06","guid":{"rendered":"https:\/\/whizzopet.hu\/?post_type=product&#038;p=13568"},"modified":"2026-04-03T10:16:26","modified_gmt":"2026-04-03T08:16:26","slug":"liofilizalt-furjtojas-kutyaknak","status":"publish","type":"product","link":"https:\/\/whizzopet.hu\/sk\/termek\/liofilizalt-furjtojas-kutyaknak\/","title":{"rendered":"Yollo-liofiliz\u00e1lt f\u00fcrjtoj\u00e1s kuty\u00e1knak"},"content":{"rendered":"<h2>Term\u00e9szetes, eg\u00e9szs\u00e9ges jutalomfalat kuty\u00e1knak<\/h2>\n<p>A liofiliz\u00e1lt f\u00fcrjtoj\u00e1s kuty\u00e1knak term\u00e9szetes, magas feh\u00e9rjetartalm\u00fa, k\u00f6nnyen em\u00e9szthet\u0151 jutalomfalat, amely ide\u00e1lis v\u00e1laszt\u00e1s minden koroszt\u00e1ly sz\u00e1m\u00e1ra. A Whizzopet Yollo term\u00e9ke 100% term\u00e9szetes alapanyagokb\u00f3l k\u00e9sz\u00fcl, \u00e9s t\u00e1mogatja a kuty\u00e1k b\u0151r- \u00e9s sz\u0151reg\u00e9szs\u00e9g\u00e9t, valamint em\u00e9szt\u0151rendszeri egyens\u00faly\u00e1t.<\/p>\n<p>A liofiliz\u00e1l\u00e1s (fagyasztva sz\u00e1r\u00edt\u00e1s) meg\u0151rzi a toj\u00e1s eredeti t\u00e1panyagtartalm\u00e1t, vitaminjait \u00e9s aminosavait, mik\u00f6zben elt\u00e1vol\u00edtja a nedvess\u00e9get. Ennek k\u00f6sz\u00f6nhet\u0151en a falat roppan\u00f3s, tiszta \u00e9s hosszan eltarthat\u00f3, mesters\u00e9ges tart\u00f3s\u00edt\u00f3szerek n\u00e9lk\u00fcl. A f\u00fcrjtoj\u00e1s k\u00fcl\u00f6nlegesen magas biol\u00f3giai \u00e9rt\u00e9k\u0171 feh\u00e9rj\u00e9t tartalmaz, amely t\u00e1mogatja az izomzat fejl\u0151d\u00e9s\u00e9t \u00e9s a sejtek regener\u00e1ci\u00f3j\u00e1t.<\/p>\n<p>Ez\u00e9rt a term\u00e9k ide\u00e1lis \u00e9rz\u00e9keny, v\u00e1logat\u00f3s vagy allergi\u00e1s kuty\u00e1knak, akik nem viselik j\u00f3l a gyakori \u00e1llati feh\u00e9rj\u00e9ket, mint a csirke vagy marha.<\/p>\n<h2>Kollag\u00e9nnel \u00e9s h\u00e1rsm\u00e9zzel a sz\u00e9p sz\u0151r\u00e9rt \u00e9s eg\u00e9szs\u00e9ges b\u0151r\u00e9rt<\/h2>\n<p>A Yollo liofiliz\u00e1lt f\u00fcrjtoj\u00e1s k\u00fcl\u00f6nlegess\u00e9ge a hozz\u00e1adott kollag\u00e9n \u00e9s h\u00e1rsm\u00e9z kombin\u00e1ci\u00f3ja. A kollag\u00e9n er\u0151s\u00edti az \u00edz\u00fcleteket, k\u00f6t\u0151sz\u00f6veteket \u00e9s seg\u00edti a b\u0151r regener\u00e1ci\u00f3j\u00e1t, m\u00edg a h\u00e1rsm\u00e9z term\u00e9szetes antioxid\u00e1nsokat, enzimeket \u00e9s \u00e1sv\u00e1nyi anyagokat tartalmaz. Ez a p\u00e1ros\u00edt\u00e1s el\u0151seg\u00edti a f\u00e9nyes, er\u0151s sz\u0151rzetet \u00e9s az eg\u00e9szs\u00e9ges b\u0151rt, \u00edgy k\u00fcl\u00f6n\u00f6sen aj\u00e1nlott vedl\u00e9si id\u0151szakban, b\u0151r\u00e9rz\u00e9keny vagy irrit\u00e1ci\u00f3ra hajlamos kuty\u00e1knak.<\/p>\n<p>A term\u00e9szetes hat\u00f3anyagok bel\u00fclr\u0151l t\u00e1mogatj\u00e1k a regener\u00e1ci\u00f3t, \u00edgy a kutya sz\u0151re \u00e9s b\u0151re r\u00f6vid id\u0151 alatt l\u00e1that\u00f3an eg\u00e9szs\u00e9gesebb\u00e9 v\u00e1lhat.<\/p>\n<h2>Inulinnal az eg\u00e9szs\u00e9ges em\u00e9szt\u00e9s\u00e9rt<\/h2>\n<p>A term\u00e9k inulin tartalma seg\u00edti az em\u00e9szt\u00e9st \u00e9s t\u00e1mogatja a b\u00e9lfl\u00f3ra term\u00e9szetes egyens\u00faly\u00e1t. Ez a prebiotikus rost el\u0151seg\u00edti a j\u00f3t\u00e9kony bakt\u00e9riumok szaporod\u00e1s\u00e1t a b\u00e9lrendszerben, \u00edgy jav\u00edtja a t\u00e1panyagok felsz\u00edv\u00f3d\u00e1s\u00e1t \u00e9s az immunrendszer m\u0171k\u00f6d\u00e9s\u00e9t.<\/p>\n<p>Az inulinnal d\u00fas\u00edtott liofiliz\u00e1lt f\u00fcrjtoj\u00e1s ez\u00e9rt k\u00fcl\u00f6n\u00f6sen el\u0151ny\u00f6s \u00e9rz\u00e9keny gyomr\u00fa vagy antibiotikumos kezel\u00e9s ut\u00e1n l\u00e1badoz\u00f3 kuty\u00e1knak, valamint azoknak, akik hajlamosak a puffad\u00e1sra vagy em\u00e9szt\u00e9si zavarokra.<\/p>\n<h2>Hipoallerg\u00e9n \u00e9s gabonamentes \u00f6sszet\u00e9tel<\/h2>\n<p>A Whizzopet Yollo f\u00fcrjtoj\u00e1s kiz\u00e1r\u00f3lag term\u00e9szetes, gabonamentes \u00f6sszetev\u0151ket tartalmaz. Nem tartalmaz mesters\u00e9ges \u00edzfokoz\u00f3kat, sz\u00ednez\u00e9keket vagy tart\u00f3s\u00edt\u00f3szereket, \u00edgy biztons\u00e1gosan adhat\u00f3 elimin\u00e1ci\u00f3s di\u00e9ta sor\u00e1n is. A f\u00fcrjtoj\u00e1s term\u00e9szetes, k\u00f6nnyen em\u00e9szthet\u0151 feh\u00e9rj\u00e9je t\u00f6k\u00e9letes v\u00e1laszt\u00e1s allergi\u00e1s, \u00e9rz\u00e9keny vagy intoleranci\u00e1s kuty\u00e1knak.<\/p>\n<p>A term\u00e9k nyersetet\u00e9s mell\u00e9 is adhat\u00f3, mivel a fagyasztva sz\u00e1r\u00edt\u00e1snak k\u00f6sz\u00f6nhet\u0151en szinte minden t\u00e1panyag megmarad.<\/p>\n<h2>Term\u00e9szetes energia agility-hez<\/h2>\n<p>A liofiliz\u00e1lt f\u00fcrjtoj\u00e1s kiv\u00e1l\u00f3 term\u00e9szetes energiaforr\u00e1s akt\u00edv, sportos vagy agility edz\u00e9sre j\u00e1r\u00f3 kuty\u00e1knak. A toj\u00e1sban tal\u00e1lhat\u00f3 B-vitaminok \u00e9s esszenci\u00e1lis aminosavak t\u00e1mogatj\u00e1k az izmok regener\u00e1ci\u00f3j\u00e1t, az anyagcser\u00e9t \u00e9s az \u00e1ll\u00f3k\u00e9pess\u00e9get. A kollag\u00e9n \u00e9s inulin seg\u00edti az \u00edz\u00fcletek, az em\u00e9szt\u00e9s \u00e9s a t\u00e1panyaghasznosul\u00e1s eg\u00e9szs\u00e9ges m\u0171k\u00f6d\u00e9s\u00e9t, ami kulcsfontoss\u00e1g\u00fa a nagy ig\u00e9nybev\u00e9telnek kitett kuty\u00e1kn\u00e1l.<\/p>\n<p>A Yollo teh\u00e1t nemcsak jutalom, hanem funkcion\u00e1lis snack is, term\u00e9szetes m\u00f3don seg\u00edti a teljes\u00edtm\u00e9nyt \u00e9s a regener\u00e1ci\u00f3t.<\/p>\n<h2>Hogyan adhat\u00f3 a kuty\u00e1dnak?<\/h2>\n<p>A liofiliz\u00e1lt f\u00fcrjtoj\u00e1s adhat\u00f3 jutalomfalatk\u00e9nt s\u00e9t\u00e1n, tr\u00e9ning sor\u00e1n vagy egyszer\u0171en szeretetb\u0151l. K\u00f6nnyen morzsolhat\u00f3, \u00edgy eledelre sz\u00f3rva is adhat\u00f3, ha szeretn\u00e9d a napi t\u00e1pot term\u00e9szetes feh\u00e9rj\u00e9vel \u00e9s mikrot\u00e1panyagokkal kieg\u00e9sz\u00edteni. Kistest\u0171 kuty\u00e1knak t\u00f6rve, nagytest\u0171eknek eg\u00e9szben is adhat\u00f3.<\/p>","protected":false},"excerpt":{"rendered":"<p>Liofiliz\u00e1lt f\u00fcrjtoj\u00e1s kuty\u00e1knak kollag\u00e9nnel, h\u00e1rsm\u00e9zzel \u00e9s inulinnal. A sz\u0151r, b\u0151r \u00e9s em\u00e9szt\u00e9s t\u00e1mogat\u00e1s\u00e1ra.<\/p>\n<p>Kiszerel\u00e9s: 50g<\/p>","protected":false},"featured_media":13569,"comment_status":"open","ping_status":"closed","template":"","meta":{"inline_featured_image":false},"product_brand":[],"product_cat":[37],"product_tag":[],"class_list":{"0":"post-13568","1":"product","2":"type-product","3":"status-publish","4":"has-post-thumbnail","6":"product_cat-jutalomfalatok","7":"infinite-scroll-item","8":"sales-flash-overlay","9":"woocommerce-text-align-center","10":"woocommerce-image-align-center","11":"do-quantity-buttons","13":"first","14":"outofstock","15":"taxable","16":"shipping-taxable","17":"purchasable","18":"product-type-simple"},"_links":{"self":[{"href":"https:\/\/whizzopet.hu\/sk\/wp-json\/wp\/v2\/product\/13568","targetHints":{"allow":["GET"]}}],"collection":[{"href":"https:\/\/whizzopet.hu\/sk\/wp-json\/wp\/v2\/product"}],"about":[{"href":"https:\/\/whizzopet.hu\/sk\/wp-json\/wp\/v2\/types\/product"}],"replies":[{"embeddable":true,"href":"https:\/\/whizzopet.hu\/sk\/wp-json\/wp\/v2\/comments?post=13568"}],"wp:featuredmedia":[{"embeddable":true,"href":"https:\/\/whizzopet.hu\/sk\/wp-json\/wp\/v2\/media\/13569"}],"wp:attachment":[{"href":"https:\/\/whizzopet.hu\/sk\/wp-json\/wp\/v2\/media?parent=13568"}],"wp:term":[{"taxonomy":"product_brand","embeddable":true,"href":"https:\/\/whizzopet.hu\/sk\/wp-json\/wp\/v2\/product_brand?post=13568"},{"taxonomy":"product_cat","embeddable":true,"href":"https:\/\/whizzopet.hu\/sk\/wp-json\/wp\/v2\/product_cat?post=13568"},{"taxonomy":"product_tag","embeddable":true,"href":"https:\/\/whizzopet.hu\/sk\/wp-json\/wp\/v2\/product_tag?post=13568"}],"curies":[{"name":"wp","href":"https:\/\/api.w.org\/{rel}","templated":true}]}}