{"id":13559,"date":"2025-09-27T13:53:01","date_gmt":"2025-09-27T11:53:01","guid":{"rendered":"https:\/\/whizzopet.hu\/?post_type=product&#038;p=13559"},"modified":"2026-04-17T09:30:17","modified_gmt":"2026-04-17T07:30:17","slug":"szaritott-nyulhus-jutalomfalat-kutyaknak","status":"publish","type":"product","link":"https:\/\/whizzopet.hu\/sk\/termek\/szaritott-nyulhus-jutalomfalat-kutyaknak\/","title":{"rendered":"Sz\u00e1r\u00edtott ny\u00falh\u00fas cs\u00edk jutalomfalat kuty\u00e1knak r\u00e9p\u00e1val \u00e9s alm\u00e1val"},"content":{"rendered":"","protected":false},"excerpt":{"rendered":"<p>Sz\u00e1r\u00edtott ny\u00falh\u00fas cs\u00edk r\u00e9p\u00e1val \u00e9s alm\u00e1val, eg\u00e9szs\u00e9ges, term\u00e9szetes kutya jutalomfalat, amely ide\u00e1lis tr\u00e9ninghez \u00e9s \u00e9rz\u00e9keny gyomr\u00fa kuty\u00e1knak is.<\/p>\n<p>Kiszerel\u00e9s: 100g<\/p>","protected":false},"featured_media":15436,"comment_status":"open","ping_status":"closed","template":"","meta":{"inline_featured_image":false},"product_brand":[],"product_cat":[42,37,80],"product_tag":[],"class_list":{"0":"post-13559","1":"product","2":"type-product","3":"status-publish","4":"has-post-thumbnail","6":"product_cat-hipoallergen-jutalomfalat","7":"product_cat-jutalomfalatok","8":"product_cat-nyul-vadnyul","9":"infinite-scroll-item","10":"sales-flash-overlay","11":"woocommerce-text-align-center","12":"woocommerce-image-align-center","13":"do-quantity-buttons","15":"first","16":"instock","17":"taxable","18":"shipping-taxable","19":"purchasable","20":"product-type-simple"},"_links":{"self":[{"href":"https:\/\/whizzopet.hu\/sk\/wp-json\/wp\/v2\/product\/13559","targetHints":{"allow":["GET"]}}],"collection":[{"href":"https:\/\/whizzopet.hu\/sk\/wp-json\/wp\/v2\/product"}],"about":[{"href":"https:\/\/whizzopet.hu\/sk\/wp-json\/wp\/v2\/types\/product"}],"replies":[{"embeddable":true,"href":"https:\/\/whizzopet.hu\/sk\/wp-json\/wp\/v2\/comments?post=13559"}],"wp:featuredmedia":[{"embeddable":true,"href":"https:\/\/whizzopet.hu\/sk\/wp-json\/wp\/v2\/media\/15436"}],"wp:attachment":[{"href":"https:\/\/whizzopet.hu\/sk\/wp-json\/wp\/v2\/media?parent=13559"}],"wp:term":[{"taxonomy":"product_brand","embeddable":true,"href":"https:\/\/whizzopet.hu\/sk\/wp-json\/wp\/v2\/product_brand?post=13559"},{"taxonomy":"product_cat","embeddable":true,"href":"https:\/\/whizzopet.hu\/sk\/wp-json\/wp\/v2\/product_cat?post=13559"},{"taxonomy":"product_tag","embeddable":true,"href":"https:\/\/whizzopet.hu\/sk\/wp-json\/wp\/v2\/product_tag?post=13559"}],"curies":[{"name":"wp","href":"https:\/\/api.w.org\/{rel}","templated":true}]}}