{"id":13121,"date":"2025-09-06T12:22:42","date_gmt":"2025-09-06T10:22:42","guid":{"rendered":"https:\/\/whizzopet.hu\/?post_type=product&#038;p=13121"},"modified":"2026-03-12T20:31:23","modified_gmt":"2026-03-12T19:31:23","slug":"szaritott-strucc-tudo-jutalomfalat-kutyanak","status":"publish","type":"product","link":"https:\/\/whizzopet.hu\/sk\/termek\/szaritott-strucc-tudo-jutalomfalat-kutyanak\/","title":{"rendered":"Sz\u00e1r\u00edtott strucc t\u00fcd\u0151 jutalomfalat kuty\u00e1nak\u00a0"},"content":{"rendered":"<h2>Mi\u00e9rt aj\u00e1nlott ez a pr\u00e9mium snack kedvencednek?<\/h2>\n<p>A t\u00fcd\u0151 k\u00fcl\u00f6nleges jutalomfalat kuty\u00e1nak,\u00a0 rendk\u00edv\u00fcl k\u00f6nny\u0171, j\u00f3l em\u00e9szthet\u0151, mik\u00f6zben magas biol\u00f3giai \u00e9rt\u00e9k\u0171 feh\u00e9rj\u00e9t biztos\u00edt. Mivel a ritk\u00e1n haszn\u00e1lt feh\u00e9rjeforr\u00e1sok k\u00f6z\u00e9 tartozik, kiv\u00e1l\u00f3an alkalmazhat\u00f3 elimin\u00e1ci\u00f3s di\u00e9t\u00e1kban, illetve allergi\u00e1s kedvencek \u00e9trendj\u00e9ben. Ez a jutalomfalat nemcsak \u00edzletes, hanem funkcion\u00e1lis is: k\u00edm\u00e9li a szervezetet, mik\u00f6zben hozz\u00e1j\u00e1rul a kiegyens\u00falyozott feh\u00e9rjebevitelhez.<\/p>\n<h2>J\u00f3t\u00e9kony hat\u00e1sai kuty\u00e1d eg\u00e9szs\u00e9g\u00e9re<\/h2>\n<p>A t\u00fcd\u0151 seg\u00edti az izmok fenntart\u00e1s\u00e1t \u00e9s regener\u00e1ci\u00f3j\u00e1t, mik\u00f6zben nem terheli t\u00fal a szervezetet. K\u00f6nnyen em\u00e9szthet\u0151 feh\u00e9rj\u00e9i t\u00e1mogatj\u00e1k a mindennapi vitalit\u00e1st, alacsony zs\u00edrtartalma pedig el\u0151ny\u00f6s v\u00e1laszt\u00e1ss\u00e1 teszi t\u00fals\u00falyra hajlamos vagy id\u0151sebb kutyusok sz\u00e1m\u00e1ra is. A hypoallerg\u00e9n jutalomfalat biztons\u00e1gos alternat\u00edv\u00e1t k\u00edn\u00e1l az \u00e9rz\u00e9keny gyomr\u00fa \u00e9s \u00e9s allergi\u00e1ra hajlamos kedvenceknek, mik\u00f6zben v\u00e1ltozatoss\u00e1got \u00e9s val\u00f3di \u00f6r\u00f6m\u00f6t ad minden falattal.<\/p>\n<h2>Hipoallerg\u00e9n jutalomfalat \u00e9rz\u00e9keny kuty\u00e1knak<\/h2>\n<p>Az allergi\u00e1val k\u00fczd\u0151 kedvencek b\u0151r\u00e9nek \u00e1llapot\u00e1t is kedvez\u0151en befoly\u00e1solhatja. A b\u0151r \u00e9s sz\u0151rzet eg\u00e9szs\u00e9ge szoros kapcsolatban \u00e1ll az \u00e9trenddel, ez\u00e9rt az ilyen tiszta, adal\u00e9kmentes falatok hossz\u00fa t\u00e1von is t\u00e1mogatj\u00e1k a kutya j\u00f3l\u00e9t\u00e9t. A hagyom\u00e1nyos feh\u00e9rj\u00e9k- p\u00e9ld\u00e1ul a csirke vagy marha &#8211; gyakran probl\u00e9m\u00e1t okoznak. Ez a jutalomfalat azonban a legbiztons\u00e1gosabb alternat\u00edv feh\u00e9rj\u00e9k k\u00f6z\u00e9 tartozik, mivel ritk\u00e1n v\u00e1lt ki\u00a0 reakci\u00f3t. A t\u00fcd\u0151 k\u00fcl\u00f6n\u00f6sen aj\u00e1nlott elimin\u00e1ci\u00f3s di\u00e9t\u00e1ban, hiszen k\u00f6nny\u0171 szerkezete miatt nem terheli meg az em\u00e9szt\u0151rendszert, m\u00e9gis megfelel\u0151 mennyis\u00e9g\u0171\u00a0 \u00e1llati feh\u00e9rj\u00e9t biztos\u00edt a mindennapokban.<\/p>\n<h2>Term\u00e9szetes, adal\u00e9kmentes \u00f6sszet\u00e9tel az allergia megel\u0151z\u00e9s\u00e9\u00e9rt<\/h2>\n<p>A\u00a0 t\u00fcd\u0151 teljesen term\u00e9szetes, 100% &#8211; ban tiszta alapanyagb\u00f3l k\u00e9sz\u00fcl, tart\u00f3s\u00edt\u00f3szer, mesters\u00e9ges sz\u00ednez\u00e9k, adal\u00e9kanyagok \u00e9s \u00edzfokoz\u00f3 n\u00e9lk\u00fcl. Az alacsony zs\u00edrtartalma miatt nem nehez\u00edti el az em\u00e9szt\u00e9st, \u00edgy olyan kutyusok \u00e9trendj\u00e9be is biztons\u00e1ggal beilleszthet\u0151, akik hajlamosak a h\u00edz\u00e1sra, vagy k\u00edm\u00e9l\u0151 t\u00e1pl\u00e1l\u00e1sra szorulnak. A term\u00e9szetess\u00e9g \u00e9s tisztas\u00e1g garanci\u00e1t ad arra, hogy kedvenced motiv\u00e1lhat\u00f3 legyen an\u00e9lk\u00fcl, hogy felesleges terhet kapna a szervezete. Ez k\u00fcl\u00f6n\u00f6sen fontos, mert a kuty\u00e1k szervezete a feldolgozott, mesters\u00e9ges adal\u00e9kanyagokra sokkal \u00e9rz\u00e9kenyebben reag\u00e1l, mint gondoln\u00e1nk.<\/p>\n<p>A hipoallerg\u00e9n szeml\u00e9let, a term\u00e9szetess\u00e9g \u00e9s az egyszer\u0171s\u00e9g egy\u00fcttesen garant\u00e1lj\u00e1k, hogy a\u00a0 jutalomfalat\u00a0biztons\u00e1gos v\u00e1laszt\u00e1s legyen ak\u00e1r a mindennapi tr\u00e9ningekhez, ak\u00e1r k\u00fcl\u00f6nleges alkalmakra.<\/p>\n<p>A tudatos t\u00e1pl\u00e1l\u00e1s l\u00e9nyege mindig a v\u00e1ltozatoss\u00e1g. \u00c9rdemes a kutya \u00e9trendj\u00e9be t\u00f6bbf\u00e9le jutalomfalatot bevezetni, hiszen a feh\u00e9rj\u00e9k v\u00e1ltogat\u00e1s\u00e1val sokkal sz\u00e9lesebb spektrum\u00fa t\u00e1panyagell\u00e1t\u00e1st tudunk biztos\u00edtani. Egyedi \u00edzvil\u00e1g\u00e1val m\u00e9g a v\u00e1logat\u00f3sabb kuty\u00e1k k\u00f6r\u00e9ben is sikeres lehet, mik\u00f6zben hozz\u00e1j\u00e1rul az eg\u00e9szs\u00e9ges, hossz\u00fa t\u00e1v\u00fa t\u00e1pl\u00e1lkoz\u00e1si egyens\u00falyhoz.<\/p>\n<h2>Mi\u00e9rt k\u00fcl\u00f6nleges a t\u00fcd\u0151, mint jutalomfalat?<\/h2>\n<p>A t\u00fcd\u0151 biol\u00f3giai saj\u00e1toss\u00e1ga, hogy szivacsos, k\u00f6nny\u0171 \u00e1llag\u00fa szerv, amely leveg\u0151s szerkezet\u00e9nek k\u00f6sz\u00f6nhet\u0151en alacsony kal\u00f3riatartalm\u00fa, ugyanakkor feh\u00e9rj\u00e9ben gazdag falatk\u00e9nt szolg\u00e1l. Ez teszi k\u00fcl\u00f6n\u00f6sen alkalmass\u00e1 olyan kedvencek sz\u00e1m\u00e1ra, akikn\u00e9l fontos a kal\u00f3riabevitel kord\u00e1ban tart\u00e1sa, de a feh\u00e9rjebevitel meg\u0151rz\u00e9se. A\u00a0t\u00fcd\u0151 \u00e1llaga ide\u00e1lis tr\u00e9ningfalatnak is: k\u00f6nnyen t\u00f6rhet\u0151, nem morzs\u00e1l\u00f3dik, \u00e9s a kutyusok sz\u00edvesen fogyasztj\u00e1k. Ez\u00e9rt egyszerre szolg\u00e1lhat eg\u00e9szs\u00e9ges r\u00e1gcs\u00e1lnival\u00f3k\u00e9nt \u00e9s praktikus motiv\u00e1ci\u00f3s jutalomk\u00e9nt.<\/p>\n<h2>Hipoallerg\u00e9n jutalomfalat 100g\u00a0 kiszerel\u00e9sben<\/h2>\n<p>Ide\u00e1lis v\u00e1laszt\u00e1s minden tudatos gazdinak, aki egyszerre szeretne elegend\u0151 mennyis\u00e9get biztos\u00edtani kedvenc\u00e9nek, mik\u00f6zben praktikus, j\u00f3l t\u00e1rolhat\u00f3 form\u00e1ban kapja meg a falatokat. Ez a jutalomfalat nem csup\u00e1n egyszer\u0171 csemege, hanem olyan t\u00e1pl\u00e1l\u00e9k, amely hozz\u00e1j\u00e1rul a kutya mindennapi eg\u00e9szs\u00e9g\u00e9hez. \u00c9rt\u00e9kes anyagok forr\u00e1sa, amelyek t\u00e1mogatj\u00e1k az izmok m\u0171k\u00f6d\u00e9s\u00e9t, a vitalit\u00e1st \u00e9s regener\u00e1ci\u00f3t.<\/p>\n<p>&nbsp;<\/p>","protected":false},"excerpt":{"rendered":"<p>Alacsony zs\u00edrtartalm\u00fa \u00e9s hipoallerg\u00e9n jutalomfalat kuty\u00e1nak, amely ide\u00e1lis \u00e9rz\u00e9keny em\u00e9szt\u00e9s\u0171, allergi\u00e1s vagy h\u00edz\u00e1sra hajlamos kedvenceknek is.<\/p>\n<p>Kiszerel\u00e9s: 100g, 200g<\/p>","protected":false},"featured_media":13122,"comment_status":"open","ping_status":"closed","template":"","meta":{"inline_featured_image":false},"product_brand":[],"product_cat":[42,37,79],"product_tag":[],"class_list":{"0":"post-13121","1":"product","2":"type-product","3":"status-publish","4":"has-post-thumbnail","6":"product_cat-hipoallergen-jutalomfalat","7":"product_cat-jutalomfalatok","8":"product_cat-strucc-jutalomfalat-kutyanak","9":"infinite-scroll-item","10":"sales-flash-overlay","11":"woocommerce-text-align-center","12":"woocommerce-image-align-center","13":"do-quantity-buttons","15":"first","16":"instock","17":"taxable","18":"shipping-taxable","19":"purchasable","20":"product-type-variable"},"_links":{"self":[{"href":"https:\/\/whizzopet.hu\/sk\/wp-json\/wp\/v2\/product\/13121","targetHints":{"allow":["GET"]}}],"collection":[{"href":"https:\/\/whizzopet.hu\/sk\/wp-json\/wp\/v2\/product"}],"about":[{"href":"https:\/\/whizzopet.hu\/sk\/wp-json\/wp\/v2\/types\/product"}],"replies":[{"embeddable":true,"href":"https:\/\/whizzopet.hu\/sk\/wp-json\/wp\/v2\/comments?post=13121"}],"wp:featuredmedia":[{"embeddable":true,"href":"https:\/\/whizzopet.hu\/sk\/wp-json\/wp\/v2\/media\/13122"}],"wp:attachment":[{"href":"https:\/\/whizzopet.hu\/sk\/wp-json\/wp\/v2\/media?parent=13121"}],"wp:term":[{"taxonomy":"product_brand","embeddable":true,"href":"https:\/\/whizzopet.hu\/sk\/wp-json\/wp\/v2\/product_brand?post=13121"},{"taxonomy":"product_cat","embeddable":true,"href":"https:\/\/whizzopet.hu\/sk\/wp-json\/wp\/v2\/product_cat?post=13121"},{"taxonomy":"product_tag","embeddable":true,"href":"https:\/\/whizzopet.hu\/sk\/wp-json\/wp\/v2\/product_tag?post=13121"}],"curies":[{"name":"wp","href":"https:\/\/api.w.org\/{rel}","templated":true}]}}