{"id":13112,"date":"2025-09-06T12:07:29","date_gmt":"2025-09-06T10:07:29","guid":{"rendered":"https:\/\/whizzopet.hu\/?post_type=product&#038;p=13112"},"modified":"2026-04-19T12:06:44","modified_gmt":"2026-04-19T10:06:44","slug":"strucc-in-jutalomfalat-kutyanak","status":"publish","type":"product","link":"https:\/\/whizzopet.hu\/sk\/termek\/strucc-in-jutalomfalat-kutyanak\/","title":{"rendered":"Sz\u00e1r\u00edtott strucc \u00edn jutalomfalat kuty\u00e1nak"},"content":{"rendered":"<h2>Mi\u00e9rt j\u00f3 v\u00e1laszt\u00e1s a sz\u00e1r\u00edtott strucc \u00edn jutalomfalat kuty\u00e1nak?<\/h2>\n<p>A sz\u00e1r\u00edtott strucc \u00edn magas kollag\u00e9n- \u00e9s feh\u00e9rjetartalma miatt nemcsak r\u00e1g\u00e1sra kiv\u00e1l\u00f3, hanem t\u00e1mogatja az \u00edz\u00fcletek \u00e9s az inak eg\u00e9szs\u00e9g\u00e9t is. A r\u00e1g\u00e1s levezeti a fesz\u00fclts\u00e9get, er\u0151s\u00edti a r\u00e1g\u00f3izmokat \u00e9s seg\u00edti a fogak tisztul\u00e1s\u00e1t. Ez a fogtiszt\u00edt\u00f3 jutalomfalat kuty\u00e1knak biztons\u00e1gos alternat\u00edv\u00e1ja a mesters\u00e9ges r\u00e1g\u00f3csontoknak, hiszen nem tartalmaz csirk\u00e9t, marh\u00e1t, b\u00faz\u00e1t vagy sz\u00f3j\u00e1t. A strucc ritka feh\u00e9rjeforr\u00e1s, ez\u00e9rt a hipoallerg\u00e9n jutalomfalatok k\u00f6z\u00e9 tartozik, \u00e9s j\u00f3l beilleszthet\u0151 elimin\u00e1ci\u00f3s di\u00e9t\u00e1ba is.<\/p>\n<p>A Whizzopet saj\u00e1t gy\u00e1rt\u00e1s\u00e1ban k\u00e9sz\u00fclt jutalomfalat nem tartalmaz tart\u00f3s\u00edt\u00f3szert, mesters\u00e9ges arom\u00e1t vagy sz\u00ednez\u00e9ket, kiz\u00e1r\u00f3lag 100% \u00e1llati feh\u00e9rj\u00e9t.<\/p>\n<h2>Term\u00e9szetes \u00e9s biztons\u00e1gos r\u00e1g\u00e1s minden m\u00e9ret\u0171 kuty\u00e1nak<\/h2>\n<p>A term\u00e9szetes jutalomfalat sz\u00e1r\u00edt\u00e1si folyamata meg\u0151rzi a h\u00fas eredeti \u00edz\u00e9t \u00e9s t\u00e1panyagtartalm\u00e1t. A sz\u00e1r\u00edtott strucc \u00edn kem\u00e9ny, m\u00e9gis rugalmas text\u00far\u00e1j\u00fa, ami k\u00f6zepes \u00e9s nagytest\u0171 kuty\u00e1k sz\u00e1m\u00e1ra hossz\u00fa elfoglalts\u00e1got ny\u00fajt. R\u00e1g\u00e1s k\u00f6zben a fogak term\u00e9szetesen tisztulnak, az \u00edny pedig enyh\u00e9n massz\u00edroz\u00f3dik.<\/p>\n<p>Ha kuty\u00e1d szereti a struccb\u00f3l k\u00e9sz\u00fclt finoms\u00e1gokat, pr\u00f3b\u00e1ld ki a <a href=\"https:\/\/whizzopet.hu\/sk\/produkt\/szaritott-strucc-tudo-jutalomfalat\/?wmc-currency=EUR\">Sz\u00e1r\u00edtott strucc t\u00fcd\u0151 jutalomfalatot\u00a0<\/a>is, amely ugyancsak hipoallerg\u00e9n, feh\u00e9rj\u00e9ben gazdag \u00e9s 100%-ban term\u00e9szetes.<\/p>\n<h2>Hipoallerg\u00e9n jutalomfalat allergi\u00e1s kuty\u00e1nak<\/h2>\n<p>Sok gazdi keres jutalomfalatot allergi\u00e1s kuty\u00e1nak, mert a legt\u00f6bb boltban kaphat\u00f3 jutalomfalat csirk\u00e9b\u0151l vagy marh\u00e1b\u00f3l k\u00e9sz\u00fcl. A strucc \u00edn ritka, alacsony allerg\u00e9nkock\u00e1zat\u00fa feh\u00e9rjeforr\u00e1s, ez\u00e9rt \u00e9rz\u00e9keny kuty\u00e1k \u00e9trendj\u00e9be is beilleszthet\u0151. Nem terheli az em\u00e9szt\u00e9st, \u00e9s nem v\u00e1lt ki viszket\u00e9st, b\u0151rp\u00edrt vagy \u00e9rz\u00e9kenys\u00e9get.<\/p>\n<p>A term\u00e9szetes sz\u00e1r\u00edt\u00e1si technol\u00f3gia meg\u0151rzi a strucc \u00edn t\u00e1panyagtartalm\u00e1t, \u00edgy ez a hipoallerg\u00e9n jutalomfalat nemcsak \u00edzletes, hanem funkcion\u00e1lisan is \u00e9rt\u00e9kes. A magas feh\u00e9rje- \u00e9s kollag\u00e9ntartalom miatt hozz\u00e1j\u00e1rul az izmok, inak \u00e9s porcok regener\u00e1ci\u00f3j\u00e1hoz, mik\u00f6zben hossz\u00fa r\u00e1g\u00e1s\u00e9lm\u00e9nyt biztos\u00edt.<\/p>\n<h2>Eg\u00e9szs\u00e9ges, hossz\u00fa r\u00e1g\u00e1s\u00e9lm\u00e9ny \u00e9s fog\u00e1pol\u00e1s egyben<\/h2>\n<p>A sz\u00e1r\u00edtott strucc \u00edn hossz\u00fa ideig tart\u00f3 r\u00e1g\u00e1si \u00e9lm\u00e9nyt ny\u00fajt, ami term\u00e9szetesen tiszt\u00edtja a kutya fogait \u00e9s seg\u00edti a fogk\u0151k\u00e9pz\u0151d\u00e9s megel\u0151z\u00e9s\u00e9t. A rendszeres r\u00e1g\u00e1s t\u00e1mogatja az \u00edny eg\u00e9szs\u00e9g\u00e9t, \u00e9s hozz\u00e1j\u00e1rul a friss lehelethez. Egyszerre \u00e1polja a sz\u00e1j\u00fcreget \u00e9s kiel\u00e9g\u00edti a kutya term\u00e9szetes r\u00e1g\u00f3\u00f6szt\u00f6n\u00e9t. \u00cdgy nemcsak egy finoms\u00e1g, hanem egy funkcion\u00e1lis eg\u00e9szs\u00e9gmeg\u0151rz\u0151 r\u00e1g\u00f3falat.<\/p>\n<p>A Whizzopet Sz\u00e1r\u00edtott strucc \u00edn term\u00e9szetes, hipoallerg\u00e9n jutalomfalat kuty\u00e1nak, amely t\u00e1mogatja az \u00edz\u00fcleteket, az inakat \u00e9s a fogak eg\u00e9szs\u00e9g\u00e9t. Nem tartalmaz mesters\u00e9ges \u00f6sszetev\u0151t, ez\u00e9rt ide\u00e1lis v\u00e1laszt\u00e1s azoknak a gazdiknak, akik tudatosan figyelnek a kuty\u00e1juk \u00e9trendj\u00e9re.<\/p>\n<p>Ha tov\u00e1bbi term\u00e9szetes \u00e9s hipoallerg\u00e9n finoms\u00e1gokat keresel, olvasd el a <a href=\"https:\/\/whizzopet.hu\/sk\/kutya-jutalomfalat-kisokos\/?wmc-currency=EUR\">Jutalomfalat kisikost<\/a>, ahol t\u00f6bbf\u00e9le sz\u00e1r\u00edtott \u00e9s liofiliz\u00e1lt r\u00e1g\u00f3falatot tal\u00e1lsz minden m\u00e9ret\u0171 \u00e9s \u00e9rz\u00e9kenys\u00e9g\u0171 kuty\u00e1nak.<\/p>\n<p>T\u00f6k\u00e9letes v\u00e1laszt\u00e1s:<\/p>\n<ul>\n<li>hipoallerg\u00e9n \u00e9trendet k\u00f6vet\u0151 kuty\u00e1knak<\/li>\n<li>\u00e9rz\u00e9keny em\u00e9szt\u00e9s\u0171 kuty\u00e1knak<\/li>\n<li>fogtiszt\u00edt\u00e1sra \u00e9s hossz\u00fa r\u00e1g\u00e1sra sz\u00e1nt jutalomfalatk\u00e9nt<\/li>\n<\/ul>","protected":false},"excerpt":{"rendered":"<p>100% term\u00e9szetes, hipoallerg\u00e9n jutalomfalat kuty\u00e1nak. K\u00f6nnyen em\u00e9szthet\u0151 feh\u00e9rjeforr\u00e1s, tart\u00f3s r\u00e1g\u00e1sra ide\u00e1lis.<\/p>\n<p>Kiszerel\u00e9s: 100g, 200g, 500g, 1kg<\/p>","protected":false},"featured_media":13113,"comment_status":"open","ping_status":"closed","template":"","meta":{"inline_featured_image":false},"product_brand":[],"product_cat":[42,41,37,79],"product_tag":[],"class_list":{"0":"post-13112","1":"product","2":"type-product","3":"status-publish","4":"has-post-thumbnail","6":"product_cat-hipoallergen-jutalomfalat","7":"product_cat-kollagen-kutyaknak","8":"product_cat-jutalomfalatok","9":"product_cat-strucc-jutalomfalat-kutyanak","10":"infinite-scroll-item","11":"sales-flash-overlay","12":"woocommerce-text-align-center","13":"woocommerce-image-align-center","14":"do-quantity-buttons","16":"first","17":"instock","18":"taxable","19":"shipping-taxable","20":"purchasable","21":"product-type-variable"},"_links":{"self":[{"href":"https:\/\/whizzopet.hu\/sk\/wp-json\/wp\/v2\/product\/13112","targetHints":{"allow":["GET"]}}],"collection":[{"href":"https:\/\/whizzopet.hu\/sk\/wp-json\/wp\/v2\/product"}],"about":[{"href":"https:\/\/whizzopet.hu\/sk\/wp-json\/wp\/v2\/types\/product"}],"replies":[{"embeddable":true,"href":"https:\/\/whizzopet.hu\/sk\/wp-json\/wp\/v2\/comments?post=13112"}],"wp:featuredmedia":[{"embeddable":true,"href":"https:\/\/whizzopet.hu\/sk\/wp-json\/wp\/v2\/media\/13113"}],"wp:attachment":[{"href":"https:\/\/whizzopet.hu\/sk\/wp-json\/wp\/v2\/media?parent=13112"}],"wp:term":[{"taxonomy":"product_brand","embeddable":true,"href":"https:\/\/whizzopet.hu\/sk\/wp-json\/wp\/v2\/product_brand?post=13112"},{"taxonomy":"product_cat","embeddable":true,"href":"https:\/\/whizzopet.hu\/sk\/wp-json\/wp\/v2\/product_cat?post=13112"},{"taxonomy":"product_tag","embeddable":true,"href":"https:\/\/whizzopet.hu\/sk\/wp-json\/wp\/v2\/product_tag?post=13112"}],"curies":[{"name":"wp","href":"https:\/\/api.w.org\/{rel}","templated":true}]}}