{"id":13073,"date":"2025-09-04T20:58:37","date_gmt":"2025-09-04T18:58:37","guid":{"rendered":"https:\/\/whizzopet.hu\/?post_type=product&#038;p=13073"},"modified":"2025-12-14T20:16:06","modified_gmt":"2025-12-14T19:16:06","slug":"szaritott-barany-nyelocso-jutalomfalat-kutyaknak","status":"publish","type":"product","link":"https:\/\/whizzopet.hu\/sk\/termek\/szaritott-barany-nyelocso-jutalomfalat-kutyaknak\/","title":{"rendered":"Sz\u00e1r\u00edtott b\u00e1r\u00e1ny nyel\u0151cs\u0151 jutalomfalat kuty\u00e1knak"},"content":{"rendered":"","protected":false},"excerpt":{"rendered":"<p>A sz\u00e1r\u00edtott b\u00e1r\u00e1ny nyel\u0151cs\u0151 100% term\u00e9szetes jutalomfalat kuty\u00e1knak, amely rostos szerkezet\u00e9nek \u00e9s magas kollag\u00e9ntartalm\u00e1nak k\u00f6sz\u00f6nhet\u0151en nemcsak \u00edzletes, hanem a r\u00e1g\u00e1s \u00e9lm\u00e9ny\u00e9t is meghosszabb\u00edtja. A b\u00e1r\u00e1ny, mint hipoallerg\u00e9n feh\u00e9rjeforr\u00e1s, biztons\u00e1gos alternat\u00edv\u00e1t jelent \u00e9rz\u00e9keny vagy \u00e9telallergi\u00e1ra hajlamos kedvencek sz\u00e1m\u00e1ra is. Adal\u00e9kanyagok n\u00e9lk\u00fcl, k\u00edm\u00e9letes sz\u00e1r\u00edt\u00e1ssal k\u00e9sz\u00fcl.<\/p>\n<p>Kiszerel\u00e9s: 100g<\/p>","protected":false},"featured_media":13132,"comment_status":"open","ping_status":"closed","template":"","meta":{"inline_featured_image":false},"product_brand":[],"product_cat":[37],"product_tag":[],"class_list":{"0":"post-13073","1":"product","2":"type-product","3":"status-publish","4":"has-post-thumbnail","6":"product_cat-jutalomfalatok","7":"infinite-scroll-item","8":"sales-flash-overlay","9":"woocommerce-text-align-center","10":"woocommerce-image-align-center","11":"do-quantity-buttons","13":"first","14":"outofstock","15":"taxable","16":"shipping-taxable","17":"purchasable","18":"product-type-simple"},"_links":{"self":[{"href":"https:\/\/whizzopet.hu\/sk\/wp-json\/wp\/v2\/product\/13073","targetHints":{"allow":["GET"]}}],"collection":[{"href":"https:\/\/whizzopet.hu\/sk\/wp-json\/wp\/v2\/product"}],"about":[{"href":"https:\/\/whizzopet.hu\/sk\/wp-json\/wp\/v2\/types\/product"}],"replies":[{"embeddable":true,"href":"https:\/\/whizzopet.hu\/sk\/wp-json\/wp\/v2\/comments?post=13073"}],"wp:featuredmedia":[{"embeddable":true,"href":"https:\/\/whizzopet.hu\/sk\/wp-json\/wp\/v2\/media\/13132"}],"wp:attachment":[{"href":"https:\/\/whizzopet.hu\/sk\/wp-json\/wp\/v2\/media?parent=13073"}],"wp:term":[{"taxonomy":"product_brand","embeddable":true,"href":"https:\/\/whizzopet.hu\/sk\/wp-json\/wp\/v2\/product_brand?post=13073"},{"taxonomy":"product_cat","embeddable":true,"href":"https:\/\/whizzopet.hu\/sk\/wp-json\/wp\/v2\/product_cat?post=13073"},{"taxonomy":"product_tag","embeddable":true,"href":"https:\/\/whizzopet.hu\/sk\/wp-json\/wp\/v2\/product_tag?post=13073"}],"curies":[{"name":"wp","href":"https:\/\/api.w.org\/{rel}","templated":true}]}}