{"id":12098,"date":"2025-07-12T13:34:29","date_gmt":"2025-07-12T11:34:29","guid":{"rendered":"https:\/\/whizzopet.hu\/?post_type=product&#038;p=12098"},"modified":"2026-03-15T12:53:11","modified_gmt":"2026-03-15T11:53:11","slug":"fagyasztva-szaritott-bio-viragpor","status":"publish","type":"product","link":"https:\/\/whizzopet.hu\/sk\/termek\/fagyasztva-szaritott-bio-viragpor\/","title":{"rendered":"Fagyasztva sz\u00e1r\u00edtott BIO vir\u00e1gpor kuty\u00e1nak"},"content":{"rendered":"<h5><strong>Mi\u00e9rt adj vir\u00e1gport a kuty\u00e1dnak?<\/strong><\/h5>\n<p><img loading=\"lazy\" decoding=\"async\" class=\"an1\" draggable=\"false\" src=\"https:\/\/fonts.gstatic.com\/s\/e\/notoemoji\/16.0\/2705\/72.png\" alt=\"\u2705\" width=\"16\" height=\"16\" data-emoji=\"\u2705\" aria-label=\"\u2705\" \/>\u00a0<strong>Term\u00e9szetes immuner\u0151s\u00edt\u0151<br \/>\n<\/strong>A vir\u00e1gpor az egyik leggazdagabb term\u00e9szetes B-vitamin- \u00e9s antioxid\u00e1nsforr\u00e1s, amely t\u00e1mogatja a szervezet ellen\u00e1ll\u00f3k\u00e9pess\u00e9g\u00e9t, seg\u00edti a sejtek regener\u00e1ci\u00f3j\u00e1t, \u00e9s v\u00e9delmet ny\u00fajthat a kr\u00f3nikus gyullad\u00e1sokkal szemben.<\/p>\n<p><img loading=\"lazy\" decoding=\"async\" class=\"an1\" draggable=\"false\" src=\"https:\/\/fonts.gstatic.com\/s\/e\/notoemoji\/16.0\/2705\/72.png\" alt=\"\u2705\" width=\"17\" height=\"17\" data-emoji=\"\u2705\" aria-label=\"\u2705\" \/>\u00a0<strong>Gazdag bioakt\u00edv hat\u00f3anyagokban<br \/>\n<\/strong>A Whizzopet vir\u00e1gpor t\u00f6bb mint 250 biol\u00f3giailag akt\u00edv vegy\u00fcletet tartalmaz:<\/p>\n<ul>\n<li>B-vitamin-komplex (B1, B2, B3, B6, B12) az idegrendszer \u00e9s energiaanyagcsere t\u00e1mogat\u00e1s\u00e1ra<\/li>\n<li>Feh\u00e9rj\u00e9k \u00e9s esszenci\u00e1lis aminosavak a regener\u00e1ci\u00f3\u00e9rt \u00e9s izom\u00e9p\u00edt\u00e9s\u00e9rt<\/li>\n<li>Antioxid\u00e1nsok (pl. flavonoidok, karotinoidok, polifenolok) a sejtek v\u00e9delm\u00e9re<\/li>\n<li>\u00c1sv\u00e1nyi anyagok (cink, magn\u00e9zium, vas, szel\u00e9n) az immun- \u00e9s hormonrendszer m\u0171k\u00f6d\u00e9s\u00e9hez<\/li>\n<\/ul>\n<p><img loading=\"lazy\" decoding=\"async\" class=\"an1\" draggable=\"false\" src=\"https:\/\/fonts.gstatic.com\/s\/e\/notoemoji\/16.0\/2705\/72.png\" alt=\"\u2705\" width=\"16\" height=\"16\" data-emoji=\"\u2705\" aria-label=\"\u2705\" \/>\u00a0<strong>Seg\u00edti az em\u00e9szt\u00e9st \u00e9s b\u00e9lfl\u00f3ra egyens\u00faly\u00e1t<br \/>\n<\/strong>A term\u00e9szetes enzim- \u00e9s rosttartalom hozz\u00e1j\u00e1rulhat az eg\u00e9szs\u00e9ges em\u00e9szt\u00e9shez, a jobb t\u00e1panyagfelsz\u00edv\u00f3d\u00e1shoz, \u00e9s a b\u00e9lmikrobiom t\u00e1mogat\u00e1s\u00e1hoz.<\/p>\n<p><img loading=\"lazy\" decoding=\"async\" class=\"an1\" draggable=\"false\" src=\"https:\/\/fonts.gstatic.com\/s\/e\/notoemoji\/16.0\/2705\/72.png\" alt=\"\u2705\" width=\"16\" height=\"16\" data-emoji=\"\u2705\" aria-label=\"\u2705\" \/>\u00a0<strong>T\u00e1mogatja a sz\u0151r \u00e9s b\u0151r eg\u00e9szs\u00e9g\u00e9t<\/strong><br \/>\nA vir\u00e1gpor t\u00e1panyagai seg\u00edthetik a sz\u0151r d\u00fasul\u00e1s\u00e1t, a b\u0151r regener\u00e1ci\u00f3j\u00e1t \u00e9s a vedl\u00e9si id\u0151szak enyh\u00edt\u00e9s\u00e9t.<\/p>\n<p><strong>Mit\u0151l k\u00fcl\u00f6nleges a Whizzopet vir\u00e1gpor?<\/strong><\/p>\n<ul>\n<li>Saj\u00e1t m\u00e9h\u00e9szetb\u0151l \u2013 garant\u00e1lt min\u0151s\u00e9g \u00e9s nyomon k\u00f6vethet\u0151s\u00e9g<\/li>\n<li>Fagyasztva sz\u00e1r\u00edtott \u2013 a hat\u00f3anyagok 90\u201395%-a v\u00e1ltozatlanul megmarad<\/li>\n<li>Bio \u2013 semmilyen vegyszert, szennyez\u0151 anyagot nem tartalmaz<\/li>\n<\/ul>\n<p><strong>Mi\u00e9rt fagyasztva sz\u00e1r\u00edtott?<br \/>\n<\/strong>A liofiliz\u00e1l\u00e1s az egyik legk\u00edm\u00e9letesebb tart\u00f3s\u00edt\u00e1si m\u00f3dszer, amely meg\u0151rzi a vir\u00e1gpor bioakt\u00edv anyagainak ak\u00e1r 90\u201395%-\u00e1t, ellent\u00e9tben a h\u0151kezel\u00e9ssel.<\/p>\n<p><strong>Komu odpor\u00fa\u010dame<\/strong><\/p>\n<p><img loading=\"lazy\" decoding=\"async\" class=\"an1\" draggable=\"false\" src=\"https:\/\/fonts.gstatic.com\/s\/e\/notoemoji\/16.0\/2714_fe0f\/72.png\" alt=\"\u2714\ufe0f\" width=\"17\" height=\"17\" data-emoji=\"\u2714\ufe0f\" aria-label=\"\u2714\ufe0f\" \/>\u00a0K\u00f6ly\u00f6kkuty\u00e1knak az eg\u00e9szs\u00e9ges fejl\u0151d\u00e9s t\u00e1mogat\u00e1s\u00e1ra<\/p>\n<p><img loading=\"lazy\" decoding=\"async\" class=\"an1\" draggable=\"false\" src=\"https:\/\/fonts.gstatic.com\/s\/e\/notoemoji\/16.0\/2714_fe0f\/72.png\" alt=\"\u2714\ufe0f\" width=\"17\" height=\"17\" data-emoji=\"\u2714\ufe0f\" aria-label=\"\u2714\ufe0f\" \/>\u00a0Feln\u0151tt kuty\u00e1knak immuner\u0151s\u00edt\u00e9sre, \u00e1ltal\u00e1nos vitalit\u00e1sra<\/p>\n<p><img loading=\"lazy\" decoding=\"async\" class=\"an1\" draggable=\"false\" src=\"https:\/\/fonts.gstatic.com\/s\/e\/notoemoji\/16.0\/2714_fe0f\/72.png\" alt=\"\u2714\ufe0f\" width=\"17\" height=\"17\" data-emoji=\"\u2714\ufe0f\" aria-label=\"\u2714\ufe0f\" \/>\u00a0Id\u0151sebb vagy \u00e9rz\u00e9keny kuty\u00e1knak regener\u00e1ci\u00f3hoz, gyullad\u00e1scs\u00f6kkent\u00e9shez<\/p>\n<p><img loading=\"lazy\" decoding=\"async\" class=\"an1\" draggable=\"false\" src=\"https:\/\/fonts.gstatic.com\/s\/e\/notoemoji\/16.0\/2714_fe0f\/72.png\" alt=\"\u2714\ufe0f\" width=\"17\" height=\"17\" data-emoji=\"\u2714\ufe0f\" aria-label=\"\u2714\ufe0f\" \/>\u00a0Sport- \u00e9s munkakuty\u00e1knak term\u00e9szetes energiat\u00e1mogat\u00e1sra<\/p>\n<p><img loading=\"lazy\" decoding=\"async\" class=\"an1\" draggable=\"false\" src=\"https:\/\/fonts.gstatic.com\/s\/e\/notoemoji\/16.0\/2714_fe0f\/72.png\" alt=\"\u2714\ufe0f\" width=\"17\" height=\"17\" data-emoji=\"\u2714\ufe0f\" aria-label=\"\u2714\ufe0f\" \/>\u00a0T\u00e1ppal vagy BARF-fal etetett kuty\u00e1knak egyar\u00e1nt<\/p>\n<p><strong>Adagol\u00e1s (\u00e9telbe keverve):<\/strong><\/p>\n<p>10 kg tests\u00falyonk\u00e9nt 1 mokk\u00e1skan\u00e1l (napi 0,2\u20130,4 g)<\/p>\n<p>K\u00faraszer\u0171 alkalmaz\u00e1s javasolt: 4\u20136 h\u00e9t, \u00e9vente 2\u20133 alkalommal.<\/p>\n<p>6 h\u00f3napos kort\u00f3l adhat\u00f3. Az els\u0151 5\u20137 napban vezess\u00fck be fokozatosan.<\/p>\n<p><strong style=\"color: #1aa145;\">Je d\u00f4le\u017eit\u00e9, aby ste nikdy nenech\u00e1vali psa pri \u017euvan\u00ed bez dozoru.<\/strong><\/p>","protected":false},"excerpt":{"rendered":"<p><strong>Term\u00e9szetes immuner\u0151s\u00edt\u0151 kuty\u00e1knak saj\u00e1t m\u00e9h\u00e9szet\u00fcnkb\u0151l.<\/strong><\/p>\n<p>Vitaminokban, aminosavakban \u00e9s antioxid\u00e1nsokban gazdag szuper\u00e9lelmiszer, 100% fagyasztva sz\u00e1r\u00edtott form\u00e1ban.<\/p>\n<p><strong>Balenie:<br \/>\n<\/strong><strong>100 g \u2013 ami kb. 90\u2013120 napi adag tests\u00falyt\u00f3l f\u00fcgg\u0151en<br \/>\nT\u00f6bb mint 3 h\u00f3napra elegend\u0151!<\/strong><\/p>","protected":false},"featured_media":12099,"comment_status":"open","ping_status":"closed","template":"","meta":{"inline_featured_image":false},"product_brand":[],"product_cat":[50],"product_tag":[],"class_list":{"0":"post-12098","1":"product","2":"type-product","3":"status-publish","4":"has-post-thumbnail","6":"product_cat-kutya-taplalekkiegeszito","7":"infinite-scroll-item","8":"sales-flash-overlay","9":"woocommerce-text-align-center","10":"woocommerce-image-align-center","11":"do-quantity-buttons","13":"first","14":"instock","15":"taxable","16":"shipping-taxable","17":"purchasable","18":"product-type-simple"},"_links":{"self":[{"href":"https:\/\/whizzopet.hu\/sk\/wp-json\/wp\/v2\/product\/12098","targetHints":{"allow":["GET"]}}],"collection":[{"href":"https:\/\/whizzopet.hu\/sk\/wp-json\/wp\/v2\/product"}],"about":[{"href":"https:\/\/whizzopet.hu\/sk\/wp-json\/wp\/v2\/types\/product"}],"replies":[{"embeddable":true,"href":"https:\/\/whizzopet.hu\/sk\/wp-json\/wp\/v2\/comments?post=12098"}],"wp:featuredmedia":[{"embeddable":true,"href":"https:\/\/whizzopet.hu\/sk\/wp-json\/wp\/v2\/media\/12099"}],"wp:attachment":[{"href":"https:\/\/whizzopet.hu\/sk\/wp-json\/wp\/v2\/media?parent=12098"}],"wp:term":[{"taxonomy":"product_brand","embeddable":true,"href":"https:\/\/whizzopet.hu\/sk\/wp-json\/wp\/v2\/product_brand?post=12098"},{"taxonomy":"product_cat","embeddable":true,"href":"https:\/\/whizzopet.hu\/sk\/wp-json\/wp\/v2\/product_cat?post=12098"},{"taxonomy":"product_tag","embeddable":true,"href":"https:\/\/whizzopet.hu\/sk\/wp-json\/wp\/v2\/product_tag?post=12098"}],"curies":[{"name":"wp","href":"https:\/\/api.w.org\/{rel}","templated":true}]}}