{"id":11957,"date":"2025-07-03T16:45:46","date_gmt":"2025-07-03T14:45:46","guid":{"rendered":"https:\/\/whizzopet.hu\/?post_type=product&#038;p=11957"},"modified":"2026-01-22T17:46:12","modified_gmt":"2026-01-22T16:46:12","slug":"liofilizalt-marhahus-kutyaknak","status":"publish","type":"product","link":"https:\/\/whizzopet.hu\/sk\/termek\/liofilizalt-marhahus-kutyaknak\/","title":{"rendered":"100% liofiliz\u00e1lt marhah\u00fas- exclusive jutalomfalat kuty\u00e1knak"},"content":{"rendered":"<h1>100% liofiliz\u00e1lt marhah\u00fas kuty\u00e1knak \u2013 ultra term\u00e9szetes jutalomfalat<\/h1>\n<p>A Whizzopet 100% liofiliz\u00e1lt marhah\u00fas egy term\u00e9szetes, adal\u00e9kanyagokt\u00f3l mentes jutalomfalat, amely a lehet\u0151 legk\u00edm\u00e9letesebb m\u00f3don k\u00e9sz\u00fcl. A liofiliz\u00e1l\u00e1s, m\u00e1s n\u00e9ven fagyasztva sz\u00e1r\u00edt\u00e1s sor\u00e1n a friss marhah\u00fast el\u0151sz\u00f6r m\u00e9lyfagyasztj\u00e1k, majd v\u00e1kuumban elt\u00e1vol\u00edtj\u00e1k bel\u0151le a vizet. Ennek a technol\u00f3gi\u00e1nak k\u00f6sz\u00f6nhet\u0151en a h\u00fas meg\u0151rzi eredeti t\u00e1p\u00e9rt\u00e9k\u00e9t, vitamin- \u00e9s \u00e1sv\u00e1nyianyag-tartalm\u00e1t, mik\u00f6zben k\u00f6nny\u0171, roppan\u00f3s \u00e9s hosszan eltarthat\u00f3 falatokk\u00e1 v\u00e1lik.<\/p>\n<p>Ez a m\u00f3dszer k\u00fcl\u00f6n\u00f6sen \u00e9rt\u00e9kes, mert a h\u0151kezel\u00e9s sor\u00e1n elboml\u00f3 hat\u00f3anyagok \u2013 p\u00e9ld\u00e1ul h\u0151\u00e9rz\u00e9keny vitaminok \u00e9s aminosavak \u2013 a liofiliz\u00e1l\u00e1sn\u00e1l szinte teljes m\u00e9rt\u00e9kben megmaradnak. \u00cdgy minden falat olyan, mintha friss h\u00fasb\u00f3l adtad volna kuty\u00e1dnak.<\/p>\n<h2>Mi\u00e9rt v\u00e1laszd a liofiliz\u00e1lt marhah\u00fast?<\/h2>\n<p>A fagyasztva sz\u00e1r\u00edtott marhah\u00fas intenz\u00edv illat\u00e1val \u00e9s \u00edz\u00e9vel azonnal motiv\u00e1lja a kuty\u00e1kat. Edz\u00e9shez, jutalmaz\u00e1shoz \u00e9s ak\u00e1r v\u00e1logat\u00f3s kedvencek sz\u00e1m\u00e1ra is ide\u00e1lis. A falatok k\u00f6nnyen t\u00f6rhet\u0151k, \u00edgy egyszer\u0171en adagolhat\u00f3k tr\u00e9ninghelyzetben is.<\/p>\n<p>A marhah\u00fas kiv\u00e1l\u00f3 min\u0151s\u00e9g\u0171 feh\u00e9rjeforr\u00e1s, amely t\u00e1mogatja az izomzat fel\u00e9p\u00edt\u00e9s\u00e9t, az immunrendszer m\u0171k\u00f6d\u00e9s\u00e9t \u00e9s a regener\u00e1ci\u00f3t. A term\u00e9szetes aminosavak, k\u00f6zt\u00fck az esszenci\u00e1lisak, elengedhetetlenek a kutya eg\u00e9szs\u00e9ges fejl\u0151d\u00e9s\u00e9hez \u00e9s vitalit\u00e1s\u00e1hoz.<\/p>\n<h2>Hogyan haszn\u00e1lhatod?<\/h2>\n<ul>\n<li>Tr\u00e9ninghez \u00e9s tan\u00edt\u00e1shoz: kis m\u00e9rete \u00e9s er\u0151s arom\u00e1ja miatt t\u00f6k\u00e9letes motiv\u00e1ci\u00f3.<\/li>\n<li>BARF \u00e9trendhez: a nyersetet\u00e9s mell\u00e9 ide\u00e1lis kieg\u00e9sz\u00edt\u0151, mivel term\u00e9szetes \u00e9s k\u00f6nnyen em\u00e9szthet\u0151.<\/li>\n<li>Mindennapi jutalomnak: v\u00e1logat\u00f3s kuty\u00e1k is sz\u00edvesen elfogadj\u00e1k.<\/li>\n<\/ul>\n<p>Mindig biztos\u00edts friss iv\u00f3vizet a kuty\u00e1dnak, ha liofiliz\u00e1lt falatokat kap.<\/p>\n<h2>Tudtad, hogyan m\u0171k\u00f6dik a liofiliz\u00e1l\u00e1s?<\/h2>\n<p>A liofiliz\u00e1l\u00e1s sor\u00e1n a h\u00fasb\u00f3l a v\u00edz elp\u00e1rologtat\u00e1sa nem h\u0151vel, hanem v\u00e1kuummal t\u00f6rt\u00e9nik. Ez az elj\u00e1r\u00e1s garant\u00e1lja, hogy a feh\u00e9rj\u00e9k, vitaminok \u00e9s \u00e1sv\u00e1nyi anyagok szinte v\u00e1ltozatlan form\u00e1ban megmaradjanak. A folyamat eredm\u00e9nye egy k\u00f6nny\u0171, por\u00f3zus falat, amelynek \u00edz- \u00e9s illatanyagai sokkal er\u0151teljesebbek, mint a hagyom\u00e1nyos sz\u00e1r\u00edtott jutalomfalatok eset\u00e9ben.<\/p>\n<p>Ez nem csup\u00e1n \u00e9lvezetess\u00e9 teszi a falatot, hanem funkcion\u00e1liss\u00e1 is:<\/p>\n<ul>\n<li>Magas biol\u00f3giai \u00e9rt\u00e9k\u0171 feh\u00e9rj\u00e9ket tartalmaz, amelyek t\u00e1mogatj\u00e1k az izomzat fenntart\u00e1s\u00e1t.<\/li>\n<li>Term\u00e9szetes vitaminforr\u00e1s, k\u00fcl\u00f6n\u00f6sen B-vitaminokban gazdag.<\/li>\n<li>\u00c1sv\u00e1nyianyag-tartalma (pl. vas, cink) hozz\u00e1j\u00e1rul az eg\u00e9szs\u00e9ges anyagcser\u00e9hez \u00e9s a j\u00f3 kond\u00edci\u00f3hoz.<\/li>\n<\/ul>\n<p>A Whizzopet liofiliz\u00e1lt marhah\u00fas teh\u00e1t nem egyszer\u0171 nasi, hanem olyan szuper\u00e9lelmiszer jelleg\u0171 jutalomfalat, amely a kutya \u00e9trendj\u00e9t val\u00f3ban gazdag\u00edtja.<\/p>\n<h2>Komu odpor\u00fa\u010dame<\/h2>\n<ul>\n<li>Akt\u00edv, sportol\u00f3 kuty\u00e1knak, akiknek extra feh\u00e9rj\u00e9re \u00e9s gyorsan hasznos\u00edthat\u00f3 energi\u00e1ra van sz\u00fcks\u00e9g\u00fck.<\/li>\n<li>V\u00e1logat\u00f3s kuty\u00e1knak, akikn\u00e9l fontos a k\u00fcl\u00f6nlegesen intenz\u00edv \u00edz\u00e9lm\u00e9ny.<\/li>\n<li>Olyan gazdiknak, akik a term\u00e9szetes, eg\u00e9szs\u00e9ges jutalomfalatokat keresik, kompromisszumok n\u00e9lk\u00fcl.<\/li>\n<\/ul>\n<p>&nbsp;<\/p>\n<h2>\u00d6sszet\u00e9tel \u00e9s t\u00e1p\u00e9rt\u00e9k<\/h2>\n<p>100 % marhah\u00fas<br \/>\nNincs benne gabona, tart\u00f3s\u00edt\u00f3szer, mesters\u00e9ges \u00edzfokoz\u00f3 vagy sz\u00ednez\u00e9k.<\/p>\n<h2>T\u00e1rol\u00e1s<\/h2>\n<p>Szobah\u0151m\u00e9rs\u00e9kleten is hosszan eltarthat\u00f3. A felbontott csomagot mindig z\u00e1rd vissza gondosan, \u00e9s tartsd sz\u00e1raz, h\u0171v\u00f6s helyen, \u00edgy a falatok sok\u00e1ig meg\u0151rzik roppan\u00f3s text\u00far\u00e1jukat \u00e9s intenz\u00edv illatukat.<\/p>\n<p>A Whizzopet 100% liofiliz\u00e1lt marhah\u00fas teh\u00e1t t\u00e1pl\u00e1l\u00f3, biztons\u00e1gos \u00e9s ellen\u00e1llhatatlanul finom falat, amely egyszerre szolg\u00e1lja kuty\u00e1d eg\u00e9szs\u00e9g\u00e9t \u00e9s boldogs\u00e1g\u00e1t.<\/p>\n<p>Ha ink\u00e1bb a klasszikus, leveg\u0151n sz\u00e1r\u00edtott jutalomfalatokat keresed, pr\u00f3b\u00e1ld ki a Whizzopet <a title=\"Term\u00e9szetes sz\u00e1r\u00edtott marhanyel\u0151cs\u0151 jutalomfalat kuty\u00e1knak\" href=\"https:\/\/whizzopet.hu\/sk\/produkt\/szaritott-marha-nyelocso-jerky\/?wmc-currency=EUR\" target=\"_blank\" rel=\"noopener\">Whizzopet sz\u00e1r\u00edtott marhanyel\u0151cs\u0151 kuty\u00e1knak<\/a><\/p>\n<p>is- term\u00e9szetes, hosszan r\u00e1ghat\u00f3 jutalom, amely t\u00f6k\u00e9letesen kieg\u00e9sz\u00edti a liofiliz\u00e1lt finoms\u00e1gokat.<\/p>\n<p>Ha sz\u00edvesen olvasn\u00e1l a fagyasztva sz\u00e1r\u00edtott jutalomfalatok el\u0151nyeir\u0151l, olvasd el a<a href=\"https:\/\/petsy.online\/blogs\/learn-with-petsy\/everything-you-need-to-know-about-freeze-dried-treats-for-dogs?srsltid=AfmBOor7DfJDLuzGuTVQnffT_ctdIvFHP_y3BXa6bH0ZX-DCHC4VJU1n\" target=\"_blank\" rel=\"noopener\"> Petsy: Everything you need to know about freeze-dried dog treats<\/a> cikk\u00e9t.<\/p>\n<p><strong style=\"color: #1aa145;\">Je d\u00f4le\u017eit\u00e9, aby ste nikdy nenech\u00e1vali psa pri \u017euvan\u00ed bez dozoru.<\/strong><\/p>","protected":false},"excerpt":{"rendered":"<p>Pr\u00e9mium liofiliz\u00e1lt marhah\u00fas kuty\u00e1knak- 100% h\u00fas, k\u00edm\u00e9letes fagyasztva sz\u00e1r\u00edtott technol\u00f3gi\u00e1val. Intenz\u00edv aroma, magas t\u00e1p\u00e9rt\u00e9k.<\/p>\n<p>Kiszerel\u00e9s: 60g<\/p>","protected":false},"featured_media":12093,"comment_status":"open","ping_status":"closed","template":"","meta":{"inline_featured_image":false},"product_brand":[],"product_cat":[37],"product_tag":[],"class_list":{"0":"post-11957","1":"product","2":"type-product","3":"status-publish","4":"has-post-thumbnail","6":"product_cat-jutalomfalatok","7":"infinite-scroll-item","8":"sales-flash-overlay","9":"woocommerce-text-align-center","10":"woocommerce-image-align-center","11":"do-quantity-buttons","13":"first","14":"instock","15":"taxable","16":"shipping-taxable","17":"purchasable","18":"product-type-simple"},"_links":{"self":[{"href":"https:\/\/whizzopet.hu\/sk\/wp-json\/wp\/v2\/product\/11957","targetHints":{"allow":["GET"]}}],"collection":[{"href":"https:\/\/whizzopet.hu\/sk\/wp-json\/wp\/v2\/product"}],"about":[{"href":"https:\/\/whizzopet.hu\/sk\/wp-json\/wp\/v2\/types\/product"}],"replies":[{"embeddable":true,"href":"https:\/\/whizzopet.hu\/sk\/wp-json\/wp\/v2\/comments?post=11957"}],"wp:featuredmedia":[{"embeddable":true,"href":"https:\/\/whizzopet.hu\/sk\/wp-json\/wp\/v2\/media\/12093"}],"wp:attachment":[{"href":"https:\/\/whizzopet.hu\/sk\/wp-json\/wp\/v2\/media?parent=11957"}],"wp:term":[{"taxonomy":"product_brand","embeddable":true,"href":"https:\/\/whizzopet.hu\/sk\/wp-json\/wp\/v2\/product_brand?post=11957"},{"taxonomy":"product_cat","embeddable":true,"href":"https:\/\/whizzopet.hu\/sk\/wp-json\/wp\/v2\/product_cat?post=11957"},{"taxonomy":"product_tag","embeddable":true,"href":"https:\/\/whizzopet.hu\/sk\/wp-json\/wp\/v2\/product_tag?post=11957"}],"curies":[{"name":"wp","href":"https:\/\/api.w.org\/{rel}","templated":true}]}}