{"id":11845,"date":"2025-06-29T19:08:30","date_gmt":"2025-06-29T17:08:30","guid":{"rendered":"https:\/\/whizzopet.hu\/?post_type=product&#038;p=11845"},"modified":"2026-04-17T09:30:17","modified_gmt":"2026-04-17T07:30:17","slug":"marha-nyelocso-jutalomfalat-kutyaknak","status":"publish","type":"product","link":"https:\/\/whizzopet.hu\/sk\/termek\/marha-nyelocso-jutalomfalat-kutyaknak\/","title":{"rendered":"Sz\u00e1r\u00edtott marha nyel\u0151cs\u0151 jutalomfalat kuty\u00e1knak"},"content":{"rendered":"<p><strong>A marha nyel\u0151cs\u0151<\/strong> a t\u00e1pcsatorna izmos fal\u00fa szakasza, melyet er\u0151s k\u00f6t\u0151sz\u00f6veti rostok, simaizom- \u00e9s har\u00e1ntcs\u00edkolt izomr\u00e9tegek \u00e9s kev\u00e9s zs\u00edrsz\u00f6vet alkot.<\/p>\n<p>A sz\u00e1r\u00edt\u00e1si folyamat sor\u00e1n az izomfeh\u00e9rj\u00e9k, kollag\u00e9n \u00e9s egy\u00e9b k\u00f6t\u0151sz\u00f6veti elemek koncentr\u00e1l\u00f3dnak, \u00edgy a marha nyel\u0151cs\u0151 nemcsak \u00edzletes, hanem funkcion\u00e1lis szempontb\u00f3l is \u00e9rt\u00e9kes t\u00e1pl\u00e1l\u00e9kkieg\u00e9sz\u00edt\u0151k\u00e9nt alkalmazhat\u00f3.<br \/>\n<strong><br \/>\nTerm\u00e9szetes kollag\u00e9n- \u00e9s k\u00f6t\u0151sz\u00f6veti feh\u00e9rjeforr\u00e1s:<\/strong><br \/>\nA marha nyel\u0151cs\u0151 jelent\u0151s mennyis\u00e9g\u0171 kollag\u00e9nt \u00e9s k\u00f6t\u0151sz\u00f6veti feh\u00e9rj\u00e9t tartalmaz, amelyek az \u00edz\u00fcletek, a b\u0151r, a sz\u0151r, a k\u00f6r\u00f6m \u00e9s a k\u00f6t\u0151sz\u00f6vetek norm\u00e1l szerkezet\u00e9nek \u00e9s m\u0171k\u00f6d\u00e9s\u00e9nek fenntart\u00e1s\u00e1hoz sz\u00fcks\u00e9gesek.<\/p>\n<p><strong>Feh\u00e9rje- \u00e9s energiaforr\u00e1s:<\/strong><br \/>\nA nyel\u0151cs\u0151 sz\u00e1r\u00edtott form\u00e1ban koncentr\u00e1lt, j\u00f3l em\u00e9szthet\u0151 \u00e1llati eredet\u0171 feh\u00e9rj\u00e9t biztos\u00edt, amely esszenci\u00e1lis aminosavak r\u00e9v\u00e9n hozz\u00e1j\u00e1rul az izomzat fenntart\u00e1s\u00e1hoz, a b\u0151r \u00e9s sz\u0151r anyagcser\u00e9j\u00e9hez, valamint az \u00e1ltal\u00e1nos vitalit\u00e1shoz.<\/p>\n<p><strong>Sz\u00e1jhigi\u00e9niai t\u00e1mogat\u00e1s:<\/strong><br \/>\nA term\u00e9szetes r\u00e1g\u00e1s sor\u00e1n a nyel\u0151cs\u0151 ropog\u00f3s text\u00far\u00e1ja seg\u00edthet a fogak fel\u00fclet\u00e9nek mechanikai tiszt\u00edt\u00e1s\u00e1ban, valamint a fog\u00edny massz\u00edroz\u00e1s\u00e1ban, hozz\u00e1j\u00e1rulva ezzel a sz\u00e1jhigi\u00e9nia fenntart\u00e1s\u00e1hoz.<\/p>\n<p><strong>Ment\u00e1lis lef\u00e1raszt\u00e1s:<\/strong><br \/>\nA r\u00e1g\u00e1s \u00f6szt\u00f6n\u00f6sen megnyugtatja a kuty\u00e1t, t\u00e1mogatja a term\u00e9szetes r\u00e1g\u00e1si \u00f6szt\u00f6n kiel\u00e9g\u00edt\u00e9s\u00e9t, \u00e9s seg\u00edthet a stressz cs\u00f6kkent\u00e9s\u00e9ben, a ment\u00e1lis j\u00f3l\u00e9t fenntart\u00e1s\u00e1ban.<\/p>\n<p><strong>Alacsonyabb zs\u00edrtartalm\u00fa alternat\u00edva:<\/strong><br \/>\nM\u00e1s porcos r\u00e1g\u00f3k\u00e1khoz, p\u00e9ld\u00e1ul l\u00e9gcs\u0151h\u00f6z k\u00e9pest a nyel\u0151cs\u0151 \u00e1ltal\u00e1ban alacsonyabb zs\u00edrtartalm\u00fa, \u00edgy j\u00f3l beilleszthet\u0151 energiaszeg\u00e9nyebb \u00e9trendbe is.<\/p>\n<p><strong>Komu odpor\u00fa\u010dame<\/strong><\/p>\n<ul>\n<li>Minden koroszt\u00e1ly\u00fa kuty\u00e1nak.<\/li>\n<li>K\u00f6ly\u00f6kkuty\u00e1k sz\u00e1m\u00e1ra fogv\u00e1lt\u00e1s ut\u00e1n, fokozatos bevezet\u00e9s mellett.<\/li>\n<li>Akt\u00edv vagy sportol\u00f3 kuty\u00e1knak az \u00edz\u00fcletek \u00e9s a k\u00f6t\u0151sz\u00f6vetek term\u00e9szetes t\u00e1mogat\u00e1s\u00e1ra.<\/li>\n<li>Id\u0151sebb kuty\u00e1knak, ahol a feh\u00e9rjebevitel min\u0151s\u00e9ge kiemelten fontos.<\/li>\n<\/ul>\n<p><strong>Hogyan adhat\u00f3?<\/strong><br \/>\nKieg\u00e9sz\u00edt\u0151 falatk\u00e9nt vagy jutalomk\u00e9nt, heti 1\u20133 alkalommal, a kutya m\u00e9ret\u00e9hez \u00e9s \u00e9trendj\u00e9hez igaz\u00edtva.<\/p>\n<p><strong style=\"color: #1aa145;\">Je d\u00f4le\u017eit\u00e9, aby ste nikdy nenech\u00e1vali psa pri \u017euvan\u00ed bez dozoru.<\/strong><\/p>","protected":false},"excerpt":{"rendered":"<p>Term\u00e9szetes jutalomfalat kuty\u00e1knak, kollag\u00e9n- \u00e9s feh\u00e9rjeforr\u00e1s a b\u0151r, a sz\u0151r, az \u00edz\u00fcletek \u00e9s a k\u00f6t\u0151sz\u00f6vetek t\u00e1mogat\u00e1s\u00e1ra.<\/p>\n<p>Kiszerel\u00e9s: 100g<\/p>","protected":false},"featured_media":13682,"comment_status":"open","ping_status":"closed","template":"","meta":{"inline_featured_image":false},"product_brand":[],"product_cat":[41,37],"product_tag":[],"class_list":{"0":"post-11845","1":"product","2":"type-product","3":"status-publish","4":"has-post-thumbnail","6":"product_cat-kollagen-kutyaknak","7":"product_cat-jutalomfalatok","8":"infinite-scroll-item","9":"sales-flash-overlay","10":"woocommerce-text-align-center","11":"woocommerce-image-align-center","12":"do-quantity-buttons","14":"first","15":"instock","16":"taxable","17":"shipping-taxable","18":"purchasable","19":"product-type-simple"},"_links":{"self":[{"href":"https:\/\/whizzopet.hu\/sk\/wp-json\/wp\/v2\/product\/11845","targetHints":{"allow":["GET"]}}],"collection":[{"href":"https:\/\/whizzopet.hu\/sk\/wp-json\/wp\/v2\/product"}],"about":[{"href":"https:\/\/whizzopet.hu\/sk\/wp-json\/wp\/v2\/types\/product"}],"replies":[{"embeddable":true,"href":"https:\/\/whizzopet.hu\/sk\/wp-json\/wp\/v2\/comments?post=11845"}],"wp:featuredmedia":[{"embeddable":true,"href":"https:\/\/whizzopet.hu\/sk\/wp-json\/wp\/v2\/media\/13682"}],"wp:attachment":[{"href":"https:\/\/whizzopet.hu\/sk\/wp-json\/wp\/v2\/media?parent=11845"}],"wp:term":[{"taxonomy":"product_brand","embeddable":true,"href":"https:\/\/whizzopet.hu\/sk\/wp-json\/wp\/v2\/product_brand?post=11845"},{"taxonomy":"product_cat","embeddable":true,"href":"https:\/\/whizzopet.hu\/sk\/wp-json\/wp\/v2\/product_cat?post=11845"},{"taxonomy":"product_tag","embeddable":true,"href":"https:\/\/whizzopet.hu\/sk\/wp-json\/wp\/v2\/product_tag?post=11845"}],"curies":[{"name":"wp","href":"https:\/\/api.w.org\/{rel}","templated":true}]}}