{"id":11842,"date":"2025-06-29T18:39:50","date_gmt":"2025-06-29T16:39:50","guid":{"rendered":"https:\/\/whizzopet.hu\/?post_type=product&#038;p=11842"},"modified":"2026-02-02T14:44:22","modified_gmt":"2026-02-02T13:44:22","slug":"marhahus-stick-jutalomfalat-kutyaknak","status":"publish","type":"product","link":"https:\/\/whizzopet.hu\/sk\/termek\/marhahus-stick-jutalomfalat-kutyaknak\/","title":{"rendered":"Sz\u00e1r\u00edtott marhah\u00fas stick jutalomfalat kuty\u00e1knak"},"content":{"rendered":"<p><strong>Mi\u00e9rt j\u00f3 a kuty\u00e1nak a sz\u00e1r\u00edtott marhah\u00fas cs\u00edk?<br \/>\n<\/strong>Term\u00e9szetes, teljes \u00e9rt\u00e9k\u0171 feh\u00e9rjeforr\u00e1s. A marhah\u00fas teljes \u00e9rt\u00e9k\u0171 feh\u00e9rj\u00e9t tartalmaz, benne minden esszenci\u00e1lis aminosavval, amely a kutya szervezet\u00e9nek sz\u00fcks\u00e9ges:<\/p>\n<ul>\n<li>izomsz\u00f6vet fenntart\u00e1s\u00e1hoz \u00e9s regener\u00e1ci\u00f3j\u00e1hoz:<\/li>\n<li>b\u0151r \u00e9s sz\u0151r norm\u00e1l anyagcser\u00e9j\u00e9hez<\/li>\n<li>enzimek, hormonok szint\u00e9zis\u00e9hez<\/li>\n<li>\u00e1ltal\u00e1nos vitalit\u00e1s fenntart\u00e1s\u00e1hoz<\/li>\n<\/ul>\n<p><strong>\u00a0Vitaminokban \u00e9s \u00e1sv\u00e1nyi anyagokban gazdag<\/strong><\/p>\n<ul>\n<li>B1 (tiamin), B2 (riboflavin), B3 (niacin), B6 (piridoxin), B12 (kobalamin) \u2192 ezek t\u00e1mogatj\u00e1k az energia-anyagcser\u00e9t, az idegrendszer norm\u00e1l m\u0171k\u00f6d\u00e9s\u00e9t, \u00e9s a b\u0151r, sz\u0151r eg\u00e9szs\u00e9g\u00e9t.<\/li>\n<li>hem-vas \u2192 a kutya szervezete sz\u00e1m\u00e1ra j\u00f3l hasznosul\u00f3 vasforma, amely a norm\u00e1l v\u00e9rk\u00e9pz\u00e9shez elengedhetetlen.<\/li>\n<li>cink \u2192 hozz\u00e1j\u00e1rul a b\u0151r, sz\u0151r, k\u00f6t\u0151sz\u00f6vetek norm\u00e1l \u00e1llapot\u00e1nak fenntart\u00e1s\u00e1hoz.<\/li>\n<\/ul>\n<p><strong>J\u00f3l em\u00e9szthet\u0151, term\u00e9szetes energiaforr\u00e1s<\/strong><\/p>\n<p><strong>A marhah\u00fas term\u00e9szetes zs\u00edrtartalma \u00e9s feh\u00e9rj\u00e9i k\u00f6nnyen em\u00e9szthet\u0151 energi\u00e1t biztos\u00edtanak \u2014 k\u00fcl\u00f6n\u00f6sen hasznos:<\/strong><\/p>\n<ul>\n<li>akt\u00edv, sportol\u00f3 kuty\u00e1knak<\/li>\n<li>fejl\u0151d\u00e9sben l\u00e9v\u0151 k\u00f6lyk\u00f6knek<\/li>\n<li>id\u0151sebb kuty\u00e1knak, ahol a feh\u00e9rjebevitel min\u0151s\u00e9ge kiemelten fontos.<\/li>\n<\/ul>\n<p><strong>Motiv\u00e1l\u00f3 jutalomfalat:<br \/>\n<\/strong>A term\u00e9szetes marhah\u00fas-\u00edz rendk\u00edv\u00fcl vonz\u00f3 a kuty\u00e1k sz\u00e1m\u00e1ra, ez\u00e9rt a sz\u00e1r\u00edtott marhah\u00fas cs\u00edk kiv\u00e1l\u00f3an haszn\u00e1lhat\u00f3 tr\u00e9ningfalatk\u00e9nt vagy egyszer\u0171en jutalomk\u00e9nt a mindennapokban.<\/p>\n<p><strong>Egyszer\u0171, tiszta \u00f6sszet\u00e9tel:<br \/>\n<\/strong>Csak sz\u00e1r\u00edtott marhah\u00fas.<br \/>\nSemmilyen adal\u00e9k, tart\u00f3s\u00edt\u00f3szer vagy mesters\u00e9ges anyag nincs benne.<\/p>\n<p><strong>Komu odpor\u00fa\u010dame<br \/>\n<\/strong>Minden koroszt\u00e1ly\u00fa kuty\u00e1nak \u2014 k\u00f6ly\u00f6kt\u0151l a szeniorig.<br \/>\nAkt\u00edv, sportol\u00f3 vagy nagyobb energiaig\u00e9ny\u0171 kuty\u00e1knak \u2192 term\u00e9szetes feh\u00e9rje- \u00e9s energiaforr\u00e1sk\u00e9nt.<\/p>\n<p><strong>Hogyan adhat\u00f3?<br \/>\n<\/strong>&#8211; Jutalomfalatk\u00e9nt<br \/>\n&#8211; Tr\u00e9ning sor\u00e1n motiv\u00e1ci\u00f3k\u00e9nt<br \/>\n&#8211; Napi \u00e9trend kieg\u00e9sz\u00edt\u00e9sek\u00e9nt, az etet\u00e9si mennyis\u00e9gbe belesz\u00e1m\u00edtva.<\/p>\n<p><strong style=\"color: #1aa145;\">Je d\u00f4le\u017eit\u00e9, aby ste nikdy nenech\u00e1vali psa pri \u017euvan\u00ed bez dozoru.<\/strong><\/p>","protected":false},"excerpt":{"rendered":"<p>Term\u00e9szetes feh\u00e9rjeforr\u00e1s a kutya izomzat\u00e1\u00e9rt, energi\u00e1\u00e9rt \u00e9s vitalit\u00e1s\u00e9rt.<br \/>\nB-vitaminokban gazdag, j\u00f3l em\u00e9szthet\u0151 jutalomfalat.<\/p>\n<p>Kiszerel\u00e9s: 100g<\/p>","protected":false},"featured_media":13685,"comment_status":"open","ping_status":"closed","template":"","meta":{"inline_featured_image":false},"product_brand":[],"product_cat":[37],"product_tag":[],"class_list":{"0":"post-11842","1":"product","2":"type-product","3":"status-publish","4":"has-post-thumbnail","6":"product_cat-jutalomfalatok","7":"infinite-scroll-item","8":"sales-flash-overlay","9":"woocommerce-text-align-center","10":"woocommerce-image-align-center","11":"do-quantity-buttons","13":"first","14":"instock","15":"taxable","16":"shipping-taxable","17":"purchasable","18":"product-type-simple"},"_links":{"self":[{"href":"https:\/\/whizzopet.hu\/sk\/wp-json\/wp\/v2\/product\/11842","targetHints":{"allow":["GET"]}}],"collection":[{"href":"https:\/\/whizzopet.hu\/sk\/wp-json\/wp\/v2\/product"}],"about":[{"href":"https:\/\/whizzopet.hu\/sk\/wp-json\/wp\/v2\/types\/product"}],"replies":[{"embeddable":true,"href":"https:\/\/whizzopet.hu\/sk\/wp-json\/wp\/v2\/comments?post=11842"}],"wp:featuredmedia":[{"embeddable":true,"href":"https:\/\/whizzopet.hu\/sk\/wp-json\/wp\/v2\/media\/13685"}],"wp:attachment":[{"href":"https:\/\/whizzopet.hu\/sk\/wp-json\/wp\/v2\/media?parent=11842"}],"wp:term":[{"taxonomy":"product_brand","embeddable":true,"href":"https:\/\/whizzopet.hu\/sk\/wp-json\/wp\/v2\/product_brand?post=11842"},{"taxonomy":"product_cat","embeddable":true,"href":"https:\/\/whizzopet.hu\/sk\/wp-json\/wp\/v2\/product_cat?post=11842"},{"taxonomy":"product_tag","embeddable":true,"href":"https:\/\/whizzopet.hu\/sk\/wp-json\/wp\/v2\/product_tag?post=11842"}],"curies":[{"name":"wp","href":"https:\/\/api.w.org\/{rel}","templated":true}]}}