{"id":3,"date":"2021-10-05T07:27:32","date_gmt":"2021-10-05T07:27:32","guid":{"rendered":"http:\/\/localhost\/gut-nonwc\/?page_id=3"},"modified":"2024-08-13T13:46:09","modified_gmt":"2024-08-13T11:46:09","slug":"vyhlasenie-o-ochrane-osobnych-udajov","status":"publish","type":"page","link":"https:\/\/whizzopet.hu\/sk\/adatvedelmi-nyilatkozat\/","title":{"rendered":"Vyhl\u00e1senie o ochrane osobn\u00fdch \u00fadajov"},"content":{"rendered":"<div class=\"gb-container gb-container-92934efa\">\n<div class=\"gb-container gb-container-3216b08a\">\n<h1 class=\"wp-block-heading\">Vyhl\u00e1senie o ochrane osobn\u00fdch \u00fadajov<\/h1>\n\n<h4 class=\"wp-block-heading has-text-highlight-color has-text-color has-link-color wp-elements-37c31527e9bee154a6c106259cbe896f\">1. \u00davod<\/h4>\n\n<p class=\"translation-block\">Pre n\u00e1s je ve\u013emi d\u00f4le\u017eit\u00e9 dodr\u017eiava\u0165 aktu\u00e1lne platn\u00e9 predpisy o ochrane osobn\u00fdch \u00fadajov a z\u00e1kony, preto v nasleduj\u00facich odstavcoch podrobne rozoberieme kroky Whizzopet Bt. v oblasti ochrany osobn\u00fdch \u00fadajov, ako aj procesy zberu \u00fadajov. \u00dadaje spravuje spolo\u010dnos\u0165 Whizzopet Bt., ktor\u00e1 je zodpovedn\u00e1 za spracovanie osobn\u00fdch \u00fadajov. Kontaktn\u00e9 \u00fadaje:<br>\n\u2022\tPln\u00fd pr\u00e1vny n\u00e1zov: Whizzopet Bt.<br>\n\u2022\tE-mailov\u00e1 adresa: info@whizzopet.hu<br>\n\u2022\tPo\u0161tov\u00e1 adresa: 3964 P\u00e1cin, Arany J\u00e1nos utca 3.<\/p>\n\n<h4 class=\"wp-block-heading has-text-highlight-color has-text-color has-link-color wp-elements-3831055ce10fc9a60ebcc6aed543a771\">2. AK\u00c9RME S\u00daDNE \u00daDAJE, A PRE\u010cO S\u00da SPRACOV\u00c1VAN\u00c9?<\/h4>\n\n<p class=\"translation-block\">Osobn\u00e9 \u00fadaje s\u00fa tie, ktor\u00e9 umo\u017e\u0148uj\u00fa jednozna\u010dn\u00fa identifik\u00e1ciu jednotlivca. Na webovej str\u00e1nke whizzopet.hu spracov\u00e1vame nasleduj\u00face osobn\u00e9 \u00fadaje s uveden\u00edm pr\u00e1vneho z\u00e1kladu:<br>\nKOMUNIKA\u010cN\u00c9 \u00daDAJE\nTieto \u00fadaje zah\u0155\u0148aj\u00fa ak\u00e9ko\u013evek spr\u00e1vy, ktor\u00e9 n\u00e1m za\u0161lete prostredn\u00edctvom webovej str\u00e1nky, e-mailom, soci\u00e1lnych m\u00e9di\u00ed alebo in\u00fdmi komunika\u010dn\u00fdmi formami. Tieto \u00fadaje spracov\u00e1vame a uchov\u00e1vame, aby sme mohli plni\u0165 objedn\u00e1vky a poskytn\u00fa\u0165 rozhodovacie z\u00e1klady pre pr\u00e1vne n\u00e1roky. Pr\u00e1vny z\u00e1klad spracovania je z\u00e1ujem pou\u017e\u00edvate\u013ea o na\u0161e aktivity, ktor\u00fd sa prejavuje v zaslan\u00fdch spr\u00e1vach.<br>\n<strong>\u00daDAJE O Z\u00c1KAZN\u00cdKOVI<\/strong>\nTieto \u00fadaje zah\u0155\u0148aj\u00fa v\u0161etky inform\u00e1cie t\u00fdkaj\u00face sa n\u00e1kupu produktov a slu\u017eieb, ako napr\u00edklad meno z\u00e1kazn\u00edka, faktura\u010dn\u00e1 a doru\u010dovacia adresa, e-mailov\u00e1 adresa, telef\u00f3nne \u010d\u00edslo, \u00fadaje o zak\u00fapen\u00fdch produktoch. Tieto \u00fadaje spracov\u00e1vame na \u00faspe\u0161n\u00e9 splnenie objedn\u00e1vok a pre pr\u00e1vne spr\u00e1vne z\u00e1znamy o n\u00e1kupoch. Pr\u00e1vny z\u00e1klad spracovania je plnenie zmluvy medzi z\u00e1kazn\u00edkom a Whizzopet Bt. na z\u00e1klade objedn\u00e1vky.<br>\n<strong>\u00daDAJE O POU\u017d\u00cdVATE\u013dOVI<\/strong>\nTieto \u00fadaje zah\u0155\u0148aj\u00fa \u00fadaje generovan\u00e9 po\u010das pou\u017e\u00edvania webovej str\u00e1nky, ktor\u00e9 umo\u017e\u0148uj\u00fa technick\u00fa prev\u00e1dzku str\u00e1nky, udr\u017eanie bezpe\u010dnosti str\u00e1nky, ukladanie z\u00e1loh o aktivit\u00e1ch pou\u017e\u00edvate\u013eov a zabezpe\u010denie pr\u00edstupu k relevantn\u00e9mu obsahu. Pr\u00e1vny z\u00e1klad spracovania je jednozna\u010dn\u00fd z\u00e1ujem pou\u017e\u00edvate\u013ea o na\u0161e aktivity, ktor\u00fd zabezpe\u010duje technick\u00fa prev\u00e1dzku str\u00e1nky.<br>\n<strong>TECHNICK\u00c9 \u00daDAJE<\/strong>\nTieto \u00fadaje zah\u0155\u0148aj\u00fa inform\u00e1cie o pou\u017e\u00edvan\u00ed webovej str\u00e1nky, ako s\u00fa IP adresa, prihlasovacie \u00fadaje, \u00fadaje o prehliada\u010di, \u010das n\u00e1v\u0161tev jednotliv\u00fdch str\u00e1nok, zobrazenia str\u00e1nok a naviga\u010dn\u00e9 cesty, po\u010det a d\u00e1tum n\u00e1v\u0161tev str\u00e1nok, \u010dasov\u00e9 p\u00e1sma a \u00fadaje o zariaden\u00ed, ktor\u00e9 pou\u017e\u00edvate na zobrazenie str\u00e1nky. Tieto \u00fadaje z\u00edskavame prostredn\u00edctvom analytick\u00e9ho softv\u00e9ru. Spracov\u00e1vame ich na anal\u00fdzu spr\u00e1vania pou\u017e\u00edvate\u013eov na str\u00e1nke, na udr\u017eanie bezpe\u010dnosti str\u00e1nky a na hodnotenie \u00fa\u010dinnosti na\u0161ich marketingov\u00fdch rozhodnut\u00ed. Pr\u00e1vny z\u00e1klad spracovania je jednozna\u010dn\u00fd z\u00e1ujem pou\u017e\u00edvate\u013ea o na\u0161e aktivity, ktor\u00fd umo\u017e\u0148uje spracovanie t\u00fdchto \u00fadajov v s\u00falade s bezpe\u010dnostn\u00fdmi po\u017eiadavkami.<br>\n<strong>MARKETINGOV\u00c9 \u00daDAJE<\/strong>\nTieto \u00fadaje zah\u0155\u0148aj\u00fa preferencie n\u00e1v\u0161tevn\u00edkov t\u00fdkaj\u00face sa marketingov\u00e9ho obsahu, ktor\u00fd chc\u00fa prij\u00edma\u0165. Tieto \u00fadaje spracov\u00e1vame, aby sme umo\u017enili \u00fa\u010das\u0165 na s\u00fa\u0165a\u017eiach a zasielali reklamy na produkty\/slu\u017eby, o ktor\u00e9 sa pou\u017e\u00edvate\u013e zauj\u00edma. Pr\u00e1vny z\u00e1klad spracovania je jednozna\u010dn\u00fd z\u00e1ujem pou\u017e\u00edvate\u013ea o na\u0161e aktivity, \u010do n\u00e1m umo\u017e\u0148uje spracov\u00e1va\u0165 tieto \u00fadaje v s\u00falade s bezpe\u010dnostn\u00fdmi po\u017eiadavkami a vyu\u017ei\u0165 ich na roz\u0161\u00edrenie podnikania a efekt\u00edvnej\u0161\u00ed chod.<br>\n<strong>ZBER CITLIV\u00ddCH \u00daDAJOV<\/strong>\nPo\u010das na\u0161ich aktiv\u00edt nezbierame citliv\u00e9 \u00fadaje, ako s\u00fa etnick\u00fd p\u00f4vod, n\u00e1bo\u017eensk\u00e9 presved\u010denie, sexu\u00e1lny \u017eivot a orient\u00e1cia, politick\u00e9 n\u00e1zory, odborov\u00e9 \u010dlenstvo, alebo \u00fadaje o zdravotnom stave, genetick\u00e9 \u010di biometrick\u00e9 inform\u00e1cie.<\/p>\n\n<h4 class=\"wp-block-heading has-text-highlight-color has-text-color has-link-color wp-elements-fa1318a289e3aae607798e5a0a71da55\">3. AKO ZBIERAME \u00daDAJE?<\/h4>\n\n<p>Osobn\u00e9 \u00fadaje m\u00f4\u017eeme zbiera\u0165 priamo od pou\u017e\u00edvate\u013ea, ktor\u00fd n\u00e1m ich poskytne (napr\u00edklad pri zad\u00e1van\u00ed objedn\u00e1vky alebo odosielan\u00ed spr\u00e1vy). Okrem toho, niektor\u00e9 \u00fadaje s\u00fa automaticky zbieran\u00e9 pri pou\u017e\u00edvan\u00ed str\u00e1nky, napr\u00edklad pomocou tzv. \"cookie\" s\u00faborov a podobn\u00fdch technol\u00f3gi\u00ed. Tieto technol\u00f3gie sa aktivuj\u00fa a\u017e po z\u00edskan\u00ed s\u00fahlasu pou\u017e\u00edvate\u013ea. Pre viac inform\u00e1ci\u00ed si pros\u00edm pre\u010d\u00edtajte na\u0161e Vyhl\u00e1senie o s\u00faboroch cookie.\nUr\u010dit\u00e9 \u00fadaje m\u00f4\u017eeme prij\u00edma\u0165 aj od extern\u00fdch partnerov, ako s\u00fa analytick\u00e9 slu\u017eby (napr\u00edklad Google, partner mimo E\u00da), reklamn\u00e9 siete (ako Facebook\u2122, partner mimo E\u00da), a poskytovatelia platobn\u00fdch slu\u017eieb (ako PayPal, partner mimo E\u00da, a Barion).<\/p>\n\n<h4 class=\"wp-block-heading has-text-highlight-color has-text-color has-link-color wp-elements-377a446bc750897bdf58f67c5903f8d8\">4. NA\u0160E PRAKTICK\u00c9 KROKY V OBLASTI OCHRANY OSOBN\u00ddCH \u00daDAJOV<\/h4>\n\n<p>Pre Whizzopet Bt. je mimoriadne d\u00f4le\u017eit\u00e1 ochrana \u00fadajov pou\u017e\u00edvate\u013eov a s\u00falad s platn\u00fdmi predpismi. Preto sme po vykonan\u00ed pos\u00fadenia vplyvu na ochranu \u00fadajov na str\u00e1nke vytvorili zoznam zhroma\u017eden\u00fdch \u00fadajov, ich nevyhnutnosti, pr\u00e1vneho z\u00e1kladu a pr\u00e1vnej zhody.<\/p>\n\n<ul class=\"wp-block-list\"><li>Ochrana \u00fadajov na formul\u00e1roch a str\u00e1nkach: Na ochranu \u00fadajov, ktor\u00e9 s\u00fa zadan\u00e9 na formul\u00e1roch alebo vytvoren\u00e9 po\u010das pou\u017e\u00edvania str\u00e1nky, pou\u017e\u00edvame SSL certifik\u00e1ciu na celom webe (certifik\u00e1cia Let\u2019s Encrypt Authority X3).<\/li>\n\n<li>Ochrana proti \u00fatokom: Na ochranu str\u00e1nky pred \u00fatokmi pou\u017e\u00edvame pr\u00e9miov\u00fd bezpe\u010dnostn\u00fd softv\u00e9r (iThemes Security Pro), ktor\u00fd n\u00e1s chr\u00e1ni pred tzv. \u201ebrute force\u201c a v\u00edrusov\u00fdmi \u00fatokmi a zabezpe\u010duje ochranu ulo\u017een\u00fdch \u00fadajov.<\/li>\n\n<li>\u0160ifrovanie \u00fadajov: \u00dadaje o n\u00e1kupoch a pou\u017e\u00edvate\u013eoch s\u00fa ulo\u017een\u00e9 v datab\u00e1zach v \u0161ifrovanej forme (pseudoanonymizovan\u00e9), tak\u017ee nie s\u00fa \u010ditate\u013en\u00e9 pre tretie strany.<\/li>\n\n<li>Inform\u00e1cie a pr\u00e1va pou\u017e\u00edvate\u013eov: V tejto ochrane osobn\u00fdch \u00fadajov poskytujeme pou\u017e\u00edvate\u013eom mo\u017enos\u0165 z\u00edska\u0165 inform\u00e1cie o spracovan\u00ed ich osobn\u00fdch \u00fadajov, ako aj o ich zmene alebo vymazan\u00ed prostredn\u00edctvom formul\u00e1rov.\n\u2022\tZdie\u013eanie \u00fadajov s extern\u00fdmi poskytovate\u013emi:<\/li><\/ul>\n\n<p>V pr\u00edpade, \u017ee je to nevyhnutn\u00e9 pre na\u0161u obchodn\u00fa \u010dinnos\u0165, m\u00f4\u017eeme poskytn\u00fa\u0165 \u00fadaje na\u0161im poskytovate\u013eom slu\u017eieb (napr\u00edklad poskytovate\u013eom hostingu, kuri\u00e9rskym spolo\u010dnostiam, softv\u00e9rom na posielanie newsletterov). V\u017edy vyber\u00e1me partnerov, ktor\u00ed sp\u013a\u0148aj\u00fa po\u017eiadavky GDPR a v pr\u00edpade partnerov zo USA zabezpe\u010dujeme \u00fa\u010das\u0165 v iniciat\u00edve EU-US Privacy Shield a podpisujeme zmluvu o spracovan\u00ed \u00fadajov, \u010d\u00edm zabezpe\u010dujeme zodpovedn\u00e9 spracovanie \u00fadajov.<\/p>\n\n<h4 class=\"wp-block-heading has-text-highlight-color has-text-color has-link-color wp-elements-fd2e04a34b4cf63b20be0f15eedff410\">5. MARKETINGOV\u00c1 KOMUNIK\u00c1CIA<\/h4>\n\n<p>Marketingov\u00e1 komunik\u00e1cia je nevyhnutnou s\u00fa\u010das\u0165ou podnikate\u013eskej \u010dinnosti. Pr\u00e1vny z\u00e1klad spracovania \u00fadajov v r\u00e1mci tejto komunik\u00e1cie je bu\u010f prejaven\u00fd z\u00e1ujem o na\u0161e slu\u017eby, alebo v\u00fdslovn\u00fd s\u00fahlas pou\u017e\u00edvate\u013ea. Pod\u013ea nariaden\u00ed Eur\u00f3pskej \u00fanie o ochrane osobn\u00fdch \u00fadajov a elektronick\u00fdch komunik\u00e1ci\u00e1ch (PECR) zasielame marketingov\u00e9 spr\u00e1vy na\u0161im pou\u017e\u00edvate\u013eom, ak si u n\u00e1s zak\u00fapili produkty alebo v\u00fdslovne s\u00fahlasili so zasielan\u00edm marketingov\u00fdch spr\u00e1v.\nKa\u017ed\u00fd pou\u017e\u00edvate\u013e m\u00e1 mo\u017enos\u0165 kedyko\u013evek pozastavi\u0165 svoj s\u00fahlas a odhl\u00e1si\u0165 sa z t\u00fdchto spr\u00e1v. Odkaz na odhl\u00e1senie je v\u017edy zrete\u013ene uveden\u00fd v spodnej \u010dasti ka\u017ed\u00e9ho e-mailu, alebo o odstr\u00e1nenie z datab\u00e1zy m\u00f4\u017ee pou\u017e\u00edvate\u013e po\u017eiada\u0165 prostredn\u00edctvom e-mailu na adrese&nbsp;<strong><a href=\"mailto:info@whizzopet.hu\">info@whizzopet.hu<\/a><\/strong>&nbsp;Po odhl\u00e1sen\u00ed od marketingovej komunik\u00e1cie m\u00f4\u017eeme na\u010falej posiela\u0165 spr\u00e1vy, ale len v s\u00favislosti s plnen\u00edm objedn\u00e1vok.<\/p>\n\n<h4 class=\"wp-block-heading has-text-highlight-color has-text-color has-link-color wp-elements-c2ca809c58322fdeda2ff2dcca6c80fa\">6. POZN\u00c1MKA O OSOBN\u00ddCH \u00daDAJOCH<\/h4>\n\n<p class=\"translation-block\">Ob\u010das je nevyhnutn\u00e9 zdie\u013ea\u0165 ur\u010dit\u00e9 osobn\u00e9 \u00fadaje s niektor\u00fdmi na\u0161imi partnermi, aby sme udr\u017eali norm\u00e1lny chod podnikania:<br>\n\u2022\tIT poskytovatelia a poskytovatelia \u00fadr\u017eby po\u010d\u00edta\u010dov\u00fdch syst\u00e9mov, ktor\u00ed vykon\u00e1vaj\u00fa diagnostiku a opravy<br>\n\u2022\tOdborn\u00ed partneri, ako s\u00fa pr\u00e1vnici, \u00fa\u010dtovn\u00edci, bank\u00e1ri, pois\u0165ovne<br>\n\u2022\tVl\u00e1dne org\u00e1ny, ktor\u00e9 po\u017eaduj\u00fa spr\u00e1vy o na\u0161ej \u010dinnosti<br>\n\u2022\tPoskytovatelia platobn\u00fdch slu\u017eieb, ktor\u00ed bezpe\u010dne spracov\u00e1vaj\u00fa \u00fadaje o platobn\u00fdch kart\u00e1ch<br>\n\u2022\tKuri\u00e9rske spolo\u010dnosti, ktor\u00e9 plnia objedn\u00e1vky na zadan\u00fa dodaciu adresu\nMedzin\u00e1rodn\u00e9 prenosy \u00fadajov\n\u00dadaje pou\u017e\u00edvate\u013eov m\u00f4\u017eeme zdie\u013ea\u0165 aj s partnermi mimo Eur\u00f3pskeho hospod\u00e1rskeho priestoru (EHP) za \u00fa\u010delom udr\u017eania podnikania. Krajiny mimo EHP \u010dasto nezabezpe\u010duj\u00fa rovnak\u00fa \u00farove\u0148 ochrany \u00fadajov, a preto eur\u00f3pske z\u00e1kony zakazuj\u00fa export \u00fadajov, ak nie s\u00fa splnen\u00e9 po\u017eiadavky. V pr\u00edpade, \u017ee osobn\u00e9 \u00fadaje s\u00fa pren\u00e1\u0161an\u00e9 mimo EHP, vykon\u00e1vame tieto kroky na zabezpe\u010denie bezpe\u010dn\u00e9ho spracovania \u00fadajov nad r\u00e1mec opatren\u00ed uveden\u00fdch v bode 4:<br>\n\u2022\t\u00dadaje pren\u00e1\u0161ame iba do kraj\u00edn, ktor\u00e9 Eur\u00f3pska komisia pova\u017euje za bezpe\u010dn\u00e9 z h\u013eadiska ochrany \u00fadajov.<br>\n\u2022\tPou\u017e\u00edvame iba slu\u017eby z USA, ktor\u00e9 s\u00fa s\u00fa\u010das\u0165ou iniciat\u00edvy EU-US Privacy Shield na ochranu \u00fadajov.\nAk tieto podmienky nie s\u00fa splnen\u00e9, \u017eiadame od pou\u017e\u00edvate\u013eov v\u00fdslovn\u00fd s\u00fahlas na prenos \u00fadajov. S\u00fahlas m\u00f4\u017ee by\u0165 kedyko\u013evek odvolan\u00fd.\nOdkazy na extern\u00e9 str\u00e1nky\nT\u00e1to str\u00e1nka ob\u010das obsahuje odkazy na extern\u00e9 str\u00e1nky alebo do k\u00f3du str\u00e1nky s\u00fa zabudovan\u00e9 komponenty, ktor\u00e9 poskytuj\u00fa slu\u017eby tret\u00edch str\u00e1n. Kliknut\u00edm na tieto odkazy alebo pou\u017e\u00edvan\u00edm t\u00fdchto zabudovan\u00fdch rie\u0161en\u00ed m\u00f4\u017eu extern\u00ed partneri zbiera\u0165 \u00fadaje o pou\u017e\u00edvate\u013eoch. Hoci rob\u00edme v\u0161etko pre to, aby sme na\u0161ich partnerov starostlivo skontrolovali, nem\u00e1me kontrolu nad ich z\u00e1sadami ochrany osobn\u00fdch \u00fadajov a nenesieme zodpovednos\u0165 za ich praktiky spracovania \u00fadajov.<\/p>\n\n<h4 class=\"wp-block-heading has-text-highlight-color has-text-color has-link-color wp-elements-69ad327e288c581e507420f63fade25b\">7. D\u0139\u017dKA SPRACOVANIA \u00daDAJOV<\/h4>\n\n<p>\u00dadaje pou\u017e\u00edvate\u013eov uchov\u00e1vame len po dobu, ktor\u00e1 je nevyhnutn\u00e1 na splnenie na\u0161ich pr\u00e1vnych\/\u00fa\u010dtovn\u00fdch\/d\u00e1tov\u00fdch povinnost\u00ed alebo na prev\u00e1dzku slu\u017eieb. Pri rozhodovan\u00ed o dobe uchov\u00e1vania \u00fadajov zoh\u013ead\u0148ujeme mno\u017estvo, povahu a citlivos\u0165 \u00fadajov a potenci\u00e1lny dopad ich \u00faniku v pr\u00edpade bezpe\u010dnostn\u00e9ho incidentu.\nZ d\u00f4vodu da\u0148ov\u00fdch povinnost\u00ed mus\u00edme uchov\u00e1va\u0165 faktura\u010dn\u00e9 a n\u00e1kupn\u00e9 \u00fadaje z\u00e1kazn\u00edkov minim\u00e1lne 8 rokov, aby sme vyhoveli na\u0161im pr\u00e1vnym povinnostiam. V niektor\u00fdch pr\u00edpadoch m\u00f4\u017eeme \u00fadaje anonymizova\u0165 a pou\u017e\u00edva\u0165 ich na \u0161tatistick\u00e9 \u00fa\u010dely, pri\u010dom tieto \u00fadaje m\u00f4\u017eeme uchov\u00e1va\u0165 neobmedzene a bez predch\u00e1dzaj\u00faceho upozornenia.<\/p>\n\n<h4 class=\"wp-block-heading has-text-highlight-color has-text-color has-link-color wp-elements-78e5db1058c519acbbf5d1055f8b36eb\">8. PR\u00c1VA NAV\u0160T\u00cdVNIKA Ako ob\u010dan Eur\u00f3pskej \u00fanie, nariadenie General Data Protection Regulation (GDPR) poskytuje pou\u017e\u00edvate\u013eom str\u00e1nky nasledovn\u00e9 pr\u00e1va:<\/h4>\n\n<p>a, Pr\u00edstup k osobn\u00fdm \u00fadajom Pou\u017e\u00edvatelia str\u00e1nky maj\u00fa pr\u00e1vo po\u017eiada\u0165 o k\u00f3piu osobn\u00fdch \u00fadajov, ktor\u00e9 s\u00fa ulo\u017een\u00e9 spolo\u010dnos\u0165ou Whizzopet Bt. Po\u017eiadavka bude zvy\u010dajne splnen\u00e1 bez poplatku do 14 dn\u00ed od po\u017eiadania. V pr\u00edpade opakovan\u00fdch, zneu\u017e\u00edvaj\u00facich alebo neopodstatnen\u00fdch po\u017eiadaviek o \u00fadaje si spolo\u010dnos\u0165 Whizzopet Bt. m\u00f4\u017ee \u00fa\u010dtova\u0165 primeran\u00fd poplatok za poskytnutie \u00fadajov a m\u00f4\u017ee by\u0165 potrebn\u00fd \u010fal\u0161\u00ed \u010das na ich poskytnutie. Okrem toho spolo\u010dnos\u0165 Whizzopet Bt. po\u017eaduje overenie identity pred poskytnut\u00edm \u00fadajov, aby sa predi\u0161lo zneu\u017eitiu. Pre \u017eiados\u0165 o osobn\u00e9 \u00fadaje pou\u017eite pros\u00edm ni\u017e\u0161ie uveden\u00fd kontaktn\u00fd formul\u00e1r: \u017diados\u0165 o \u00fadaje \/ Vymazanie \u00fadajov \/ Obmedzenie \u00fadajov Meno (povinn\u00e9) E-mailov\u00e1 adresa (povinn\u00e9) \u00da\u010del \u017eiadosti Vymazanie \u00fadajov \u00daprava \u00fadajov Obmedzenie zhroma\u017e\u010fovania \u00fadajov Po\u017eiadanie o zhroma\u017eden\u00e9 \u00fadaje S\u00fahlas\u00edm so zhroma\u017e\u010fovan\u00edm mojich \u00fadajov, aby som obdr\u017eal po\u017eadovan\u00e9 inform\u00e1cie. Viac inform\u00e1ci\u00ed n\u00e1jdete v Vyhl\u00e1sen\u00ed o ochrane osobn\u00fdch \u00fadajov.<\/p>\n\n<p class=\"translation-block\">b, \u00daprava osobn\u00fdch \u00fadajov Ak sa osobn\u00e9 \u00fadaje zmenili alebo boli poskytnut\u00e9 nespr\u00e1vne, pou\u017e\u00edvatelia maj\u00fa pr\u00e1vo po\u017eiada\u0165 o \u00fapravu \u00fadajov. Pre \u00fapravu osobn\u00fdch \u00fadajov n\u00e1s pros\u00edm kontaktujte na e-mailovej adrese info@whizzopet.hu.\nc, \u017diados\u0165 o vymazanie osobn\u00fdch \u00fadajov Pou\u017e\u00edvatelia maj\u00fa pr\u00e1vo po\u017eiada\u0165 o vymazanie v\u0161etk\u00fdch svojich osobn\u00fdch \u00fadajov. Po\u017eiadavka bude bez poplatku splnen\u00e1 do 14 dn\u00ed od po\u017eiadania. Po vymazan\u00ed osobn\u00fdch \u00fadajov nebude \u00fa\u010det pou\u017e\u00edvate\u013ea dostupn\u00fd, a tak bud\u00fa aj zak\u00fapen\u00e9 materi\u00e1ly nedostupn\u00e9, preto\u017ee osobn\u00e9 \u00fadaje s\u00fa nevyhnutn\u00e9 na pr\u00edstup k slu\u017eb\u00e1m. Spolo\u010dnos\u0165 Whizzopet Bt. po\u017eaduje overenie identity pred vymazan\u00edm osobn\u00fdch \u00fadajov, aby sa predi\u0161lo zneu\u017eitiu. Pre vymazanie osobn\u00fdch \u00fadajov pou\u017eite pros\u00edm hore uveden\u00fd kontaktn\u00fd formul\u00e1r.\nd, \u017diados\u0165 o obmedzenie spracovania osobn\u00fdch \u00fadajov Pou\u017e\u00edvatelia maj\u00fa pr\u00e1vo po\u017eiada\u0165 o obmedzenie poskytnutia svojich \u00fadajov tret\u00edm stran\u00e1m (poskytovate\u013eom slu\u017eieb). Pri podan\u00ed \u017eiadosti je mo\u017en\u00e9 \u0161pecifikova\u0165 poskytovate\u013eov slu\u017eieb, ktor\u00fdch obmedzenie sa po\u017eaduje. D\u00f4le\u017eit\u00e9 je poznamena\u0165, \u017ee niektor\u00e9 spolupr\u00e1ce so slu\u017ebami s\u00fa nevyhnutn\u00e9 na fungovanie str\u00e1nky (napr. Barion ako platobn\u00e1 slu\u017eba), tak\u017ee ak bud\u00fa tieto slu\u017eby obmedzen\u00e9, slu\u017eby str\u00e1nky nebud\u00fa dostupn\u00e9 pre pou\u017e\u00edvate\u013ea. Spolo\u010dnos\u0165 Whizzopet Bt. po\u017eaduje overenie identity pred obmedzen\u00edm poskytnutia osobn\u00fdch \u00fadajov, aby sa predi\u0161lo zneu\u017eitiu. Pre obmedzenie poskytnutia \u00fadajov pou\u017eite pros\u00edm hore uveden\u00fd kontaktn\u00fd formul\u00e1r.\nV Slovenskej republike je ofici\u00e1lnym org\u00e1nom pre ochranu \u00fadajov \u00darad na ochranu osobn\u00fdch \u00fadajov Slovenskej republiky. Pou\u017e\u00edvatelia sa m\u00f4\u017eu o svojich pr\u00e1vach v oblasti ochrany \u00fadajov dozvedie\u0165 viac na webovej str\u00e1nke \u00faradu. \u00darad na ochranu osobn\u00fdch \u00fadajov SR, Hrani\u010dn\u00e1 12, 820 07 Bratislava, Tel: +421 2 3231 3231, E-mail: statny.dozor@pdp.gov.sk, Web: http:\/\/www.pdp.gov.sk<\/p>\n\n<h4 class=\"wp-block-heading has-text-highlight-color has-text-color has-link-color wp-elements-3ad0a92a9a9cf1b599b58f8f814f7e06\">9. ANONYMIZOVAN\u00c9 \u00daDAJE A \"COOKIE\"<\/h4>\n\n<p class=\"translation-block\">Na str\u00e1nke whizzopet.hu, v e-mailov\u00fdch spr\u00e1vach a reklam\u00e1ch pou\u017e\u00edvame tzv. \"cookie\" a podobn\u00e9 technol\u00f3gie, ako s\u00fa sledovacie k\u00f3dy, remarketingov\u00e9 zna\u010dky, pixely, ktor\u00e9 sa aktivuj\u00fa po s\u00fahlase pou\u017e\u00edvate\u013ea. Tieto technol\u00f3gie n\u00e1m pom\u00e1haj\u00fa lep\u0161ie pochopi\u0165 spr\u00e1vanie a z\u00e1ujmy pou\u017e\u00edvate\u013eov, \u010d\u00edm n\u00e1m pom\u00e1haj\u00fa poskytova\u0165 kvalitnej\u0161ie a efekt\u00edvnej\u0161ie slu\u017eby. Na\u0161\u00edm cie\u013eom je, aby pou\u017e\u00edvanie str\u00e1nky whizzopet.hu bolo \u010do najviac u\u017e\u00edvate\u013esky pr\u00edvetiv\u00e9 a osobn\u00e9. Ak pou\u017e\u00edvate\u013e chce zak\u00e1za\u0165 zber t\u00fdchto technol\u00f3gi\u00ed, ktor\u00e9 sa t\u00fdkaj\u00fa neosobn\u00fdch \u00fadajov, m\u00f4\u017ee to urobi\u0165 nasleduj\u00facimi sp\u00f4sobmi:<br>\n\u2022\tpomocou upozornen\u00ed na cookies, ktor\u00e9 sa zobrazuj\u00fa na webovej str\u00e1nke, kde je mo\u017en\u00e9 zak\u00e1za\u0165 ich na\u010d\u00edtanie<br>\n\u2022\tzak\u00e1zan\u00edm cookies v prehliada\u010di \u010eal\u0161ie inform\u00e1cie o cookies a sledovac\u00edch k\u00f3doch na str\u00e1nke whizzopet.hu n\u00e1jdete v na\u0161om Vyhl\u00e1sen\u00ed o cookies.<\/p>\n<\/div>\n<\/div>","protected":false},"excerpt":{"rendered":"<p>Adatv\u00e9delmi nyilatkozat 1.BEVEZET\u0150 Sz\u00e1munkra nagyon fontos, hogy betartsuk az aktu\u00e1lisan \u00e9rv\u00e9nyes adatv\u00e9delmi szab\u00e1lyoz\u00e1st \u00e9s t\u00f6rv\u00e9nyeket, \u00edgy az al\u00e1bbiakban r\u00e9szletesen t\u00e1rgyaljuk bemutatjuk a&nbsp;whizzopet.hu \u00e9s Whizzopet Bt.&nbsp;adatv\u00e9delemre ir\u00e1nyul\u00f3 l\u00e9p\u00e9seit, \u00e9s az adatgy\u0171jt\u00e9ssel kapcsolatos folyamatait. Az adatokat az&nbsp;Whizzopet Bt.&nbsp;kezeli, \u00e9s ez a c\u00e9g felel\u0151s a szem\u00e9lyes adatok kezel\u00e9s\u00e9\u00e9rt. Kapcsolati adatok:&nbsp;Teljes jogi n\u00e9v: Whizzopet &#8230; <a title=\"Vyhl\u00e1senie o ochrane osobn\u00fdch \u00fadajov\" class=\"read-more\" href=\"https:\/\/whizzopet.hu\/sk\/adatvedelmi-nyilatkozat\/\" aria-label=\"Pre\u010d\u00edtajte si viac o Adatv\u00e9delmi nyilatkozat\">Read more<\/a><\/p>","protected":false},"author":1,"featured_media":0,"parent":0,"menu_order":0,"comment_status":"closed","ping_status":"closed","template":"","meta":{"inline_featured_image":false,"footnotes":""},"class_list":{"0":"post-3","1":"page","2":"type-page","3":"status-publish","5":"infinite-scroll-item"},"_links":{"self":[{"href":"https:\/\/whizzopet.hu\/sk\/wp-json\/wp\/v2\/pages\/3","targetHints":{"allow":["GET"]}}],"collection":[{"href":"https:\/\/whizzopet.hu\/sk\/wp-json\/wp\/v2\/pages"}],"about":[{"href":"https:\/\/whizzopet.hu\/sk\/wp-json\/wp\/v2\/types\/page"}],"author":[{"embeddable":true,"href":"https:\/\/whizzopet.hu\/sk\/wp-json\/wp\/v2\/users\/1"}],"replies":[{"embeddable":true,"href":"https:\/\/whizzopet.hu\/sk\/wp-json\/wp\/v2\/comments?post=3"}],"version-history":[{"count":5,"href":"https:\/\/whizzopet.hu\/sk\/wp-json\/wp\/v2\/pages\/3\/revisions"}],"predecessor-version":[{"id":2974,"href":"https:\/\/whizzopet.hu\/sk\/wp-json\/wp\/v2\/pages\/3\/revisions\/2974"}],"wp:attachment":[{"href":"https:\/\/whizzopet.hu\/sk\/wp-json\/wp\/v2\/media?parent=3"}],"curies":[{"name":"wp","href":"https:\/\/api.w.org\/{rel}","templated":true}]}}