{"id":2556,"date":"2024-08-05T10:58:59","date_gmt":"2024-08-05T08:58:59","guid":{"rendered":"https:\/\/whizzopet.hu\/?page_id=2556"},"modified":"2025-02-25T11:23:19","modified_gmt":"2025-02-25T10:23:19","slug":"oznamenie-o-spracovani-osobnych-udajov-pre-sutaz","status":"publish","type":"page","link":"https:\/\/whizzopet.hu\/sk\/adatkezelesi-tajekoztato-nyeremejatekhoz\/","title":{"rendered":"Ozn\u00e1menie o spracovan\u00ed osobn\u00fdch \u00fadajov pre s\u00fa\u0165a\u017e"},"content":{"rendered":"<div class=\"gb-container gb-container-b8121e0a\">\n<div class=\"gb-container gb-container-4848c66e\">\n<p><strong><em>\u201ePreto\u017ee pes je \u010dlenom rodiny\u201c s\u00fa\u0165a\u017e<\/em><\/strong><\/p>\n\n<p><strong>N\u00e1zov a kontaktn\u00e9 \u00fadaje spr\u00e1vcu \u00fadajov:<\/strong><\/p>\n\n<p>WHIZZOPET Bt., 3964 P\u00e1cin, Arany J\u00e1nos utca 3.<\/p>\n\n<p>Zastupuje: Balla Barbara<\/p>\n\n<p>E-mail: info@whizzopet.hu<\/p>\n\n<p><strong>\u00da\u010del pl\u00e1novan\u00e9ho spracovania osobn\u00fdch \u00fadajov:<\/strong><\/p>\n\n<ol style=\"list-style-type:upper-roman\" class=\"wp-block-list\"><li>Cie\u013eom spracovania \u00fadajov je zabezpe\u010di\u0165 \u00fa\u010das\u0165 v zverejnenej s\u00fa\u0165a\u017ei, v\u00fdber v\u00fdhercu, informovanie v\u00fdhercu a zverejnenie jeho mena.<\/li><\/ol>\n\n<ol style=\"list-style-type:upper-roman\" class=\"wp-block-list\"><li>Spr\u00e1vca \u00fadajov bude kontaktova\u0165 v\u00fdhercu a zabezpe\u010d\u00ed doru\u010denie v\u00fdhry po\u0161tou alebo kuri\u00e9rskou slu\u017ebou. Pri zaznamen\u00e1van\u00ed potrebn\u00fdch \u00fadajov na doru\u010denie v\u00fdhry bude v\u00fdherca podrobne informovan\u00fd v s\u00falade s \u010dl\u00e1nkom 13 GDPR.<\/li><\/ol>\n\n<ol style=\"list-style-type:upper-roman\" class=\"wp-block-list\"><li>Plnenie \u00fa\u010dtovn\u00fdch povinnost\u00ed t\u00fdkaj\u00facich sa v\u00fdhry. Pri zaznamen\u00e1van\u00ed povinn\u00fdch \u00fadajov na plnenie da\u0148ov\u00fdch povinnost\u00ed bude v\u00fdherca podrobne informovan\u00fd v s\u00falade s \u010dl\u00e1nkom 13 GDPR.<\/li><\/ol>\n\n<p>Spr\u00e1vca \u00fadajov nevyu\u017eije osobn\u00e9 \u00fadaje na in\u00e9 \u00fa\u010dely, ako s\u00fa uveden\u00e9 vy\u0161\u0161ie.<\/p>\n\n<p><strong>Pr\u00e1vny z\u00e1klad spracovania \u00fadajov:<\/strong><\/p>\n\n<ol style=\"list-style-type:upper-roman\" class=\"wp-block-list\"><li class=\"translation-block\">\u010cl\u00e1nok 6, odst. 1, p\u00edsmeno b) GDPR, preto\u017ee spracovanie \u00fadajov je nevyhnutn\u00e9 na plnenie zmluvy medzi \u00fa\u010dastn\u00edkom s\u00fa\u0165a\u017ee a organiz\u00e1torom s\u00fa\u0165a\u017ee \"Preto\u017ee pes je \u010dlenom rodiny\", ako je uveden\u00e9 v pravidl\u00e1ch s\u00fa\u0165a\u017ee. Meno v\u00fdhercu bude zverejnen\u00e9 na Facebook str\u00e1nke WHIZZOPET Bt a v jeho newsletteri.<\/li><\/ol>\n\n<ol style=\"list-style-type:upper-roman\" class=\"wp-block-list\"><li>V pr\u00edpade da\u0148ov\u00fdch a odvodov\u00fdch povinnost\u00ed spojen\u00fdch s v\u00fdhrou, spracovanie \u00fadajov je nevyhnutn\u00e9 na plnenie pr\u00e1vnej povinnosti pod\u013ea \u010dl\u00e1nku 6, odst. 1, p\u00edsmeno c) GDPR, a o spracovan\u00ed t\u00fdchto \u00fadajov bude v\u00fdherca podrobne informovan\u00fd pri ich zbere.<\/li><\/ol>\n\n<ol style=\"list-style-type:upper-roman\" class=\"wp-block-list\"><li>S\u00fahlas osoby, ktor\u00e1 sa prihl\u00e1si na odber n\u00e1\u0161ho newsletteru \/ eDM (\u010dl\u00e1nok 6, odst. 1, p\u00edsmeno a) GDPR). Dotknut\u00e1 osoba m\u00f4\u017ee svoj s\u00fahlas kedyko\u013evek odvola\u0165 prostredn\u00edctvom na\u0161ich kontaktn\u00fdch \u00fadajov alebo kliknut\u00edm na pr\u00edslu\u0161n\u00fd odkaz v p\u00e4te na\u0161ich newsletterov \/ eDM, pri\u010dom odvolanie s\u00fahlasu nem\u00e1 vplyv na z\u00e1konnos\u0165 spracovania \u00fadajov pred jeho odvolan\u00edm.<\/li><\/ol>\n\n<p><strong>Okruh dotknut\u00fdch os\u00f4b:&nbsp;<\/strong><\/p>\n\n<p>\u00da\u010dastn\u00edci s\u00fa\u0165a\u017ee, ktor\u00ed prijali podmienky s\u00fa\u0165a\u017ee a vyjadrili svoj z\u00e1mer z\u00fa\u010dastni\u0165 sa.<\/p>\n\n<p><strong>Pr\u00edjemcovia osobn\u00fdch \u00fadajov:<\/strong><\/p>\n\n<p>Spr\u00e1vca \u00fadajov a jeho spracovatelia \u00fadajov (pozri: Spracovatelia \u00fadajov), \u010falej META Inc., \u010ditatelia n\u00e1stenky na str\u00e1nkach Facebooku, nez\u00e1visle od toho, \u010di sa z\u00fa\u010dastnili s\u00fa\u0165a\u017ee, ke\u010f\u017ee zverejnenie v\u00fdhercu, teda vyhl\u00e1senie v\u00fdsledkov, sa uskuto\u010dn\u00ed na str\u00e1nke Facebook v s\u00falade s pravidlami s\u00fa\u0165a\u017ee.<\/p>\n\n<p><strong>Spracovatelia \u00fadajov<\/strong><\/p>\n\n<p>Whizzopet Bt.<\/p>\n\n<p>&nbsp;I\u010cO: 27030567-2-05<\/p>\n\n<p>3964 P\u00e1cin, Arany J\u00e1nos ulica 3.<\/p>\n\n<p><strong>Inform\u00e1cie o pr\u00e1vach dotknut\u00fdch os\u00f4b&nbsp;<\/strong><\/p>\n\n<ol style=\"list-style-type:upper-roman\" class=\"wp-block-list\"><li>Dotknut\u00e1 osoba m\u00f4\u017ee od spr\u00e1vcu \u00fadajov po\u017eadova\u0165 pr\u00edstup k osobn\u00fdm \u00fadajom, ich opravu, vymazanie alebo obmedzenie spracovania, ako aj pr\u00e1vo na prenosnos\u0165 \u00fadajov, pokia\u013e sa nejedn\u00e1 o pr\u00edpady uveden\u00e9 v \u010dl\u00e1nku 17 ods. 3 GDPR. Podrobn\u00e9 inform\u00e1cie o pr\u00e1vach dotknut\u00fdch os\u00f4b sa nach\u00e1dzaj\u00fa v \u010dl\u00e1nkoch 15-21 GDPR.<\/li><\/ol>\n\n<ol style=\"list-style-type:upper-roman\" class=\"wp-block-list\"><li>Dotknut\u00e1 osoba m\u00f4\u017ee od spr\u00e1vcu \u00fadajov po\u017eadova\u0165 pr\u00edstup k osobn\u00fdm \u00fadajom, ich opravu, vymazanie alebo obmedzenie spracovania, ako aj pr\u00e1vo na prenosnos\u0165 \u00fadajov, pokia\u013e sa nejedn\u00e1 o pr\u00edpady uveden\u00e9 v \u010dl\u00e1nku 17 ods. 3 GDPR. Podrobn\u00e9 inform\u00e1cie o pr\u00e1vach dotknut\u00fdch os\u00f4b sa nach\u00e1dzaj\u00fa v \u010dl\u00e1nkoch 15-21 GDPR.<\/li><\/ol>\n\n<ol style=\"list-style-type:upper-roman\" class=\"wp-block-list\"><li>Dotknut\u00e1 osoba m\u00f4\u017ee od spr\u00e1vcu \u00fadajov po\u017eadova\u0165 pr\u00edstup k osobn\u00fdm \u00fadajom, ich opravu alebo obmedzenie spracovania. Podrobn\u00e9 inform\u00e1cie o pr\u00e1vach dotknut\u00fdch os\u00f4b sa nach\u00e1dzaj\u00fa v \u010dl\u00e1nkoch 15-21 GDPR.<\/li><\/ol>\n\n<ol style=\"list-style-type:upper-roman\" class=\"wp-block-list\"><li>V pr\u00edpade prihl\u00e1senia sa na odber newslettera: Dotknut\u00e1 osoba m\u00f4\u017ee od spr\u00e1vcu \u00fadajov po\u017eadova\u0165 pr\u00edstup k osobn\u00fdm \u00fadajom, ich opravu, vymazanie alebo obmedzenie spracovania, ako aj pr\u00e1vo na prenosnos\u0165 \u00fadajov. S\u00fahlas m\u00f4\u017ee kedyko\u013evek odvola\u0165 prostredn\u00edctvom vy\u0161\u0161ie uveden\u00fdch kontaktn\u00fdch \u00fadajov, pri\u010dom odvolanie s\u00fahlasu nem\u00e1 vplyv na z\u00e1konnos\u0165 spracovania pred jeho odvolan\u00edm. Podrobn\u00e9 inform\u00e1cie o pr\u00e1vach dotknut\u00fdch os\u00f4b sa nach\u00e1dzaj\u00fa v \u010dl\u00e1nkoch 15-21 GDPR.<\/li><\/ol>\n\n<p class=\"translation-block\"><strong>Inform\u00e1cie o automatickom rozhodovan\u00ed,<\/strong> vr\u00e1tane profilovania pre dotknut\u00e9 osoby prihl\u00e1sen\u00e9 na odber newsletteru:<\/p>\n\n<p>Whizzopet Bt. po odoslan\u00ed newsletteru \/ eDM sleduje aktivitu prihl\u00e1sen\u00fdch pou\u017e\u00edvate\u013eov v s\u00favislosti s newsletterom, ako je jeho otvorenie alebo napr\u00edklad to, \u010di \u010ditate\u013e klikol na odkaz v spr\u00e1ve, \u010d\u00edm sa hodnot\u00ed z\u00e1ujem \u010ditate\u013ea a vytv\u00e1raj\u00fa sa t\u00e9my, ktor\u00e9 s\u00fa pre neho relevantn\u00e9, \u010d\u00edm sa vytv\u00e1ra jeho profil na z\u00e1klade tohto spr\u00e1vania.<\/p>\n\n<p>Whizzopet Bt. t\u00fdmto informuje svojich prihl\u00e1sen\u00fdch pou\u017e\u00edvate\u013eov, \u017ee touto \u010dinnos\u0165ou vykon\u00e1va automatizovan\u00e9 rozhodovanie a profilovanie, v ktorom pr\u00edpade m\u00e1te pr\u00e1vo po\u017eadova\u0165 z\u00e1sah \u010dloveka zo strany spr\u00e1vcu \u00fadajov, ako aj vyjadri\u0165 svoje stanovisko a poda\u0165 n\u00e1mietku proti rozhodnutiu prostredn\u00edctvom vy\u0161\u0161ie uveden\u00fdch kontaktn\u00fdch \u00fadajov.<\/p>\n\n<p>V\u00fdznam a d\u00f4sledky profilovania po\u010das prihl\u00e1senia na odber a odosielania newsletterov \/ eDM: Dotknut\u00e1 osoba dost\u00e1va obsah prisp\u00f4soben\u00fd jej z\u00e1ujmom v spr\u00e1vach, ktor\u00e9 s\u00fa jej adresovan\u00e9.<\/p>\n\n<p>Mo\u017en\u00e9 d\u00f4sledky neposkytnutia \u00fadajov: Dotknut\u00e1 osoba m\u00f4\u017ee dost\u00e1va\u0165 obsah o ponuk\u00e1ch a novink\u00e1ch Whizzopet Bt. a jeho partnerov, ktor\u00e9 ju m\u00f4\u017eu nezauj\u00edma\u0165.<\/p>\n\n<p><strong>Kam m\u00f4\u017ee posiela\u0165 svoje ot\u00e1zky a \u017eiadosti t\u00fdkaj\u00face sa spr\u00e1vy osobn\u00fdch \u00fadajov?&nbsp;<\/strong><\/p>\n\n<ul class=\"wp-block-list\"><li>Po\u0161tou: WHIZZOPET Bt., 3964 P\u00e1cin, Arany J\u00e1nos utca 3.<\/li>\n\n<li>E-mailom: info@whizzopet.hu<\/li>\n\n<li>Telef\u00f3nom: +36703555955<\/li><\/ul>\n\n<p><strong>D\u00f4sledky odmietnutia poskytnutia \u00fadajov:<\/strong><\/p>\n\n<ul class=\"wp-block-list\"><li>Bez poskytnutia osobn\u00fdch \u00fadajov nebude spr\u00e1vca \u00fadajov schopn\u00fd pripravi\u0165 uzavretie zmluvy, uzavrie\u0165 a splni\u0165 zmluvu. Dotknut\u00e1 osoba je povinn\u00e1 poskytn\u00fa\u0165 osobn\u00e9 \u00fadaje spr\u00e1vcovi \u00fadajov. V pr\u00edpade, \u017ee \u00fadaje nebud\u00fa poskytnut\u00e9, spr\u00e1vca \u00fadajov m\u00e1 pr\u00e1vo odmietnu\u0165 uzavretie zmluvy alebo jej plnenie.<\/li><\/ul>\n\n<ul class=\"wp-block-list\"><li>Bez poskytnutia osobn\u00fdch \u00fadajov nebude spr\u00e1vca \u00fadajov schopn\u00fd pripravi\u0165 uzavretie zmluvy, uzavrie\u0165 a splni\u0165 zmluvu. Dotknut\u00e1 osoba je povinn\u00e1 poskytn\u00fa\u0165 osobn\u00e9 \u00fadaje spr\u00e1vcovi \u00fadajov. V pr\u00edpade, \u017ee \u00fadaje nebud\u00fa poskytnut\u00e9, spr\u00e1vca \u00fadajov m\u00e1 pr\u00e1vo odmietnu\u0165 uzavretie zmluvy alebo jej plnenie.<\/li><\/ul>\n\n<ol style=\"list-style-type:upper-roman\" class=\"wp-block-list\"><li>V\u00fdhra podlieha da\u0148ov\u00fdm a odvodov\u00fdm povinnostiam, spracovanie t\u00fdchto \u00fadajov sa vykon\u00e1va na z\u00e1klade pr\u00e1vnej povinnosti. V pr\u00edpade odmietnutia spracovania \u00fadajov v\u00fdhra nem\u00f4\u017ee by\u0165 prevzat\u00e1.<\/li><\/ol>\n\n<ol style=\"list-style-type:upper-roman\" class=\"wp-block-list\"><li>V pr\u00edpade prihl\u00e1senia sa na odber newslettera nie je poskytnutie \u00fadajov povinn\u00e9. Neposkytnutie \u00fadajov bude ma\u0165 za n\u00e1sledok, \u017ee nebudeme schopn\u00ed posla\u0165 n\u00e1\u0161 newsletter \/ eDM, a t\u00fdm p\u00e1dom nebudete informovan\u00ed prostredn\u00edctvom e-mailu.<\/li><\/ol>\n\n<p><strong>Kateg\u00f3rie osobn\u00fdch \u00fadajov dotknut\u00fdch os\u00f4b:&nbsp;<\/strong><\/p>\n\n<ol style=\"list-style-type:upper-roman\" class=\"wp-block-list\"><li>Na \u00fa\u010dely \u00fa\u010dasti a registr\u00e1cie v hre spracov\u00e1vame priezvisko, meno, e-mailov\u00fa adresu, registr\u00e1ciu a \u010das registr\u00e1cie.<\/li><\/ol>\n\n<ol style=\"list-style-type:upper-roman\" class=\"wp-block-list\"><li>Na \u00fa\u010dely odovzdania v\u00fdhry v\u00fdhercovi spracov\u00e1vame meno v\u00fdhercu a v pr\u00edpade doru\u010denia v\u00fdhry po\u0161tou alebo kuri\u00e9rskou slu\u017ebou spracov\u00e1vame meno, adresu, telef\u00f3nne \u010d\u00edslo a d\u00e1tum prevzatia v\u00fdhry, ako aj podpisy odosielate\u013ea a pr\u00edjemcu. V\u00fdhercov podrobne informujeme o ich osobn\u00fdch \u00fadajoch pri odovzdan\u00ed v\u00fdhry v s\u00falade s \u010dl\u00e1nkom 13 GDPR.<\/li><\/ol>\n\n<ol style=\"list-style-type:upper-roman\" class=\"wp-block-list\"><li>Na splnenie povinnosti zaplati\u0165 da\u0148 z v\u00fdhry spracov\u00e1vame \u00fadaje potrebn\u00e9 na podanie da\u0148ov\u00e9ho priznania: meno v\u00fdhercu, \u010d\u00edslo ob\u010dianskeho preukazu, podpis. V\u00fdhercov podrobne informujeme o ich osobn\u00fdch \u00fadajoch pri odovzdan\u00ed v\u00fdhry v s\u00falade s \u010dl\u00e1nkom 13 GDPR.<\/li><\/ol>\n\n<ol style=\"list-style-type:upper-roman\" class=\"wp-block-list\"><li>Pri prihl\u00e1sen\u00ed na odber newslettera spracov\u00e1vame priezvisko, meno, e-mailov\u00fa adresu, s\u00fahlas s marketingov\u00fdm osloven\u00edm a analytick\u00e9 \u00fadaje generovan\u00e9 syst\u00e9mom, ako napr\u00edklad presn\u00fd d\u00e1tum a \u010das registr\u00e1cie alebo inform\u00e1cie o tom, \u010di bol newsletter otvoren\u00fd alebo pre\u010d\u00edtan\u00fd.<\/li><\/ol>\n\n<p><strong>Pl\u00e1novan\u00e1 doba uchov\u00e1vania osobn\u00fdch \u00fadajov a krit\u00e9ri\u00e1 na ur\u010denie doby uchov\u00e1vania:<\/strong><\/p>\n\n<ol style=\"list-style-type:upper-roman\" class=\"wp-block-list\"><li>\u00dadaje \u00fa\u010dastn\u00edkov s\u00fa\u0165a\u017ee bud\u00fa vymazan\u00e9 po dosiahnut\u00ed cie\u013ea s\u00fa\u0165a\u017ee a nebud\u00fa pou\u017eit\u00e9 na in\u00e9 \u00fa\u010dely. Odpovede poskytnut\u00e9 v dotazn\u00edku bud\u00fa uchovan\u00e9 vo forme agregovan\u00fdch v\u00fdskumn\u00fdch v\u00fdsledkov, anonymizovan\u00fdch sp\u00f4sobom, ktor\u00fd neumo\u017e\u0148uje sp\u00e4tne ich prepojenie s menom alebo e-mailovou adresou \u00fa\u010dastn\u00edkov dotazn\u00edka.<\/li><\/ol>\n\n<ol style=\"list-style-type:upper-roman\" class=\"wp-block-list\"><li>\u00dadaje v\u00fdhercov bud\u00fa vymazan\u00e9 po uplynut\u00ed preml\u010dacej doby po dosiahnut\u00ed cie\u013ea s\u00fa\u0165a\u017ee.<\/li><\/ol>\n\n<ol style=\"list-style-type:upper-roman\" class=\"wp-block-list\"><li>Doba uchov\u00e1vania \u00fadajov potrebn\u00fdch na da\u0148ov\u00e9 \u00fa\u010dely v\u00fdhercu je osem rokov pod\u013ea \u00a7 169 ods. 2 Z\u00e1kona o \u00fa\u010dtovn\u00edctve. V\u00fdhercovia bud\u00fa podrobne informovan\u00ed o spracovan\u00ed ich \u00fadajov pri ich odovzdan\u00ed v\u00fdhry v s\u00falade s \u010dl\u00e1nkom 13 GDPR.<\/li><\/ol>\n\n<ol style=\"list-style-type:upper-roman\" class=\"wp-block-list\"><li>Pri prihl\u00e1sen\u00ed na odber newslettera: Povinnos\u0165 vymaza\u0165 \u00fadaje nast\u00e1va po odvolan\u00ed s\u00fahlasu, najnesk\u00f4r v\u0161ak 18 mesiacov po poslednej aktivite.<\/li><\/ol>\n\n<p><strong>Mo\u017enos\u0165 podania s\u0165a\u017enosti:&nbsp;<\/strong><\/p>\n\n<p><strong>N\u00e1rodn\u00fd \u00farad na ochranu \u00fadajov a slobodu inform\u00e1ci\u00ed<\/strong>&nbsp;<\/p>\n\n<p>S\u00eddlo: H-1055 Budape\u0161\u0165, Falk Miksa ulica 9-11,<\/p>\n\n<p>Po\u0161tov\u00e1 adresa: 1363 Budape\u0161\u0165, P.O. Box 9,<\/p>\n\n<p>Tel.: +36 (1) 391-1400&nbsp;<\/p>\n\n<p>E-mail: ugyfelszolgalat@naih.hu&nbsp;&nbsp;<\/p>\n\n<p>Dotknut\u00e1 osoba m\u00f4\u017ee v pr\u00edpade poru\u0161enia svojich pr\u00e1v poda\u0165 \u017ealobu proti spr\u00e1vcovi \u00fadajov na s\u00fad.<\/p>\n\n<p><strong>P\u00e1cin, 6. febru\u00e1ra 2025<em> 2025.02.06<\/em> <\/strong><\/p>\n\n<p><strong>WHIZZOPET Bt.<\/strong><\/p>\n<\/div>\n<\/div><p><\/p>","protected":false},"excerpt":{"rendered":"<p>\u201eMert a kutya csal\u00e1dtag nyerem\u00e9nyj\u00e1t\u00e9k \u201d Az adatkezel\u0151 neve \u00e9s el\u00e9rhet\u0151s\u00e9gei: WHIZZOPET Bt., 3964 P\u00e1cin, Arany J\u00e1nos utca 3. K\u00e9pviseli: Balla Barbara E-mail: info@whizzopet.hu A szem\u00e9lyes adatok tervezett kezel\u00e9s\u00e9nek c\u00e9lja: Az adatkezel\u0151 a megjel\u00f6lt c\u00e9lokt\u00f3l elt\u00e9r\u0151 c\u00e9lra a szem\u00e9lyes adatokat nem haszn\u00e1lja. Az adatkezel\u00e9s jogalapja: \u00c9rintettek k\u00f6re:&nbsp; J\u00e1t\u00e9kosok, akik a &#8230; <a title=\"Ozn\u00e1menie o spracovan\u00ed osobn\u00fdch \u00fadajov pre s\u00fa\u0165a\u017e\" class=\"read-more\" href=\"https:\/\/whizzopet.hu\/sk\/adatkezelesi-tajekoztato-nyeremejatekhoz\/\" aria-label=\"Pre\u010d\u00edtajte si viac o Adatkezel\u00e9si t\u00e1j\u00e9koztat\u00f3 nyerem\u00e9nyj\u00e1t\u00e9khoz\">Read more<\/a><\/p>","protected":false},"author":1,"featured_media":0,"parent":0,"menu_order":0,"comment_status":"closed","ping_status":"closed","template":"","meta":{"inline_featured_image":false,"footnotes":""},"class_list":{"0":"post-2556","1":"page","2":"type-page","3":"status-publish","5":"infinite-scroll-item"},"_links":{"self":[{"href":"https:\/\/whizzopet.hu\/sk\/wp-json\/wp\/v2\/pages\/2556","targetHints":{"allow":["GET"]}}],"collection":[{"href":"https:\/\/whizzopet.hu\/sk\/wp-json\/wp\/v2\/pages"}],"about":[{"href":"https:\/\/whizzopet.hu\/sk\/wp-json\/wp\/v2\/types\/page"}],"author":[{"embeddable":true,"href":"https:\/\/whizzopet.hu\/sk\/wp-json\/wp\/v2\/users\/1"}],"replies":[{"embeddable":true,"href":"https:\/\/whizzopet.hu\/sk\/wp-json\/wp\/v2\/comments?post=2556"}],"version-history":[{"count":4,"href":"https:\/\/whizzopet.hu\/sk\/wp-json\/wp\/v2\/pages\/2556\/revisions"}],"predecessor-version":[{"id":8711,"href":"https:\/\/whizzopet.hu\/sk\/wp-json\/wp\/v2\/pages\/2556\/revisions\/8711"}],"wp:attachment":[{"href":"https:\/\/whizzopet.hu\/sk\/wp-json\/wp\/v2\/media?parent=2556"}],"curies":[{"name":"wp","href":"https:\/\/api.w.org\/{rel}","templated":true}]}}