{"id":2554,"date":"2024-08-05T10:55:59","date_gmt":"2024-08-05T08:55:59","guid":{"rendered":"https:\/\/whizzopet.hu\/?page_id=2554"},"modified":"2025-02-25T10:42:11","modified_gmt":"2025-02-25T09:42:11","slug":"pravidla-hry-a-podmienky-ucasti","status":"publish","type":"page","link":"https:\/\/whizzopet.hu\/sk\/nyeremenyjatek-szabalyzat\/","title":{"rendered":"Pravidl\u00e1 s\u00fa\u0165a\u017ee"},"content":{"rendered":"<div class=\"gb-container gb-container-22a74c67\">\n<div class=\"gb-container gb-container-789a3d66\">\n<p>Pravidl\u00e1 hry a podmienky \u00fa\u010dasti<\/p>\n\n<p><strong><em>Vyhra\u0165 v s\u00fa\u0165a\u017ei \"Preto\u017ee pes je \u010dlenom rodiny\"<\/em><\/strong><strong><em><\/em><\/strong><\/p>\n\n<p class=\"translation-block\">na Facebook skupine Whizzopet<\/p>\n\n<p>(\u010falej len: Pravidl\u00e1 s\u00fa\u0165a\u017ee)<\/p>\n\n<p class=\"translation-block\"><strong>1. Organiz\u00e1cia a vykon\u00e1vanie<\/strong><\/p>\n\n<p>A nyerem\u00e9nyj\u00e1t\u00e9k (tov\u00e1bbiakban: J\u00e1t\u00e9k) szervez\u0151je a WHIZZOPET Bt. (Sz\u00e9khely: 3964 P\u00e1cin, Arany J\u00e1nos utca 3., ad\u00f3sz\u00e1m: 27030567-2-05) (tov\u00e1bbiakban: &#8222;Szervez\u0151&#8221;), amely a jelen szab\u00e1lyzatban foglaltaknak megfelel\u0151en j\u00e1r el.<\/p>\n\n<p>Po\u010das trvania Hry s\u00fa pravidl\u00e1 s\u00fa\u0165a\u017ee pr\u00edstupn\u00e9 ka\u017ed\u00e9mu z\u00e1ujemcovi na webovej str\u00e1nke Organiz\u00e1tora: www.whizzopet.hu<\/p>\n\n<p class=\"translation-block\"><strong>2. Pravidl\u00e1 \u00fa\u010dasti<\/strong><\/p>\n\n<p>Do Hry sa m\u00f4\u017ee zapoji\u0165 ka\u017ed\u00e1 fyzick\u00e1 osoba star\u0161ia ako 18 rokov, ktor\u00e1 m\u00e1 pr\u00edstup na internet a m\u00e1 pobyt alebo trval\u00fd pobyt v Ma\u010farsku (\u010falej len: \"Hr\u00e1\u010d\"). Ak je v\u00fdherca obmedzen\u00fd v sp\u00f4sobilosti na pr\u00e1vne \u00fakony, m\u00f4\u017ee uskuto\u010dni\u0165 podstatn\u00e9 pr\u00e1vne kroky s\u00favisiace s cenou a prevzia\u0165 cenu iba so svoj\u00edm z\u00e1konn\u00fdm z\u00e1stupcom. Ak je v\u00fdherca nesposobil\u00fd na pr\u00e1vne \u00fakony, v jeho mene m\u00f4\u017ee kona\u0165 iba jeho z\u00e1konn\u00fd z\u00e1stupca.<\/p>\n\n<p>Do Hry sa nem\u00f4\u017eu zapoji\u0165: ved\u00faci zamestnanci, pracovn\u00edci a z\u00e1stupcovia spolo\u010dnosti WHIZZOPET Bt., ako aj ich bl\u00edzki pr\u00edbuzn\u00ed, definovan\u00ed v \u00a7 8:1, odst. 1 bod 1 Ob\u010dianskeho z\u00e1konn\u00edka; osoby a firmy, ktor\u00e9 sa podie\u013eali na pr\u00edprave a realiz\u00e1cii s\u00fa\u0165a\u017ee v mene spolo\u010dnosti WHIZZOPET Bt., vr\u00e1tane ich ved\u00facich zamestnancov, pracovn\u00edkov, z\u00e1stupcov a ich bl\u00edzkych pr\u00edbuzn\u00fdch definovan\u00fdch v \u00a7 8:1, odst. 1 bod 1 Ob\u010dianskeho z\u00e1konn\u00edka.<\/p>\n\n<p>Zaregistrovan\u00edm sa do Hry Hr\u00e1\u010d potvrdzuje, \u017ee si \u00faplne pre\u010d\u00edtal Pravidl\u00e1 s\u00fa\u0165a\u017ee a bez v\u00fdhrad ich akceptuje.<\/p>\n\n<p>Podmienkou \u00fa\u010dasti v Hre je zozn\u00e1menie sa s inform\u00e1ciami o spr\u00e1ve osobn\u00fdch \u00fadajov t\u00fdkaj\u00facich sa s\u00fa\u0165a\u017ee, ktor\u00e9 s\u00fa neoddelite\u013enou s\u00fa\u010das\u0165ou Pravidiel s\u00fa\u0165a\u017ee.<\/p>\n\n<p>Ak Hr\u00e1\u010d neakceptuje tieto Pravidl\u00e1 s\u00fa\u0165a\u017ee alebo ak\u00fako\u013evek ich \u010das\u0165, alebo vzn\u00e1\u0161a n\u00e1mietky, nebude ma\u0165 pr\u00e1vo sa z\u00fa\u010dastni\u0165 na Hre, a bude automaticky vyl\u00fa\u010den\u00fd zo s\u00fa\u0165a\u017ee.<\/p>\n\n<p>Hra a \u00fa\u010das\u0165 v nej sa riadi t\u00fdmito Pravidlami s\u00fa\u0165a\u017ee. Ak Pravidl\u00e1 s\u00fa\u0165a\u017ee neupravuj\u00fa niektor\u00fa z\u00e1le\u017eitos\u0165, pou\u017eij\u00fa sa pr\u00edslu\u0161n\u00e9 platn\u00e9 pr\u00e1vne predpisy.<\/p>\n\n<p class=\"translation-block\"><strong>3. Priebeh Hry, trvanie:<\/strong><\/p>\n\n<p>Hra sa kon\u00e1 od 7. febru\u00e1ra 2025 do 13. febru\u00e1ra 2025 do 23:59, po tomto d\u00e1tume u\u017e nebude mo\u017en\u00e9 sa zaregistrova\u0165 do hry a z\u00fa\u010dastni\u0165 sa posledn\u00e9ho \u017erebovania.<\/p>\n\n<p class=\"translation-block\">Aby sa Hr\u00e1\u010d mohol z\u00fa\u010dastni\u0165 Hry a mal n\u00e1rok na v\u00fdhru, mus\u00ed sa pripoji\u0165 do Facebook skupiny MERT A KUTYA CSAL\u00c1DTAG. Mus\u00ed pozva\u0165 aspo\u0148 10 \u013eud\u00ed do skupiny, ka\u017ed\u00fd de\u0148 mus\u00ed by\u0165 akt\u00edvny (pr\u00edspevky, hlasovanie, komentovanie) v skupine a\u017e do konca hry. Cie\u013eom s\u00fa\u0165a\u017ee je motivova\u0165 a odmeni\u0165 t\u00fdch, ktor\u00ed sa dobrovo\u013ene z\u00fa\u010dastnia hry a pom\u00e1haj\u00fa jej, a to t\u00fdm, \u017ee Organiz\u00e1tor pon\u00faka v\u00fdhry spojen\u00e9 so s\u00fa\u0165a\u017eou \u00fa\u010dastn\u00edkom. Cie\u013eom Organiz\u00e1tora je, aby sa Hry z\u00fa\u010dastnilo \u010do najviac \u013eud\u00ed, ktor\u00ed prispievaj\u00fa k rastu tejto skupiny.<\/p>\n\n<p>Hr\u00e1\u010di s\u00fa opr\u00e1vnen\u00ed z\u00fa\u010dastni\u0165 sa Hry za t\u00fdchto podmienok:<\/p>\n\n<ul class=\"wp-block-list\"><li class=\"translation-block\">\u00da\u010das\u0165 v s\u00fa\u0165a\u017ei je podmienen\u00e1 t\u00fdm, \u017ee Hr\u00e1\u010d je \u010dlenom Facebook skupiny MERT A KUTYA CSAL\u00c1DTAG.<\/li>\n\n<li>Mus\u00ed pozva\u0165 aspo\u0148 10 \u013eud\u00ed do skupiny.<\/li><\/ul>\n\n<ul class=\"wp-block-list\"><li><strong>Mus\u00ed by\u0165 ka\u017ed\u00fd de\u0148 akt\u00edvny a\u017e do konca Hry (pr\u00edspevky, hlasovanie, komentovanie).<\/strong><\/li><\/ul>\n\n<p class=\"translation-block\"><strong>4. V\u00fdhry, sp\u00f4sob v\u00fdberu, vyhl\u00e1senie v\u00fdsledkov, v\u00fdhercovia:<\/strong><\/p>\n\n<p><strong>V s\u00fa\u0165a\u017ei sa uskuto\u010dn\u00ed jedno \u017erebovanie, ktor\u00e9 sa bude kona\u0165 14. febru\u00e1ra 2025 o 15:00 hod. \u017eiv\u00fdm vysielan\u00edm v skupine.<\/strong><\/p>\n\n<p>Zverejnen\u00e9 v\u00fdhry a po\u010det v\u00fdhercov:<\/p>\n\n<p class=\"translation-block\"><strong>1. miesto - v\u00fdhra v hodnote 30 000,- Ft:<\/strong><\/p>\n\n<p><strong>Bal\u00ed\u010dek Whizzopet, ktor\u00fd bude obsahova\u0165 produkty zo v\u0161etk\u00fdch produktov na str\u00e1nke whizzopet.hu, ktor\u00e9 si v\u00fdherca vyberie.<\/strong><\/p>\n\n<p class=\"translation-block\"><strong>2. miesto - v\u00fdhra v hodnote 20 000,- Ft:\nBal\u00ed\u010dek obsahuj\u00faci:<\/p>\n\n<p><strong>Bal\u00ed\u010dek so zmesou zveriny<\/strong><\/p>\n\n<p><strong>Citrusov\u00fd \u0161amp\u00f3n<\/strong><\/p>\n\n<p><strong>150ml Ear gel<\/strong><\/p>\n\n<p><strong>Kefka Whizzo Brush<\/strong><\/p>\n\n<p class=\"translation-block\"><strong>3. miesto - v\u00fdhra v hodnote 10 000,- Ft:\nBal\u00ed\u010dek obsahuj\u00faci:<\/strong><\/p>\n\n<p><strong>\u2022 Srs\u0165 kr\u00e1lika<\/strong><\/p>\n\n<p><strong>\u2022 Medov\u00fd \u0161amp\u00f3n<\/strong><\/p>\n\n<p><strong>\u2022 Ryb\u00ed olej z div\u00e9ho lososa<\/strong><\/p>\n\n<ul class=\"wp-block-list\"><li>\u2022 Po\u010das trvania s\u00fa\u0165a\u017ee sa vykon\u00e1 jedno \u017erebovanie, v ktorom sa vyber\u00fa 3 v\u00fdhercovia.<\/li><\/ul>\n\n<ul class=\"wp-block-list\"><li>\u2022 D\u00e1tum v\u00fdberu v\u00fdhercov: 14. febru\u00e1ra 2025 o 15:00.<\/li>\n\n<li>\u2022 Po\u010det v\u00fdhercov: celkovo 3 v\u00fdhercovia.<\/li>\n\n<li>\u2022 Pre ka\u017ed\u00e9ho v\u00fdhercu bude vybran\u00fd jeden n\u00e1hradn\u00edk.<\/li>\n\n<li>\u2022 Po\u010det n\u00e1hradn\u00edkov: celkovo 3.<\/li><\/ul>\n\n<p>V\u00fdhry bud\u00fa zaslan\u00e9 prostredn\u00edctvom kuri\u00e9ra.<\/p>\n\n<p>V\u00fdhry nie je mo\u017en\u00e9 vymeni\u0165 za in\u00e9 produkty, ani pou\u017ei\u0165 na n\u00e1kup in\u00fdch produktov, nie s\u00fa vymenite\u013en\u00e9 za hotovos\u0165 a nie s\u00fa prenosn\u00e9 na in\u00fa osobu.<\/p>\n\n<p>Organiz\u00e1tor si vyhradzuje pr\u00e1vo zmeni\u0165 predmet alebo hodnotu v\u00fdhry.<\/p>\n\n<p>Organiz\u00e1tor bude nies\u0165 povinnos\u0165 zaplati\u0165 da\u0148 z pr\u00edjmu a \u010fal\u0161ie poplatky spojen\u00e9 s v\u00fdhrou, ako aj n\u00e1klady na po\u0161tovn\u00e9. V\u0161etky \u010fal\u0161ie n\u00e1klady spojen\u00e9 s v\u00fdhrou hrad\u00ed v\u00fdherca.<\/p>\n\n<p>V\u00fdber v\u00fdhercov bude vykonan\u00fd ru\u010dn\u00fdm \u017erebovan\u00edm.<\/p>\n\n<p>Meno v\u00fdhercu bude zverejnen\u00e9 na Facebook str\u00e1nke Organiz\u00e1tora a v newsletteri najnesk\u00f4r do 12 hod\u00edn po \u017erebovan\u00ed a v\u00fdhercovia bud\u00fa tie\u017e informovan\u00ed prostredn\u00edctvom e-mailu.<\/p>\n\n<p>Ak v\u00fdherca z ak\u00e9hoko\u013evek d\u00f4vodu nespln\u00ed v\u0161etky podmienky uveden\u00e9 v t\u00fdchto Pravidl\u00e1ch s\u00fa\u0165a\u017ee, alebo neodpovie na oznamovaciu spr\u00e1vu do 7 kalend\u00e1rnych dn\u00ed od jej doru\u010denia, v\u00fdhra prejde na n\u00e1hradn\u00edka vybran\u00e9ho Organiz\u00e1torom. V pr\u00edpade vyl\u00fa\u010denia n\u00e1hradn\u00edka, v\u00fdhra zostane Organiz\u00e1torovi.<\/p>\n\n<p>V\u00fdherca nem\u00e1 n\u00e1rok na prevzatie v\u00fdhry, ak:<\/p>\n\n<ul class=\"wp-block-list\"><li>Nemal 18 rokov pri prihl\u00e1sen\u00ed sa do s\u00fa\u0165a\u017ee;<\/li>\n\n<li>Neodpovedal na oznamovaciu spr\u00e1vu do 7 kalend\u00e1rnych dn\u00ed;<\/li>\n\n<li>Z ak\u00e9hoko\u013evek d\u00f4vodu nie je mo\u017en\u00e9 nadviaza\u0165 kontakt s v\u00fdhercom;<\/li>\n\n<li>Je jasne dok\u00e1zan\u00e9, \u017ee sa z\u00fa\u010dastnil s\u00fa\u0165a\u017ee s viacer\u00fdmi a\/alebo falo\u0161n\u00fdmi registr\u00e1ciami, \u010d\u00edm z\u00edskal neopr\u00e1vnen\u00fa v\u00fdhodu;<\/li>\n\n<li>Je jasne dok\u00e1zan\u00e9, \u017ee sa pok\u00fasil \u00famyselne ovplyvni\u0165 priebeh alebo v\u00fdsledky s\u00fa\u0165a\u017ee ak\u00fdmko\u013evek sp\u00f4sobom;<\/li>\n\n<li>Poru\u0161il ak\u00fako\u013evek \u010das\u0165 t\u00fdchto pravidiel \u00fa\u010dasti.<\/li><\/ul>\n\n<p class=\"translation-block\"><strong>5. Ozn\u00e1menie v\u00fdhercu<\/strong><\/p>\n\n<p>S v\u00fdhercom sa skontaktujeme prostredn\u00edctvom Facebooku a dohodneme sa s n\u00edm na podrobnostiach t\u00fdkaj\u00facich sa odovzdania\/prebratia v\u00fdhry. Ak sa n\u00e1m nepodar\u00ed nadviaza\u0165 kontakt s v\u00fdhercom do 7 kalend\u00e1rnych dn\u00ed od poskytnutia inform\u00e1cie, v\u00fdherca strat\u00ed n\u00e1rok na v\u00fdhru. Na identifik\u00e1ciu v\u00fdhercu a jeho overenie, ako aj na predch\u00e1dzanie neskor\u0161\u00edm sporom m\u00f4\u017ee Organiz\u00e1tor po\u017eadova\u0165 od v\u00fdhercu potvrdenie jeho identity. Ak v\u00fdherca nepostupuje pod\u013ea pokynov uveden\u00fdch v spr\u00e1ve alebo ak odmietne poskytn\u00fa\u0165 po\u017eadovan\u00e9 \u00fadaje v p\u00edsomnej forme, m\u00f4\u017ee by\u0165 jeho n\u00e1rok na v\u00fdhru neplatn\u00fd. V spr\u00e1ve m\u00f4\u017ee Organiz\u00e1tor po\u017eadova\u0165 od v\u00fdhercu \u00fadaje v\u00fdlu\u010dne na identifik\u00e1ciu v\u00fdhercu, doru\u010denie v\u00fdhry a plnenie pr\u00e1vnych povinnost\u00ed v s\u00favislosti s v\u00fdhrou, na in\u00e9 \u00fa\u010dely nie.<\/p>\n\n<p class=\"translation-block\"><strong>6. Doru\u010denie v\u00fdhier<\/p>\n\n<p>V\u00fdherca obdr\u017e\u00ed svoju v\u00fdhru prostredn\u00edctvom po\u0161ty alebo kuri\u00e9rskej slu\u017eby na adresu v Ma\u010farsku, ktor\u00fa si dohodne s Organiz\u00e1torom. Pri doru\u010den\u00ed kuri\u00e9rskou slu\u017ebou bude uskuto\u010dnen\u00fd iba jeden pokus o doru\u010denie.<\/p>\n\n<p>V\u00fdherca je povinn\u00fd spolupracova\u0165 pri prebran\u00ed v\u00fdhry. Ak tak neurob\u00ed a prebratie v\u00fdhry zlyh\u00e1 (napr\u00edklad v pr\u00edpade doru\u010denia kuri\u00e9rskou slu\u017ebou, ak nie je mo\u017en\u00e9 v\u00fdhru z ak\u00e9hoko\u013evek d\u00f4vodu odovzda\u0165 at\u010f.), v\u00fdhra u\u017e nebude k dispoz\u00edcii na prevzatie a Organiz\u00e1tor nenesie \u017eiadnu zodpovednos\u0165 za tento probl\u00e9m.<\/p>\n\n<p class=\"translation-block\"><strong>7. Zodpovednos\u0165 Organiz\u00e1tora<\/strong><\/p>\n\n<p>Organiz\u00e1tor vylu\u010duje svoju zodpovednos\u0165 za nespr\u00e1vne, nepresn\u00e9 alebo ne\u00fapln\u00e9 poskytnutie \u00fadajov zo strany Hr\u00e1\u010dov, za registr\u00e1ciu osoby, ktor\u00e1 je \u010diasto\u010dne obmedzen\u00e1 v sp\u00f4sobilosti na pr\u00e1vne \u00fakony alebo je neschopn\u00e1 kona\u0165 bez s\u00fahlasu svojho z\u00e1konn\u00e9ho z\u00e1stupcu, alebo malolet\u00e9ho, ako aj za stratu elektronick\u00e9ho ozn\u00e1menia zaslan\u00e9ho v\u00fdhercovi, ktor\u00e1 nie je sp\u00f4soben\u00e1 jeho vinou, za ne\u00faspe\u0161n\u00e9 doru\u010denie z in\u00fdch d\u00f4vodov alebo za jeho oneskorenie, a to vo vz\u0165ahu k \u0161kod\u00e1m, ktor\u00e9 vznikn\u00fa Hr\u00e1\u010dovi alebo akejko\u013evek tretej strane.<\/p>\n\n<p>Organiz\u00e1tor zaplat\u00ed da\u0148 z v\u00fdhier. V\u00fdherca je povinn\u00fd poskytn\u00fa\u0165 Organiz\u00e1torovi v\u0161etky \u00fadaje, ktor\u00e9 m\u00f4\u017eu by\u0165 potrebn\u00e9 na splnenie da\u0148ov\u00fdch povinnost\u00ed s\u00favisiacich s v\u00fdhrou, a je povinn\u00fd v tomto smere spolupracova\u0165 s Organiz\u00e1torom.<\/p>\n\n<p>Po v\u00fdhre nebud\u00fa ma\u0165 Hr\u00e1\u010di \u017eiadnu povinnos\u0165 plati\u0165 da\u0148.<\/p>\n\n<p>T\u00e1to s\u00fa\u0165a\u017e pod\u013ea z\u00e1kona \u010d. XXXIV z roku 1991 o organizovan\u00ed hazardn\u00fdch hier nie je povinn\u00e1 na ozn\u00e1menie a nepova\u017euje sa za hazardn\u00fa hru.<\/p>\n\n<p><strong>8. Vyl\u00fa\u010denie<\/strong><\/p>\n\n<p>Z Hry bud\u00fa vyl\u00fa\u010den\u00ed t\u00ed hr\u00e1\u010di, ktor\u00ed sa z\u00fa\u010dastnia s\u00fa\u0165a\u017ee v rozpore s jej duchom s cie\u013eom klama\u0165 a zv\u00fd\u0161i\u0165 svoje \u0161ance na v\u00fdhru, \u010d\u00edm pripravuj\u00fa ostatn\u00fdch \u00fa\u010dastn\u00edkov o ich spravodliv\u00e9 \u0161ance na v\u00fdhru. Organiz\u00e1tor si vyhradzuje pr\u00e1vo v pr\u00edpade zistenia tak\u00e9hoto konania vyl\u00fa\u010di\u0165 Hr\u00e1\u010da zo S\u00fa\u0165a\u017ee.<\/p>\n\n<p class=\"translation-block\"><strong>9. R\u00f4zne ustanovenia<\/strong><\/p>\n\n<p>Vzh\u013eadom na to, \u017ee s\u00fa\u0165a\u017e prebieha v online prostred\u00ed, Organiz\u00e1tor vylu\u010duje svoju zodpovednos\u0165 za pr\u00edpadn\u00e9 technick\u00e9 probl\u00e9my, bez oh\u013eadu na to, \u010di vznikli v informa\u010dn\u00fdch syst\u00e9moch alebo slu\u017eb\u00e1ch \u00fa\u010dastn\u00edkov s\u00fa\u0165a\u017ee alebo Organiz\u00e1tora.<\/p>\n\n<p>Organiz\u00e1tor si vyhradzuje pr\u00e1vo na zmenu t\u00fdchto pravidiel \u00fa\u010dasti, skr\u00e1tenie alebo pred\u013a\u017eenie trvania s\u00fa\u0165a\u017ee a in\u00e9 zmeny. O zmen\u00e1ch pravidiel s\u00fa\u0165a\u017ee alebo o ozn\u00e1men\u00ed o zru\u0161en\u00ed s\u00fa\u0165a\u017ee bude Organiz\u00e1tor informova\u0165 na svojej Facebook str\u00e1nke a na webovej str\u00e1nke www.whizzopet.hu. Zodpovednos\u0165 \u00fa\u010dastn\u00edkov s\u00fa\u0165a\u017ee je, aby sa riadne informovali o t\u00fdchto zmen\u00e1ch.<\/p>\n\n<p class=\"translation-block\"><strong>Pr\u00edloha: Ozn\u00e1menie o spr\u00e1ve osobn\u00fdch \u00fadajov<\/strong><\/p>\n\n<p><strong>P\u00e1cin, 6. febru\u00e1ra 2025<em> 2025.<\/em><\/strong><strong>02.06<\/strong><strong><\/strong><\/p>\n\n<p><strong>WHIZZOPET Bt.<\/strong><\/p>\n<\/div>\n<\/div>","protected":false},"excerpt":{"rendered":"<p>J\u00e1t\u00e9kszab\u00e1lyzat \u00e9s r\u00e9szv\u00e9teli felt\u00e9telek Mert a kutya csal\u00e1dtag nyerem\u00e9nyj\u00e1t\u00e9k &nbsp;facebook csoport Whizzopet nyerem\u00e9nyj\u00e1t\u00e9khoz (tov\u00e1bbiakban: J\u00e1t\u00e9kszab\u00e1lyzat) 1. Szervez\u00e9s \u00e9s lebonyol\u00edt\u00e1s A nyerem\u00e9nyj\u00e1t\u00e9k (tov\u00e1bbiakban: J\u00e1t\u00e9k) szervez\u0151je a WHIZZOPET Bt. (Sz\u00e9khely: 3964 P\u00e1cin, Arany J\u00e1nos utca 3., ad\u00f3sz\u00e1m: 27030567-2-05) (tov\u00e1bbiakban: &#8222;Szervez\u0151&#8221;), amely a jelen szab\u00e1lyzatban foglaltaknak megfelel\u0151en j\u00e1r el. A J\u00e1t\u00e9k id\u0151tartama alatt &#8230; <a title=\"Pravidl\u00e1 s\u00fa\u0165a\u017ee\" class=\"read-more\" href=\"https:\/\/whizzopet.hu\/sk\/nyeremenyjatek-szabalyzat\/\" aria-label=\"Pre\u010d\u00edtajte si viac o Nyerem\u00e9nyj\u00e1t\u00e9k szab\u00e1lyzat\">Read more<\/a><\/p>","protected":false},"author":1,"featured_media":0,"parent":0,"menu_order":0,"comment_status":"closed","ping_status":"closed","template":"","meta":{"inline_featured_image":false,"footnotes":""},"class_list":{"0":"post-2554","1":"page","2":"type-page","3":"status-publish","5":"infinite-scroll-item"},"_links":{"self":[{"href":"https:\/\/whizzopet.hu\/sk\/wp-json\/wp\/v2\/pages\/2554","targetHints":{"allow":["GET"]}}],"collection":[{"href":"https:\/\/whizzopet.hu\/sk\/wp-json\/wp\/v2\/pages"}],"about":[{"href":"https:\/\/whizzopet.hu\/sk\/wp-json\/wp\/v2\/types\/page"}],"author":[{"embeddable":true,"href":"https:\/\/whizzopet.hu\/sk\/wp-json\/wp\/v2\/users\/1"}],"replies":[{"embeddable":true,"href":"https:\/\/whizzopet.hu\/sk\/wp-json\/wp\/v2\/comments?post=2554"}],"version-history":[{"count":8,"href":"https:\/\/whizzopet.hu\/sk\/wp-json\/wp\/v2\/pages\/2554\/revisions"}],"predecessor-version":[{"id":8710,"href":"https:\/\/whizzopet.hu\/sk\/wp-json\/wp\/v2\/pages\/2554\/revisions\/8710"}],"wp:attachment":[{"href":"https:\/\/whizzopet.hu\/sk\/wp-json\/wp\/v2\/media?parent=2554"}],"curies":[{"name":"wp","href":"https:\/\/api.w.org\/{rel}","templated":true}]}}