{"id":2551,"date":"2024-08-05T10:53:07","date_gmt":"2024-08-05T08:53:07","guid":{"rendered":"https:\/\/whizzopet.hu\/?page_id=2551"},"modified":"2024-08-13T13:58:00","modified_gmt":"2024-08-13T11:58:00","slug":"dodatkove-vseobecne-obchodne-podmienky-tykajuce-sa-barion-pixelu","status":"publish","type":"page","link":"https:\/\/whizzopet.hu\/sk\/barion-pixelre-vonatkozo-kiegeszito-altalanos-szerzodesi-feltetelek\/","title":{"rendered":"Dodatkov\u00e9 v\u0161eobecn\u00e9 obchodn\u00e9 podmienky t\u00fdkaj\u00face sa Barion pixelu"},"content":{"rendered":"<div class=\"gb-container gb-container-022301f0\">\n<div class=\"gb-container gb-container-29f87e2f\">\n<h1 class=\"wp-block-heading\">Dodatkov\u00e9 v\u0161eobecn\u00e9 obchodn\u00e9 podmienky t\u00fdkaj\u00face sa Barion pixelu<\/h1>\n\n<p>Doplnkov\u00e9 V\u0161eobecn\u00e9 Obchodn\u00e9 Podmienky pre Barion Pixel\nPlatn\u00e9: 5. septembra 2019<br>Spolo\u010dnos\u0165 Barion Payment Zrt. (so s\u00eddlom: 1117 Budape\u0161\u0165, Infopark s\u00e9t\u00e1ny 1. I. budova 5. poschodie 5, obchodn\u00fd s\u00fad: S\u00fadny dvor hlavn\u00e9ho mesta Budape\u0161\u0165, \u010d\u00edslo z\u00e1pisu: Cg. 01-10-048552, da\u0148ov\u00e9 \u010d\u00edslo: 25353192-2-43; komunit\u00e1rne da\u0148ov\u00e9 \u010d\u00edslo: HU25353192) ako poskytovate\u013e slu\u017eby Barion Pixel, ur\u010duje tieto doplnkov\u00e9 V\u0161eobecn\u00e9 Obchodn\u00e9 Podmienky.<\/p>\n\n<p>Spolo\u010dnos\u0165 Barion Payment Zrt., ako in\u0161tit\u00facia vyd\u00e1vaj\u00faca elektronick\u00e9 peniaze, uplat\u0148uje V\u0161eobecn\u00e9 Obchodn\u00e9 Podmienky slu\u017eby Barion (\u010falej len: \"V\u0161eobecn\u00e9 Obchodn\u00e9 Podmienky Barion\" alebo \"Barion VOP\") na slu\u017ebu Barion Pixel s odch\u00fdlkami uveden\u00fdmi v t\u00fdchto doplnkov\u00fdch V\u0161eobecn\u00fdch Obchodn\u00fdch Podmienkach.<\/p>\n\n<h4 class=\"wp-block-heading has-text-highlight-color has-text-color has-link-color wp-elements-5b2b4d6e34dfe00769a0a960ec5d3248\">1. Defin\u00edcie<\/h4>\n\n<p>V\u00fdrazy pou\u017e\u00edvan\u00e9 v t\u00fdchto Doplnkov\u00fdch V\u0161eobecn\u00fdch Obchodn\u00fdch Podmienkach s ve\u013ek\u00fdm za\u010diato\u010dn\u00fdm p\u00edsmenom maj\u00fa rovnak\u00fd v\u00fdznam ako defin\u00edcie uveden\u00e9 v V\u0161eobecn\u00fdch Obchodn\u00fdch Podmienkach Barion. Okrem toho nasleduj\u00face v\u00fdrazy v t\u00fdchto Doplnkov\u00fdch V\u0161eobecn\u00fdch Obchodn\u00fdch Podmienkach maj\u00fa nasleduj\u00faci v\u00fdznam:<\/p>\n\n<p>1.1 Barion Ozn\u00e1menie o Spr\u00e1ve \u00dadajov<\/p>\n\n<p>Aktu\u00e1lne platn\u00e9 ozn\u00e1menie o spr\u00e1ve \u00fadajov zverejnen\u00e9 poskytovate\u013eom na webovej str\u00e1nke www.barion.com.<\/p>\n\n<p>1.2 Barion Ozn\u00e1menie o Cookies<\/p>\n\n<p>Aktu\u00e1lne platn\u00e9 ozn\u00e1menie o cookies zverejnen\u00e9 poskytovate\u013eom na webovej str\u00e1nke www.barion.com.<\/p>\n\n<p>1.3 Barion Pixel<\/p>\n\n<p>JavaScriptov\u00fd merac\u00ed k\u00f3d, ktor\u00fd je umiestnen\u00fd na webovej str\u00e1nke obchodn\u00edka a sleduje aktivitu n\u00e1v\u0161tevn\u00edkov webovej str\u00e1nky pomocou cookies umiestnen\u00fdch v prehliada\u010di n\u00e1v\u0161tevn\u00edka webu. Po umiestnen\u00ed cookies na zariaden\u00ed n\u00e1v\u0161tevn\u00edka webovej str\u00e1nky, Barion Pixel zhroma\u017e\u010fuje \u00fadaje o n\u00e1v\u0161tevn\u00edkoch webovej str\u00e1nky a ich prehliadac\u00edch n\u00e1vykoch a tieto \u00fadaje priamo odosiela na server poskytovate\u013ea. Tieto \u00fadaje s\u00fa pou\u017e\u00edvan\u00e9 poskytovate\u013eom na anal\u00fdzu a hodnotenie riz\u00edk na prevenciu podvodov (v s\u00falade s bodom 5.4 Barion Ozn\u00e1menia o Spr\u00e1ve \u00dadajov) a na marketingov\u00e9 \u00fa\u010dely, ako je personaliz\u00e1cia rekl\u00e1m a odpor\u00fa\u010dan\u00ed na z\u00e1klade spr\u00e1vania n\u00e1v\u0161tevn\u00edkov (v s\u00falade s bodom 5.12 Barion Ozn\u00e1menia o Spr\u00e1ve \u00dadajov), ako je pop\u00edsan\u00e9 v aktu\u00e1lnom Barion Ozn\u00e1men\u00ed o Spr\u00e1ve \u00dadajov. Barion Pixel m\u00e1 dve verzie: Barion Pixel Z\u00e1kladn\u00e1 Verzia a Barion Pixel Pln\u00e1 Verzia.<\/p>\n\n<p>1.4 Barion Pixel Z\u00e1kladn\u00e1 Verzia<\/p>\n\n<p>Verzia Barion Pixel, ktor\u00e1 zhroma\u017e\u010fuje \u00fadaje v\u00fdhradne na \u00fa\u010dely prevencie podvodov a anal\u00fdzu riz\u00edk.<\/p>\n\n<p>1.5 Technick\u00e1 dokument\u00e1cia Barion Pixel<\/p>\n\n<p>Dokument obsahuj\u00faci technick\u00e9 po\u017eiadavky potrebn\u00e9 na pou\u017e\u00edvanie Barion Pixel, zverejnen\u00fd poskytovate\u013eom na webovej str\u00e1nke alebo in\u00fdm sp\u00f4sobom.<\/p>\n\n<p>1.6 Barion Pixel Pln\u00e1 Verzia<\/p>\n\n<p>Verzia Barion Pixel, ktor\u00e1 zhroma\u017e\u010fuje \u00fadaje na anal\u00fdzu riz\u00edk a prevenciu podvodov, ako aj na marketingov\u00e9 \u00fa\u010dely, ako je personaliz\u00e1cia rekl\u00e1m a odpor\u00fa\u010dan\u00ed na z\u00e1klade spr\u00e1vania n\u00e1v\u0161tevn\u00edkov.<\/p>\n\n<p>1.7 Platforma na spravovanie s\u00fahlasov (Consent Management Platform)<\/p>\n\n<p>Softv\u00e9r, ktor\u00fd zhroma\u017e\u010fuje a zaznamen\u00e1va vyhl\u00e1senie n\u00e1v\u0161tevn\u00edkov webovej str\u00e1nky obchodn\u00edka t\u00fdkaj\u00face sa umiest\u0148ovania cookies a spr\u00e1vy \u00fadajov v s\u00falade s aktu\u00e1lne platn\u00fdmi pr\u00e1vnymi predpismi o ochrane \u00fadajov a \u010fal\u0161\u00edmi predpismi (s\u00fahlas alebo odmietnutie).<\/p>\n\n<p>1.8 Pr\u00e1vne n\u00e1roky<\/p>\n\n<p>Ak\u00fdko\u013evek n\u00e1rok alebo konanie predlo\u017een\u00e9 alebo uplatnen\u00e9 tret\u00edmi stranami proti obchodn\u00edkovi alebo poskytovate\u013eovi, v ktorom tvrdia, \u017ee oper\u00e1cie spr\u00e1vy \u00fadajov vykon\u00e1van\u00e9 pomocou Barion Pixel na webovej str\u00e1nke obchodn\u00edka poru\u0161uj\u00fa pr\u00e1va tret\u00edch str\u00e1n alebo ich pr\u00e1va t\u00fdkaj\u00face sa ochrany osobn\u00fdch \u00fadajov.<\/p>\n\n<p>1.9 Ozn\u00e1menie o spr\u00e1ve \u00fadajov obchodn\u00edka<\/p>\n\n<p>Ozn\u00e1menie o spr\u00e1ve \u00fadajov zverejnen\u00e9 na webovej str\u00e1nke obchodn\u00edka, ktor\u00e9 je v s\u00falade s aktu\u00e1lnymi pr\u00e1vnymi predpismi o ochrane \u00fadajov a informuje n\u00e1v\u0161tevn\u00edkov webovej str\u00e1nky o spr\u00e1ve \u00fadajov vykon\u00e1vanej obchodn\u00edkom, bez oh\u013eadu na n\u00e1zov dokumentu.<\/p>\n\n<p>1.10 Ozn\u00e1menie o cookies obchodn\u00edka<\/p>\n\n<p>Ozn\u00e1menie o pou\u017e\u00edvan\u00ed cookies zverejnen\u00e9 na webovej str\u00e1nke obchodn\u00edka, ktor\u00e9 je v s\u00falade s aktu\u00e1lnymi pr\u00e1vnymi predpismi o ochrane \u00fadajov a \u010fal\u0161\u00edmi pr\u00e1vnymi predpismi a informuje n\u00e1v\u0161tevn\u00edkov webovej str\u00e1nky o pou\u017e\u00edvan\u00ed cookies na tejto str\u00e1nke, bez oh\u013eadu na n\u00e1zov dokumentu. Ozn\u00e1menie o spr\u00e1ve \u00fadajov obchodn\u00edka a Ozn\u00e1menie o cookies obchodn\u00edka m\u00f4\u017eu by\u0165 aj jedn\u00fdm dokumentom, bez oh\u013eadu na ich n\u00e1zov.<\/p>\n\n<p>1.11 Poskytovate\u013e<\/p>\n\n<p>Emitent definovan\u00fd v V\u0161eobecn\u00fdch Obchodn\u00fdch Podmienkach Barion, ktor\u00fd je v\u00fdvoj\u00e1rom a prev\u00e1dzkovate\u013eom Barion Pixel a spr\u00e1vcov \u00fadajov pri zhroma\u017e\u010fovan\u00ed \u00fadajov prostredn\u00edctvom cookies v r\u00e1mci Barion Pixel.<\/p>\n\n<p>1.12 Webov\u00e1 str\u00e1nka<\/p>\n\n<p>Webov\u00e1 str\u00e1nka obchodn\u00edka, ktor\u00fa poskytovate\u013e schv\u00e1lil ako akcepta\u010dn\u00fd bod.<\/p>\n\n<p>1.13 N\u00e1v\u0161tevn\u00edk webovej str\u00e1nky<\/p>\n\n<p>Pou\u017e\u00edvatelia, ktor\u00ed nav\u0161t\u00edvia webov\u00fa str\u00e1nku.<\/p>\n\n<h4 class=\"wp-block-heading has-text-highlight-color has-text-color has-link-color wp-elements-f11f2ef0b87607fd1bd919c045cb30d9\">2. Technick\u00e9 podmienky Barion Pixel<\/h4>\n\n<p>2.1. Obchodn\u00edk sa zav\u00e4zuje implementova\u0165 Barion Pixel na svoju webov\u00fa str\u00e1nku v s\u00falade s technickou dokument\u00e1ciou Barion Pixel zverejnenou poskytovate\u013eom (\u010falej len: Implement\u00e1cia). Smluvn\u00e1 implement\u00e1cia verzie Barion Pixel Z\u00e1kladn\u00e1 alebo Pln\u00e1 je podmienkou schv\u00e1lenia akcepta\u010dn\u00e9ho bodu.<\/p>\n\n<p>2.2. Pre implement\u00e1ciu Barion Pixel do webovej str\u00e1nky obchodn\u00edk mus\u00ed na svoje n\u00e1klady zabezpe\u010di\u0165 splnenie technick\u00fdch po\u017eiadaviek a ich spr\u00e1vne nastavenie. Poskytovate\u013e nezodpoved\u00e1 za \u0161kody vzniknut\u00e9 v d\u00f4sledku chybnej alebo ne\u00faplnej implement\u00e1cie pod\u013ea bodu 2.1.<\/p>\n\n<p>2.3. Poskytovate\u013e si vyhradzuje pr\u00e1vo zmeni\u0165 technick\u00e9 podmienky Barion Pixel v pr\u00edpade, \u017ee to bude potrebn\u00e9 kv\u00f4li technick\u00e9mu pokroku alebo z d\u00f4vodu zabezpe\u010denia slu\u017eby pod\u013ea pos\u00fadenia poskytovate\u013ea. Zmenen\u00e9 technick\u00e9 podmienky poskytovate\u013e zverejn\u00ed na svojej webovej str\u00e1nke. Obchodn\u00edk je povinn\u00fd na svoje n\u00e1klady zabezpe\u010di\u0165 s\u00falad s nov\u00fdmi technick\u00fdmi podmienkami do term\u00ednu uveden\u00e9ho v ozn\u00e1men\u00ed o zmene podmienok. Ak obchodn\u00edk tento z\u00e1v\u00e4zok nespln\u00ed, poskytovate\u013e nezodpoved\u00e1 za \u0161kody vzniknut\u00e9 obchodn\u00edkovi alebo akejko\u013evek tretej strane z tohto d\u00f4vodu.<\/p>\n\n<p>2.4. Obchodn\u00edk sa zav\u00e4zuje, \u017ee po zmluvnej implement\u00e1cii Barion Pixel do svojej webovej str\u00e1nky bude po\u010das existencie akcepta\u010dn\u00e9ho bodu nepretr\u017eite prev\u00e1dzkova\u0165 Barion Pixel v nezmenenej forme na svojej webovej str\u00e1nke a technicky zabezpe\u010d\u00ed, \u017ee Barion Pixel na zariaden\u00ed n\u00e1v\u0161tevn\u00edka webovej str\u00e1nky umiestni cookie v s\u00falade s platn\u00fdmi pr\u00e1vnymi predpismi.<\/p>\n\n<h4 class=\"wp-block-heading\">3. Pr\u00e1va na pou\u017e\u00edvanie<\/h4>\n\n<p>3.\t3.1. Poskytovate\u013e poskytuje obchodn\u00edkovi neexkluz\u00edvne, neprenosn\u00e9 pr\u00e1vo na pou\u017e\u00edvanie Barion Pixel a s n\u00edm s\u00favisiacej dokument\u00e1cie ako autorsk\u00fdch diel na \u00fa\u010dely plnenia tejto zmluvy a v rozsahu potrebnom na tento \u00fa\u010del, a to bezplatne, \u010dasovo a priestorovo obmedzen\u00e9. Pr\u00e1vo na pou\u017e\u00edvanie sa v\u00fdslovne nevz\u0165ahuje na kop\u00edrovanie, reprodukciu, \u00fapravy, rev\u00edzie, distrib\u00faciu (spr\u00edstupnenie na fyzick\u00fdch d\u00e1tov\u00fdch nosi\u010doch). Pr\u00e1vo na pou\u017e\u00edvanie nie je prenosn\u00e9 na tretie strany a obchodn\u00edk nem\u00e1 pr\u00e1vo poskytn\u00fa\u0165 toto pr\u00e1vo tret\u00edm osob\u00e1m. Poskytovate\u013e si vyhradzuje majetkov\u00e9 pr\u00e1va na Barion Pixel a s n\u00edm s\u00favisiacu dokument\u00e1ciu ako autorsk\u00e9 diela a tieto pr\u00e1va nepren\u00e1\u0161a na obchodn\u00edka.<\/p>\n\n<p>3.2. Pr\u00e1vo na pou\u017e\u00edvanie pod\u013ea tohto bodu prisl\u00facha obchodn\u00edkovi po\u010das trvania zmluvy s akcepta\u010dn\u00fdm bodom.<\/p>\n\n<h4 class=\"wp-block-heading\">4. Spr\u00e1va \u00fadajov, ochrana osobn\u00fdch \u00fadajov<\/h4>\n\n<p>4.1. Barion Pixel je cookie vyvinut\u00fd a prev\u00e1dzkovan\u00fd poskytovate\u013eom, ktor\u00fd priamo vykon\u00e1va zber \u00fadajov a ich prenos v r\u00e1mci poskytovate\u013ea ako spr\u00e1vcu \u00fadajov. Implementovan\u00edm Barion Pixel na webovej str\u00e1nke obchodn\u00edka, ktor\u00fd je prev\u00e1dzkovate\u013eom webovej str\u00e1nky, obchodn\u00edk spolupracuje pri umiestnen\u00ed cookie Barion Pixel na zariaden\u00ed n\u00e1v\u0161tevn\u00edka webovej str\u00e1nky. V tomto procese obchodn\u00edk nevykon\u00e1va spracovanie osobn\u00fdch \u00fadajov a osobn\u00e9 \u00fadaje sa mu neukazuj\u00fa.<\/p>\n\n<p>4.2. Poskytovate\u013e spravuje osobn\u00e9 \u00fadaje zozbieran\u00e9 pomocou Barion Pixel na \u00fa\u010dely prevencie podvodov, na anal\u00fdzu a hodnotenie riz\u00edk na z\u00e1klade opr\u00e1vnen\u00e9ho z\u00e1ujmu (pozri bod 5.4 Barion Ozn\u00e1menia o Spr\u00e1ve \u00dadajov). Poskytovate\u013e pou\u017e\u00edva Barion Pixel predov\u0161etk\u00fdm na prevenciu podvodov, anal\u00fdzu a hodnotenie riz\u00edk a ako nevyhnutn\u00e9 cookie pre fungovanie. Poskytovate\u013e spravuje osobn\u00e9 \u00fadaje zozbieran\u00e9 pomocou plnej verzie Barion Pixel nielen na \u00fa\u010dely prevencie podvodov, ale aj na marketingov\u00e9 \u00fa\u010dely, ako je personaliz\u00e1cia rekl\u00e1m a odpor\u00fa\u010dan\u00ed na z\u00e1klade anal\u00fdzy spr\u00e1vania n\u00e1v\u0161tevn\u00edkov (pozri bod 5.12 Barion Ozn\u00e1menia o Spr\u00e1ve \u00dadajov). Tieto \u00fadaje s\u00fa spracov\u00e1van\u00e9 poskytovate\u013eom len so s\u00fahlasom n\u00e1v\u0161tevn\u00edka webovej str\u00e1nky, pokia\u013e ide o marketingov\u00e9 \u00fa\u010dely. Pln\u00e1 verzia Barion Pixel, ak zbiera \u00fadaje na marketingov\u00e9 \u00fa\u010dely, sa pova\u017euje za cookie, ktor\u00fd podlieha s\u00fahlasu. Poskytovate\u013e vyhlasuje a zaru\u010duje, \u017ee osobn\u00e9 \u00fadaje zozbieran\u00e9 pomocou Barion Pixel bud\u00fa spravovan\u00e9 v\u00fdhradne na \u00fa\u010dely uveden\u00e9 v tomto bode a v s\u00falade s podmienkami uveden\u00fdmi v aktu\u00e1lnom Ozn\u00e1men\u00ed o Spr\u00e1ve \u00dadajov a nebud\u00fa pou\u017e\u00edvan\u00e9 na in\u00e9 \u00fa\u010dely.<\/p>\n\n<p class=\"translation-block\">4.3. Obchodn\u00edk, ako prev\u00e1dzkovate\u013e webovej str\u00e1nky, je povinn\u00fd informova\u0165 n\u00e1v\u0161tevn\u00edkov webovej str\u00e1nky o cookies pou\u017e\u00edvan\u00fdch na webovej str\u00e1nke, pred ich umiestnen\u00edm na zariaden\u00ed n\u00e1v\u0161tevn\u00edka webovej str\u00e1nky, v s\u00falade s aktu\u00e1lnymi pr\u00e1vnymi predpismi o ochrane osobn\u00fdch \u00fadajov a \u010fal\u0161\u00edmi predpismi. Obchodn\u00edk vyhlasuje a zaru\u010duje, \u017ee na webovej str\u00e1nke zverejn\u00ed aktu\u00e1lne platn\u00e9 Ozn\u00e1menie o cookies a Ozn\u00e1menie o ochrane osobn\u00fdch \u00fadajov v s\u00falade s platn\u00fdmi pr\u00e1vnymi predpismi. Obchodn\u00edk vyhlasuje a zaru\u010duje, \u017ee po\u010das prev\u00e1dzky webovej str\u00e1nky vykon\u00e1vanie \u010dinnosti je v s\u00falade s platn\u00fdmi pr\u00e1vnymi predpismi o ochrane osobn\u00fdch \u00fadajov.<\/p>\n\n<p>4.4. V s\u00falade s bodom 4.2, ak obchodn\u00edk implementuje pln\u00fa verziu Barion Pixel, ako prev\u00e1dzkovate\u013e webovej str\u00e1nky je povinn\u00fd z\u00edska\u0165 a zaznamena\u0165 s\u00fahlas n\u00e1v\u0161tevn\u00edka webovej str\u00e1nky s umiestnen\u00edm cookies a spracovan\u00edm \u00fadajov na marketingov\u00e9 \u00fa\u010dely v s\u00falade s aktu\u00e1lnymi pr\u00e1vnymi predpismi o ochrane osobn\u00fdch \u00fadajov (\u010falej len \"S\u00fahlas n\u00e1v\u0161tevn\u00edka webovej str\u00e1nky\") a informova\u0165 o tom poskytovate\u013ea pod\u013ea pokynov uveden\u00fdch v technickej dokument\u00e1cii Barion Pixel.<\/p>\n\n<p>Ak obchodn\u00edk implementuje pln\u00fa verziu Barion Pixel, obchodn\u00edk vyhlasuje a zaru\u010duje, \u017ee po\u010das trvania tejto zmluvy spln\u00ed v\u0161etky po\u017eiadavky t\u00fdkaj\u00face sa z\u00edskania s\u00fahlasu pod\u013ea tohto bodu.<\/p>\n\n<p>4.5. Na splnenie povinnost\u00ed uveden\u00fdch v bodoch 4.3 a 4.4 poskytovate\u013e v aktu\u00e1lnej technickej dokument\u00e1cii Barion Pixel poskytne vzory a platformu na spravovanie s\u00fahlasov, ktor\u00e9 zodpovedaj\u00fa najlep\u0161\u00edm praktik\u00e1m ochrany osobn\u00fdch \u00fadajov pod\u013ea n\u00e1zoru poskytovate\u013ea (napr. vzor Ozn\u00e1menia o cookies pre n\u00e1v\u0161tevn\u00edkov webovej str\u00e1nky a vzor na z\u00edskanie s\u00fahlasu n\u00e1v\u0161tevn\u00edkov). Tieto vzory predstavuj\u00fa minim\u00e1lne po\u017eiadavky, ktor\u00fdm mus\u00ed obchodn\u00edk vyhovova\u0165 v s\u00falade s bodmi 4.3 a 4.4. Obchodn\u00edk zodpoved\u00e1 za ak\u00e9ko\u013evek \u0161kody sp\u00f4soben\u00e9 t\u00fdm, \u017ee tieto po\u017eiadavky nespln\u00ed.<\/p>\n\n<p>4.6. Obchodn\u00edk je povinn\u00fd informova\u0165 poskytovate\u013ea o akomko\u013evek pr\u00e1vnom n\u00e1roku (Legal Claim), ktor\u00fd sa t\u00fdka Barion Pixel, a to najnesk\u00f4r do piatich (5) pracovn\u00fdch dn\u00ed od jeho zistenia. Ak pr\u00e1vny n\u00e1rok obsahuje inform\u00e1cie, ktor\u00e9 m\u00f4\u017eu nazna\u010dova\u0165 podozrenie na poru\u0161enie ochrany \u00fadajov, obchodn\u00edk o tom informuje poskytovate\u013ea najnesk\u00f4r do 24 hod\u00edn.<\/p>\n\n<p>4.7. Obchodn\u00edk si uvedomuje, \u017ee poskytovate\u013e je spr\u00e1vca \u00fadajov v s\u00favislosti s \u00fadajmi zozbieran\u00fdmi pomocou Barion Pixel, a \u017ee zodpovednos\u0165 za informovanie n\u00e1v\u0161tevn\u00edkov webovej str\u00e1nky a z\u00edskavanie ich s\u00fahlasu je v z\u00e1ujme poskytovate\u013ea ako spr\u00e1vcu \u00fadajov. Obchodn\u00edk je povinn\u00fd splni\u0165 povinnosti uveden\u00e9 v bodoch 4.3 \u2013 4.5, preto\u017ee ich poru\u0161enie by mohlo ohrozi\u0165 pr\u00e1vnu spr\u00e1vnos\u0165 spr\u00e1vy \u00fadajov poskytovate\u013ea, za \u010do obchodn\u00edk zodpoved\u00e1 za v\u0161etky \u0161kody, vr\u00e1tane pr\u00e1vnych n\u00e1kladov a n\u00e1kladov na s\u00fadne konania.<\/p>\n\n<p>4.8. Obchodn\u00edk uzn\u00e1va, \u017ee \u00faspech poskytovate\u013ea na finan\u010dn\u00fdch trhoch z\u00e1vis\u00ed od jeho dobr\u00e9ho mena a d\u00f4very z\u00e1kazn\u00edkov. Obchodn\u00edk sa zav\u00e4zuje, \u017ee jeho \u010dinnos\u0165 v r\u00e1mci spolupr\u00e1ce nebude po\u0161kodzova\u0165 meno poskytovate\u013ea ani d\u00f4veru z\u00e1kazn\u00edkov. Ak obchodn\u00edk poru\u0161\u00ed t\u00fato povinnos\u0165, je zodpovedn\u00fd za v\u0161etky \u0161kody sp\u00f4soben\u00e9 poskytovate\u013eovi.<\/p>\n\n<p class=\"translation-block\">4.9. Povinnos\u0165 z\u00e1ruky pod\u013ea bodov 4.3 a 4.4 plat\u00ed pre obchodn\u00edka, pokia\u013e je Barion Pixel umiestnen\u00fd na webovej str\u00e1nke obchodn\u00edka.<\/p>\n\n<h4 class=\"wp-block-heading\">5. Zodpovednos\u0165, poru\u0161enie zmluvy<\/h4>\n\n<p>5.1. Poskytovate\u013e nezodpoved\u00e1 za \u0161kody sp\u00f4soben\u00e9 obchodn\u00edkovi v d\u00f4sledku nasleduj\u00facich d\u00f4vodov:<\/p>\n\n<ul class=\"wp-block-list\"><li>\u2022 a. obchodn\u00edk pou\u017e\u00edva alebo implementuje Barion Pixel nespr\u00e1vne;<\/li>\n\n<li>\u2022 b. obchodn\u00edk nedodr\u017eiava pr\u00e1vne predpisy o ochrane osobn\u00fdch \u00fadajov;<\/li>\n\n<li>\u2022 c. obchodn\u00edk nedodr\u017eiava podmienky zmluvy, vr\u00e1tane t\u00fdchto Doplnkov\u00fdch<\/li>\n\n<li>.<\/li><\/ul>\n\n<p>5.2. Poskytovate\u013e m\u00e1 pr\u00e1vo kedyko\u013evek skontrolova\u0165 dodr\u017eiavanie t\u00fdchto Doplnkov\u00fdch V\u0161eobecn\u00fdch Obchodn\u00fdch Podmienok, najm\u00e4 podmienok uveden\u00fdch v bode 4. Obchodn\u00edk je povinn\u00fd spolupracova\u0165 so poskytovate\u013eom a poskytn\u00fa\u0165 v\u0161etky potrebn\u00e9 inform\u00e1cie potrebn\u00e9 na vykonanie tejto kontroly.<\/p>\n\n<p>5.3. Ak obchodn\u00edk poru\u0161\u00ed tieto Doplnkov\u00e9 V\u0161eobecn\u00e9 Obchodn\u00e9 Podmienky, bude to pova\u017eovan\u00e9 za poru\u0161enie zmluvy pod\u013ea bodu 6.1.23 g) a bodu 21.7 a) Barion VOP, a poskytovate\u013e m\u00e1 pr\u00e1vo okam\u017eite vypoveda\u0165 slu\u017eby akcepta\u010dn\u00e9ho bodu (zru\u0161enie akcepta\u010dn\u00e9ho bodu) a\/alebo tieto Doplnkov\u00e9 V\u0161eobecn\u00e9 Obchodn\u00e9 Podmienky a\/alebo zmluvu.<\/p>\n<\/div>\n<\/div>","protected":false},"excerpt":{"rendered":"<p>Barion pixelre vonatkoz\u00f3 kieg\u00e9sz\u00edt\u0151 \u00e1ltal\u00e1nos szerz\u0151d\u00e9si felt\u00e9telek Barion Pixelre vonatkoz\u00f3 kieg\u00e9sz\u00edt\u0151 \u00e1ltal\u00e1nos szerz\u0151d\u00e9si felt\u00e9telek Hat\u00e1lyos: 2019. szeptember 5.A Barion Payment Zrt. (sz\u00e9khely: 1117 Budapest, Infopark s\u00e9t\u00e1ny 1. I. \u00e9p\u00fclet 5. emelet 5. nyilv\u00e1ntart\u00f3 c\u00e9gb\u00edr\u00f3s\u00e1g: F\u0151v\u00e1rosi T\u00f6rv\u00e9nysz\u00e9k C\u00e9gb\u00edr\u00f3s\u00e1ga c\u00e9gjegyz\u00e9ksz\u00e1m: Cg. 01-10-048552 ad\u00f3sz\u00e1m: 25353192-2-43; k\u00f6z\u00f6ss\u00e9gi ad\u00f3sz\u00e1m: HU25353192) mint a Barion Pixel Szolg\u00e1ltat\u00f3j\u00e1nak &#8230; <a title=\"Dodatkov\u00e9 v\u0161eobecn\u00e9 obchodn\u00e9 podmienky t\u00fdkaj\u00face sa Barion pixelu\" class=\"read-more\" href=\"https:\/\/whizzopet.hu\/sk\/barion-pixelre-vonatkozo-kiegeszito-altalanos-szerzodesi-feltetelek\/\" aria-label=\"Pre\u010d\u00edtajte si viac o Barion pixelre vonatkoz\u00f3 kieg\u00e9sz\u00edt\u0151 \u00e1ltal\u00e1nos szerz\u0151d\u00e9si felt\u00e9telek\">Read more<\/a><\/p>","protected":false},"author":1,"featured_media":0,"parent":0,"menu_order":0,"comment_status":"closed","ping_status":"closed","template":"","meta":{"inline_featured_image":false,"footnotes":""},"class_list":{"0":"post-2551","1":"page","2":"type-page","3":"status-publish","5":"infinite-scroll-item"},"_links":{"self":[{"href":"https:\/\/whizzopet.hu\/sk\/wp-json\/wp\/v2\/pages\/2551","targetHints":{"allow":["GET"]}}],"collection":[{"href":"https:\/\/whizzopet.hu\/sk\/wp-json\/wp\/v2\/pages"}],"about":[{"href":"https:\/\/whizzopet.hu\/sk\/wp-json\/wp\/v2\/types\/page"}],"author":[{"embeddable":true,"href":"https:\/\/whizzopet.hu\/sk\/wp-json\/wp\/v2\/users\/1"}],"replies":[{"embeddable":true,"href":"https:\/\/whizzopet.hu\/sk\/wp-json\/wp\/v2\/comments?post=2551"}],"version-history":[{"count":5,"href":"https:\/\/whizzopet.hu\/sk\/wp-json\/wp\/v2\/pages\/2551\/revisions"}],"predecessor-version":[{"id":2983,"href":"https:\/\/whizzopet.hu\/sk\/wp-json\/wp\/v2\/pages\/2551\/revisions\/2983"}],"wp:attachment":[{"href":"https:\/\/whizzopet.hu\/sk\/wp-json\/wp\/v2\/media?parent=2551"}],"curies":[{"name":"wp","href":"https:\/\/api.w.org\/{rel}","templated":true}]}}