{"id":2548,"date":"2024-08-05T10:50:09","date_gmt":"2024-08-05T08:50:09","guid":{"rendered":"https:\/\/whizzopet.hu\/?page_id=2548"},"modified":"2024-08-13T14:00:29","modified_gmt":"2024-08-13T12:00:29","slug":"vyhlasenie-o-suboroch-cookie","status":"publish","type":"page","link":"https:\/\/whizzopet.hu\/sk\/cookie-nyilatkozat\/","title":{"rendered":"Vyhl\u00e1senie o s\u00faboroch cookie"},"content":{"rendered":"<div class=\"gb-container gb-container-8fe77af1\">\n<div class=\"gb-container gb-container-23373463\">\n<h1 class=\"wp-block-heading\">Vyhl\u00e1senie o s\u00faboroch cookie<\/h1>\n\n<h4 class=\"wp-block-heading has-text-highlight-color has-text-color has-link-color wp-elements-fe6a6fa0004987048c29f11538170681\">Platn\u00e9: 1. okt\u00f3bra 2019<\/h4>\n\n<h4 class=\"wp-block-heading has-text-highlight-color has-text-color has-link-color wp-elements-db4981f634fd6208ac6b2f2238a805ec\">1. \u010cO S\u00da COOKIES (S\u00daBORY COOKIE) A AKO M\u00d4\u017dETE UPRAVI\u0164 ICH NASTAVENIA?<\/h4>\n\n<p>\u201eCookies\u201c (\u010falej len \u201ecookie\u201c alebo \u201es\u00fabory cookie\u201c) s\u00fa mal\u00e9 textov\u00e9 s\u00fabory, ktor\u00e9 webov\u00e1 str\u00e1nka m\u00f4\u017ee pou\u017e\u00edva\u0165 na zv\u00fd\u0161enie efektivity pou\u017e\u00edvate\u013esk\u00e9ho z\u00e1\u017eitku.<\/p>\n\n<p>Niektor\u00e9 s\u00fabory cookie s\u00fa do\u010dasn\u00e9 a zmizn\u00fa po zatvoren\u00ed prehliada\u010da, zatia\u013e \u010do in\u00e9 s\u00fa trval\u00e9 a zost\u00e1vaj\u00fa vo va\u0161om zariaden\u00ed dlh\u0161ie. Pod\u013ea pr\u00e1vnych predpisov m\u00f4\u017eeme s\u00fabory cookie uklada\u0165 na va\u0161e zariadenie iba v pr\u00edpade, \u017ee s\u00fa nevyhnutn\u00e9 pre fungovanie na\u0161ej webovej str\u00e1nky.<\/p>\n\n<p>Na pou\u017e\u00edvanie ak\u00e9hoko\u013evek in\u00e9ho typu s\u00faborov cookie potrebujeme v\u00e1\u0161 s\u00fahlas. T\u00e1to webov\u00e1 str\u00e1nka pou\u017e\u00edva r\u00f4zne druhy s\u00faborov cookie. Niektor\u00e9 z nich umiest\u0148uj\u00fa tretie strany \u2013 na\u0161i poskytovatelia slu\u017eieb.<\/p>\n\n<p>V\u00e4\u010d\u0161ina internetov\u00fdch prehliada\u010dov umo\u017e\u0148uje upravi\u0165 nastavenia s\u00faborov cookie. Predvolene b\u00fdvaj\u00fa s\u00fabory cookie automaticky akceptovan\u00e9, no t\u00fato mo\u017enos\u0165 m\u00f4\u017eete zmeni\u0165 a zak\u00e1za\u0165 ich automatick\u00e9 ukladanie.<\/p>\n\n<p>Ak sa chcete dozvedie\u0165 viac o tom, ako upravi\u0165 nastavenia cookies vo va\u0161om prehliada\u010di, pre\u010d\u00edtajte si pokyny alebo pomocn\u00edka prehliada\u010da. Nastavenia cookies v najpopul\u00e1rnej\u0161\u00edch prehliada\u010doch n\u00e1jdete na nasleduj\u00facich odkazoch:<\/p>\n\n<p><a href=\"https:\/\/support.google.com\/accounts\/answer\/61416?hl=hu\" target=\"_blank\" rel=\"noreferrer noopener\">Google Chrome<\/a><\/p>\n\n<p><a href=\"https:\/\/support.mozilla.org\/hu\/kb\/sutik-informacio-amelyet-weboldalak-tarolnak-szami?redirectslug=S%C3%BCtik+kezel%C3%A9se&amp;redirectlocale=hu\" target=\"_blank\" rel=\"noreferrer noopener\">Firefox<\/a><\/p>\n\n<p><a href=\"https:\/\/support.microsoft.com\/hu-hu\/windows\/cookie-k-t%C3%B6rl%C3%A9se-%C3%A9s-kezel%C3%A9se-168dab11-0753-043d-7c16-ede5947fc64d#ie=ie-11\" target=\"_blank\" rel=\"noreferrer noopener\">Microsoft Internet Explorer 11<\/a><\/p>\n\n<p><a href=\"https:\/\/support.microsoft.com\/hu-hu\/windows\/cookie-k-t%C3%B6rl%C3%A9se-%C3%A9s-kezel%C3%A9se-168dab11-0753-043d-7c16-ede5947fc64d#ie=ie-10\" target=\"_blank\" rel=\"noreferrer noopener\">Microsoft Internet Explorer 10<\/a><\/p>\n\n<p><a href=\"https:\/\/support.microsoft.com\/hu-hu\/windows\/a-microsoft-edge-a-b%C3%B6ng%C3%A9sz%C3%A9si-adatok-%C3%A9s-az-adatv%C3%A9delem-bb8174ba-9d73-dcf2-9b4a-c582b4e640dd\" target=\"_blank\" rel=\"noreferrer noopener\">Microsoft Edge<\/a><\/p>\n\n<p><a href=\"https:\/\/support.apple.com\/kb\/index?page=search&amp;q=cookies%20safari\" target=\"_blank\" rel=\"noreferrer noopener\">Safari<\/a><\/p>\n\n<h4 class=\"wp-block-heading has-text-highlight-color has-text-color has-link-color wp-elements-6c9cb44a1aabc4bd8eb8587c35bc2bf4\">2. KDE PREBIEHA INFORMOVANIE A S\u00daHLAS SO SPRACOVAN\u00cdM COOKIES?<\/h4>\n\n<p>Ke\u010f prv\u00fdkr\u00e1t nav\u0161t\u00edvite na\u0161u webov\u00fa str\u00e1nku, zobraz\u00ed sa v hornej \u010dasti obrazovky pop-up (vyskakovacie) okno, v ktorom si m\u00f4\u017eete nastavi\u0165, ku ktor\u00fdm s\u00faborom cookie d\u00e1vate svoj s\u00fahlas.<\/p>\n\n<p>Toto informa\u010dn\u00e9 okno obsahuje aj odkaz na toto Vyhl\u00e1senie o ochrane osobn\u00fdch \u00fadajov.<\/p>\n\n<h4 class=\"wp-block-heading has-text-highlight-color has-text-color has-link-color wp-elements-e008c372d1ee5a544626a19a65d0dc61\">3. TYPY COOKIES<\/h4>\n\n<p><strong>3.1. Nevyhnutn\u00e9 cookies<\/strong><\/p>\n\n<p>Nevyhnutn\u00e9 cookies pom\u00e1haj\u00fa zabezpe\u010di\u0165 pou\u017eite\u013enos\u0165 na\u0161ej webovej str\u00e1nky t\u00fdm, \u017ee umo\u017e\u0148uj\u00fa z\u00e1kladn\u00e9 funkcie, ako je navig\u00e1cia na str\u00e1nke a pr\u00edstup k zabezpe\u010den\u00fdm oblastiam webu.<\/p>\n\n<p>Bez t\u00fdchto cookies by webov\u00e1 str\u00e1nka nemohla spr\u00e1vne fungova\u0165.<\/p>\n\n<ul class=\"wp-block-list\"><li>PHPSESSID \u2013 Uchov\u00e1va stav pou\u017e\u00edvate\u013eskej rel\u00e1cie medzi po\u017eiadavkami na str\u00e1nku. Platnos\u0165: do zatvorenia prehliada\u010da.<\/li>\n\n<li>CookieConsent \u2013 Uklad\u00e1 vyhl\u00e1senie pou\u017e\u00edvate\u013ea o spracovan\u00ed cookies pre dan\u00fa dom\u00e9nu. Platnos\u0165: 1 rok.<\/li>\n\n<li><em>_cfduid \u2013 Identifikuje internetov\u00fa prev\u00e1dzku prostredn\u00edctvom Cloudflare CDN. Platnos\u0165: 1 rok.<\/em><\/li>\n\n<li><em>JSESSIONID \u2013 Prira\u010fuje jedine\u010dn\u00fd, anonymn\u00fd identifik\u00e1tor ku ka\u017edej rel\u00e1cii s cie\u013eom zlep\u0161i\u0165 pou\u017eite\u013enos\u0165 str\u00e1nky. Platnos\u0165: do zatvorenia prehliada\u010da.<\/em><\/li>\n\n<li><em>wp_woocommerce_session \u2013 Uchov\u00e1va obsah n\u00e1kupn\u00e9ho ko\u0161\u00edka pri navig\u00e1cii medzi str\u00e1nkami. Platnos\u0165: do zatvorenia prehliada\u010da.<\/em>&nbsp;Meg\u0151rzi a kos\u00e1r tartalm\u00e1t az oldalak k\u00f6z\u00f6tti navig\u00e1l\u00e1s sor\u00e1n b\u00f6ng\u00e9sz\u0151 bez\u00e1r\u00e1s\u00e1ig<\/li>\n\n<li>woocommerce_items_in_cart \u2013 Uchov\u00e1va obsah n\u00e1kupn\u00e9ho ko\u0161\u00edka pri navig\u00e1cii medzi str\u00e1nkami. Platnos\u0165: do zatvorenia prehliada\u010da.<\/li>\n\n<li>wc_cart_hash_ \u2013 Prira\u010fuje jedine\u010dn\u00fd identifik\u00e1tor ku ka\u017ed\u00e9mu z\u00e1kazn\u00edkovi, aby syst\u00e9m mohol spoji\u0165 objedn\u00e1vky s konkr\u00e9tnym pou\u017e\u00edvate\u013eom. Platnos\u0165: 1 de\u0148.<\/li><\/ul>\n\n<p><strong>3.2. Preferen\u010dn\u00e9 cookies<\/strong><\/p>\n\n<p>Preferen\u010dn\u00e9 cookies umo\u017e\u0148uj\u00fa zapam\u00e4ta\u0165 si inform\u00e1cie, ktor\u00e9 menia spr\u00e1vanie alebo vzh\u013ead webovej str\u00e1nky. Pr\u00edkladom m\u00f4\u017ee by\u0165 v\u00e1\u0161 preferovan\u00fd jazyk alebo regi\u00f3n, v ktorom sa nach\u00e1dzate.<\/p>\n\n<p><strong>3.3. \u0160tatistick\u00e9 cookies<\/strong><\/p>\n\n<p>\u0160tatistick\u00e9 cookies pom\u00e1haj\u00fa vlastn\u00edkovi webovej str\u00e1nky pochopi\u0165, ako n\u00e1v\u0161tevn\u00edci interaguj\u00fa s webovou str\u00e1nkou, a to zhroma\u017e\u010fovan\u00edm a vykazovan\u00edm \u00fadajov v anonymnej forme.<\/p>\n\n<ul class=\"wp-block-list\"><li>_ga \u2013 Uklad\u00e1 jedine\u010dn\u00fd identifik\u00e1tor, ktor\u00fd umo\u017e\u0148uje vytv\u00e1ra\u0165 anonymn\u00e9 \u0161tatistick\u00e9 \u00fadaje o pou\u017e\u00edvan\u00ed webovej str\u00e1nky. Platnos\u0165: 2 roky.<\/li>\n\n<li>_gid \u2013 Uklad\u00e1 jedine\u010dn\u00fd identifik\u00e1tor, ktor\u00fd umo\u017e\u0148uje vytv\u00e1ra\u0165 anonymn\u00e9 \u0161tatistick\u00e9 \u00fadaje o pou\u017e\u00edvan\u00ed webovej str\u00e1nky. Platnos\u0165: 2 roky.<\/li>\n\n<li>_gat \u2013 Pou\u017e\u00edva ho Google Analytics na regul\u00e1ciu frekvencie po\u017eiadaviek. Platnos\u0165: do zatvorenia prehliada\u010da.<\/li>\n\n<li>collect \u2013 Zhroma\u017e\u010fuje \u00fadaje pre Google Analytics o zariaden\u00ed pou\u017e\u00edvate\u013ea a jeho spr\u00e1van\u00ed pri prehliadan\u00ed naprie\u010d r\u00f4znymi zariadeniami a marketingov\u00fdmi kan\u00e1lmi. Platnos\u0165: do zatvorenia prehliada\u010da.<\/li><\/ul>\n\n<p><strong>3.4. Marketingov\u00e9 cookies<\/strong><\/p>\n\n<p>Marketingov\u00e9 cookies sa pou\u017e\u00edvaj\u00fa na sledovanie aktivity n\u00e1v\u0161tevn\u00edkov na webovej str\u00e1nke. Ich cie\u013eom je zobrazova\u0165 \u010do najrelevantnej\u0161ie reklamy pre jednotliv\u00fdch pou\u017e\u00edvate\u013eov, poskytova\u0165 obsah prisp\u00f4soben\u00fd ich preferenci\u00e1m a motivova\u0165 ich k interakcii.<\/p>\n\n<ul class=\"wp-block-list\"><li>ads\/ga-audiences \u2013 Pou\u017e\u00edva Google AdWords na cielenie pou\u017e\u00edvate\u013eov, u ktor\u00fdch sa na z\u00e1klade ich spr\u00e1vania pri prehliadan\u00ed predpoklad\u00e1 vy\u0161\u0161ia n\u00e1kupn\u00e1 aktivita. Platnos\u0165: do zatvorenia prehliada\u010da.<\/li>\n\n<li>pref \u2013 Uklad\u00e1 jedine\u010dn\u00fd identifik\u00e1tor, ktor\u00fd Google pou\u017e\u00edva na vytv\u00e1ranie \u0161tatist\u00edk o vide\u00e1ch, ktor\u00e9 pou\u017e\u00edvate\u013e sledoval na YouTube. Platnos\u0165: 8 mesiacov.<\/li>\n\n<li>fr \u2013 Pou\u017e\u00edva Facebook na cielenie pou\u017e\u00edvate\u013eov, u ktor\u00fdch sa na z\u00e1klade ich spr\u00e1vania pri prehliadan\u00ed predpoklad\u00e1 vy\u0161\u0161ia n\u00e1kupn\u00e1 aktivita. Platnos\u0165: 3 mesiace.<\/li>\n\n<li>tr \u2013 Pou\u017e\u00edva Facebook na cielenie pou\u017e\u00edvate\u013eov, u ktor\u00fdch sa na z\u00e1klade ich spr\u00e1vania pri prehliadan\u00ed predpoklad\u00e1 vy\u0161\u0161ia n\u00e1kupn\u00e1 aktivita. Platnos\u0165: do zatvorenia prehliada\u010da.<\/li><\/ul>\n\n<h4 class=\"wp-block-heading has-text-highlight-color has-text-color has-link-color wp-elements-a26d97348dd1ed6fe8e248e4e9737a49\">4. Kontrola a blokovanie s\u00faborov cookie<\/h4>\n\n<p>Modern\u00e9 internetov\u00e9 prehliada\u010de umo\u017e\u0148uj\u00fa zmenu nastaven\u00ed s\u00faborov cookie. Niektor\u00e9 prehliada\u010de predvolene automaticky akceptuj\u00fa cookies, av\u0161ak toto nastavenie je mo\u017en\u00e9 upravi\u0165 tak, aby v bud\u00facnosti zabr\u00e1nilo ich automatick\u00e9mu prij\u00edmaniu.<\/p>\n\n<p>Po zmene nastaven\u00ed bude prehliada\u010d pri ka\u017edej n\u00e1v\u0161teve pon\u00faka\u0165 mo\u017enos\u0165 v\u00fdberu preferovan\u00fdch nastaven\u00ed s\u00faborov cookie.<\/p>\n\n<p>Aj ke\u010f s\u00fa s\u00fabory cookie povolen\u00e9, prev\u00e1dzkovate\u013e webovej str\u00e1nky neuklad\u00e1 \u017eiadne identifik\u00e1tory ani hesl\u00e1. Pou\u017e\u00edvate\u013e m\u00f4\u017ee bezpe\u010dne vyu\u017e\u00edva\u0165 slu\u017eby aj v pr\u00edpade, \u017ee akceptuje cookies.<\/p>\n\n<p>Upozor\u0148ujeme, \u017ee cie\u013eom s\u00faborov cookie je zlep\u0161i\u0165 pou\u017eite\u013enos\u0165 webovej str\u00e1nky a podpori\u0165 jej spr\u00e1vne fungovanie. Ak cookies zak\u00e1\u017eete, nem\u00f4\u017eeme zaru\u010di\u0165, \u017ee v\u0161etky funkcie webovej str\u00e1nky bud\u00fa dostupn\u00e9 v plnom rozsahu.<\/p>\n\n<p>V takom pr\u00edpade sa webov\u00e1 str\u00e1nka m\u00f4\u017ee v prehliada\u010di spr\u00e1va\u0165 inak, ako bolo p\u00f4vodne zam\u00fd\u0161\u013ean\u00e9.<\/p>\n\n<p>Error: The domain WHIZZOPET.HU is not authorized to show the cookie declaration for domain group ID 2465b452-ef68-460b-a206-e2559df74591. Please add it to the domain group in the Cookiebot Manager to authorize the domain.<\/p>\n<\/div>\n<\/div>","protected":false},"excerpt":{"rendered":"<p>Cookie nyilatkozat HAT\u00c1LYOS: 2019. OKT\u00d3BER 1. 1.MIK AZOK A COOKIE-K (S\u00dcTIK), \u00c9S HOGYAN TUDOD M\u00d3DOS\u00cdTANI A BE\u00c1LL\u00cdT\u00c1SOKAT? A \u201ecookie\u201d-k (tov\u00e1bbiakban: \u201ecookie\u201d vagy \u201es\u00fcti\u201d) olyan kis sz\u00f6veges f\u00e1jlok, amelyeket egy weboldal felhaszn\u00e1lhat arra, hogy m\u00e9g hat\u00e9konyabb\u00e1 tegye a felhaszn\u00e1l\u00f3i \u00e9lm\u00e9nyt. N\u00e9h\u00e1ny \u201cs\u00fcti\u201d csak \u00e1tmeneti \u00e9s elt\u0171nik a b\u00f6ng\u00e9sz\u0151 bez\u00e1r\u00e1s\u00e1val, m\u00edg l\u00e9teznek &#8230; <a title=\"Vyhl\u00e1senie o s\u00faboroch cookie\" class=\"read-more\" href=\"https:\/\/whizzopet.hu\/sk\/cookie-nyilatkozat\/\" aria-label=\"Pre\u010d\u00edtajte si viac o Cookie nyilatkozat\">Read more<\/a><\/p>","protected":false},"author":1,"featured_media":0,"parent":0,"menu_order":0,"comment_status":"closed","ping_status":"closed","template":"","meta":{"inline_featured_image":false,"footnotes":""},"class_list":{"0":"post-2548","1":"page","2":"type-page","3":"status-publish","5":"infinite-scroll-item"},"_links":{"self":[{"href":"https:\/\/whizzopet.hu\/sk\/wp-json\/wp\/v2\/pages\/2548","targetHints":{"allow":["GET"]}}],"collection":[{"href":"https:\/\/whizzopet.hu\/sk\/wp-json\/wp\/v2\/pages"}],"about":[{"href":"https:\/\/whizzopet.hu\/sk\/wp-json\/wp\/v2\/types\/page"}],"author":[{"embeddable":true,"href":"https:\/\/whizzopet.hu\/sk\/wp-json\/wp\/v2\/users\/1"}],"replies":[{"embeddable":true,"href":"https:\/\/whizzopet.hu\/sk\/wp-json\/wp\/v2\/comments?post=2548"}],"version-history":[{"count":3,"href":"https:\/\/whizzopet.hu\/sk\/wp-json\/wp\/v2\/pages\/2548\/revisions"}],"predecessor-version":[{"id":2985,"href":"https:\/\/whizzopet.hu\/sk\/wp-json\/wp\/v2\/pages\/2548\/revisions\/2985"}],"wp:attachment":[{"href":"https:\/\/whizzopet.hu\/sk\/wp-json\/wp\/v2\/media?parent=2548"}],"curies":[{"name":"wp","href":"https:\/\/api.w.org\/{rel}","templated":true}]}}