{"id":1680,"date":"2024-07-04T13:30:43","date_gmt":"2024-07-04T11:30:43","guid":{"rendered":"https:\/\/whizzopet.hu\/?page_id=1680"},"modified":"2025-02-24T16:42:03","modified_gmt":"2025-02-24T15:42:03","slug":"kontakt","status":"publish","type":"page","link":"https:\/\/whizzopet.hu\/sk\/kapcsolat\/","title":{"rendered":"Kontakt"},"content":{"rendered":"<div class=\"gb-container gb-container-4353a119\">\n<div class=\"gb-container gb-container-e1ffbf79\">\n<div class=\"gb-container gb-container-6ec75d5c\">\n<h4 class=\"gb-headline gb-headline-13f5dc8b gb-headline-text\">k\u00e9r\u00e9sed, k\u00e9rd\u00e9sed van?<\/h4>\n\n<h1 class=\"gb-headline gb-headline-1f7ff5e9 gb-headline-text\">l\u00e9pj vel\u00fcnk<br><mark style=\"background-color:rgba(0, 0, 0, 0)\" class=\"has-inline-color has-cta-yellow-color\">kapcsolatba!<\/mark><\/h1>\n<\/div>\n<\/div>\n<\/div><div class=\"gb-container gb-container-ad18ba7b\">\n<div class=\"gb-container gb-container-c905fee9\">\n<div class=\"gb-grid-wrapper gb-grid-wrapper-6e786e47\">\n<div class=\"gb-grid-column gb-grid-column-eaf69dcb\"><div class=\"gb-container gb-container-eaf69dcb\">\n<h4 class=\"gb-headline gb-headline-8a41f0b9 gb-headline-text\">El\u00e9rhet\u0151s\u00e9geink<\/h4>\n\n<div class=\"gb-container gb-container-ce61393d\">\n\n<\/div>\n\n<div class=\"gb-container gb-container-15c6648f\">\n<\/p>\n\n<div class=\"wp-block-getwid-table\"><table><tbody><tr><td style=\"color:var(--text);text-align:left;vertical-align:middle\"><strong>C\u00e9gn\u00e9v:<\/strong><\/td><td>Whizzopet Bt.<\/td><\/tr><tr><td><strong>\u00dcgyvezet\u0151:<\/strong><\/td><td>Balla Barbara<\/td><\/tr><tr><td><strong>E-mail:<\/strong><\/td><td>Email: <a href=\"mailto:info@whizzopet.hu\">info@whizzopet.hu<\/a><\/td><\/tr><\/tbody><\/table><\/div>\n\n<p>\n<\/div>\n\n<div class=\"gb-container gb-container-9e64dc49\">\n\n<\/div>\n\n<div class=\"gb-container gb-container-70994c0f\">\n<figure class=\"gb-block-image gb-block-image-1b0c9a8e\"><a href=\"https:\/\/www.facebook.com\/whizzopet\/\" target=\"_blank\" rel=\"noopener\"><img loading=\"lazy\" decoding=\"async\" width=\"31\" height=\"32\" class=\"gb-image gb-image-1b0c9a8e\" src=\"https:\/\/whizzopet.hu\/wp-content\/uploads\/2024\/08\/facebook-dark.svg\" alt=\"\" title=\"facebook-dark\"\/><\/a><\/figure>\n\n<figure class=\"gb-block-image gb-block-image-60b37178\"><a href=\"https:\/\/www.instagram.com\/petcarebywhizzopet\/\" target=\"_blank\" rel=\"noopener\"><img loading=\"lazy\" decoding=\"async\" width=\"33\" height=\"32\" class=\"gb-image gb-image-60b37178\" src=\"https:\/\/whizzopet.hu\/wp-content\/uploads\/2024\/08\/instagram_dark.svg\" alt=\"\" title=\"instagram_dark\"\/><\/a><\/figure>\n\n<figure class=\"gb-block-image gb-block-image-444a7796\"><a href=\"https:\/\/www.tiktok.com\/@whizzopet?fbclid=IwAR3NPTzmAgBniG82muQePryRY1wT-Y8fEhA7OByQ35A0j5Ngg8dk1C4KH4k\" target=\"_blank\" rel=\"noopener\"><img loading=\"lazy\" decoding=\"async\" width=\"32\" height=\"32\" class=\"gb-image gb-image-444a7796\" src=\"https:\/\/whizzopet.hu\/wp-content\/uploads\/2024\/08\/tiktok-dark.svg\" alt=\"\" title=\"tiktok-dark\"\/><\/a><\/figure>\n<\/div>\n<\/div><\/div>\n\n<div class=\"gb-grid-column gb-grid-column-38af568c\"><div class=\"gb-container gb-container-38af568c\">\n\n<\/div><\/div>\n<\/div>\n<\/div>\n<\/div><div class=\"gb-container gb-container-9166b2f1\">\n<div class=\"gb-container gb-container-dbbf9877\">\n<h3 class=\"gb-headline gb-headline-5c6e33c0 gb-headline-text\"><mark style=\"background-color:rgba(0, 0, 0, 0)\" class=\"has-inline-color has-text-highlight-color\">Besz\u00e9lj\u00fcnk<\/mark> r\u00f3la hogyan seg\u00edthetn\u00e9nk neked!<\/h3>\n\n<p class=\"gb-headline gb-headline-ca71c9be gb-headline-text\">K\u00e9rd\u00e9sed vagy k\u00e9r\u00e9sed van? \u00cdrj b\u00e1tran \u00e9s tudasd vel\u00fcnk, hogy seg\u00edthess\u00fcnk. Term\u00e9szetesen, az \u00e1ltalad feltett k\u00e9rd\u00e9seket szigor\u00faan bizalmasan kezelj\u00fck!<\/p>\n\n<div style=\"height:50px\" aria-hidden=\"true\" class=\"wp-block-spacer\"><\/div>\n\n<div class=\"gb-grid-wrapper gb-grid-wrapper-00bfcb1b\">\n<div class=\"gb-grid-column gb-grid-column-b27ec6e7\"><div class=\"gb-container gb-container-b27ec6e7\">\n<script>\nvar gform;gform||(document.addEventListener(\"gform_main_scripts_loaded\",function(){gform.scriptsLoaded=!0}),document.addEventListener(\"gform\/theme\/scripts_loaded\",function(){gform.themeScriptsLoaded=!0}),window.addEventListener(\"DOMContentLoaded\",function(){gform.domLoaded=!0}),gform={domLoaded:!1,scriptsLoaded:!1,themeScriptsLoaded:!1,isFormEditor:()=>\"function\"==typeof InitializeEditor,callIfLoaded:function(o){return!(!gform.domLoaded||!gform.scriptsLoaded||!gform.themeScriptsLoaded&&!gform.isFormEditor()||(gform.isFormEditor()&&console.warn(\"The use of gform.initializeOnLoaded() is deprecated in the form editor context and will be removed in Gravity Forms 3.1.\"),o(),0))},initializeOnLoaded:function(o){gform.callIfLoaded(o)||(document.addEventListener(\"gform_main_scripts_loaded\",()=>{gform.scriptsLoaded=!0,gform.callIfLoaded(o)}),document.addEventListener(\"gform\/theme\/scripts_loaded\",()=>{gform.themeScriptsLoaded=!0,gform.callIfLoaded(o)}),window.addEventListener(\"DOMContentLoaded\",()=>{gform.domLoaded=!0,gform.callIfLoaded(o)}))},hooks:{action:{},filter:{}},addAction:function(o,r,e,t){gform.addHook(\"action\",o,r,e,t)},addFilter:function(o,r,e,t){gform.addHook(\"filter\",o,r,e,t)},doAction:function(o){gform.doHook(\"action\",o,arguments)},applyFilters:function(o){return gform.doHook(\"filter\",o,arguments)},removeAction:function(o,r){gform.removeHook(\"action\",o,r)},removeFilter:function(o,r,e){gform.removeHook(\"filter\",o,r,e)},addHook:function(o,r,e,t,n){null==gform.hooks[o][r]&&(gform.hooks[o][r]=[]);var d=gform.hooks[o][r];null==n&&(n=r+\"_\"+d.length),gform.hooks[o][r].push({tag:n,callable:e,priority:t=null==t?10:t})},doHook:function(r,o,e){var t;if(e=Array.prototype.slice.call(e,1),null!=gform.hooks[r][o]&&((o=gform.hooks[r][o]).sort(function(o,r){return o.priority-r.priority}),o.forEach(function(o){\"function\"!=typeof(t=o.callable)&&(t=window[t]),\"action\"==r?t.apply(null,e):e[0]=t.apply(null,e)})),\"filter\"==r)return e[0]},removeHook:function(o,r,t,n){var e;null!=gform.hooks[o][r]&&(e=(e=gform.hooks[o][r]).filter(function(o,r,e){return!!(null!=n&&n!=o.tag||null!=t&&t!=o.priority)}),gform.hooks[o][r]=e)}});\n<\/script>\n\n                <div class='gf_browser_gecko gform_wrapper gravity-theme gform-theme--no-framework' data-form-theme='gravity-theme' data-form-index='0' id='gform_wrapper_2' ><form method='post' enctype='multipart\/form-data'  id='gform_2'  action='\/sk\/wp-json\/wp\/v2\/pages\/1680' data-formid='2' novalidate>\n                        <div class='gform-body gform_body'><div id='gform_fields_2' class='gform_fields top_label form_sublabel_below description_below validation_below'><fieldset id=\"field_2_1\" class=\"gfield gfield--type-name gfield--input-type-name gfield--width-seven-twelfths gfield_contains_required field_sublabel_hidden_label gfield--no-description field_description_below field_validation_below gfield_visibility_visible\"  ><legend class='gfield_label gform-field-label gfield_label_before_complex' >N\u00e9v<span class=\"gfield_required\"><span class=\"gfield_required gfield_required_text\">(Potrebn\u00e9)<\/span><\/span><\/legend><div class='ginput_complex ginput_container ginput_container--name no_prefix has_first_name no_middle_name no_last_name no_suffix gf_name_has_1 ginput_container_name gform-grid-row' id='input_2_1'>\n                            \n                            <span id='input_2_1_3_container' class='name_first gform-grid-col gform-grid-col--size-auto' >\n                                                    <input type='text' name='input_1.3' id='input_2_1_3' value=''   aria-required='true'   placeholder='A neved'  \/>\n                                                    <label for='input_2_1_3' class='gform-field-label gform-field-label--type-sub hidden_sub_label screen-reader-text'>Prv\u00fd<\/label>\n                                                <\/span>\n                            \n                            \n                            \n                        <\/div><\/fieldset><div id=\"field_2_3\" class=\"gfield gfield--type-phone gfield--input-type-phone gfield--width-five-twelfths field_sublabel_below gfield--no-description field_description_below field_validation_below gfield_visibility_visible\"  ><label class='gfield_label gform-field-label' for='input_2_3'>Telefonsz\u00e1m<\/label><div class='ginput_container ginput_container_phone'><input name='input_3' id='input_2_3' type='tel' value='' class='large'  placeholder='+3630 123 4567'  aria-invalid=\"false\"   \/><\/div><\/div><div id=\"field_2_4\" class=\"gfield gfield--type-email gfield--input-type-email gfield--width-full gfield_contains_required field_sublabel_below gfield--no-description field_description_below field_validation_below gfield_visibility_visible\"  ><label class='gfield_label gform-field-label' for='input_2_4'>E-mail c\u00edm<span class=\"gfield_required\"><span class=\"gfield_required gfield_required_text\">(Potrebn\u00e9)<\/span><\/span><\/label><div class='ginput_container ginput_container_email'>\n                            <input name='input_4' id='input_2_4' type='email' value='' class='large'   placeholder='Az e-mail c\u00edmed' aria-required=\"true\" aria-invalid=\"false\"  \/>\n                        <\/div><\/div><div id=\"field_2_5\" class=\"gfield gfield--type-textarea gfield--input-type-textarea gfield--width-full field_sublabel_below gfield--no-description field_description_below field_validation_below gfield_visibility_visible\"  ><label class='gfield_label gform-field-label' for='input_2_5'>\u00dczenet<\/label><div class='ginput_container ginput_container_textarea'><textarea name='input_5' id='input_2_5' class='textarea small'    placeholder='Ide \u00edrd \u00fczeneted'  aria-invalid=\"false\"   rows='10' cols='50'><\/textarea><\/div><\/div><fieldset id=\"field_2_6\" class=\"gfield gfield--type-checkbox gfield--type-choice gfield--input-type-checkbox gfield--width-full gfield_contains_required field_sublabel_below gfield--no-description field_description_below hidden_label field_validation_below gfield_visibility_visible\"  ><legend class='gfield_label gform-field-label gfield_label_before_complex' >Jel\u00f6lje be<span class=\"gfield_required\"><span class=\"gfield_required gfield_required_text\">(Potrebn\u00e9)<\/span><\/span><\/legend><div class='ginput_container ginput_container_checkbox'><div class='gfield_checkbox ' id='input_2_6'><div class='gchoice gchoice_2_6_1'>\n\t\t\t\t\t\t\t\t<input class='gfield-choice-input' name='input_6.1' type='checkbox'  value='Elolvastam \u00e9s elfogadom az &lt;strong&gt;&lt;a href=&quot;https:\/\/whizzopet.hu\/adatkezelesi-tajekoztato\/&quot;&gt;Adatkezel\u00e9si T\u00e1j\u00e9koztat\u00f3t.&lt;\/a&gt;&lt;\/strong&gt;'  id='choice_2_6_1'   \/>\n\t\t\t\t\t\t\t\t<label for='choice_2_6_1' id='label_2_6_1' class='gform-field-label gform-field-label--type-inline'>Elolvastam \u00e9s elfogadom az <strong><a href=\"https:\/\/whizzopet.hu\/adatkezelesi-tajekoztato\/\">Adatkezel\u00e9si T\u00e1j\u00e9koztat\u00f3t.<\/a><\/strong><\/label>\n\t\t\t\t\t\t\t<\/div><\/div><\/div><\/fieldset><\/div><\/div>\n        <div class='gform-footer gform_footer top_label'> <input type='submit' id='gform_submit_button_2' class='gform_button button gform-button--width-full' onclick='gform.submission.handleButtonClick(this);' data-submission-type='submit' value='\u00dcZENET BEK\u00dcLD\u00c9SE'  \/> \n            <input type='hidden' class='gform_hidden' name='gform_submission_method' data-js='gform_submission_method_2' value='postback' \/>\n            <input type='hidden' class='gform_hidden' name='gform_theme' data-js='gform_theme_2' id='gform_theme_2' value='gravity-theme' \/>\n            <input type='hidden' class='gform_hidden' name='gform_style_settings' data-js='gform_style_settings_2' id='gform_style_settings_2' value='{&quot;inputPrimaryColor&quot;:&quot;#204ce5&quot;}' \/>\n            <input type='hidden' class='gform_hidden' name='is_submit_2' value='1' \/>\n            <input type='hidden' class='gform_hidden' name='gform_submit' value='2' \/>\n            \n            <input type='hidden' class='gform_hidden' name='gform_currency' data-currency='HUF' value='JxX+avBvVaVgj5AmC34Mxsd3QzG1kNMzIVfksMASoKNFcTXqF90mgRZvvrCh9sfqjeb62sKbobffZiYSvLCaL4RICPYNYlvr9RiAaRYhFFEPBC8=' \/>\n            <input type='hidden' class='gform_hidden' name='gform_unique_id' value='' \/>\n            <input type='hidden' class='gform_hidden' name='state_2' value='WyJ7XCI2LjFcIjpcImFlYWU5YzliMmM0ZmZkZDQ4YTgyZmE3MjZmNTQzNzQ0XCJ9IiwiNDY4MzM0MzUyOTIyNGE2YzhhOGY0ZTQyNWQ3Yjg2NzQiXQ==' \/>\n            <input type='hidden' autocomplete='off' class='gform_hidden' name='gform_target_page_number_2' id='gform_target_page_number_2' value='0' \/>\n            <input type='hidden' autocomplete='off' class='gform_hidden' name='gform_source_page_number_2' id='gform_source_page_number_2' value='1' \/>\n            <input type='hidden' name='gform_field_values' value='' \/>\n            \n        <\/div>\n                        <\/form>\n                        <\/div><script>\ngform.initializeOnLoaded( function() {gformInitSpinner( 2, 'https:\/\/whizzopet.hu\/wp-content\/plugins\/gravityforms\/images\/spinner.svg', true );jQuery('#gform_ajax_frame_2').on('load',function(){var contents = jQuery(this).contents().find('*').html();var is_postback = contents.indexOf('GF_AJAX_POSTBACK') >= 0;if(!is_postback){return;}var form_content = jQuery(this).contents().find('#gform_wrapper_2');var is_confirmation = jQuery(this).contents().find('#gform_confirmation_wrapper_2').length > 0;var is_redirect = contents.indexOf('gformRedirect(){') >= 0;var is_form = form_content.length > 0 && ! is_redirect && ! is_confirmation;var mt = parseInt(jQuery('html').css('margin-top'), 10) + parseInt(jQuery('body').css('margin-top'), 10) + 100;if(is_form){jQuery('#gform_wrapper_2').html(form_content.html());if(form_content.hasClass('gform_validation_error')){jQuery('#gform_wrapper_2').addClass('gform_validation_error');} else {jQuery('#gform_wrapper_2').removeClass('gform_validation_error');}setTimeout( function() { \/* delay the scroll by 50 milliseconds to fix a bug in chrome *\/  }, 50 );if(window['gformInitDatepicker']) {gformInitDatepicker();}if(window['gformInitPriceFields']) {gformInitPriceFields();}var current_page = jQuery('#gform_source_page_number_2').val();gformInitSpinner( 2, 'https:\/\/whizzopet.hu\/wp-content\/plugins\/gravityforms\/images\/spinner.svg', true );jQuery(document).trigger('gform_page_loaded', [2, current_page]);window['gf_submitting_2'] = false;}else if(!is_redirect){var confirmation_content = jQuery(this).contents().find('.GF_AJAX_POSTBACK').html();if(!confirmation_content){confirmation_content = contents;}jQuery('#gform_wrapper_2').replaceWith(confirmation_content);jQuery(document).trigger('gform_confirmation_loaded', [2]);window['gf_submitting_2'] = false;wp.a11y.speak(jQuery('#gform_confirmation_message_2').text());}else{jQuery('#gform_2').append(contents);if(window['gformRedirect']) {gformRedirect();}}jQuery(document).trigger(\"gform_pre_post_render\", [{ formId: \"2\", currentPage: \"current_page\", abort: function() { this.preventDefault(); } }]);        if (event && event.defaultPrevented) {                return;        }        const gformWrapperDiv = document.getElementById( \"gform_wrapper_2\" );        if ( gformWrapperDiv ) {            const visibilitySpan = document.createElement( \"span\" );            visibilitySpan.id = \"gform_visibility_test_2\";            gformWrapperDiv.insertAdjacentElement( \"afterend\", visibilitySpan );        }        const visibilityTestDiv = document.getElementById( \"gform_visibility_test_2\" );        let postRenderFired = false;        function triggerPostRender() {            if ( postRenderFired ) {                return;            }            postRenderFired = true;            gform.core.triggerPostRenderEvents( 2, current_page );            if ( visibilityTestDiv ) {                visibilityTestDiv.parentNode.removeChild( visibilityTestDiv );            }        }        function debounce( func, wait, immediate ) {            var timeout;            return function() {                var context = this, args = arguments;                var later = function() {                    timeout = null;                    if ( !immediate ) func.apply( context, args );                };                var callNow = immediate && !timeout;                clearTimeout( timeout );                timeout = setTimeout( later, wait );                if ( callNow ) func.apply( context, args );            };        }        const debouncedTriggerPostRender = debounce( function() {            triggerPostRender();        }, 200 );        if ( visibilityTestDiv && visibilityTestDiv.offsetParent === null ) {            const observer = new MutationObserver( ( mutations ) => {                mutations.forEach( ( mutation ) => {                    if ( mutation.type === 'attributes' && visibilityTestDiv.offsetParent !== null ) {                        debouncedTriggerPostRender();                        observer.disconnect();                    }                });            });            observer.observe( document.body, {                attributes: true,                childList: false,                subtree: true,                attributeFilter: [ 'style', 'class' ],            });        } else {            triggerPostRender();        }    } );} );\n<\/script>\n<\/div><\/div>\n\n<div class=\"gb-grid-column gb-grid-column-95cc6e0a\"><div class=\"gb-container gb-container-95cc6e0a\">\n<figure class=\"gb-block-image gb-block-image-7cc5f70e\"><img loading=\"lazy\" decoding=\"async\" width=\"529\" height=\"545\" class=\"gb-image gb-image-7cc5f70e\" src=\"https:\/\/whizzopet.hu\/wp-content\/uploads\/2024\/07\/dog-with-newspaper.png\" alt=\"S\u00e9t\u00e1l\u00f3 kutya \u00fajs\u00e1ggal a sz\u00e1j\u00e1ban\" title=\"dog-with-newspaper\" srcset=\"https:\/\/whizzopet.hu\/wp-content\/uploads\/2024\/07\/dog-with-newspaper.png 529w, https:\/\/whizzopet.hu\/wp-content\/uploads\/2024\/07\/dog-with-newspaper-291x300.png 291w\" sizes=\"auto, (max-width: 529px) 100vw, 529px\" \/><\/figure>\n<\/div><\/div>\n<\/div>\n<\/div>\n<\/div>","protected":false},"excerpt":{"rendered":"<p>M\u00e1te ot\u00e1zku alebo po\u017eiadavku? kontaktujte n\u00e1s!<\/p>","protected":false},"author":1,"featured_media":0,"parent":0,"menu_order":0,"comment_status":"closed","ping_status":"closed","template":"","meta":{"inline_featured_image":false,"footnotes":""},"class_list":{"0":"post-1680","1":"page","2":"type-page","3":"status-publish","5":"infinite-scroll-item"},"_links":{"self":[{"href":"https:\/\/whizzopet.hu\/sk\/wp-json\/wp\/v2\/pages\/1680","targetHints":{"allow":["GET"]}}],"collection":[{"href":"https:\/\/whizzopet.hu\/sk\/wp-json\/wp\/v2\/pages"}],"about":[{"href":"https:\/\/whizzopet.hu\/sk\/wp-json\/wp\/v2\/types\/page"}],"author":[{"embeddable":true,"href":"https:\/\/whizzopet.hu\/sk\/wp-json\/wp\/v2\/users\/1"}],"replies":[{"embeddable":true,"href":"https:\/\/whizzopet.hu\/sk\/wp-json\/wp\/v2\/comments?post=1680"}],"version-history":[{"count":8,"href":"https:\/\/whizzopet.hu\/sk\/wp-json\/wp\/v2\/pages\/1680\/revisions"}],"predecessor-version":[{"id":8680,"href":"https:\/\/whizzopet.hu\/sk\/wp-json\/wp\/v2\/pages\/1680\/revisions\/8680"}],"wp:attachment":[{"href":"https:\/\/whizzopet.hu\/sk\/wp-json\/wp\/v2\/media?parent=1680"}],"curies":[{"name":"wp","href":"https:\/\/api.w.org\/{rel}","templated":true}]}}